{"id":32379,"date":"2022-09-14T10:56:20","date_gmt":"2022-09-14T03:56:20","guid":{"rendered":"https:\/\/mouldking.store\/?post_type=product&#038;p=32379"},"modified":"2022-09-14T10:56:20","modified_gmt":"2022-09-14T03:56:20","slug":"mould-king-26002-great-ball-contraption-marble-run-with-2438-pieces","status":"publish","type":"product","link":"https:\/\/mouldking.store\/es\/shop\/mould-king-26002-great-ball-contraption-marble-run-with-2438-pieces\/","title":{"rendered":"Mould King 26002 Great Ball Artilugio: carrera de canicas con 2438 piezas"},"content":{"rendered":"<p>Informaci\u00f3n del Producto:<\/p>\n<ol>\n<li>Marca: Mould King<\/li>\n<li>G\u00e9nero: Unisex<\/li>\n<li>Name: Great Ball Contraption: Marble Run<\/li>\n<li>Rango de edad: &gt; 6 a\u00f1os<\/li>\n<li>Model Number: 26002<\/li>\n<li>Clasificaci\u00f3n: Ensamblaje<\/li>\n<li>Forma de bloque de pl\u00e1stico: Ladrillos autoblocantes<\/li>\n<li>Material: Pl\u00e1stico<\/li>\n<li>Tipo de pl\u00e1stico: ABS<\/li>\n<li>Bricks Blocks: 2438 PCS<\/li>\n<li>Size: 75.4 \u00d7 20 \u00d7 59.5 cm<\/li>\n<li>Contiene instrucciones de montaje detalladas.<\/li>\n<\/ol>\n<p>Aviso:<br \/>\n1. Sin caja original, pero garantizamos que nuestros productos tienen garant\u00eda de calidad y un buen embalaje.<br \/>\n2. Como todas las piezas que hemos comprobado antes del env\u00edo, si encuentra que faltan piezas o est\u00e1n da\u00f1adas, no se preocupe y p\u00f3ngase en contacto con nosotros y podemos reenvi\u00e1rselas inmediatamente de forma gratuita.<\/p>\n<figure id=\"attachment_32380\" aria-describedby=\"caption-attachment-32380\" style=\"width: 800px\" class=\"wp-caption aligncenter\"><img fetchpriority=\"high\" decoding=\"async\" class=\"wp-image-32380 size-full\" src=\"https:\/\/mouldking.store\/wp-content\/uploads\/2022\/09\/Mould-King-26002-Great-Ball-Contraption-Marble-Run-1.jpg\" alt=\"Mould King 26002 Great Ball Contraption: Marble Run with 2438 Pieces\" width=\"800\" height=\"800\" title=\"-\" srcset=\"https:\/\/mouldking.store\/wp-content\/uploads\/2022\/09\/Mould-King-26002-Great-Ball-Contraption-Marble-Run-1.jpg 800w, https:\/\/mouldking.store\/wp-content\/uploads\/2022\/09\/Mould-King-26002-Great-Ball-Contraption-Marble-Run-1-300x300.jpg 300w, https:\/\/mouldking.store\/wp-content\/uploads\/2022\/09\/Mould-King-26002-Great-Ball-Contraption-Marble-Run-1-768x768.jpg 768w, https:\/\/mouldking.store\/wp-content\/uploads\/2022\/09\/Mould-King-26002-Great-Ball-Contraption-Marble-Run-1-600x600.jpg 600w, https:\/\/mouldking.store\/wp-content\/uploads\/2022\/09\/Mould-King-26002-Great-Ball-Contraption-Marble-Run-1-150x150.jpg 150w, https:\/\/mouldking.store\/wp-content\/uploads\/2022\/09\/Mould-King-26002-Great-Ball-Contraption-Marble-Run-1-60x60.jpg 60w, https:\/\/mouldking.store\/wp-content\/uploads\/2022\/09\/Mould-King-26002-Great-Ball-Contraption-Marble-Run-1-90x90.jpg 90w\" sizes=\"(max-width: 800px) 100vw, 800px\" \/><figcaption id=\"caption-attachment-32380\" class=\"wp-caption-text\">Mould King 26002 Great Ball Artilugio: carrera de canicas con 2438 piezas<\/figcaption><\/figure>\n<figure id=\"attachment_32384\" aria-describedby=\"caption-attachment-32384\" style=\"width: 800px\" class=\"wp-caption aligncenter\"><img decoding=\"async\" class=\"wp-image-32384 size-full\" src=\"https:\/\/mouldking.store\/wp-content\/uploads\/2022\/09\/Mould-King-26002-Great-Ball-Contraption-Marble-Run-5.jpg\" alt=\"Mould King 26002 Great Ball Contraption: Marble Run with 2438 Pieces\" width=\"800\" height=\"800\" title=\"-\" srcset=\"https:\/\/mouldking.store\/wp-content\/uploads\/2022\/09\/Mould-King-26002-Great-Ball-Contraption-Marble-Run-5.jpg 800w, https:\/\/mouldking.store\/wp-content\/uploads\/2022\/09\/Mould-King-26002-Great-Ball-Contraption-Marble-Run-5-300x300.jpg 300w, https:\/\/mouldking.store\/wp-content\/uploads\/2022\/09\/Mould-King-26002-Great-Ball-Contraption-Marble-Run-5-768x768.jpg 768w, https:\/\/mouldking.store\/wp-content\/uploads\/2022\/09\/Mould-King-26002-Great-Ball-Contraption-Marble-Run-5-600x600.jpg 600w, https:\/\/mouldking.store\/wp-content\/uploads\/2022\/09\/Mould-King-26002-Great-Ball-Contraption-Marble-Run-5-150x150.jpg 150w, https:\/\/mouldking.store\/wp-content\/uploads\/2022\/09\/Mould-King-26002-Great-Ball-Contraption-Marble-Run-5-60x60.jpg 60w, https:\/\/mouldking.store\/wp-content\/uploads\/2022\/09\/Mould-King-26002-Great-Ball-Contraption-Marble-Run-5-90x90.jpg 90w\" sizes=\"(max-width: 800px) 100vw, 800px\" \/><figcaption id=\"caption-attachment-32384\" class=\"wp-caption-text\">Mould King 26002 Great Ball Artilugio: carrera de canicas con 2438 piezas<\/figcaption><\/figure>\n<figure id=\"attachment_32383\" aria-describedby=\"caption-attachment-32383\" style=\"width: 800px\" class=\"wp-caption aligncenter\"><img decoding=\"async\" class=\"wp-image-32383 size-full\" src=\"https:\/\/mouldking.store\/wp-content\/uploads\/2022\/09\/Mould-King-26002-Great-Ball-Contraption-Marble-Run-4.jpg\" alt=\"Mould King 26002 Great Ball Contraption: Marble Run with 2438 Pieces\" width=\"800\" height=\"800\" title=\"-\" srcset=\"https:\/\/mouldking.store\/wp-content\/uploads\/2022\/09\/Mould-King-26002-Great-Ball-Contraption-Marble-Run-4.jpg 800w, https:\/\/mouldking.store\/wp-content\/uploads\/2022\/09\/Mould-King-26002-Great-Ball-Contraption-Marble-Run-4-300x300.jpg 300w, https:\/\/mouldking.store\/wp-content\/uploads\/2022\/09\/Mould-King-26002-Great-Ball-Contraption-Marble-Run-4-768x768.jpg 768w, https:\/\/mouldking.store\/wp-content\/uploads\/2022\/09\/Mould-King-26002-Great-Ball-Contraption-Marble-Run-4-600x600.jpg 600w, https:\/\/mouldking.store\/wp-content\/uploads\/2022\/09\/Mould-King-26002-Great-Ball-Contraption-Marble-Run-4-150x150.jpg 150w, https:\/\/mouldking.store\/wp-content\/uploads\/2022\/09\/Mould-King-26002-Great-Ball-Contraption-Marble-Run-4-60x60.jpg 60w, https:\/\/mouldking.store\/wp-content\/uploads\/2022\/09\/Mould-King-26002-Great-Ball-Contraption-Marble-Run-4-90x90.jpg 90w\" sizes=\"(max-width: 800px) 100vw, 800px\" \/><figcaption id=\"caption-attachment-32383\" class=\"wp-caption-text\">Mould King 26002 Great Ball Artilugio: carrera de canicas con 2438 piezas<\/figcaption><\/figure>\n<figure id=\"attachment_32382\" aria-describedby=\"caption-attachment-32382\" style=\"width: 800px\" class=\"wp-caption aligncenter\"><img loading=\"lazy\" decoding=\"async\" class=\"wp-image-32382 size-full\" src=\"https:\/\/mouldking.store\/wp-content\/uploads\/2022\/09\/Mould-King-26002-Great-Ball-Contraption-Marble-Run-3.jpg\" alt=\"Mould King 26002 Great Ball Contraption: Marble Run with 2438 Pieces\" width=\"800\" height=\"800\" title=\"-\" srcset=\"https:\/\/mouldking.store\/wp-content\/uploads\/2022\/09\/Mould-King-26002-Great-Ball-Contraption-Marble-Run-3.jpg 800w, https:\/\/mouldking.store\/wp-content\/uploads\/2022\/09\/Mould-King-26002-Great-Ball-Contraption-Marble-Run-3-300x300.jpg 300w, https:\/\/mouldking.store\/wp-content\/uploads\/2022\/09\/Mould-King-26002-Great-Ball-Contraption-Marble-Run-3-768x768.jpg 768w, https:\/\/mouldking.store\/wp-content\/uploads\/2022\/09\/Mould-King-26002-Great-Ball-Contraption-Marble-Run-3-600x600.jpg 600w, https:\/\/mouldking.store\/wp-content\/uploads\/2022\/09\/Mould-King-26002-Great-Ball-Contraption-Marble-Run-3-150x150.jpg 150w, https:\/\/mouldking.store\/wp-content\/uploads\/2022\/09\/Mould-King-26002-Great-Ball-Contraption-Marble-Run-3-60x60.jpg 60w, https:\/\/mouldking.store\/wp-content\/uploads\/2022\/09\/Mould-King-26002-Great-Ball-Contraption-Marble-Run-3-90x90.jpg 90w\" sizes=\"(max-width: 800px) 100vw, 800px\" \/><figcaption id=\"caption-attachment-32382\" class=\"wp-caption-text\">Mould King 26002 Great Ball Artilugio: carrera de canicas con 2438 piezas<\/figcaption><\/figure>\n<figure id=\"attachment_32381\" aria-describedby=\"caption-attachment-32381\" style=\"width: 800px\" class=\"wp-caption aligncenter\"><img loading=\"lazy\" decoding=\"async\" class=\"wp-image-32381 size-full\" src=\"https:\/\/mouldking.store\/wp-content\/uploads\/2022\/09\/Mould-King-26002-Great-Ball-Contraption-Marble-Run-2.jpg\" alt=\"Mould King 26002 Great Ball Contraption: Marble Run with 2438 Pieces\" width=\"800\" height=\"800\" title=\"-\" srcset=\"https:\/\/mouldking.store\/wp-content\/uploads\/2022\/09\/Mould-King-26002-Great-Ball-Contraption-Marble-Run-2.jpg 800w, https:\/\/mouldking.store\/wp-content\/uploads\/2022\/09\/Mould-King-26002-Great-Ball-Contraption-Marble-Run-2-300x300.jpg 300w, https:\/\/mouldking.store\/wp-content\/uploads\/2022\/09\/Mould-King-26002-Great-Ball-Contraption-Marble-Run-2-768x768.jpg 768w, https:\/\/mouldking.store\/wp-content\/uploads\/2022\/09\/Mould-King-26002-Great-Ball-Contraption-Marble-Run-2-600x600.jpg 600w, https:\/\/mouldking.store\/wp-content\/uploads\/2022\/09\/Mould-King-26002-Great-Ball-Contraption-Marble-Run-2-150x150.jpg 150w, https:\/\/mouldking.store\/wp-content\/uploads\/2022\/09\/Mould-King-26002-Great-Ball-Contraption-Marble-Run-2-60x60.jpg 60w, https:\/\/mouldking.store\/wp-content\/uploads\/2022\/09\/Mould-King-26002-Great-Ball-Contraption-Marble-Run-2-90x90.jpg 90w\" sizes=\"(max-width: 800px) 100vw, 800px\" \/><figcaption id=\"caption-attachment-32381\" class=\"wp-caption-text\">Mould King 26002 Great Ball Artilugio: carrera de canicas con 2438 piezas<\/figcaption><\/figure>\n<p>&nbsp;<\/p>","protected":false},"excerpt":{"rendered":"<p>Product information: Brand: Mould King Gender: Unisex Name: Great Ball Contraption: Marble Run Age Range: &gt; 6 years old Model Number: 26002 Classification: Assemblage Plastic Block Shape: Self-Locking Bricks Material: Plastic Plastic Type: ABS Bricks Blocks: 2438 PCS Size: 75.4 \u00d7 20 \u00d7 59.5 cm Contains detailed assembly instructions. Notice: 1. Without an original box, [&hellip;]<\/p>","protected":false},"featured_media":32380,"comment_status":"closed","ping_status":"closed","template":"","meta":{"_acf_changed":false},"product_cat":[364],"product_tag":[5856,5855,5854],"class_list":["product","first","instock","shipping-taxable","purchasable","product-type-simple"],"acf":[],"_links":{"self":[{"href":"https:\/\/mouldking.store\/es\/wp-json\/wp\/v2\/product\/32379","targetHints":{"allow":["GET"]}}],"collection":[{"href":"https:\/\/mouldking.store\/es\/wp-json\/wp\/v2\/product"}],"about":[{"href":"https:\/\/mouldking.store\/es\/wp-json\/wp\/v2\/types\/product"}],"replies":[{"embeddable":true,"href":"https:\/\/mouldking.store\/es\/wp-json\/wp\/v2\/comments?post=32379"}],"wp:featuredmedia":[{"embeddable":true,"href":"https:\/\/mouldking.store\/es\/wp-json\/wp\/v2\/media\/32380"}],"wp:attachment":[{"href":"https:\/\/mouldking.store\/es\/wp-json\/wp\/v2\/media?parent=32379"}],"wp:term":[{"taxonomy":"product_cat","embeddable":true,"href":"https:\/\/mouldking.store\/es\/wp-json\/wp\/v2\/product_cat?post=32379"},{"taxonomy":"product_tag","embeddable":true,"href":"https:\/\/mouldking.store\/es\/wp-json\/wp\/v2\/product_tag?post=32379"}],"curies":[{"name":"wp","href":"https:\/\/api.w.org\/{rel}","templated":true}]}}