{"id":32438,"date":"2022-09-14T11:32:41","date_gmt":"2022-09-14T04:32:41","guid":{"rendered":"https:\/\/mouldking.store\/?post_type=product&#038;p=32438"},"modified":"2022-09-14T11:32:41","modified_gmt":"2022-09-14T04:32:41","slug":"mould-king-27017-static-version-racers-car-aland-airship-with-302-pieces","status":"publish","type":"product","link":"https:\/\/mouldking.store\/es\/shop\/mould-king-27017-static-version-racers-car-aland-airship-with-302-pieces\/","title":{"rendered":"Mould King 27017 Versi\u00f3n est\u00e1tica Racers Car Aland Airship con 302 piezas"},"content":{"rendered":"<p>Informaci\u00f3n del Producto:<\/p>\n<ol>\n<li>Marca: Mould King<\/li>\n<li>G\u00e9nero: Unisex<\/li>\n<li>Name: Static Version Racers Car Aland Airship<\/li>\n<li>Rango de edad: &gt; 6 a\u00f1os<\/li>\n<li>Model Number: 27017<\/li>\n<li>Clasificaci\u00f3n: Ensamblaje<\/li>\n<li>Forma de bloque de pl\u00e1stico: Ladrillos autoblocantes<\/li>\n<li>Material: Pl\u00e1stico<\/li>\n<li>Tipo de pl\u00e1stico: ABS<\/li>\n<li>Bricks Blocks: 302 PCS<\/li>\n<li>Contiene instrucciones de montaje detalladas.<\/li>\n<\/ol>\n<p>Aviso:<br \/>\n1. Sin caja original, pero garantizamos que nuestros productos tienen garant\u00eda de calidad y un buen embalaje.<br \/>\n2. Como todas las piezas que hemos comprobado antes del env\u00edo, si encuentra que faltan piezas o est\u00e1n da\u00f1adas, no se preocupe y p\u00f3ngase en contacto con nosotros y podemos reenvi\u00e1rselas inmediatamente de forma gratuita.<\/p>\n<p>&nbsp;<\/p>\n<figure id=\"attachment_32439\" aria-describedby=\"caption-attachment-32439\" style=\"width: 800px\" class=\"wp-caption aligncenter\"><img fetchpriority=\"high\" decoding=\"async\" class=\"wp-image-32439 size-full\" src=\"https:\/\/mouldking.store\/wp-content\/uploads\/2022\/09\/Technic-Mould-King-27017-Static-Version-Racers-Car-Aland-Airship-1.jpg\" alt=\"Mould King 27017 Static Version Racers Car Aland Airship with 302 Pieces\" width=\"800\" height=\"800\" title=\"-\" srcset=\"https:\/\/mouldking.store\/wp-content\/uploads\/2022\/09\/Technic-Mould-King-27017-Static-Version-Racers-Car-Aland-Airship-1.jpg 800w, https:\/\/mouldking.store\/wp-content\/uploads\/2022\/09\/Technic-Mould-King-27017-Static-Version-Racers-Car-Aland-Airship-1-300x300.jpg 300w, https:\/\/mouldking.store\/wp-content\/uploads\/2022\/09\/Technic-Mould-King-27017-Static-Version-Racers-Car-Aland-Airship-1-768x768.jpg 768w, https:\/\/mouldking.store\/wp-content\/uploads\/2022\/09\/Technic-Mould-King-27017-Static-Version-Racers-Car-Aland-Airship-1-600x600.jpg 600w, https:\/\/mouldking.store\/wp-content\/uploads\/2022\/09\/Technic-Mould-King-27017-Static-Version-Racers-Car-Aland-Airship-1-150x150.jpg 150w, https:\/\/mouldking.store\/wp-content\/uploads\/2022\/09\/Technic-Mould-King-27017-Static-Version-Racers-Car-Aland-Airship-1-60x60.jpg 60w, https:\/\/mouldking.store\/wp-content\/uploads\/2022\/09\/Technic-Mould-King-27017-Static-Version-Racers-Car-Aland-Airship-1-90x90.jpg 90w\" sizes=\"(max-width: 800px) 100vw, 800px\" \/><figcaption id=\"caption-attachment-32439\" class=\"wp-caption-text\">Mould King 27017 Versi\u00f3n est\u00e1tica Racers Car Aland Airship con 302 piezas<\/figcaption><\/figure>\n<figure id=\"attachment_32443\" aria-describedby=\"caption-attachment-32443\" style=\"width: 800px\" class=\"wp-caption aligncenter\"><img decoding=\"async\" class=\"wp-image-32443 size-full\" src=\"https:\/\/mouldking.store\/wp-content\/uploads\/2022\/09\/Technic-Mould-King-27017-Static-Version-Racers-Car-Aland-Airship-5.jpg\" alt=\"Mould King 27017 Static Version Racers Car Aland Airship with 302 Pieces\" width=\"800\" height=\"800\" title=\"-\" srcset=\"https:\/\/mouldking.store\/wp-content\/uploads\/2022\/09\/Technic-Mould-King-27017-Static-Version-Racers-Car-Aland-Airship-5.jpg 800w, https:\/\/mouldking.store\/wp-content\/uploads\/2022\/09\/Technic-Mould-King-27017-Static-Version-Racers-Car-Aland-Airship-5-300x300.jpg 300w, https:\/\/mouldking.store\/wp-content\/uploads\/2022\/09\/Technic-Mould-King-27017-Static-Version-Racers-Car-Aland-Airship-5-768x768.jpg 768w, https:\/\/mouldking.store\/wp-content\/uploads\/2022\/09\/Technic-Mould-King-27017-Static-Version-Racers-Car-Aland-Airship-5-600x600.jpg 600w, https:\/\/mouldking.store\/wp-content\/uploads\/2022\/09\/Technic-Mould-King-27017-Static-Version-Racers-Car-Aland-Airship-5-150x150.jpg 150w, https:\/\/mouldking.store\/wp-content\/uploads\/2022\/09\/Technic-Mould-King-27017-Static-Version-Racers-Car-Aland-Airship-5-60x60.jpg 60w, https:\/\/mouldking.store\/wp-content\/uploads\/2022\/09\/Technic-Mould-King-27017-Static-Version-Racers-Car-Aland-Airship-5-90x90.jpg 90w\" sizes=\"(max-width: 800px) 100vw, 800px\" \/><figcaption id=\"caption-attachment-32443\" class=\"wp-caption-text\">Mould King 27017 Versi\u00f3n est\u00e1tica Racers Car Aland Airship con 302 piezas<\/figcaption><\/figure>\n<figure id=\"attachment_32442\" aria-describedby=\"caption-attachment-32442\" style=\"width: 800px\" class=\"wp-caption aligncenter\"><img decoding=\"async\" class=\"wp-image-32442 size-full\" src=\"https:\/\/mouldking.store\/wp-content\/uploads\/2022\/09\/Technic-Mould-King-27017-Static-Version-Racers-Car-Aland-Airship-4.jpg\" alt=\"Mould King 27017 Static Version Racers Car Aland Airship with 302 Pieces\" width=\"800\" height=\"800\" title=\"-\" srcset=\"https:\/\/mouldking.store\/wp-content\/uploads\/2022\/09\/Technic-Mould-King-27017-Static-Version-Racers-Car-Aland-Airship-4.jpg 800w, https:\/\/mouldking.store\/wp-content\/uploads\/2022\/09\/Technic-Mould-King-27017-Static-Version-Racers-Car-Aland-Airship-4-300x300.jpg 300w, https:\/\/mouldking.store\/wp-content\/uploads\/2022\/09\/Technic-Mould-King-27017-Static-Version-Racers-Car-Aland-Airship-4-768x768.jpg 768w, https:\/\/mouldking.store\/wp-content\/uploads\/2022\/09\/Technic-Mould-King-27017-Static-Version-Racers-Car-Aland-Airship-4-600x600.jpg 600w, https:\/\/mouldking.store\/wp-content\/uploads\/2022\/09\/Technic-Mould-King-27017-Static-Version-Racers-Car-Aland-Airship-4-150x150.jpg 150w, https:\/\/mouldking.store\/wp-content\/uploads\/2022\/09\/Technic-Mould-King-27017-Static-Version-Racers-Car-Aland-Airship-4-60x60.jpg 60w, https:\/\/mouldking.store\/wp-content\/uploads\/2022\/09\/Technic-Mould-King-27017-Static-Version-Racers-Car-Aland-Airship-4-90x90.jpg 90w\" sizes=\"(max-width: 800px) 100vw, 800px\" \/><figcaption id=\"caption-attachment-32442\" class=\"wp-caption-text\">Mould King 27017 Versi\u00f3n est\u00e1tica Racers Car Aland Airship con 302 piezas<\/figcaption><\/figure>\n<figure id=\"attachment_32441\" aria-describedby=\"caption-attachment-32441\" style=\"width: 800px\" class=\"wp-caption aligncenter\"><img loading=\"lazy\" decoding=\"async\" class=\"wp-image-32441 size-full\" src=\"https:\/\/mouldking.store\/wp-content\/uploads\/2022\/09\/Technic-Mould-King-27017-Static-Version-Racers-Car-Aland-Airship-3.jpg\" alt=\"Mould King 27017 Static Version Racers Car Aland Airship with 302 Pieces\" width=\"800\" height=\"800\" title=\"-\" srcset=\"https:\/\/mouldking.store\/wp-content\/uploads\/2022\/09\/Technic-Mould-King-27017-Static-Version-Racers-Car-Aland-Airship-3.jpg 800w, https:\/\/mouldking.store\/wp-content\/uploads\/2022\/09\/Technic-Mould-King-27017-Static-Version-Racers-Car-Aland-Airship-3-300x300.jpg 300w, https:\/\/mouldking.store\/wp-content\/uploads\/2022\/09\/Technic-Mould-King-27017-Static-Version-Racers-Car-Aland-Airship-3-768x768.jpg 768w, https:\/\/mouldking.store\/wp-content\/uploads\/2022\/09\/Technic-Mould-King-27017-Static-Version-Racers-Car-Aland-Airship-3-600x600.jpg 600w, https:\/\/mouldking.store\/wp-content\/uploads\/2022\/09\/Technic-Mould-King-27017-Static-Version-Racers-Car-Aland-Airship-3-150x150.jpg 150w, https:\/\/mouldking.store\/wp-content\/uploads\/2022\/09\/Technic-Mould-King-27017-Static-Version-Racers-Car-Aland-Airship-3-60x60.jpg 60w, https:\/\/mouldking.store\/wp-content\/uploads\/2022\/09\/Technic-Mould-King-27017-Static-Version-Racers-Car-Aland-Airship-3-90x90.jpg 90w\" sizes=\"(max-width: 800px) 100vw, 800px\" \/><figcaption id=\"caption-attachment-32441\" class=\"wp-caption-text\">Mould King 27017 Versi\u00f3n est\u00e1tica Racers Car Aland Airship con 302 piezas<\/figcaption><\/figure>\n<figure id=\"attachment_32440\" aria-describedby=\"caption-attachment-32440\" style=\"width: 800px\" class=\"wp-caption aligncenter\"><img loading=\"lazy\" decoding=\"async\" class=\"wp-image-32440 size-full\" src=\"https:\/\/mouldking.store\/wp-content\/uploads\/2022\/09\/Technic-Mould-King-27017-Static-Version-Racers-Car-Aland-Airship-2.jpg\" alt=\"Mould King 27017 Static Version Racers Car Aland Airship with 302 Pieces\" width=\"800\" height=\"800\" title=\"-\" srcset=\"https:\/\/mouldking.store\/wp-content\/uploads\/2022\/09\/Technic-Mould-King-27017-Static-Version-Racers-Car-Aland-Airship-2.jpg 800w, https:\/\/mouldking.store\/wp-content\/uploads\/2022\/09\/Technic-Mould-King-27017-Static-Version-Racers-Car-Aland-Airship-2-300x300.jpg 300w, https:\/\/mouldking.store\/wp-content\/uploads\/2022\/09\/Technic-Mould-King-27017-Static-Version-Racers-Car-Aland-Airship-2-768x768.jpg 768w, https:\/\/mouldking.store\/wp-content\/uploads\/2022\/09\/Technic-Mould-King-27017-Static-Version-Racers-Car-Aland-Airship-2-600x600.jpg 600w, https:\/\/mouldking.store\/wp-content\/uploads\/2022\/09\/Technic-Mould-King-27017-Static-Version-Racers-Car-Aland-Airship-2-150x150.jpg 150w, https:\/\/mouldking.store\/wp-content\/uploads\/2022\/09\/Technic-Mould-King-27017-Static-Version-Racers-Car-Aland-Airship-2-60x60.jpg 60w, https:\/\/mouldking.store\/wp-content\/uploads\/2022\/09\/Technic-Mould-King-27017-Static-Version-Racers-Car-Aland-Airship-2-90x90.jpg 90w\" sizes=\"(max-width: 800px) 100vw, 800px\" \/><figcaption id=\"caption-attachment-32440\" class=\"wp-caption-text\">Mould King 27017 Versi\u00f3n est\u00e1tica Racers Car Aland Airship con 302 piezas<\/figcaption><\/figure>","protected":false},"excerpt":{"rendered":"<p>Product information: Brand: Mould King Gender: Unisex Name: Static Version Racers Car Aland Airship Age Range: &gt; 6 years old Model Number: 27017 Classification: Assemblage Plastic Block Shape: Self-Locking Bricks Material: Plastic Plastic Type: ABS Bricks Blocks: 302 PCS Contains detailed assembly instructions. Notice: 1. Without an original box, but we guarantee our products have [&hellip;]<\/p>","protected":false},"featured_media":32439,"comment_status":"closed","ping_status":"closed","template":"","meta":{"_acf_changed":false},"product_cat":[415],"product_tag":[5883,5882,5884],"class_list":["product","first","instock","shipping-taxable","purchasable","product-type-simple"],"acf":[],"_links":{"self":[{"href":"https:\/\/mouldking.store\/es\/wp-json\/wp\/v2\/product\/32438","targetHints":{"allow":["GET"]}}],"collection":[{"href":"https:\/\/mouldking.store\/es\/wp-json\/wp\/v2\/product"}],"about":[{"href":"https:\/\/mouldking.store\/es\/wp-json\/wp\/v2\/types\/product"}],"replies":[{"embeddable":true,"href":"https:\/\/mouldking.store\/es\/wp-json\/wp\/v2\/comments?post=32438"}],"wp:featuredmedia":[{"embeddable":true,"href":"https:\/\/mouldking.store\/es\/wp-json\/wp\/v2\/media\/32439"}],"wp:attachment":[{"href":"https:\/\/mouldking.store\/es\/wp-json\/wp\/v2\/media?parent=32438"}],"wp:term":[{"taxonomy":"product_cat","embeddable":true,"href":"https:\/\/mouldking.store\/es\/wp-json\/wp\/v2\/product_cat?post=32438"},{"taxonomy":"product_tag","embeddable":true,"href":"https:\/\/mouldking.store\/es\/wp-json\/wp\/v2\/product_tag?post=32438"}],"curies":[{"name":"wp","href":"https:\/\/api.w.org\/{rel}","templated":true}]}}