{"id":32451,"date":"2022-09-14T11:54:31","date_gmt":"2022-09-14T04:54:31","guid":{"rendered":"https:\/\/mouldking.store\/?post_type=product&#038;p=32451"},"modified":"2022-09-14T11:54:32","modified_gmt":"2022-09-14T04:54:32","slug":"mould-king-13095-110-ferrari-f40-lm-with-2688-pieces","status":"publish","type":"product","link":"https:\/\/mouldking.store\/es\/shop\/mould-king-13095-110-ferrari-f40-lm-with-2688-pieces\/","title":{"rendered":"Mold King 13095 1:10 \u201cFerrari\u201d F40 LM con 2688 Piezas"},"content":{"rendered":"<p>Informaci\u00f3n del Producto:<\/p>\n<ol>\n<li>Marca: Mould King<\/li>\n<li>G\u00e9nero: Unisex<\/li>\n<li>Name: 1:10 \u201cFerrari\u201d F40 LM<\/li>\n<li>Rango de edad: &gt; 14 a\u00f1os<\/li>\n<li>Model Number: 13095<\/li>\n<li>Clasificaci\u00f3n: Ensamblaje<\/li>\n<li>Forma de bloque de pl\u00e1stico: Ladrillos autoblocantes<\/li>\n<li>Material: Pl\u00e1stico<\/li>\n<li>Tipo de pl\u00e1stico: ABS<\/li>\n<li>Bricks Blocks: 2688 PCS<\/li>\n<li>Contiene instrucciones de montaje detalladas.<\/li>\n<\/ol>\n<p>Aviso:<br \/>\n1. Sin caja original, pero garantizamos que nuestros productos tienen garant\u00eda de calidad y un buen embalaje.<br \/>\n2. Como todas las piezas que hemos comprobado antes del env\u00edo, si encuentra que faltan piezas o est\u00e1n da\u00f1adas, no se preocupe y p\u00f3ngase en contacto con nosotros y podemos reenvi\u00e1rselas inmediatamente de forma gratuita.<\/p>\n<p>&nbsp;<\/p>\n<figure id=\"attachment_32452\" aria-describedby=\"caption-attachment-32452\" style=\"width: 800px\" class=\"wp-caption aligncenter\"><img fetchpriority=\"high\" decoding=\"async\" class=\"wp-image-32452 size-full\" src=\"https:\/\/mouldking.store\/wp-content\/uploads\/2022\/09\/Technic-Mould-King-13095-110-Ferrari-F40-LM-1.jpg\" alt=\"Mould King 13095 1:10 \u201cFerrari\u201d F40 LM with 2688 Pieces\" width=\"800\" height=\"800\" title=\"-\" srcset=\"https:\/\/mouldking.store\/wp-content\/uploads\/2022\/09\/Technic-Mould-King-13095-110-Ferrari-F40-LM-1.jpg 800w, https:\/\/mouldking.store\/wp-content\/uploads\/2022\/09\/Technic-Mould-King-13095-110-Ferrari-F40-LM-1-300x300.jpg 300w, https:\/\/mouldking.store\/wp-content\/uploads\/2022\/09\/Technic-Mould-King-13095-110-Ferrari-F40-LM-1-768x768.jpg 768w, https:\/\/mouldking.store\/wp-content\/uploads\/2022\/09\/Technic-Mould-King-13095-110-Ferrari-F40-LM-1-600x600.jpg 600w, https:\/\/mouldking.store\/wp-content\/uploads\/2022\/09\/Technic-Mould-King-13095-110-Ferrari-F40-LM-1-150x150.jpg 150w, https:\/\/mouldking.store\/wp-content\/uploads\/2022\/09\/Technic-Mould-King-13095-110-Ferrari-F40-LM-1-60x60.jpg 60w, https:\/\/mouldking.store\/wp-content\/uploads\/2022\/09\/Technic-Mould-King-13095-110-Ferrari-F40-LM-1-90x90.jpg 90w\" sizes=\"(max-width: 800px) 100vw, 800px\" \/><figcaption id=\"caption-attachment-32452\" class=\"wp-caption-text\">Mold King 13095 1:10 \u201cFerrari\u201d F40 LM con 2688 Piezas<\/figcaption><\/figure>\n<figure id=\"attachment_32453\" aria-describedby=\"caption-attachment-32453\" style=\"width: 800px\" class=\"wp-caption aligncenter\"><img decoding=\"async\" class=\"wp-image-32453 size-full\" src=\"https:\/\/mouldking.store\/wp-content\/uploads\/2022\/09\/Technic-Mould-King-13095-110-Ferrari-F40-LM-2.jpg\" alt=\"Mould King 13095 1:10 \u201cFerrari\u201d F40 LM with 2688 Pieces\" width=\"800\" height=\"800\" title=\"-\" srcset=\"https:\/\/mouldking.store\/wp-content\/uploads\/2022\/09\/Technic-Mould-King-13095-110-Ferrari-F40-LM-2.jpg 800w, https:\/\/mouldking.store\/wp-content\/uploads\/2022\/09\/Technic-Mould-King-13095-110-Ferrari-F40-LM-2-300x300.jpg 300w, https:\/\/mouldking.store\/wp-content\/uploads\/2022\/09\/Technic-Mould-King-13095-110-Ferrari-F40-LM-2-768x768.jpg 768w, https:\/\/mouldking.store\/wp-content\/uploads\/2022\/09\/Technic-Mould-King-13095-110-Ferrari-F40-LM-2-600x600.jpg 600w, https:\/\/mouldking.store\/wp-content\/uploads\/2022\/09\/Technic-Mould-King-13095-110-Ferrari-F40-LM-2-150x150.jpg 150w, https:\/\/mouldking.store\/wp-content\/uploads\/2022\/09\/Technic-Mould-King-13095-110-Ferrari-F40-LM-2-60x60.jpg 60w, https:\/\/mouldking.store\/wp-content\/uploads\/2022\/09\/Technic-Mould-King-13095-110-Ferrari-F40-LM-2-90x90.jpg 90w\" sizes=\"(max-width: 800px) 100vw, 800px\" \/><figcaption id=\"caption-attachment-32453\" class=\"wp-caption-text\">Mold King 13095 1:10 \u201cFerrari\u201d F40 LM con 2688 Piezas<\/figcaption><\/figure>\n<figure id=\"attachment_32455\" aria-describedby=\"caption-attachment-32455\" style=\"width: 800px\" class=\"wp-caption aligncenter\"><img decoding=\"async\" class=\"wp-image-32455 size-full\" src=\"https:\/\/mouldking.store\/wp-content\/uploads\/2022\/09\/Technic-Mould-King-13095-110-Ferrari-F40-LM-4.jpg\" alt=\"Mould King 13095 1:10 \u201cFerrari\u201d F40 LM with 2688 Pieces\" width=\"800\" height=\"800\" title=\"-\" srcset=\"https:\/\/mouldking.store\/wp-content\/uploads\/2022\/09\/Technic-Mould-King-13095-110-Ferrari-F40-LM-4.jpg 800w, https:\/\/mouldking.store\/wp-content\/uploads\/2022\/09\/Technic-Mould-King-13095-110-Ferrari-F40-LM-4-300x300.jpg 300w, https:\/\/mouldking.store\/wp-content\/uploads\/2022\/09\/Technic-Mould-King-13095-110-Ferrari-F40-LM-4-768x768.jpg 768w, https:\/\/mouldking.store\/wp-content\/uploads\/2022\/09\/Technic-Mould-King-13095-110-Ferrari-F40-LM-4-600x600.jpg 600w, https:\/\/mouldking.store\/wp-content\/uploads\/2022\/09\/Technic-Mould-King-13095-110-Ferrari-F40-LM-4-150x150.jpg 150w, https:\/\/mouldking.store\/wp-content\/uploads\/2022\/09\/Technic-Mould-King-13095-110-Ferrari-F40-LM-4-60x60.jpg 60w, https:\/\/mouldking.store\/wp-content\/uploads\/2022\/09\/Technic-Mould-King-13095-110-Ferrari-F40-LM-4-90x90.jpg 90w\" sizes=\"(max-width: 800px) 100vw, 800px\" \/><figcaption id=\"caption-attachment-32455\" class=\"wp-caption-text\">Mold King 13095 1:10 \u201cFerrari\u201d F40 LM con 2688 Piezas<\/figcaption><\/figure>\n<figure id=\"attachment_32456\" aria-describedby=\"caption-attachment-32456\" style=\"width: 800px\" class=\"wp-caption aligncenter\"><img loading=\"lazy\" decoding=\"async\" class=\"wp-image-32456 size-full\" src=\"https:\/\/mouldking.store\/wp-content\/uploads\/2022\/09\/Technic-Mould-King-13095-110-Ferrari-F40-LM-5.jpg\" alt=\"Mould King 13095 1:10 \u201cFerrari\u201d F40 LM with 2688 Pieces\" width=\"800\" height=\"800\" title=\"-\" srcset=\"https:\/\/mouldking.store\/wp-content\/uploads\/2022\/09\/Technic-Mould-King-13095-110-Ferrari-F40-LM-5.jpg 800w, https:\/\/mouldking.store\/wp-content\/uploads\/2022\/09\/Technic-Mould-King-13095-110-Ferrari-F40-LM-5-300x300.jpg 300w, https:\/\/mouldking.store\/wp-content\/uploads\/2022\/09\/Technic-Mould-King-13095-110-Ferrari-F40-LM-5-768x768.jpg 768w, https:\/\/mouldking.store\/wp-content\/uploads\/2022\/09\/Technic-Mould-King-13095-110-Ferrari-F40-LM-5-600x600.jpg 600w, https:\/\/mouldking.store\/wp-content\/uploads\/2022\/09\/Technic-Mould-King-13095-110-Ferrari-F40-LM-5-150x150.jpg 150w, https:\/\/mouldking.store\/wp-content\/uploads\/2022\/09\/Technic-Mould-King-13095-110-Ferrari-F40-LM-5-60x60.jpg 60w, https:\/\/mouldking.store\/wp-content\/uploads\/2022\/09\/Technic-Mould-King-13095-110-Ferrari-F40-LM-5-90x90.jpg 90w\" sizes=\"(max-width: 800px) 100vw, 800px\" \/><figcaption id=\"caption-attachment-32456\" class=\"wp-caption-text\">Mold King 13095 1:10 \u201cFerrari\u201d F40 LM con 2688 Piezas<\/figcaption><\/figure>\n<figure id=\"attachment_32454\" aria-describedby=\"caption-attachment-32454\" style=\"width: 800px\" class=\"wp-caption aligncenter\"><img loading=\"lazy\" decoding=\"async\" class=\"wp-image-32454 size-full\" src=\"https:\/\/mouldking.store\/wp-content\/uploads\/2022\/09\/Technic-Mould-King-13095-110-Ferrari-F40-LM-3.jpg\" alt=\"Mould King 13095 1:10 \u201cFerrari\u201d F40 LM with 2688 Pieces\" width=\"800\" height=\"800\" title=\"-\" srcset=\"https:\/\/mouldking.store\/wp-content\/uploads\/2022\/09\/Technic-Mould-King-13095-110-Ferrari-F40-LM-3.jpg 800w, https:\/\/mouldking.store\/wp-content\/uploads\/2022\/09\/Technic-Mould-King-13095-110-Ferrari-F40-LM-3-300x300.jpg 300w, https:\/\/mouldking.store\/wp-content\/uploads\/2022\/09\/Technic-Mould-King-13095-110-Ferrari-F40-LM-3-768x768.jpg 768w, https:\/\/mouldking.store\/wp-content\/uploads\/2022\/09\/Technic-Mould-King-13095-110-Ferrari-F40-LM-3-600x600.jpg 600w, https:\/\/mouldking.store\/wp-content\/uploads\/2022\/09\/Technic-Mould-King-13095-110-Ferrari-F40-LM-3-150x150.jpg 150w, https:\/\/mouldking.store\/wp-content\/uploads\/2022\/09\/Technic-Mould-King-13095-110-Ferrari-F40-LM-3-60x60.jpg 60w, https:\/\/mouldking.store\/wp-content\/uploads\/2022\/09\/Technic-Mould-King-13095-110-Ferrari-F40-LM-3-90x90.jpg 90w\" sizes=\"(max-width: 800px) 100vw, 800px\" \/><figcaption id=\"caption-attachment-32454\" class=\"wp-caption-text\">Mold King 13095 1:10 \u201cFerrari\u201d F40 LM con 2688 Piezas<\/figcaption><\/figure>","protected":false},"excerpt":{"rendered":"<p>Product information: Brand: Mould King Gender: Unisex Name: 1:10 \u201cFerrari\u201d F40 LM Age Range: &gt; 14 years old Model Number: 13095 Classification: Assemblage Plastic Block Shape: Self-Locking Bricks Material: Plastic Plastic Type: ABS Bricks Blocks: 2688 PCS Contains detailed assembly instructions. Notice: 1. Without an original box, but we guarantee our products have quality assurance [&hellip;]<\/p>","protected":false},"featured_media":32452,"comment_status":"closed","ping_status":"closed","template":"","meta":{"_acf_changed":false},"product_cat":[364],"product_tag":[5890,1585,5889,5888],"class_list":["product","first","instock","shipping-taxable","purchasable","product-type-variable"],"acf":[],"_links":{"self":[{"href":"https:\/\/mouldking.store\/es\/wp-json\/wp\/v2\/product\/32451","targetHints":{"allow":["GET"]}}],"collection":[{"href":"https:\/\/mouldking.store\/es\/wp-json\/wp\/v2\/product"}],"about":[{"href":"https:\/\/mouldking.store\/es\/wp-json\/wp\/v2\/types\/product"}],"replies":[{"embeddable":true,"href":"https:\/\/mouldking.store\/es\/wp-json\/wp\/v2\/comments?post=32451"}],"wp:featuredmedia":[{"embeddable":true,"href":"https:\/\/mouldking.store\/es\/wp-json\/wp\/v2\/media\/32452"}],"wp:attachment":[{"href":"https:\/\/mouldking.store\/es\/wp-json\/wp\/v2\/media?parent=32451"}],"wp:term":[{"taxonomy":"product_cat","embeddable":true,"href":"https:\/\/mouldking.store\/es\/wp-json\/wp\/v2\/product_cat?post=32451"},{"taxonomy":"product_tag","embeddable":true,"href":"https:\/\/mouldking.store\/es\/wp-json\/wp\/v2\/product_tag?post=32451"}],"curies":[{"name":"wp","href":"https:\/\/api.w.org\/{rel}","templated":true}]}}