{"id":32815,"date":"2022-09-28T17:07:47","date_gmt":"2022-09-28T10:07:47","guid":{"rendered":"https:\/\/mouldking.store\/?post_type=product&#038;p=32815"},"modified":"2025-12-25T09:12:25","modified_gmt":"2025-12-25T02:12:25","slug":"moc-104017-rocket-family-vostok-with-709-pieces","status":"publish","type":"product","link":"https:\/\/mouldking.store\/es\/shop\/moc-104017-rocket-family-vostok-with-709-pieces\/","title":{"rendered":"MOC-104017 Familia de cohetes Vostok con 709 piezas"},"content":{"rendered":"<p>Informaci\u00f3n del Producto:<\/p>\n<ol>\n<li>Marca: MOC<\/li>\n<li>G\u00e9nero: Unisex<\/li>\n<li>Name: Rocket Family Vostok<\/li>\n<li>Rango de edad: &gt; 6 a\u00f1os<\/li>\n<li>Model Number: C7936<\/li>\n<li>Clasificaci\u00f3n: Ensamblaje<\/li>\n<li>Forma de bloque de pl\u00e1stico: Ladrillos autoblocantes<\/li>\n<li>Material: Pl\u00e1stico<\/li>\n<li>Tipo de pl\u00e1stico: ABS<\/li>\n<li>Bricks Blocks: 709 PCS<\/li>\n<li>Dimensions: 9.3 x 9.3 x 34.6 cm<\/li>\n<li>Weight: 0.28 kg<\/li>\n<li>Contiene instrucciones de montaje detalladas.<\/li>\n<\/ol>\n<p>Aviso:<br \/>\n1. Sin caja original, pero garantizamos que nuestros productos tienen garant\u00eda de calidad y un buen embalaje.<br \/>\n2. Como todas las piezas que hemos comprobado antes del env\u00edo, si encuentra que faltan piezas o est\u00e1n da\u00f1adas, no se preocupe y p\u00f3ngase en contacto con nosotros y podemos reenvi\u00e1rselas inmediatamente de forma gratuita.<\/p>\n<p>&nbsp;<\/p>\n<figure id=\"attachment_32822\" aria-describedby=\"caption-attachment-32822\" style=\"width: 800px\" class=\"wp-caption aligncenter\"><img fetchpriority=\"high\" decoding=\"async\" class=\"wp-image-32822 size-full\" src=\"https:\/\/mouldking.store\/wp-content\/uploads\/2022\/09\/Space-MOC-104017-Rocket-Family-Vostok-MOCBRICKLAND-6.jpg\" alt=\"MOC-104017 Rocket Family Vostok with 709 Pieces\" width=\"800\" height=\"800\" title=\"-\" srcset=\"https:\/\/mouldking.store\/wp-content\/uploads\/2022\/09\/Space-MOC-104017-Rocket-Family-Vostok-MOCBRICKLAND-6.jpg 800w, https:\/\/mouldking.store\/wp-content\/uploads\/2022\/09\/Space-MOC-104017-Rocket-Family-Vostok-MOCBRICKLAND-6-300x300.jpg 300w, https:\/\/mouldking.store\/wp-content\/uploads\/2022\/09\/Space-MOC-104017-Rocket-Family-Vostok-MOCBRICKLAND-6-768x768.jpg 768w, https:\/\/mouldking.store\/wp-content\/uploads\/2022\/09\/Space-MOC-104017-Rocket-Family-Vostok-MOCBRICKLAND-6-600x600.jpg 600w, https:\/\/mouldking.store\/wp-content\/uploads\/2022\/09\/Space-MOC-104017-Rocket-Family-Vostok-MOCBRICKLAND-6-150x150.jpg 150w, https:\/\/mouldking.store\/wp-content\/uploads\/2022\/09\/Space-MOC-104017-Rocket-Family-Vostok-MOCBRICKLAND-6-60x60.jpg 60w, https:\/\/mouldking.store\/wp-content\/uploads\/2022\/09\/Space-MOC-104017-Rocket-Family-Vostok-MOCBRICKLAND-6-90x90.jpg 90w\" sizes=\"(max-width: 800px) 100vw, 800px\" \/><figcaption id=\"caption-attachment-32822\" class=\"wp-caption-text\">MOC-104017 Familia de cohetes Vostok con 709 piezas<\/figcaption><\/figure>\n<figure id=\"attachment_32823\" aria-describedby=\"caption-attachment-32823\" style=\"width: 800px\" class=\"wp-caption aligncenter\"><img decoding=\"async\" class=\"wp-image-32823 size-full\" src=\"https:\/\/mouldking.store\/wp-content\/uploads\/2022\/09\/Space-MOC-104017-Rocket-Family-Vostok-MOCBRICKLAND-5.jpg\" alt=\"MOC-104017 Rocket Family Vostok with 709 Pieces\" width=\"800\" height=\"800\" title=\"-\" srcset=\"https:\/\/mouldking.store\/wp-content\/uploads\/2022\/09\/Space-MOC-104017-Rocket-Family-Vostok-MOCBRICKLAND-5.jpg 800w, https:\/\/mouldking.store\/wp-content\/uploads\/2022\/09\/Space-MOC-104017-Rocket-Family-Vostok-MOCBRICKLAND-5-300x300.jpg 300w, https:\/\/mouldking.store\/wp-content\/uploads\/2022\/09\/Space-MOC-104017-Rocket-Family-Vostok-MOCBRICKLAND-5-768x768.jpg 768w, https:\/\/mouldking.store\/wp-content\/uploads\/2022\/09\/Space-MOC-104017-Rocket-Family-Vostok-MOCBRICKLAND-5-600x600.jpg 600w, https:\/\/mouldking.store\/wp-content\/uploads\/2022\/09\/Space-MOC-104017-Rocket-Family-Vostok-MOCBRICKLAND-5-150x150.jpg 150w, https:\/\/mouldking.store\/wp-content\/uploads\/2022\/09\/Space-MOC-104017-Rocket-Family-Vostok-MOCBRICKLAND-5-60x60.jpg 60w, https:\/\/mouldking.store\/wp-content\/uploads\/2022\/09\/Space-MOC-104017-Rocket-Family-Vostok-MOCBRICKLAND-5-90x90.jpg 90w\" sizes=\"(max-width: 800px) 100vw, 800px\" \/><figcaption id=\"caption-attachment-32823\" class=\"wp-caption-text\">MOC-104017 Familia de cohetes Vostok con 709 piezas<\/figcaption><\/figure>\n<figure id=\"attachment_32820\" aria-describedby=\"caption-attachment-32820\" style=\"width: 800px\" class=\"wp-caption aligncenter\"><img decoding=\"async\" class=\"wp-image-32820 size-full\" src=\"https:\/\/mouldking.store\/wp-content\/uploads\/2022\/09\/Space-MOC-104017-Rocket-Family-Vostok-MOCBRICKLAND-8.jpg\" alt=\"MOC-104017 Rocket Family Vostok with 709 Pieces\" width=\"800\" height=\"800\" title=\"-\" srcset=\"https:\/\/mouldking.store\/wp-content\/uploads\/2022\/09\/Space-MOC-104017-Rocket-Family-Vostok-MOCBRICKLAND-8.jpg 800w, https:\/\/mouldking.store\/wp-content\/uploads\/2022\/09\/Space-MOC-104017-Rocket-Family-Vostok-MOCBRICKLAND-8-300x300.jpg 300w, https:\/\/mouldking.store\/wp-content\/uploads\/2022\/09\/Space-MOC-104017-Rocket-Family-Vostok-MOCBRICKLAND-8-768x768.jpg 768w, https:\/\/mouldking.store\/wp-content\/uploads\/2022\/09\/Space-MOC-104017-Rocket-Family-Vostok-MOCBRICKLAND-8-600x600.jpg 600w, https:\/\/mouldking.store\/wp-content\/uploads\/2022\/09\/Space-MOC-104017-Rocket-Family-Vostok-MOCBRICKLAND-8-150x150.jpg 150w, https:\/\/mouldking.store\/wp-content\/uploads\/2022\/09\/Space-MOC-104017-Rocket-Family-Vostok-MOCBRICKLAND-8-60x60.jpg 60w, https:\/\/mouldking.store\/wp-content\/uploads\/2022\/09\/Space-MOC-104017-Rocket-Family-Vostok-MOCBRICKLAND-8-90x90.jpg 90w\" sizes=\"(max-width: 800px) 100vw, 800px\" \/><figcaption id=\"caption-attachment-32820\" class=\"wp-caption-text\">MOC-104017 Familia de cohetes Vostok con 709 piezas<\/figcaption><\/figure>\n<figure id=\"attachment_32819\" aria-describedby=\"caption-attachment-32819\" style=\"width: 800px\" class=\"wp-caption aligncenter\"><img loading=\"lazy\" decoding=\"async\" class=\"wp-image-32819 size-full\" src=\"https:\/\/mouldking.store\/wp-content\/uploads\/2022\/09\/Space-MOC-104017-Rocket-Family-Vostok-MOCBRICKLAND-1.jpg\" alt=\"MOC-104017 Rocket Family Vostok with 709 Pieces\" width=\"800\" height=\"800\" title=\"-\" srcset=\"https:\/\/mouldking.store\/wp-content\/uploads\/2022\/09\/Space-MOC-104017-Rocket-Family-Vostok-MOCBRICKLAND-1.jpg 800w, https:\/\/mouldking.store\/wp-content\/uploads\/2022\/09\/Space-MOC-104017-Rocket-Family-Vostok-MOCBRICKLAND-1-300x300.jpg 300w, https:\/\/mouldking.store\/wp-content\/uploads\/2022\/09\/Space-MOC-104017-Rocket-Family-Vostok-MOCBRICKLAND-1-768x768.jpg 768w, https:\/\/mouldking.store\/wp-content\/uploads\/2022\/09\/Space-MOC-104017-Rocket-Family-Vostok-MOCBRICKLAND-1-600x600.jpg 600w, https:\/\/mouldking.store\/wp-content\/uploads\/2022\/09\/Space-MOC-104017-Rocket-Family-Vostok-MOCBRICKLAND-1-150x150.jpg 150w, https:\/\/mouldking.store\/wp-content\/uploads\/2022\/09\/Space-MOC-104017-Rocket-Family-Vostok-MOCBRICKLAND-1-60x60.jpg 60w, https:\/\/mouldking.store\/wp-content\/uploads\/2022\/09\/Space-MOC-104017-Rocket-Family-Vostok-MOCBRICKLAND-1-90x90.jpg 90w\" sizes=\"(max-width: 800px) 100vw, 800px\" \/><figcaption id=\"caption-attachment-32819\" class=\"wp-caption-text\">MOC-104017 Familia de cohetes Vostok con 709 piezas<\/figcaption><\/figure>\n<figure id=\"attachment_32818\" aria-describedby=\"caption-attachment-32818\" style=\"width: 800px\" class=\"wp-caption aligncenter\"><img loading=\"lazy\" decoding=\"async\" class=\"wp-image-32818 size-full\" src=\"https:\/\/mouldking.store\/wp-content\/uploads\/2022\/09\/Space-MOC-104017-Rocket-Family-Vostok-MOCBRICKLAND-2.jpg\" alt=\"MOC-104017 Rocket Family Vostok with 709 Pieces\" width=\"800\" height=\"800\" title=\"-\" srcset=\"https:\/\/mouldking.store\/wp-content\/uploads\/2022\/09\/Space-MOC-104017-Rocket-Family-Vostok-MOCBRICKLAND-2.jpg 800w, https:\/\/mouldking.store\/wp-content\/uploads\/2022\/09\/Space-MOC-104017-Rocket-Family-Vostok-MOCBRICKLAND-2-300x300.jpg 300w, https:\/\/mouldking.store\/wp-content\/uploads\/2022\/09\/Space-MOC-104017-Rocket-Family-Vostok-MOCBRICKLAND-2-768x768.jpg 768w, https:\/\/mouldking.store\/wp-content\/uploads\/2022\/09\/Space-MOC-104017-Rocket-Family-Vostok-MOCBRICKLAND-2-600x600.jpg 600w, https:\/\/mouldking.store\/wp-content\/uploads\/2022\/09\/Space-MOC-104017-Rocket-Family-Vostok-MOCBRICKLAND-2-150x150.jpg 150w, https:\/\/mouldking.store\/wp-content\/uploads\/2022\/09\/Space-MOC-104017-Rocket-Family-Vostok-MOCBRICKLAND-2-60x60.jpg 60w, https:\/\/mouldking.store\/wp-content\/uploads\/2022\/09\/Space-MOC-104017-Rocket-Family-Vostok-MOCBRICKLAND-2-90x90.jpg 90w\" sizes=\"(max-width: 800px) 100vw, 800px\" \/><figcaption id=\"caption-attachment-32818\" class=\"wp-caption-text\">MOC-104017 Familia de cohetes Vostok con 709 piezas<\/figcaption><\/figure>\n<figure id=\"attachment_32816\" aria-describedby=\"caption-attachment-32816\" style=\"width: 800px\" class=\"wp-caption aligncenter\"><img loading=\"lazy\" decoding=\"async\" class=\"wp-image-32816 size-full\" src=\"https:\/\/mouldking.store\/wp-content\/uploads\/2022\/09\/Space-MOC-104017-Rocket-Family-Vostok-MOCBRICKLAND-4.jpg\" alt=\"MOC-104017 Rocket Family Vostok with 709 Pieces\" width=\"800\" height=\"800\" title=\"-\" srcset=\"https:\/\/mouldking.store\/wp-content\/uploads\/2022\/09\/Space-MOC-104017-Rocket-Family-Vostok-MOCBRICKLAND-4.jpg 800w, https:\/\/mouldking.store\/wp-content\/uploads\/2022\/09\/Space-MOC-104017-Rocket-Family-Vostok-MOCBRICKLAND-4-300x300.jpg 300w, https:\/\/mouldking.store\/wp-content\/uploads\/2022\/09\/Space-MOC-104017-Rocket-Family-Vostok-MOCBRICKLAND-4-768x768.jpg 768w, https:\/\/mouldking.store\/wp-content\/uploads\/2022\/09\/Space-MOC-104017-Rocket-Family-Vostok-MOCBRICKLAND-4-600x600.jpg 600w, https:\/\/mouldking.store\/wp-content\/uploads\/2022\/09\/Space-MOC-104017-Rocket-Family-Vostok-MOCBRICKLAND-4-150x150.jpg 150w, https:\/\/mouldking.store\/wp-content\/uploads\/2022\/09\/Space-MOC-104017-Rocket-Family-Vostok-MOCBRICKLAND-4-60x60.jpg 60w, https:\/\/mouldking.store\/wp-content\/uploads\/2022\/09\/Space-MOC-104017-Rocket-Family-Vostok-MOCBRICKLAND-4-90x90.jpg 90w\" sizes=\"(max-width: 800px) 100vw, 800px\" \/><figcaption id=\"caption-attachment-32816\" class=\"wp-caption-text\">MOC-104017 Familia de cohetes Vostok con 709 piezas<\/figcaption><\/figure>\n<figure id=\"attachment_32817\" aria-describedby=\"caption-attachment-32817\" style=\"width: 800px\" class=\"wp-caption aligncenter\"><img loading=\"lazy\" decoding=\"async\" class=\"wp-image-32817 size-full\" src=\"https:\/\/mouldking.store\/wp-content\/uploads\/2022\/09\/Space-MOC-104017-Rocket-Family-Vostok-MOCBRICKLAND-3.jpg\" alt=\"MOC-104017 Rocket Family Vostok with 709 Pieces\" width=\"800\" height=\"800\" title=\"-\" srcset=\"https:\/\/mouldking.store\/wp-content\/uploads\/2022\/09\/Space-MOC-104017-Rocket-Family-Vostok-MOCBRICKLAND-3.jpg 800w, https:\/\/mouldking.store\/wp-content\/uploads\/2022\/09\/Space-MOC-104017-Rocket-Family-Vostok-MOCBRICKLAND-3-300x300.jpg 300w, https:\/\/mouldking.store\/wp-content\/uploads\/2022\/09\/Space-MOC-104017-Rocket-Family-Vostok-MOCBRICKLAND-3-768x768.jpg 768w, https:\/\/mouldking.store\/wp-content\/uploads\/2022\/09\/Space-MOC-104017-Rocket-Family-Vostok-MOCBRICKLAND-3-600x600.jpg 600w, https:\/\/mouldking.store\/wp-content\/uploads\/2022\/09\/Space-MOC-104017-Rocket-Family-Vostok-MOCBRICKLAND-3-150x150.jpg 150w, https:\/\/mouldking.store\/wp-content\/uploads\/2022\/09\/Space-MOC-104017-Rocket-Family-Vostok-MOCBRICKLAND-3-60x60.jpg 60w, https:\/\/mouldking.store\/wp-content\/uploads\/2022\/09\/Space-MOC-104017-Rocket-Family-Vostok-MOCBRICKLAND-3-90x90.jpg 90w\" sizes=\"(max-width: 800px) 100vw, 800px\" \/><figcaption id=\"caption-attachment-32817\" class=\"wp-caption-text\">MOC-104017 Familia de cohetes Vostok con 709 piezas<\/figcaption><\/figure>\n<figure id=\"attachment_32821\" aria-describedby=\"caption-attachment-32821\" style=\"width: 800px\" class=\"wp-caption aligncenter\"><img loading=\"lazy\" decoding=\"async\" class=\"wp-image-32821 size-full\" src=\"https:\/\/mouldking.store\/wp-content\/uploads\/2022\/09\/Space-MOC-104017-Rocket-Family-Vostok-MOCBRICKLAND-7.jpg\" alt=\"MOC-104017 Rocket Family Vostok with 709 Pieces\" width=\"800\" height=\"800\" title=\"-\" srcset=\"https:\/\/mouldking.store\/wp-content\/uploads\/2022\/09\/Space-MOC-104017-Rocket-Family-Vostok-MOCBRICKLAND-7.jpg 800w, https:\/\/mouldking.store\/wp-content\/uploads\/2022\/09\/Space-MOC-104017-Rocket-Family-Vostok-MOCBRICKLAND-7-300x300.jpg 300w, https:\/\/mouldking.store\/wp-content\/uploads\/2022\/09\/Space-MOC-104017-Rocket-Family-Vostok-MOCBRICKLAND-7-768x768.jpg 768w, https:\/\/mouldking.store\/wp-content\/uploads\/2022\/09\/Space-MOC-104017-Rocket-Family-Vostok-MOCBRICKLAND-7-600x600.jpg 600w, https:\/\/mouldking.store\/wp-content\/uploads\/2022\/09\/Space-MOC-104017-Rocket-Family-Vostok-MOCBRICKLAND-7-150x150.jpg 150w, https:\/\/mouldking.store\/wp-content\/uploads\/2022\/09\/Space-MOC-104017-Rocket-Family-Vostok-MOCBRICKLAND-7-60x60.jpg 60w, https:\/\/mouldking.store\/wp-content\/uploads\/2022\/09\/Space-MOC-104017-Rocket-Family-Vostok-MOCBRICKLAND-7-90x90.jpg 90w\" sizes=\"(max-width: 800px) 100vw, 800px\" \/><figcaption id=\"caption-attachment-32821\" class=\"wp-caption-text\">MOC-104017 Familia de cohetes Vostok con 709 piezas<\/figcaption><\/figure>","protected":false},"excerpt":{"rendered":"<p>Product information: Brand: MOC Gender: Unisex Name: Rocket Family Vostok Age Range: &gt; 6 years old Model Number: C7936 Classification: Assemblage Plastic Block Shape: Self-Locking Bricks Material: Plastic Plastic Type: ABS Bricks Blocks: 709 PCS Dimensions: 9.3 x 9.3 x 34.6 cm Weight: 0.28 kg Contains detailed assembly instructions. Notice: 1. Without an original box, [&hellip;]<\/p>","protected":false},"featured_media":32822,"comment_status":"closed","ping_status":"closed","template":"","meta":{"_acf_changed":false},"product_cat":[6016],"product_tag":[6021,6020,6022],"class_list":["product","first","instock","shipping-taxable","purchasable","product-type-simple"],"acf":[],"_links":{"self":[{"href":"https:\/\/mouldking.store\/es\/wp-json\/wp\/v2\/product\/32815","targetHints":{"allow":["GET"]}}],"collection":[{"href":"https:\/\/mouldking.store\/es\/wp-json\/wp\/v2\/product"}],"about":[{"href":"https:\/\/mouldking.store\/es\/wp-json\/wp\/v2\/types\/product"}],"replies":[{"embeddable":true,"href":"https:\/\/mouldking.store\/es\/wp-json\/wp\/v2\/comments?post=32815"}],"wp:featuredmedia":[{"embeddable":true,"href":"https:\/\/mouldking.store\/es\/wp-json\/wp\/v2\/media\/32822"}],"wp:attachment":[{"href":"https:\/\/mouldking.store\/es\/wp-json\/wp\/v2\/media?parent=32815"}],"wp:term":[{"taxonomy":"product_cat","embeddable":true,"href":"https:\/\/mouldking.store\/es\/wp-json\/wp\/v2\/product_cat?post=32815"},{"taxonomy":"product_tag","embeddable":true,"href":"https:\/\/mouldking.store\/es\/wp-json\/wp\/v2\/product_tag?post=32815"}],"curies":[{"name":"wp","href":"https:\/\/api.w.org\/{rel}","templated":true}]}}