{"id":33199,"date":"2022-10-13T16:37:04","date_gmt":"2022-10-13T09:37:04","guid":{"rendered":"https:\/\/mouldking.store\/?post_type=product&#038;p=33199"},"modified":"2025-12-25T09:12:24","modified_gmt":"2025-12-25T02:12:24","slug":"moc-118459-darksaber-din-djarin-with-416-pieces","status":"publish","type":"product","link":"https:\/\/mouldking.store\/es\/shop\/moc-118459-darksaber-din-djarin-with-416-pieces\/","title":{"rendered":"MOC-118459 Darksaber (Din Djarin) with 416 Pieces"},"content":{"rendered":"<p>Informaci\u00f3n del Producto:<\/p>\n<ol>\n<li>Marca: MOC<\/li>\n<li>G\u00e9nero: Unisex<\/li>\n<li>Name: Darksaber (Din Djarin)<\/li>\n<li>Rango de edad: &gt; 6 a\u00f1os<\/li>\n<li>Model Number: C9163<\/li>\n<li>Clasificaci\u00f3n: Ensamblaje<\/li>\n<li>Forma de bloque de pl\u00e1stico: Ladrillos autoblocantes<\/li>\n<li>Material: Pl\u00e1stico<\/li>\n<li>Tipo de pl\u00e1stico: ABS<\/li>\n<li>Bricks Blocks: 416\u00a0PCS<\/li>\n<li>Dimensions: 4.8 x 4.8 x 34.4 cm<\/li>\n<li>Peso: 0,24 kg<\/li>\n<li>Contiene instrucciones de montaje detalladas.<\/li>\n<\/ol>\n<p>Aviso:<br \/>\n1. Sin caja original, pero garantizamos que nuestros productos tienen garant\u00eda de calidad y un buen embalaje.<br \/>\n2. Como todas las piezas que hemos comprobado antes del env\u00edo, si encuentra que faltan piezas o est\u00e1n da\u00f1adas, no se preocupe y p\u00f3ngase en contacto con nosotros y podemos reenvi\u00e1rselas inmediatamente de forma gratuita.<\/p>\n<p>&nbsp;<\/p>\n<figure id=\"attachment_33200\" aria-describedby=\"caption-attachment-33200\" style=\"width: 1024px\" class=\"wp-caption aligncenter\"><img fetchpriority=\"high\" decoding=\"async\" class=\"wp-image-33200 size-large\" src=\"https:\/\/mouldking.store\/wp-content\/uploads\/2022\/10\/Star-Wars-MOC-118459-Darksaber-Din-Djarin-MOCBRICKLAND-1024x1024.png\" alt=\"MOC-118459 Darksaber (Din Djarin) with 416 Pieces\" width=\"1024\" height=\"1024\" title=\"-\" srcset=\"https:\/\/mouldking.store\/wp-content\/uploads\/2022\/10\/Star-Wars-MOC-118459-Darksaber-Din-Djarin-MOCBRICKLAND-1024x1024.png 1024w, https:\/\/mouldking.store\/wp-content\/uploads\/2022\/10\/Star-Wars-MOC-118459-Darksaber-Din-Djarin-MOCBRICKLAND-300x300.png 300w, https:\/\/mouldking.store\/wp-content\/uploads\/2022\/10\/Star-Wars-MOC-118459-Darksaber-Din-Djarin-MOCBRICKLAND-768x768.png 768w, https:\/\/mouldking.store\/wp-content\/uploads\/2022\/10\/Star-Wars-MOC-118459-Darksaber-Din-Djarin-MOCBRICKLAND-1536x1536.png 1536w, https:\/\/mouldking.store\/wp-content\/uploads\/2022\/10\/Star-Wars-MOC-118459-Darksaber-Din-Djarin-MOCBRICKLAND-2048x2048.png 2048w, https:\/\/mouldking.store\/wp-content\/uploads\/2022\/10\/Star-Wars-MOC-118459-Darksaber-Din-Djarin-MOCBRICKLAND-600x600.png 600w, https:\/\/mouldking.store\/wp-content\/uploads\/2022\/10\/Star-Wars-MOC-118459-Darksaber-Din-Djarin-MOCBRICKLAND-150x150.png 150w, https:\/\/mouldking.store\/wp-content\/uploads\/2022\/10\/Star-Wars-MOC-118459-Darksaber-Din-Djarin-MOCBRICKLAND-60x60.png 60w, https:\/\/mouldking.store\/wp-content\/uploads\/2022\/10\/Star-Wars-MOC-118459-Darksaber-Din-Djarin-MOCBRICKLAND-90x90.png 90w\" sizes=\"(max-width: 1024px) 100vw, 1024px\" \/><figcaption id=\"caption-attachment-33200\" class=\"wp-caption-text\">MOC-118459 Darksaber (Din Djarin) with 416 Pieces<\/figcaption><\/figure>\n<figure id=\"attachment_33201\" aria-describedby=\"caption-attachment-33201\" style=\"width: 800px\" class=\"wp-caption aligncenter\"><img decoding=\"async\" class=\"wp-image-33201 size-full\" src=\"https:\/\/mouldking.store\/wp-content\/uploads\/2022\/10\/Star-Wars-MOC-118459-Darksaber-Din-Djarin-MOCBRICKLAND-3.jpg\" alt=\"MOC-118459 Darksaber (Din Djarin) with 416 Pieces\" width=\"800\" height=\"800\" title=\"-\" srcset=\"https:\/\/mouldking.store\/wp-content\/uploads\/2022\/10\/Star-Wars-MOC-118459-Darksaber-Din-Djarin-MOCBRICKLAND-3.jpg 800w, https:\/\/mouldking.store\/wp-content\/uploads\/2022\/10\/Star-Wars-MOC-118459-Darksaber-Din-Djarin-MOCBRICKLAND-3-300x300.jpg 300w, https:\/\/mouldking.store\/wp-content\/uploads\/2022\/10\/Star-Wars-MOC-118459-Darksaber-Din-Djarin-MOCBRICKLAND-3-768x768.jpg 768w, https:\/\/mouldking.store\/wp-content\/uploads\/2022\/10\/Star-Wars-MOC-118459-Darksaber-Din-Djarin-MOCBRICKLAND-3-600x600.jpg 600w, https:\/\/mouldking.store\/wp-content\/uploads\/2022\/10\/Star-Wars-MOC-118459-Darksaber-Din-Djarin-MOCBRICKLAND-3-150x150.jpg 150w, https:\/\/mouldking.store\/wp-content\/uploads\/2022\/10\/Star-Wars-MOC-118459-Darksaber-Din-Djarin-MOCBRICKLAND-3-60x60.jpg 60w, https:\/\/mouldking.store\/wp-content\/uploads\/2022\/10\/Star-Wars-MOC-118459-Darksaber-Din-Djarin-MOCBRICKLAND-3-90x90.jpg 90w\" sizes=\"(max-width: 800px) 100vw, 800px\" \/><figcaption id=\"caption-attachment-33201\" class=\"wp-caption-text\">MOC-118459 Darksaber (Din Djarin) with 416 Pieces<\/figcaption><\/figure>\n<figure id=\"attachment_33202\" aria-describedby=\"caption-attachment-33202\" style=\"width: 800px\" class=\"wp-caption aligncenter\"><img decoding=\"async\" class=\"wp-image-33202 size-full\" src=\"https:\/\/mouldking.store\/wp-content\/uploads\/2022\/10\/Star-Wars-MOC-118459-Darksaber-Din-Djarin-MOCBRICKLAND-2.jpg\" alt=\"MOC-118459 Darksaber (Din Djarin) with 416 Pieces\" width=\"800\" height=\"800\" title=\"-\" srcset=\"https:\/\/mouldking.store\/wp-content\/uploads\/2022\/10\/Star-Wars-MOC-118459-Darksaber-Din-Djarin-MOCBRICKLAND-2.jpg 800w, https:\/\/mouldking.store\/wp-content\/uploads\/2022\/10\/Star-Wars-MOC-118459-Darksaber-Din-Djarin-MOCBRICKLAND-2-300x300.jpg 300w, https:\/\/mouldking.store\/wp-content\/uploads\/2022\/10\/Star-Wars-MOC-118459-Darksaber-Din-Djarin-MOCBRICKLAND-2-768x768.jpg 768w, https:\/\/mouldking.store\/wp-content\/uploads\/2022\/10\/Star-Wars-MOC-118459-Darksaber-Din-Djarin-MOCBRICKLAND-2-600x600.jpg 600w, https:\/\/mouldking.store\/wp-content\/uploads\/2022\/10\/Star-Wars-MOC-118459-Darksaber-Din-Djarin-MOCBRICKLAND-2-150x150.jpg 150w, https:\/\/mouldking.store\/wp-content\/uploads\/2022\/10\/Star-Wars-MOC-118459-Darksaber-Din-Djarin-MOCBRICKLAND-2-60x60.jpg 60w, https:\/\/mouldking.store\/wp-content\/uploads\/2022\/10\/Star-Wars-MOC-118459-Darksaber-Din-Djarin-MOCBRICKLAND-2-90x90.jpg 90w\" sizes=\"(max-width: 800px) 100vw, 800px\" \/><figcaption id=\"caption-attachment-33202\" class=\"wp-caption-text\">MOC-118459 Darksaber (Din Djarin) with 416 Pieces<\/figcaption><\/figure>\n<figure id=\"attachment_33203\" aria-describedby=\"caption-attachment-33203\" style=\"width: 800px\" class=\"wp-caption aligncenter\"><img loading=\"lazy\" decoding=\"async\" class=\"wp-image-33203 size-full\" src=\"https:\/\/mouldking.store\/wp-content\/uploads\/2022\/10\/Star-Wars-MOC-118459-Darksaber-Din-Djarin-MOCBRICKLAND-1.jpg\" alt=\"MOC-118459 Darksaber (Din Djarin) with 416 Pieces\" width=\"800\" height=\"800\" title=\"-\" srcset=\"https:\/\/mouldking.store\/wp-content\/uploads\/2022\/10\/Star-Wars-MOC-118459-Darksaber-Din-Djarin-MOCBRICKLAND-1.jpg 800w, https:\/\/mouldking.store\/wp-content\/uploads\/2022\/10\/Star-Wars-MOC-118459-Darksaber-Din-Djarin-MOCBRICKLAND-1-300x300.jpg 300w, https:\/\/mouldking.store\/wp-content\/uploads\/2022\/10\/Star-Wars-MOC-118459-Darksaber-Din-Djarin-MOCBRICKLAND-1-768x768.jpg 768w, https:\/\/mouldking.store\/wp-content\/uploads\/2022\/10\/Star-Wars-MOC-118459-Darksaber-Din-Djarin-MOCBRICKLAND-1-600x600.jpg 600w, https:\/\/mouldking.store\/wp-content\/uploads\/2022\/10\/Star-Wars-MOC-118459-Darksaber-Din-Djarin-MOCBRICKLAND-1-150x150.jpg 150w, https:\/\/mouldking.store\/wp-content\/uploads\/2022\/10\/Star-Wars-MOC-118459-Darksaber-Din-Djarin-MOCBRICKLAND-1-60x60.jpg 60w, https:\/\/mouldking.store\/wp-content\/uploads\/2022\/10\/Star-Wars-MOC-118459-Darksaber-Din-Djarin-MOCBRICKLAND-1-90x90.jpg 90w\" sizes=\"(max-width: 800px) 100vw, 800px\" \/><figcaption id=\"caption-attachment-33203\" class=\"wp-caption-text\">MOC-118459 Darksaber (Din Djarin) with 416 Pieces<\/figcaption><\/figure>","protected":false},"excerpt":{"rendered":"<p>Product information: Brand: MOC Gender: Unisex Name: Darksaber (Din Djarin) Age Range: &gt; 6 years old Model Number: C9163 Classification: Assemblage Plastic Block Shape: Self-Locking Bricks Material: Plastic Plastic Type: ABS Bricks Blocks: 416\u00a0PCS Dimensions: 4.8 x 4.8 x 34.4 cm Weight: 0.24 kg Contains detailed assembly instructions. Notice: 1. Without an original box, but [&hellip;]<\/p>","protected":false},"author":105,"featured_media":33200,"comment_status":"closed","ping_status":"closed","template":"","meta":{"_acf_changed":false},"product_cat":[415],"product_tag":[6127,6125,6126,6124,6123],"class_list":["product","first","instock","shipping-taxable","purchasable","product-type-simple"],"acf":[],"_links":{"self":[{"href":"https:\/\/mouldking.store\/es\/wp-json\/wp\/v2\/product\/33199","targetHints":{"allow":["GET"]}}],"collection":[{"href":"https:\/\/mouldking.store\/es\/wp-json\/wp\/v2\/product"}],"about":[{"href":"https:\/\/mouldking.store\/es\/wp-json\/wp\/v2\/types\/product"}],"author":[{"embeddable":true,"href":"https:\/\/mouldking.store\/es\/wp-json\/wp\/v2\/users\/105"}],"replies":[{"embeddable":true,"href":"https:\/\/mouldking.store\/es\/wp-json\/wp\/v2\/comments?post=33199"}],"wp:featuredmedia":[{"embeddable":true,"href":"https:\/\/mouldking.store\/es\/wp-json\/wp\/v2\/media\/33200"}],"wp:attachment":[{"href":"https:\/\/mouldking.store\/es\/wp-json\/wp\/v2\/media?parent=33199"}],"wp:term":[{"taxonomy":"product_cat","embeddable":true,"href":"https:\/\/mouldking.store\/es\/wp-json\/wp\/v2\/product_cat?post=33199"},{"taxonomy":"product_tag","embeddable":true,"href":"https:\/\/mouldking.store\/es\/wp-json\/wp\/v2\/product_tag?post=33199"}],"curies":[{"name":"wp","href":"https:\/\/api.w.org\/{rel}","templated":true}]}}