{"id":33348,"date":"2022-11-01T11:11:42","date_gmt":"2022-11-01T04:11:42","guid":{"rendered":"https:\/\/mouldking.store\/?post_type=product&#038;p=33348"},"modified":"2025-12-25T09:12:24","modified_gmt":"2025-12-25T02:12:24","slug":"moc-89578-the-lord-of-the-rings-knights-of-the-round-table-matter-of-britain-with-655-pieces","status":"publish","type":"product","link":"https:\/\/mouldking.store\/es\/shop\/moc-89578-the-lord-of-the-rings-knights-of-the-round-table-matter-of-britain-with-655-pieces\/","title":{"rendered":"MOC-89578 El Se\u00f1or de los Anillos Caballeros de la Mesa Redonda Materia de Gran Breta\u00f1a con 655 Piezas"},"content":{"rendered":"<p>Informaci\u00f3n del Producto:<\/p>\n<ol>\n<li>Marca: MOC<\/li>\n<li>G\u00e9nero: Unisex<\/li>\n<li>Name: The Lord of the Rings Knights of the Round Table Matter of Britain<\/li>\n<li>Rango de edad: &gt; 6 a\u00f1os<\/li>\n<li>N\u00famero de modelo: <span data-sheets-value=\"{&quot;1&quot;:2,&quot;2&quot;:&quot;C9142&quot;}\" data-sheets-userformat=\"{&quot;2&quot;:15297,&quot;3&quot;:{&quot;1&quot;:0},&quot;9&quot;:0,&quot;10&quot;:0,&quot;11&quot;:0,&quot;12&quot;:0,&quot;14&quot;:{&quot;1&quot;:2,&quot;2&quot;:0},&quot;15&quot;:&quot;Calibri&quot;,&quot;16&quot;:11}\">C9142<\/span><\/li>\n<li>Clasificaci\u00f3n: Ensamblaje<\/li>\n<li>Forma de bloque de pl\u00e1stico: Ladrillos autoblocantes<\/li>\n<li>Material: Pl\u00e1stico<\/li>\n<li>Tipo de pl\u00e1stico: ABS<\/li>\n<li>Bloques de ladrillos: 655 PCS<\/li>\n<li>Dimensions: 16 x 4 x 114.4 cm<\/li>\n<li>Weight: 0.89 kg<\/li>\n<li>Contiene instrucciones de montaje detalladas.<\/li>\n<\/ol>\n<p>Aviso:<br \/>\n1. Sin caja original, pero garantizamos que nuestros productos tienen garant\u00eda de calidad y un buen embalaje.<br \/>\n2. Como todas las piezas que hemos comprobado antes del env\u00edo, si encuentra que faltan piezas o est\u00e1n da\u00f1adas, no se preocupe y p\u00f3ngase en contacto con nosotros y podemos reenvi\u00e1rselas inmediatamente de forma gratuita.<\/p>\n<figure id=\"attachment_33349\" aria-describedby=\"caption-attachment-33349\" style=\"width: 1000px\" class=\"wp-caption aligncenter\"><img fetchpriority=\"high\" decoding=\"async\" class=\"wp-image-33349 size-full\" src=\"https:\/\/mouldking.store\/wp-content\/uploads\/2022\/11\/c9142-5.jpg\" alt=\"MOC-89578 The Lord of the Rings Knights of the Round Table Matter of Britain With 655 Pieces\" width=\"1000\" height=\"1000\" title=\"-\" srcset=\"https:\/\/mouldking.store\/wp-content\/uploads\/2022\/11\/c9142-5.jpg 1000w, https:\/\/mouldking.store\/wp-content\/uploads\/2022\/11\/c9142-5-300x300.jpg 300w, https:\/\/mouldking.store\/wp-content\/uploads\/2022\/11\/c9142-5-768x768.jpg 768w, https:\/\/mouldking.store\/wp-content\/uploads\/2022\/11\/c9142-5-600x600.jpg 600w, https:\/\/mouldking.store\/wp-content\/uploads\/2022\/11\/c9142-5-150x150.jpg 150w, https:\/\/mouldking.store\/wp-content\/uploads\/2022\/11\/c9142-5-60x60.jpg 60w, https:\/\/mouldking.store\/wp-content\/uploads\/2022\/11\/c9142-5-90x90.jpg 90w\" sizes=\"(max-width: 1000px) 100vw, 1000px\" \/><figcaption id=\"caption-attachment-33349\" class=\"wp-caption-text\">MOC-89578 El Se\u00f1or de los Anillos Caballeros de la Mesa Redonda Materia de Gran Breta\u00f1a con 655 Piezas<\/figcaption><\/figure>\n<figure id=\"attachment_33350\" aria-describedby=\"caption-attachment-33350\" style=\"width: 1000px\" class=\"wp-caption aligncenter\"><img decoding=\"async\" class=\"wp-image-33350 size-full\" src=\"https:\/\/mouldking.store\/wp-content\/uploads\/2022\/11\/c9142.jpg\" alt=\"MOC-89578 The Lord of the Rings Knights of the Round Table Matter of Britain With 655 Pieces\" width=\"1000\" height=\"1000\" title=\"-\" srcset=\"https:\/\/mouldking.store\/wp-content\/uploads\/2022\/11\/c9142.jpg 1000w, https:\/\/mouldking.store\/wp-content\/uploads\/2022\/11\/c9142-300x300.jpg 300w, https:\/\/mouldking.store\/wp-content\/uploads\/2022\/11\/c9142-768x768.jpg 768w, https:\/\/mouldking.store\/wp-content\/uploads\/2022\/11\/c9142-600x600.jpg 600w, https:\/\/mouldking.store\/wp-content\/uploads\/2022\/11\/c9142-150x150.jpg 150w, https:\/\/mouldking.store\/wp-content\/uploads\/2022\/11\/c9142-60x60.jpg 60w, https:\/\/mouldking.store\/wp-content\/uploads\/2022\/11\/c9142-90x90.jpg 90w\" sizes=\"(max-width: 1000px) 100vw, 1000px\" \/><figcaption id=\"caption-attachment-33350\" class=\"wp-caption-text\">MOC-89578 El Se\u00f1or de los Anillos Caballeros de la Mesa Redonda Materia de Gran Breta\u00f1a con 655 Piezas<\/figcaption><\/figure>\n<figure id=\"attachment_33351\" aria-describedby=\"caption-attachment-33351\" style=\"width: 1000px\" class=\"wp-caption aligncenter\"><img decoding=\"async\" class=\"wp-image-33351 size-full\" src=\"https:\/\/mouldking.store\/wp-content\/uploads\/2022\/11\/c9142-3.jpg\" alt=\"MOC-89578 The Lord of the Rings Knights of the Round Table Matter of Britain With 655 Pieces\" width=\"1000\" height=\"1000\" title=\"-\" srcset=\"https:\/\/mouldking.store\/wp-content\/uploads\/2022\/11\/c9142-3.jpg 1000w, https:\/\/mouldking.store\/wp-content\/uploads\/2022\/11\/c9142-3-300x300.jpg 300w, https:\/\/mouldking.store\/wp-content\/uploads\/2022\/11\/c9142-3-768x768.jpg 768w, https:\/\/mouldking.store\/wp-content\/uploads\/2022\/11\/c9142-3-600x600.jpg 600w, https:\/\/mouldking.store\/wp-content\/uploads\/2022\/11\/c9142-3-150x150.jpg 150w, https:\/\/mouldking.store\/wp-content\/uploads\/2022\/11\/c9142-3-60x60.jpg 60w, https:\/\/mouldking.store\/wp-content\/uploads\/2022\/11\/c9142-3-90x90.jpg 90w\" sizes=\"(max-width: 1000px) 100vw, 1000px\" \/><figcaption id=\"caption-attachment-33351\" class=\"wp-caption-text\">MOC-89578 El Se\u00f1or de los Anillos Caballeros de la Mesa Redonda Materia de Gran Breta\u00f1a con 655 Piezas<\/figcaption><\/figure>\n<figure id=\"attachment_33352\" aria-describedby=\"caption-attachment-33352\" style=\"width: 1000px\" class=\"wp-caption aligncenter\"><img loading=\"lazy\" decoding=\"async\" class=\"wp-image-33352 size-full\" src=\"https:\/\/mouldking.store\/wp-content\/uploads\/2022\/11\/c9142-4.jpg\" alt=\"MOC-89578 The Lord of the Rings Knights of the Round Table Matter of Britain With 655 Pieces\" width=\"1000\" height=\"1000\" title=\"-\" srcset=\"https:\/\/mouldking.store\/wp-content\/uploads\/2022\/11\/c9142-4.jpg 1000w, https:\/\/mouldking.store\/wp-content\/uploads\/2022\/11\/c9142-4-300x300.jpg 300w, https:\/\/mouldking.store\/wp-content\/uploads\/2022\/11\/c9142-4-768x768.jpg 768w, https:\/\/mouldking.store\/wp-content\/uploads\/2022\/11\/c9142-4-600x600.jpg 600w, https:\/\/mouldking.store\/wp-content\/uploads\/2022\/11\/c9142-4-150x150.jpg 150w, https:\/\/mouldking.store\/wp-content\/uploads\/2022\/11\/c9142-4-60x60.jpg 60w, https:\/\/mouldking.store\/wp-content\/uploads\/2022\/11\/c9142-4-90x90.jpg 90w\" sizes=\"(max-width: 1000px) 100vw, 1000px\" \/><figcaption id=\"caption-attachment-33352\" class=\"wp-caption-text\">MOC-89578 El Se\u00f1or de los Anillos Caballeros de la Mesa Redonda Materia de Gran Breta\u00f1a con 655 Piezas<\/figcaption><\/figure>\n<figure id=\"attachment_33353\" aria-describedby=\"caption-attachment-33353\" style=\"width: 1000px\" class=\"wp-caption aligncenter\"><img loading=\"lazy\" decoding=\"async\" class=\"wp-image-33353 size-full\" src=\"https:\/\/mouldking.store\/wp-content\/uploads\/2022\/11\/c9142-6.jpg\" alt=\"MOC-89578 The Lord of the Rings Knights of the Round Table Matter of Britain With 655 Pieces\" width=\"1000\" height=\"1000\" title=\"-\" srcset=\"https:\/\/mouldking.store\/wp-content\/uploads\/2022\/11\/c9142-6.jpg 1000w, https:\/\/mouldking.store\/wp-content\/uploads\/2022\/11\/c9142-6-300x300.jpg 300w, https:\/\/mouldking.store\/wp-content\/uploads\/2022\/11\/c9142-6-768x768.jpg 768w, https:\/\/mouldking.store\/wp-content\/uploads\/2022\/11\/c9142-6-600x600.jpg 600w, https:\/\/mouldking.store\/wp-content\/uploads\/2022\/11\/c9142-6-150x150.jpg 150w, https:\/\/mouldking.store\/wp-content\/uploads\/2022\/11\/c9142-6-60x60.jpg 60w, https:\/\/mouldking.store\/wp-content\/uploads\/2022\/11\/c9142-6-90x90.jpg 90w\" sizes=\"(max-width: 1000px) 100vw, 1000px\" \/><figcaption id=\"caption-attachment-33353\" class=\"wp-caption-text\">MOC-89578 El Se\u00f1or de los Anillos Caballeros de la Mesa Redonda Materia de Gran Breta\u00f1a con 655 Piezas<\/figcaption><\/figure>\n<figure id=\"attachment_33354\" aria-describedby=\"caption-attachment-33354\" style=\"width: 1000px\" class=\"wp-caption aligncenter\"><img loading=\"lazy\" decoding=\"async\" class=\"wp-image-33354 size-full\" src=\"https:\/\/mouldking.store\/wp-content\/uploads\/2022\/11\/c9142-1.jpg\" alt=\"MOC-89578 The Lord of the Rings Knights of the Round Table Matter of Britain With 655 Pieces\" width=\"1000\" height=\"1000\" title=\"-\" srcset=\"https:\/\/mouldking.store\/wp-content\/uploads\/2022\/11\/c9142-1.jpg 1000w, https:\/\/mouldking.store\/wp-content\/uploads\/2022\/11\/c9142-1-300x300.jpg 300w, https:\/\/mouldking.store\/wp-content\/uploads\/2022\/11\/c9142-1-768x768.jpg 768w, https:\/\/mouldking.store\/wp-content\/uploads\/2022\/11\/c9142-1-600x600.jpg 600w, https:\/\/mouldking.store\/wp-content\/uploads\/2022\/11\/c9142-1-150x150.jpg 150w, https:\/\/mouldking.store\/wp-content\/uploads\/2022\/11\/c9142-1-60x60.jpg 60w, https:\/\/mouldking.store\/wp-content\/uploads\/2022\/11\/c9142-1-90x90.jpg 90w\" sizes=\"(max-width: 1000px) 100vw, 1000px\" \/><figcaption id=\"caption-attachment-33354\" class=\"wp-caption-text\">MOC-89578 El Se\u00f1or de los Anillos Caballeros de la Mesa Redonda Materia de Gran Breta\u00f1a con 655 Piezas<\/figcaption><\/figure>\n<figure id=\"attachment_33355\" aria-describedby=\"caption-attachment-33355\" style=\"width: 1000px\" class=\"wp-caption aligncenter\"><img loading=\"lazy\" decoding=\"async\" class=\"wp-image-33355 size-full\" src=\"https:\/\/mouldking.store\/wp-content\/uploads\/2022\/11\/c9142-2.jpg\" alt=\"MOC-89578 The Lord of the Rings Knights of the Round Table Matter of Britain With 655 Pieces\" width=\"1000\" height=\"1000\" title=\"-\" srcset=\"https:\/\/mouldking.store\/wp-content\/uploads\/2022\/11\/c9142-2.jpg 1000w, https:\/\/mouldking.store\/wp-content\/uploads\/2022\/11\/c9142-2-300x300.jpg 300w, https:\/\/mouldking.store\/wp-content\/uploads\/2022\/11\/c9142-2-768x768.jpg 768w, https:\/\/mouldking.store\/wp-content\/uploads\/2022\/11\/c9142-2-600x600.jpg 600w, https:\/\/mouldking.store\/wp-content\/uploads\/2022\/11\/c9142-2-150x150.jpg 150w, https:\/\/mouldking.store\/wp-content\/uploads\/2022\/11\/c9142-2-60x60.jpg 60w, https:\/\/mouldking.store\/wp-content\/uploads\/2022\/11\/c9142-2-90x90.jpg 90w\" sizes=\"(max-width: 1000px) 100vw, 1000px\" \/><figcaption id=\"caption-attachment-33355\" class=\"wp-caption-text\">MOC-89578 El Se\u00f1or de los Anillos Caballeros de la Mesa Redonda Materia de Gran Breta\u00f1a con 655 Piezas<\/figcaption><\/figure>\n<figure id=\"attachment_33356\" aria-describedby=\"caption-attachment-33356\" style=\"width: 1000px\" class=\"wp-caption aligncenter\"><img loading=\"lazy\" decoding=\"async\" class=\"wp-image-33356 size-full\" src=\"https:\/\/mouldking.store\/wp-content\/uploads\/2022\/11\/c9142-7.jpg\" alt=\"MOC-89578 The Lord of the Rings Knights of the Round Table Matter of Britain With 655 Pieces\" width=\"1000\" height=\"1000\" title=\"-\" srcset=\"https:\/\/mouldking.store\/wp-content\/uploads\/2022\/11\/c9142-7.jpg 1000w, https:\/\/mouldking.store\/wp-content\/uploads\/2022\/11\/c9142-7-300x300.jpg 300w, https:\/\/mouldking.store\/wp-content\/uploads\/2022\/11\/c9142-7-768x768.jpg 768w, https:\/\/mouldking.store\/wp-content\/uploads\/2022\/11\/c9142-7-600x600.jpg 600w, https:\/\/mouldking.store\/wp-content\/uploads\/2022\/11\/c9142-7-150x150.jpg 150w, https:\/\/mouldking.store\/wp-content\/uploads\/2022\/11\/c9142-7-60x60.jpg 60w, https:\/\/mouldking.store\/wp-content\/uploads\/2022\/11\/c9142-7-90x90.jpg 90w\" sizes=\"(max-width: 1000px) 100vw, 1000px\" \/><figcaption id=\"caption-attachment-33356\" class=\"wp-caption-text\">MOC-89578 El Se\u00f1or de los Anillos Caballeros de la Mesa Redonda Materia de Gran Breta\u00f1a con 655 Piezas<\/figcaption><\/figure>\n<figure id=\"attachment_33357\" aria-describedby=\"caption-attachment-33357\" style=\"width: 833px\" class=\"wp-caption aligncenter\"><img loading=\"lazy\" decoding=\"async\" class=\"wp-image-33357 size-full\" src=\"https:\/\/mouldking.store\/wp-content\/uploads\/2022\/11\/c9142-8.jpg\" alt=\"MOC-89578 The Lord of the Rings Knights of the Round Table Matter of Britain With 655 Pieces\" width=\"833\" height=\"1200\" title=\"-\" srcset=\"https:\/\/mouldking.store\/wp-content\/uploads\/2022\/11\/c9142-8.jpg 833w, https:\/\/mouldking.store\/wp-content\/uploads\/2022\/11\/c9142-8-208x300.jpg 208w, https:\/\/mouldking.store\/wp-content\/uploads\/2022\/11\/c9142-8-711x1024.jpg 711w, https:\/\/mouldking.store\/wp-content\/uploads\/2022\/11\/c9142-8-768x1106.jpg 768w, https:\/\/mouldking.store\/wp-content\/uploads\/2022\/11\/c9142-8-300x432.jpg 300w, https:\/\/mouldking.store\/wp-content\/uploads\/2022\/11\/c9142-8-600x864.jpg 600w, https:\/\/mouldking.store\/wp-content\/uploads\/2022\/11\/c9142-8-104x150.jpg 104w, https:\/\/mouldking.store\/wp-content\/uploads\/2022\/11\/c9142-8-42x60.jpg 42w, https:\/\/mouldking.store\/wp-content\/uploads\/2022\/11\/c9142-8-62x90.jpg 62w\" sizes=\"(max-width: 833px) 100vw, 833px\" \/><figcaption id=\"caption-attachment-33357\" class=\"wp-caption-text\">MOC-89578 El Se\u00f1or de los Anillos Caballeros de la Mesa Redonda Materia de Gran Breta\u00f1a con 655 Piezas<\/figcaption><\/figure>","protected":false},"excerpt":{"rendered":"<p>Product information: Brand: MOC Gender: Unisex Name: The Lord of the Rings Knights of the Round Table Matter of Britain Age Range: &gt; 6 years old Model Number: C9142 Classification: Assemblage Plastic Block Shape: Self-Locking Bricks Material: Plastic Plastic Type: ABS Bricks Blocks: 655 PCS Dimensions: 16 x 4 x 114.4 cm Weight: 0.89 kg [&hellip;]<\/p>","protected":false},"featured_media":33349,"comment_status":"closed","ping_status":"closed","template":"","meta":{"_acf_changed":false},"product_cat":[581],"product_tag":[6170,6171,6168,6172,6167,6169],"class_list":["product","first","instock","shipping-taxable","purchasable","product-type-simple"],"acf":[],"_links":{"self":[{"href":"https:\/\/mouldking.store\/es\/wp-json\/wp\/v2\/product\/33348","targetHints":{"allow":["GET"]}}],"collection":[{"href":"https:\/\/mouldking.store\/es\/wp-json\/wp\/v2\/product"}],"about":[{"href":"https:\/\/mouldking.store\/es\/wp-json\/wp\/v2\/types\/product"}],"replies":[{"embeddable":true,"href":"https:\/\/mouldking.store\/es\/wp-json\/wp\/v2\/comments?post=33348"}],"wp:featuredmedia":[{"embeddable":true,"href":"https:\/\/mouldking.store\/es\/wp-json\/wp\/v2\/media\/33349"}],"wp:attachment":[{"href":"https:\/\/mouldking.store\/es\/wp-json\/wp\/v2\/media?parent=33348"}],"wp:term":[{"taxonomy":"product_cat","embeddable":true,"href":"https:\/\/mouldking.store\/es\/wp-json\/wp\/v2\/product_cat?post=33348"},{"taxonomy":"product_tag","embeddable":true,"href":"https:\/\/mouldking.store\/es\/wp-json\/wp\/v2\/product_tag?post=33348"}],"curies":[{"name":"wp","href":"https:\/\/api.w.org\/{rel}","templated":true}]}}