{"id":33402,"date":"2022-11-02T10:19:10","date_gmt":"2022-11-02T03:19:10","guid":{"rendered":"https:\/\/mouldking.store\/?post_type=product&#038;p=33402"},"modified":"2022-11-02T10:19:10","modified_gmt":"2022-11-02T03:19:10","slug":"reobrix-66027-medieval-church-with-3468-pieces","status":"publish","type":"product","link":"https:\/\/mouldking.store\/es\/shop\/reobrix-66027-medieval-church-with-3468-pieces\/","title":{"rendered":"Reobrix 66027 Iglesia Medieval Con 3468 Piezas"},"content":{"rendered":"<p>Informaci\u00f3n del Producto:<\/p>\n<ol>\n<li>Marca: Reobrix<\/li>\n<li>G\u00e9nero: Unisex<\/li>\n<li>Name: Medieval Church<\/li>\n<li>Rango de edad: &gt; 6 a\u00f1os<\/li>\n<li>Model Number: 66027<\/li>\n<li>Clasificaci\u00f3n: Ensamblaje<\/li>\n<li>Forma de bloque de pl\u00e1stico: Ladrillos autoblocantes<\/li>\n<li>Material: Pl\u00e1stico<\/li>\n<li>Tipo de pl\u00e1stico: ABS<\/li>\n<li>Bricks Blocks: 3468 PCS<\/li>\n<li>Dimensions: \u00a029 \u00d7 32 \u00d7 49.5 cm<\/li>\n<li>Contiene instrucciones de montaje detalladas.<\/li>\n<\/ol>\n<p>Aviso:<br \/>\n1. Sin caja original, pero garantizamos que nuestros productos tienen garant\u00eda de calidad y un buen embalaje.<br \/>\n2. Como todas las piezas que hemos comprobado antes del env\u00edo, si encuentra que faltan piezas o est\u00e1n da\u00f1adas, no se preocupe y p\u00f3ngase en contacto con nosotros y podemos reenvi\u00e1rselas inmediatamente de forma gratuita.<\/p>\n<figure id=\"attachment_33403\" aria-describedby=\"caption-attachment-33403\" style=\"width: 800px\" class=\"wp-caption aligncenter\"><img fetchpriority=\"high\" decoding=\"async\" class=\"wp-image-33403 size-full\" src=\"https:\/\/mouldking.store\/wp-content\/uploads\/2022\/11\/Modular-Building-Reobrix-66027-Medieval-Church-1.jpg\" alt=\"Reobrix 66027 Medieval Church With 3468 Pieces\" width=\"800\" height=\"800\" title=\"-\" srcset=\"https:\/\/mouldking.store\/wp-content\/uploads\/2022\/11\/Modular-Building-Reobrix-66027-Medieval-Church-1.jpg 800w, https:\/\/mouldking.store\/wp-content\/uploads\/2022\/11\/Modular-Building-Reobrix-66027-Medieval-Church-1-300x300.jpg 300w, https:\/\/mouldking.store\/wp-content\/uploads\/2022\/11\/Modular-Building-Reobrix-66027-Medieval-Church-1-768x768.jpg 768w, https:\/\/mouldking.store\/wp-content\/uploads\/2022\/11\/Modular-Building-Reobrix-66027-Medieval-Church-1-600x600.jpg 600w, https:\/\/mouldking.store\/wp-content\/uploads\/2022\/11\/Modular-Building-Reobrix-66027-Medieval-Church-1-150x150.jpg 150w, https:\/\/mouldking.store\/wp-content\/uploads\/2022\/11\/Modular-Building-Reobrix-66027-Medieval-Church-1-60x60.jpg 60w, https:\/\/mouldking.store\/wp-content\/uploads\/2022\/11\/Modular-Building-Reobrix-66027-Medieval-Church-1-90x90.jpg 90w\" sizes=\"(max-width: 800px) 100vw, 800px\" \/><figcaption id=\"caption-attachment-33403\" class=\"wp-caption-text\">Reobrix 66027 Iglesia Medieval Con 3468 Piezas<\/figcaption><\/figure>\n<figure id=\"attachment_33404\" aria-describedby=\"caption-attachment-33404\" style=\"width: 800px\" class=\"wp-caption aligncenter\"><img decoding=\"async\" class=\"wp-image-33404 size-full\" src=\"https:\/\/mouldking.store\/wp-content\/uploads\/2022\/11\/Modular-Building-Reobrix-66027-Medieval-Church-12.jpg\" alt=\"Reobrix 66027 Medieval Church With 3468 Pieces\" width=\"800\" height=\"800\" title=\"-\" srcset=\"https:\/\/mouldking.store\/wp-content\/uploads\/2022\/11\/Modular-Building-Reobrix-66027-Medieval-Church-12.jpg 800w, https:\/\/mouldking.store\/wp-content\/uploads\/2022\/11\/Modular-Building-Reobrix-66027-Medieval-Church-12-300x300.jpg 300w, https:\/\/mouldking.store\/wp-content\/uploads\/2022\/11\/Modular-Building-Reobrix-66027-Medieval-Church-12-768x768.jpg 768w, https:\/\/mouldking.store\/wp-content\/uploads\/2022\/11\/Modular-Building-Reobrix-66027-Medieval-Church-12-600x600.jpg 600w, https:\/\/mouldking.store\/wp-content\/uploads\/2022\/11\/Modular-Building-Reobrix-66027-Medieval-Church-12-150x150.jpg 150w, https:\/\/mouldking.store\/wp-content\/uploads\/2022\/11\/Modular-Building-Reobrix-66027-Medieval-Church-12-60x60.jpg 60w, https:\/\/mouldking.store\/wp-content\/uploads\/2022\/11\/Modular-Building-Reobrix-66027-Medieval-Church-12-90x90.jpg 90w\" sizes=\"(max-width: 800px) 100vw, 800px\" \/><figcaption id=\"caption-attachment-33404\" class=\"wp-caption-text\">Reobrix 66027 Iglesia Medieval Con 3468 Piezas<\/figcaption><\/figure>\n<figure id=\"attachment_33405\" aria-describedby=\"caption-attachment-33405\" style=\"width: 800px\" class=\"wp-caption aligncenter\"><img decoding=\"async\" class=\"wp-image-33405 size-full\" src=\"https:\/\/mouldking.store\/wp-content\/uploads\/2022\/11\/Modular-Building-Reobrix-66027-Medieval-Church-11.jpg\" alt=\"Reobrix 66027 Medieval Church With 3468 Pieces\" width=\"800\" height=\"800\" title=\"-\" srcset=\"https:\/\/mouldking.store\/wp-content\/uploads\/2022\/11\/Modular-Building-Reobrix-66027-Medieval-Church-11.jpg 800w, https:\/\/mouldking.store\/wp-content\/uploads\/2022\/11\/Modular-Building-Reobrix-66027-Medieval-Church-11-300x300.jpg 300w, https:\/\/mouldking.store\/wp-content\/uploads\/2022\/11\/Modular-Building-Reobrix-66027-Medieval-Church-11-768x768.jpg 768w, https:\/\/mouldking.store\/wp-content\/uploads\/2022\/11\/Modular-Building-Reobrix-66027-Medieval-Church-11-600x600.jpg 600w, https:\/\/mouldking.store\/wp-content\/uploads\/2022\/11\/Modular-Building-Reobrix-66027-Medieval-Church-11-150x150.jpg 150w, https:\/\/mouldking.store\/wp-content\/uploads\/2022\/11\/Modular-Building-Reobrix-66027-Medieval-Church-11-60x60.jpg 60w, https:\/\/mouldking.store\/wp-content\/uploads\/2022\/11\/Modular-Building-Reobrix-66027-Medieval-Church-11-90x90.jpg 90w\" sizes=\"(max-width: 800px) 100vw, 800px\" \/><figcaption id=\"caption-attachment-33405\" class=\"wp-caption-text\">Reobrix 66027 Iglesia Medieval Con 3468 Piezas<\/figcaption><\/figure>\n<figure id=\"attachment_33406\" aria-describedby=\"caption-attachment-33406\" style=\"width: 800px\" class=\"wp-caption aligncenter\"><img loading=\"lazy\" decoding=\"async\" class=\"wp-image-33406 size-full\" src=\"https:\/\/mouldking.store\/wp-content\/uploads\/2022\/11\/Modular-Building-Reobrix-66027-Medieval-Church-9.jpg\" alt=\"Reobrix 66027 Medieval Church With 3468 Pieces\" width=\"800\" height=\"800\" title=\"-\" srcset=\"https:\/\/mouldking.store\/wp-content\/uploads\/2022\/11\/Modular-Building-Reobrix-66027-Medieval-Church-9.jpg 800w, https:\/\/mouldking.store\/wp-content\/uploads\/2022\/11\/Modular-Building-Reobrix-66027-Medieval-Church-9-300x300.jpg 300w, https:\/\/mouldking.store\/wp-content\/uploads\/2022\/11\/Modular-Building-Reobrix-66027-Medieval-Church-9-768x768.jpg 768w, https:\/\/mouldking.store\/wp-content\/uploads\/2022\/11\/Modular-Building-Reobrix-66027-Medieval-Church-9-600x600.jpg 600w, https:\/\/mouldking.store\/wp-content\/uploads\/2022\/11\/Modular-Building-Reobrix-66027-Medieval-Church-9-150x150.jpg 150w, https:\/\/mouldking.store\/wp-content\/uploads\/2022\/11\/Modular-Building-Reobrix-66027-Medieval-Church-9-60x60.jpg 60w, https:\/\/mouldking.store\/wp-content\/uploads\/2022\/11\/Modular-Building-Reobrix-66027-Medieval-Church-9-90x90.jpg 90w\" sizes=\"(max-width: 800px) 100vw, 800px\" \/><figcaption id=\"caption-attachment-33406\" class=\"wp-caption-text\">Reobrix 66027 Iglesia Medieval Con 3468 Piezas<\/figcaption><\/figure>\n<figure id=\"attachment_33407\" aria-describedby=\"caption-attachment-33407\" style=\"width: 788px\" class=\"wp-caption aligncenter\"><img loading=\"lazy\" decoding=\"async\" class=\"wp-image-33407 size-full\" src=\"https:\/\/mouldking.store\/wp-content\/uploads\/2022\/11\/Modular-Building-Reobrix-66027-Medieval-Church-4.jpg\" alt=\"Reobrix 66027 Medieval Church With 3468 Pieces\" width=\"788\" height=\"768\" title=\"-\" srcset=\"https:\/\/mouldking.store\/wp-content\/uploads\/2022\/11\/Modular-Building-Reobrix-66027-Medieval-Church-4.jpg 788w, https:\/\/mouldking.store\/wp-content\/uploads\/2022\/11\/Modular-Building-Reobrix-66027-Medieval-Church-4-300x292.jpg 300w, https:\/\/mouldking.store\/wp-content\/uploads\/2022\/11\/Modular-Building-Reobrix-66027-Medieval-Church-4-768x749.jpg 768w, https:\/\/mouldking.store\/wp-content\/uploads\/2022\/11\/Modular-Building-Reobrix-66027-Medieval-Church-4-600x585.jpg 600w, https:\/\/mouldking.store\/wp-content\/uploads\/2022\/11\/Modular-Building-Reobrix-66027-Medieval-Church-4-150x146.jpg 150w, https:\/\/mouldking.store\/wp-content\/uploads\/2022\/11\/Modular-Building-Reobrix-66027-Medieval-Church-4-62x60.jpg 62w, https:\/\/mouldking.store\/wp-content\/uploads\/2022\/11\/Modular-Building-Reobrix-66027-Medieval-Church-4-92x90.jpg 92w\" sizes=\"(max-width: 788px) 100vw, 788px\" \/><figcaption id=\"caption-attachment-33407\" class=\"wp-caption-text\">Reobrix 66027 Iglesia Medieval Con 3468 Piezas<\/figcaption><\/figure>","protected":false},"excerpt":{"rendered":"<p>Product information: Brand: Reobrix Gender: Unisex Name: Medieval Church Age Range: &gt; 6 years old Model Number: 66027 Classification: Assemblage Plastic Block Shape: Self-Locking Bricks Material: Plastic Plastic Type: ABS Bricks Blocks: 3468 PCS Dimensions: \u00a029 \u00d7 32 \u00d7 49.5 cm Contains detailed assembly instructions. Notice: 1. Without an original box, but we guarantee our [&hellip;]<\/p>","protected":false},"featured_media":33403,"comment_status":"closed","ping_status":"closed","template":"","meta":{"_acf_changed":false},"product_cat":[1395],"product_tag":[6210,6208,4977,6209,2669,6211,6207],"class_list":["product","first","instock","shipping-taxable","purchasable","product-type-simple"],"acf":[],"_links":{"self":[{"href":"https:\/\/mouldking.store\/es\/wp-json\/wp\/v2\/product\/33402","targetHints":{"allow":["GET"]}}],"collection":[{"href":"https:\/\/mouldking.store\/es\/wp-json\/wp\/v2\/product"}],"about":[{"href":"https:\/\/mouldking.store\/es\/wp-json\/wp\/v2\/types\/product"}],"replies":[{"embeddable":true,"href":"https:\/\/mouldking.store\/es\/wp-json\/wp\/v2\/comments?post=33402"}],"wp:featuredmedia":[{"embeddable":true,"href":"https:\/\/mouldking.store\/es\/wp-json\/wp\/v2\/media\/33403"}],"wp:attachment":[{"href":"https:\/\/mouldking.store\/es\/wp-json\/wp\/v2\/media?parent=33402"}],"wp:term":[{"taxonomy":"product_cat","embeddable":true,"href":"https:\/\/mouldking.store\/es\/wp-json\/wp\/v2\/product_cat?post=33402"},{"taxonomy":"product_tag","embeddable":true,"href":"https:\/\/mouldking.store\/es\/wp-json\/wp\/v2\/product_tag?post=33402"}],"curies":[{"name":"wp","href":"https:\/\/api.w.org\/{rel}","templated":true}]}}