{"id":33476,"date":"2022-11-02T11:40:39","date_gmt":"2022-11-02T04:40:39","guid":{"rendered":"https:\/\/mouldking.store\/?post_type=product&#038;p=33476"},"modified":"2022-11-02T11:40:39","modified_gmt":"2022-11-02T04:40:39","slug":"sembo-605017-605020-halloween-pumpkin-car-4-in-1-with-673-pieces","status":"publish","type":"product","link":"https:\/\/mouldking.store\/es\/shop\/sembo-605017-605020-halloween-pumpkin-car-4-in-1-with-673-pieces\/","title":{"rendered":"SEMBO 605017-605020 Coche de calabaza de Halloween 4 en 1 con 673 piezas"},"content":{"rendered":"<p>Informaci\u00f3n del Producto:<\/p>\n<ol>\n<li>Marca: SEMBO<\/li>\n<li>G\u00e9nero: Unisex<\/li>\n<li>Name: Halloween Pumpkin Car 4 in 1<\/li>\n<li>Rango de edad: &gt; 6 a\u00f1os<\/li>\n<li>Model Number: 605017-605020<\/li>\n<li>Clasificaci\u00f3n: Ensamblaje<\/li>\n<li>Forma de bloque de pl\u00e1stico: Ladrillos autoblocantes<\/li>\n<li>Material: Pl\u00e1stico<\/li>\n<li>Tipo de pl\u00e1stico: ABS<\/li>\n<li>Bricks Blocks: 673 PCS<\/li>\n<li>Dimensions:31.2 x 21.3 x22.4 cm<\/li>\n<li>Contiene instrucciones de montaje detalladas.<\/li>\n<\/ol>\n<p>Aviso:<br \/>\n1. Sin caja original, pero garantizamos que nuestros productos tienen garant\u00eda de calidad y un buen embalaje.<br \/>\n2. Como todas las piezas que hemos comprobado antes del env\u00edo, si encuentra que faltan piezas o est\u00e1n da\u00f1adas, no se preocupe y p\u00f3ngase en contacto con nosotros y podemos reenvi\u00e1rselas inmediatamente de forma gratuita.<\/p>\n<figure id=\"attachment_33477\" aria-describedby=\"caption-attachment-33477\" style=\"width: 768px\" class=\"wp-caption aligncenter\"><img fetchpriority=\"high\" decoding=\"async\" class=\"wp-image-33477 size-full\" src=\"https:\/\/mouldking.store\/wp-content\/uploads\/2022\/11\/Creator-SEMBO-605017-605020-Halloween-Pumpkin-Car-4-in-1-1-768x768-1.jpg\" alt=\"SEMBO 605017-605020 Halloween Pumpkin Car 4 in 1 With 673 Pieces\" width=\"768\" height=\"768\" title=\"-\" srcset=\"https:\/\/mouldking.store\/wp-content\/uploads\/2022\/11\/Creator-SEMBO-605017-605020-Halloween-Pumpkin-Car-4-in-1-1-768x768-1.jpg 768w, https:\/\/mouldking.store\/wp-content\/uploads\/2022\/11\/Creator-SEMBO-605017-605020-Halloween-Pumpkin-Car-4-in-1-1-768x768-1-300x300.jpg 300w, https:\/\/mouldking.store\/wp-content\/uploads\/2022\/11\/Creator-SEMBO-605017-605020-Halloween-Pumpkin-Car-4-in-1-1-768x768-1-600x600.jpg 600w, https:\/\/mouldking.store\/wp-content\/uploads\/2022\/11\/Creator-SEMBO-605017-605020-Halloween-Pumpkin-Car-4-in-1-1-768x768-1-150x150.jpg 150w, https:\/\/mouldking.store\/wp-content\/uploads\/2022\/11\/Creator-SEMBO-605017-605020-Halloween-Pumpkin-Car-4-in-1-1-768x768-1-60x60.jpg 60w, https:\/\/mouldking.store\/wp-content\/uploads\/2022\/11\/Creator-SEMBO-605017-605020-Halloween-Pumpkin-Car-4-in-1-1-768x768-1-90x90.jpg 90w\" sizes=\"(max-width: 768px) 100vw, 768px\" \/><figcaption id=\"caption-attachment-33477\" class=\"wp-caption-text\">SEMBO 605017-605020 Coche de calabaza de Halloween 4 en 1 con 673 piezas<\/figcaption><\/figure>\n<figure id=\"attachment_33478\" aria-describedby=\"caption-attachment-33478\" style=\"width: 495px\" class=\"wp-caption aligncenter\"><img decoding=\"async\" class=\"wp-image-33478 size-full\" src=\"https:\/\/mouldking.store\/wp-content\/uploads\/2022\/11\/Creator-SEMBO-605017-605020-Halloween-Pumpkin-Car-4-in-1-10.jpg\" alt=\"SEMBO 605017-605020 Halloween Pumpkin Car 4 in 1 With 673 Pieces\" width=\"495\" height=\"1024\" title=\"-\" srcset=\"https:\/\/mouldking.store\/wp-content\/uploads\/2022\/11\/Creator-SEMBO-605017-605020-Halloween-Pumpkin-Car-4-in-1-10.jpg 495w, https:\/\/mouldking.store\/wp-content\/uploads\/2022\/11\/Creator-SEMBO-605017-605020-Halloween-Pumpkin-Car-4-in-1-10-145x300.jpg 145w, https:\/\/mouldking.store\/wp-content\/uploads\/2022\/11\/Creator-SEMBO-605017-605020-Halloween-Pumpkin-Car-4-in-1-10-300x621.jpg 300w, https:\/\/mouldking.store\/wp-content\/uploads\/2022\/11\/Creator-SEMBO-605017-605020-Halloween-Pumpkin-Car-4-in-1-10-73x150.jpg 73w, https:\/\/mouldking.store\/wp-content\/uploads\/2022\/11\/Creator-SEMBO-605017-605020-Halloween-Pumpkin-Car-4-in-1-10-29x60.jpg 29w, https:\/\/mouldking.store\/wp-content\/uploads\/2022\/11\/Creator-SEMBO-605017-605020-Halloween-Pumpkin-Car-4-in-1-10-44x90.jpg 44w\" sizes=\"(max-width: 495px) 100vw, 495px\" \/><figcaption id=\"caption-attachment-33478\" class=\"wp-caption-text\">SEMBO 605017-605020 Coche de calabaza de Halloween 4 en 1 con 673 piezas<\/figcaption><\/figure>\n<figure id=\"attachment_33479\" aria-describedby=\"caption-attachment-33479\" style=\"width: 579px\" class=\"wp-caption aligncenter\"><img decoding=\"async\" class=\"wp-image-33479 size-full\" src=\"https:\/\/mouldking.store\/wp-content\/uploads\/2022\/11\/Creator-SEMBO-605017-605020-Halloween-Pumpkin-Car-4-in-1-7.jpg\" alt=\"SEMBO 605017-605020 Halloween Pumpkin Car 4 in 1 With 673 Pieces\" width=\"579\" height=\"1024\" title=\"-\" srcset=\"https:\/\/mouldking.store\/wp-content\/uploads\/2022\/11\/Creator-SEMBO-605017-605020-Halloween-Pumpkin-Car-4-in-1-7.jpg 579w, https:\/\/mouldking.store\/wp-content\/uploads\/2022\/11\/Creator-SEMBO-605017-605020-Halloween-Pumpkin-Car-4-in-1-7-170x300.jpg 170w, https:\/\/mouldking.store\/wp-content\/uploads\/2022\/11\/Creator-SEMBO-605017-605020-Halloween-Pumpkin-Car-4-in-1-7-300x531.jpg 300w, https:\/\/mouldking.store\/wp-content\/uploads\/2022\/11\/Creator-SEMBO-605017-605020-Halloween-Pumpkin-Car-4-in-1-7-85x150.jpg 85w, https:\/\/mouldking.store\/wp-content\/uploads\/2022\/11\/Creator-SEMBO-605017-605020-Halloween-Pumpkin-Car-4-in-1-7-34x60.jpg 34w, https:\/\/mouldking.store\/wp-content\/uploads\/2022\/11\/Creator-SEMBO-605017-605020-Halloween-Pumpkin-Car-4-in-1-7-51x90.jpg 51w\" sizes=\"(max-width: 579px) 100vw, 579px\" \/><figcaption id=\"caption-attachment-33479\" class=\"wp-caption-text\">SEMBO 605017-605020 Coche de calabaza de Halloween 4 en 1 con 673 piezas<\/figcaption><\/figure>\n<figure id=\"attachment_33480\" aria-describedby=\"caption-attachment-33480\" style=\"width: 513px\" class=\"wp-caption aligncenter\"><img loading=\"lazy\" decoding=\"async\" class=\"wp-image-33480 size-full\" src=\"https:\/\/mouldking.store\/wp-content\/uploads\/2022\/11\/Creator-SEMBO-605017-605020-Halloween-Pumpkin-Car-4-in-1-3.jpg\" alt=\"SEMBO 605017-605020 Halloween Pumpkin Car 4 in 1 With 673 Pieces\" width=\"513\" height=\"1024\" title=\"-\" srcset=\"https:\/\/mouldking.store\/wp-content\/uploads\/2022\/11\/Creator-SEMBO-605017-605020-Halloween-Pumpkin-Car-4-in-1-3.jpg 513w, https:\/\/mouldking.store\/wp-content\/uploads\/2022\/11\/Creator-SEMBO-605017-605020-Halloween-Pumpkin-Car-4-in-1-3-150x300.jpg 150w, https:\/\/mouldking.store\/wp-content\/uploads\/2022\/11\/Creator-SEMBO-605017-605020-Halloween-Pumpkin-Car-4-in-1-3-300x599.jpg 300w, https:\/\/mouldking.store\/wp-content\/uploads\/2022\/11\/Creator-SEMBO-605017-605020-Halloween-Pumpkin-Car-4-in-1-3-75x150.jpg 75w, https:\/\/mouldking.store\/wp-content\/uploads\/2022\/11\/Creator-SEMBO-605017-605020-Halloween-Pumpkin-Car-4-in-1-3-30x60.jpg 30w, https:\/\/mouldking.store\/wp-content\/uploads\/2022\/11\/Creator-SEMBO-605017-605020-Halloween-Pumpkin-Car-4-in-1-3-45x90.jpg 45w\" sizes=\"(max-width: 513px) 100vw, 513px\" \/><figcaption id=\"caption-attachment-33480\" class=\"wp-caption-text\">SEMBO 605017-605020 Coche de calabaza de Halloween 4 en 1 con 673 piezas<\/figcaption><\/figure>\n<figure id=\"attachment_33481\" aria-describedby=\"caption-attachment-33481\" style=\"width: 599px\" class=\"wp-caption aligncenter\"><img loading=\"lazy\" decoding=\"async\" class=\"wp-image-33481 size-full\" src=\"https:\/\/mouldking.store\/wp-content\/uploads\/2022\/11\/Creator-SEMBO-605017-605020-Halloween-Pumpkin-Car-4-in-1-5.jpg\" alt=\"SEMBO 605017-605020 Halloween Pumpkin Car 4 in 1 With 673 Pieces\" width=\"599\" height=\"1024\" title=\"-\" srcset=\"https:\/\/mouldking.store\/wp-content\/uploads\/2022\/11\/Creator-SEMBO-605017-605020-Halloween-Pumpkin-Car-4-in-1-5.jpg 599w, https:\/\/mouldking.store\/wp-content\/uploads\/2022\/11\/Creator-SEMBO-605017-605020-Halloween-Pumpkin-Car-4-in-1-5-175x300.jpg 175w, https:\/\/mouldking.store\/wp-content\/uploads\/2022\/11\/Creator-SEMBO-605017-605020-Halloween-Pumpkin-Car-4-in-1-5-300x513.jpg 300w, https:\/\/mouldking.store\/wp-content\/uploads\/2022\/11\/Creator-SEMBO-605017-605020-Halloween-Pumpkin-Car-4-in-1-5-88x150.jpg 88w, https:\/\/mouldking.store\/wp-content\/uploads\/2022\/11\/Creator-SEMBO-605017-605020-Halloween-Pumpkin-Car-4-in-1-5-35x60.jpg 35w, https:\/\/mouldking.store\/wp-content\/uploads\/2022\/11\/Creator-SEMBO-605017-605020-Halloween-Pumpkin-Car-4-in-1-5-53x90.jpg 53w\" sizes=\"(max-width: 599px) 100vw, 599px\" \/><figcaption id=\"caption-attachment-33481\" class=\"wp-caption-text\">SEMBO 605017-605020 Coche de calabaza de Halloween 4 en 1 con 673 piezas<\/figcaption><\/figure>\n<figure id=\"attachment_33482\" aria-describedby=\"caption-attachment-33482\" style=\"width: 558px\" class=\"wp-caption aligncenter\"><img loading=\"lazy\" decoding=\"async\" class=\"wp-image-33482 size-full\" src=\"https:\/\/mouldking.store\/wp-content\/uploads\/2022\/11\/Creator-SEMBO-605017-605020-Halloween-Pumpkin-Car-4-in-1-4.jpg\" alt=\"SEMBO 605017-605020 Halloween Pumpkin Car 4 in 1 With 673 Pieces\" width=\"558\" height=\"1024\" title=\"-\" srcset=\"https:\/\/mouldking.store\/wp-content\/uploads\/2022\/11\/Creator-SEMBO-605017-605020-Halloween-Pumpkin-Car-4-in-1-4.jpg 558w, https:\/\/mouldking.store\/wp-content\/uploads\/2022\/11\/Creator-SEMBO-605017-605020-Halloween-Pumpkin-Car-4-in-1-4-163x300.jpg 163w, https:\/\/mouldking.store\/wp-content\/uploads\/2022\/11\/Creator-SEMBO-605017-605020-Halloween-Pumpkin-Car-4-in-1-4-300x551.jpg 300w, https:\/\/mouldking.store\/wp-content\/uploads\/2022\/11\/Creator-SEMBO-605017-605020-Halloween-Pumpkin-Car-4-in-1-4-82x150.jpg 82w, https:\/\/mouldking.store\/wp-content\/uploads\/2022\/11\/Creator-SEMBO-605017-605020-Halloween-Pumpkin-Car-4-in-1-4-33x60.jpg 33w, https:\/\/mouldking.store\/wp-content\/uploads\/2022\/11\/Creator-SEMBO-605017-605020-Halloween-Pumpkin-Car-4-in-1-4-49x90.jpg 49w\" sizes=\"(max-width: 558px) 100vw, 558px\" \/><figcaption id=\"caption-attachment-33482\" class=\"wp-caption-text\">SEMBO 605017-605020 Coche de calabaza de Halloween 4 en 1 con 673 piezas<\/figcaption><\/figure>\n<figure id=\"attachment_33483\" aria-describedby=\"caption-attachment-33483\" style=\"width: 589px\" class=\"wp-caption aligncenter\"><img loading=\"lazy\" decoding=\"async\" class=\"wp-image-33483 size-full\" src=\"https:\/\/mouldking.store\/wp-content\/uploads\/2022\/11\/Creator-SEMBO-605017-605020-Halloween-Pumpkin-Car-4-in-1-6.jpg\" alt=\"SEMBO 605017-605020 Halloween Pumpkin Car 4 in 1 With 673 Pieces\" width=\"589\" height=\"1024\" title=\"-\" srcset=\"https:\/\/mouldking.store\/wp-content\/uploads\/2022\/11\/Creator-SEMBO-605017-605020-Halloween-Pumpkin-Car-4-in-1-6.jpg 589w, https:\/\/mouldking.store\/wp-content\/uploads\/2022\/11\/Creator-SEMBO-605017-605020-Halloween-Pumpkin-Car-4-in-1-6-173x300.jpg 173w, https:\/\/mouldking.store\/wp-content\/uploads\/2022\/11\/Creator-SEMBO-605017-605020-Halloween-Pumpkin-Car-4-in-1-6-300x522.jpg 300w, https:\/\/mouldking.store\/wp-content\/uploads\/2022\/11\/Creator-SEMBO-605017-605020-Halloween-Pumpkin-Car-4-in-1-6-86x150.jpg 86w, https:\/\/mouldking.store\/wp-content\/uploads\/2022\/11\/Creator-SEMBO-605017-605020-Halloween-Pumpkin-Car-4-in-1-6-35x60.jpg 35w, https:\/\/mouldking.store\/wp-content\/uploads\/2022\/11\/Creator-SEMBO-605017-605020-Halloween-Pumpkin-Car-4-in-1-6-52x90.jpg 52w\" sizes=\"(max-width: 589px) 100vw, 589px\" \/><figcaption id=\"caption-attachment-33483\" class=\"wp-caption-text\">SEMBO 605017-605020 Coche de calabaza de Halloween 4 en 1 con 673 piezas<\/figcaption><\/figure>\n<figure id=\"attachment_33484\" aria-describedby=\"caption-attachment-33484\" style=\"width: 768px\" class=\"wp-caption aligncenter\"><img loading=\"lazy\" decoding=\"async\" class=\"wp-image-33484 size-full\" src=\"https:\/\/mouldking.store\/wp-content\/uploads\/2022\/11\/Creator-SEMBO-605017-605020-Halloween-Pumpkin-Car-4-in-1-8-768x844-1.jpg\" alt=\"SEMBO 605017-605020 Halloween Pumpkin Car 4 in 1 With 673 Pieces\" width=\"768\" height=\"844\" title=\"-\" srcset=\"https:\/\/mouldking.store\/wp-content\/uploads\/2022\/11\/Creator-SEMBO-605017-605020-Halloween-Pumpkin-Car-4-in-1-8-768x844-1.jpg 768w, https:\/\/mouldking.store\/wp-content\/uploads\/2022\/11\/Creator-SEMBO-605017-605020-Halloween-Pumpkin-Car-4-in-1-8-768x844-1-273x300.jpg 273w, https:\/\/mouldking.store\/wp-content\/uploads\/2022\/11\/Creator-SEMBO-605017-605020-Halloween-Pumpkin-Car-4-in-1-8-768x844-1-300x330.jpg 300w, https:\/\/mouldking.store\/wp-content\/uploads\/2022\/11\/Creator-SEMBO-605017-605020-Halloween-Pumpkin-Car-4-in-1-8-768x844-1-600x659.jpg 600w, https:\/\/mouldking.store\/wp-content\/uploads\/2022\/11\/Creator-SEMBO-605017-605020-Halloween-Pumpkin-Car-4-in-1-8-768x844-1-136x150.jpg 136w, https:\/\/mouldking.store\/wp-content\/uploads\/2022\/11\/Creator-SEMBO-605017-605020-Halloween-Pumpkin-Car-4-in-1-8-768x844-1-55x60.jpg 55w, https:\/\/mouldking.store\/wp-content\/uploads\/2022\/11\/Creator-SEMBO-605017-605020-Halloween-Pumpkin-Car-4-in-1-8-768x844-1-82x90.jpg 82w\" sizes=\"(max-width: 768px) 100vw, 768px\" \/><figcaption id=\"caption-attachment-33484\" class=\"wp-caption-text\">SEMBO 605017-605020 Coche de calabaza de Halloween 4 en 1 con 673 piezas<\/figcaption><\/figure>\n<figure id=\"attachment_33485\" aria-describedby=\"caption-attachment-33485\" style=\"width: 685px\" class=\"wp-caption aligncenter\"><img loading=\"lazy\" decoding=\"async\" class=\"wp-image-33485 size-full\" src=\"https:\/\/mouldking.store\/wp-content\/uploads\/2022\/11\/Creator-SEMBO-605017-605020-Halloween-Pumpkin-Car-4-in-1-9.jpg\" alt=\"SEMBO 605017-605020 Halloween Pumpkin Car 4 in 1 With 673 Pieces\" width=\"685\" height=\"1024\" title=\"-\" srcset=\"https:\/\/mouldking.store\/wp-content\/uploads\/2022\/11\/Creator-SEMBO-605017-605020-Halloween-Pumpkin-Car-4-in-1-9.jpg 685w, https:\/\/mouldking.store\/wp-content\/uploads\/2022\/11\/Creator-SEMBO-605017-605020-Halloween-Pumpkin-Car-4-in-1-9-201x300.jpg 201w, https:\/\/mouldking.store\/wp-content\/uploads\/2022\/11\/Creator-SEMBO-605017-605020-Halloween-Pumpkin-Car-4-in-1-9-300x448.jpg 300w, https:\/\/mouldking.store\/wp-content\/uploads\/2022\/11\/Creator-SEMBO-605017-605020-Halloween-Pumpkin-Car-4-in-1-9-600x897.jpg 600w, https:\/\/mouldking.store\/wp-content\/uploads\/2022\/11\/Creator-SEMBO-605017-605020-Halloween-Pumpkin-Car-4-in-1-9-100x150.jpg 100w, https:\/\/mouldking.store\/wp-content\/uploads\/2022\/11\/Creator-SEMBO-605017-605020-Halloween-Pumpkin-Car-4-in-1-9-40x60.jpg 40w, https:\/\/mouldking.store\/wp-content\/uploads\/2022\/11\/Creator-SEMBO-605017-605020-Halloween-Pumpkin-Car-4-in-1-9-60x90.jpg 60w\" sizes=\"(max-width: 685px) 100vw, 685px\" \/><figcaption id=\"caption-attachment-33485\" class=\"wp-caption-text\">SEMBO 605017-605020 Coche de calabaza de Halloween 4 en 1 con 673 piezas<\/figcaption><\/figure>\n<figure id=\"attachment_33486\" aria-describedby=\"caption-attachment-33486\" style=\"width: 768px\" class=\"wp-caption aligncenter\"><img loading=\"lazy\" decoding=\"async\" class=\"wp-image-33486 size-full\" src=\"https:\/\/mouldking.store\/wp-content\/uploads\/2022\/11\/Creator-SEMBO-605017-605020-Halloween-Pumpkin-Car-4-in-1-2-768x868-1.jpg\" alt=\"SEMBO 605017-605020 Halloween Pumpkin Car 4 in 1 With 673 Pieces\" width=\"768\" height=\"868\" title=\"-\" srcset=\"https:\/\/mouldking.store\/wp-content\/uploads\/2022\/11\/Creator-SEMBO-605017-605020-Halloween-Pumpkin-Car-4-in-1-2-768x868-1.jpg 768w, https:\/\/mouldking.store\/wp-content\/uploads\/2022\/11\/Creator-SEMBO-605017-605020-Halloween-Pumpkin-Car-4-in-1-2-768x868-1-265x300.jpg 265w, https:\/\/mouldking.store\/wp-content\/uploads\/2022\/11\/Creator-SEMBO-605017-605020-Halloween-Pumpkin-Car-4-in-1-2-768x868-1-300x339.jpg 300w, https:\/\/mouldking.store\/wp-content\/uploads\/2022\/11\/Creator-SEMBO-605017-605020-Halloween-Pumpkin-Car-4-in-1-2-768x868-1-600x678.jpg 600w, https:\/\/mouldking.store\/wp-content\/uploads\/2022\/11\/Creator-SEMBO-605017-605020-Halloween-Pumpkin-Car-4-in-1-2-768x868-1-133x150.jpg 133w, https:\/\/mouldking.store\/wp-content\/uploads\/2022\/11\/Creator-SEMBO-605017-605020-Halloween-Pumpkin-Car-4-in-1-2-768x868-1-53x60.jpg 53w, https:\/\/mouldking.store\/wp-content\/uploads\/2022\/11\/Creator-SEMBO-605017-605020-Halloween-Pumpkin-Car-4-in-1-2-768x868-1-80x90.jpg 80w\" sizes=\"(max-width: 768px) 100vw, 768px\" \/><figcaption id=\"caption-attachment-33486\" class=\"wp-caption-text\">SEMBO 605017-605020 Coche de calabaza de Halloween 4 en 1 con 673 piezas<\/figcaption><\/figure>","protected":false},"excerpt":{"rendered":"<p>Product information: Brand: SEMBO Gender: Unisex Name: Halloween Pumpkin Car 4 in 1 Age Range: &gt; 6 years old Model Number: 605017-605020 Classification: Assemblage Plastic Block Shape: Self-Locking Bricks Material: Plastic Plastic Type: ABS Bricks Blocks: 673 PCS Dimensions:31.2 x 21.3 x22.4 cm Contains detailed assembly instructions. Notice: 1. Without an original box, but we [&hellip;]<\/p>","protected":false},"featured_media":33477,"comment_status":"closed","ping_status":"closed","template":"","meta":{"_acf_changed":false},"product_cat":[1365],"product_tag":[6255,457,2859,6257,2853,1491,6256,6254],"class_list":["product","first","instock","shipping-taxable","purchasable","product-type-simple"],"acf":[],"_links":{"self":[{"href":"https:\/\/mouldking.store\/es\/wp-json\/wp\/v2\/product\/33476","targetHints":{"allow":["GET"]}}],"collection":[{"href":"https:\/\/mouldking.store\/es\/wp-json\/wp\/v2\/product"}],"about":[{"href":"https:\/\/mouldking.store\/es\/wp-json\/wp\/v2\/types\/product"}],"replies":[{"embeddable":true,"href":"https:\/\/mouldking.store\/es\/wp-json\/wp\/v2\/comments?post=33476"}],"wp:featuredmedia":[{"embeddable":true,"href":"https:\/\/mouldking.store\/es\/wp-json\/wp\/v2\/media\/33477"}],"wp:attachment":[{"href":"https:\/\/mouldking.store\/es\/wp-json\/wp\/v2\/media?parent=33476"}],"wp:term":[{"taxonomy":"product_cat","embeddable":true,"href":"https:\/\/mouldking.store\/es\/wp-json\/wp\/v2\/product_cat?post=33476"},{"taxonomy":"product_tag","embeddable":true,"href":"https:\/\/mouldking.store\/es\/wp-json\/wp\/v2\/product_tag?post=33476"}],"curies":[{"name":"wp","href":"https:\/\/api.w.org\/{rel}","templated":true}]}}