{"id":33572,"date":"2022-11-02T14:18:13","date_gmt":"2022-11-02T07:18:13","guid":{"rendered":"https:\/\/mouldking.store\/?post_type=product&#038;p=33572"},"modified":"2024-03-04T10:36:33","modified_gmt":"2024-03-04T03:36:33","slug":"mould-king-17027-red-fire-rescue-vehicle-with-4883-pieces","status":"publish","type":"product","link":"https:\/\/mouldking.store\/es\/shop\/mould-king-17027-red-fire-rescue-vehicle-with-4883-pieces\/","title":{"rendered":"MOLD KING 17027 Veh\u00edculo de rescate de bomberos rojo con 4883 piezas"},"content":{"rendered":"<p>Informaci\u00f3n del Producto:<\/p>\n<ol>\n<li>Marca: MOLD KING<\/li>\n<li>G\u00e9nero: Unisex<\/li>\n<li>Name: Red Fire Rescue Vehicle<\/li>\n<li>Rango de edad: &gt; 6 a\u00f1os<\/li>\n<li>Model Number: 17027<\/li>\n<li>Clasificaci\u00f3n: Ensamblaje<\/li>\n<li>Forma de bloque de pl\u00e1stico: Ladrillos autoblocantes<\/li>\n<li>Material: Pl\u00e1stico<\/li>\n<li>Tipo de pl\u00e1stico: ABS<\/li>\n<li>Bricks Blocks: 4883 PCS<\/li>\n<li>Dimensions: 20 x 21 x 60 cm<\/li>\n<li>Contiene instrucciones de montaje detalladas.<\/li>\n<\/ol>\n<p>Aviso:<br \/>\n1. Sin caja original, pero garantizamos que nuestros productos tienen garant\u00eda de calidad y un buen embalaje.<br \/>\n2. Como todas las piezas que hemos comprobado antes del env\u00edo, si encuentra que faltan piezas o est\u00e1n da\u00f1adas, no se preocupe y p\u00f3ngase en contacto con nosotros y podemos reenvi\u00e1rselas inmediatamente de forma gratuita.<\/p>\n<figure id=\"attachment_33578\" aria-describedby=\"caption-attachment-33578\" style=\"width: 898px\" class=\"wp-caption aligncenter\"><img fetchpriority=\"high\" decoding=\"async\" class=\"wp-image-33578 size-full\" src=\"https:\/\/mouldking.store\/wp-content\/uploads\/2022\/11\/MOULD-KING-17027-Red-Fire-Rescue-Vehicle-1-1.jpg\" alt=\"MOULD KING 17027 Red Fire Rescue Vehicle With 4883 Pieces\" width=\"898\" height=\"885\" title=\"-\" srcset=\"https:\/\/mouldking.store\/wp-content\/uploads\/2022\/11\/MOULD-KING-17027-Red-Fire-Rescue-Vehicle-1-1.jpg 898w, https:\/\/mouldking.store\/wp-content\/uploads\/2022\/11\/MOULD-KING-17027-Red-Fire-Rescue-Vehicle-1-1-300x296.jpg 300w, https:\/\/mouldking.store\/wp-content\/uploads\/2022\/11\/MOULD-KING-17027-Red-Fire-Rescue-Vehicle-1-1-768x757.jpg 768w, https:\/\/mouldking.store\/wp-content\/uploads\/2022\/11\/MOULD-KING-17027-Red-Fire-Rescue-Vehicle-1-1-600x591.jpg 600w, https:\/\/mouldking.store\/wp-content\/uploads\/2022\/11\/MOULD-KING-17027-Red-Fire-Rescue-Vehicle-1-1-150x148.jpg 150w, https:\/\/mouldking.store\/wp-content\/uploads\/2022\/11\/MOULD-KING-17027-Red-Fire-Rescue-Vehicle-1-1-61x60.jpg 61w, https:\/\/mouldking.store\/wp-content\/uploads\/2022\/11\/MOULD-KING-17027-Red-Fire-Rescue-Vehicle-1-1-91x90.jpg 91w\" sizes=\"(max-width: 898px) 100vw, 898px\" \/><figcaption id=\"caption-attachment-33578\" class=\"wp-caption-text\">MOLD KING 17027 Veh\u00edculo de rescate de bomberos rojo con 4883 piezas<\/figcaption><\/figure>\n<figure id=\"attachment_33579\" aria-describedby=\"caption-attachment-33579\" style=\"width: 894px\" class=\"wp-caption aligncenter\"><img decoding=\"async\" class=\"wp-image-33579 size-full\" src=\"https:\/\/mouldking.store\/wp-content\/uploads\/2022\/11\/MOULD-KING-17027-Red-Fire-Rescue-Vehicle-2.jpg\" alt=\"MOULD KING 17027 Red Fire Rescue Vehicle With 4883 Pieces\" width=\"894\" height=\"883\" title=\"-\" srcset=\"https:\/\/mouldking.store\/wp-content\/uploads\/2022\/11\/MOULD-KING-17027-Red-Fire-Rescue-Vehicle-2.jpg 894w, https:\/\/mouldking.store\/wp-content\/uploads\/2022\/11\/MOULD-KING-17027-Red-Fire-Rescue-Vehicle-2-300x296.jpg 300w, https:\/\/mouldking.store\/wp-content\/uploads\/2022\/11\/MOULD-KING-17027-Red-Fire-Rescue-Vehicle-2-768x759.jpg 768w, https:\/\/mouldking.store\/wp-content\/uploads\/2022\/11\/MOULD-KING-17027-Red-Fire-Rescue-Vehicle-2-600x593.jpg 600w, https:\/\/mouldking.store\/wp-content\/uploads\/2022\/11\/MOULD-KING-17027-Red-Fire-Rescue-Vehicle-2-150x148.jpg 150w, https:\/\/mouldking.store\/wp-content\/uploads\/2022\/11\/MOULD-KING-17027-Red-Fire-Rescue-Vehicle-2-61x60.jpg 61w, https:\/\/mouldking.store\/wp-content\/uploads\/2022\/11\/MOULD-KING-17027-Red-Fire-Rescue-Vehicle-2-91x90.jpg 91w\" sizes=\"(max-width: 894px) 100vw, 894px\" \/><figcaption id=\"caption-attachment-33579\" class=\"wp-caption-text\">MOLD KING 17027 Veh\u00edculo de rescate de bomberos rojo con 4883 piezas<\/figcaption><\/figure>\n<figure id=\"attachment_33580\" aria-describedby=\"caption-attachment-33580\" style=\"width: 900px\" class=\"wp-caption aligncenter\"><img decoding=\"async\" class=\"wp-image-33580 size-full\" src=\"https:\/\/mouldking.store\/wp-content\/uploads\/2022\/11\/MOULD-KING-17027-Red-Fire-Rescue-Vehicle-3.jpg\" alt=\"MOULD KING 17027 Red Fire Rescue Vehicle With 4883 Pieces\" width=\"900\" height=\"896\" title=\"-\" srcset=\"https:\/\/mouldking.store\/wp-content\/uploads\/2022\/11\/MOULD-KING-17027-Red-Fire-Rescue-Vehicle-3.jpg 900w, https:\/\/mouldking.store\/wp-content\/uploads\/2022\/11\/MOULD-KING-17027-Red-Fire-Rescue-Vehicle-3-300x299.jpg 300w, https:\/\/mouldking.store\/wp-content\/uploads\/2022\/11\/MOULD-KING-17027-Red-Fire-Rescue-Vehicle-3-768x765.jpg 768w, https:\/\/mouldking.store\/wp-content\/uploads\/2022\/11\/MOULD-KING-17027-Red-Fire-Rescue-Vehicle-3-600x597.jpg 600w, https:\/\/mouldking.store\/wp-content\/uploads\/2022\/11\/MOULD-KING-17027-Red-Fire-Rescue-Vehicle-3-150x150.jpg 150w, https:\/\/mouldking.store\/wp-content\/uploads\/2022\/11\/MOULD-KING-17027-Red-Fire-Rescue-Vehicle-3-60x60.jpg 60w, https:\/\/mouldking.store\/wp-content\/uploads\/2022\/11\/MOULD-KING-17027-Red-Fire-Rescue-Vehicle-3-90x90.jpg 90w\" sizes=\"(max-width: 900px) 100vw, 900px\" \/><figcaption id=\"caption-attachment-33580\" class=\"wp-caption-text\">MOLD KING 17027 Veh\u00edculo de rescate de bomberos rojo con 4883 piezas<\/figcaption><\/figure>\n<figure id=\"attachment_33581\" aria-describedby=\"caption-attachment-33581\" style=\"width: 899px\" class=\"wp-caption aligncenter\"><img loading=\"lazy\" decoding=\"async\" class=\"wp-image-33581 size-full\" src=\"https:\/\/mouldking.store\/wp-content\/uploads\/2022\/11\/MOULD-KING-17027-Red-Fire-Rescue-Vehicle-4.jpg\" alt=\"MOULD KING 17027 Red Fire Rescue Vehicle With 4883 Pieces\" width=\"899\" height=\"889\" title=\"-\" srcset=\"https:\/\/mouldking.store\/wp-content\/uploads\/2022\/11\/MOULD-KING-17027-Red-Fire-Rescue-Vehicle-4.jpg 899w, https:\/\/mouldking.store\/wp-content\/uploads\/2022\/11\/MOULD-KING-17027-Red-Fire-Rescue-Vehicle-4-300x297.jpg 300w, https:\/\/mouldking.store\/wp-content\/uploads\/2022\/11\/MOULD-KING-17027-Red-Fire-Rescue-Vehicle-4-768x759.jpg 768w, https:\/\/mouldking.store\/wp-content\/uploads\/2022\/11\/MOULD-KING-17027-Red-Fire-Rescue-Vehicle-4-600x593.jpg 600w, https:\/\/mouldking.store\/wp-content\/uploads\/2022\/11\/MOULD-KING-17027-Red-Fire-Rescue-Vehicle-4-150x148.jpg 150w, https:\/\/mouldking.store\/wp-content\/uploads\/2022\/11\/MOULD-KING-17027-Red-Fire-Rescue-Vehicle-4-61x60.jpg 61w, https:\/\/mouldking.store\/wp-content\/uploads\/2022\/11\/MOULD-KING-17027-Red-Fire-Rescue-Vehicle-4-91x90.jpg 91w\" sizes=\"(max-width: 899px) 100vw, 899px\" \/><figcaption id=\"caption-attachment-33581\" class=\"wp-caption-text\">MOLD KING 17027 Veh\u00edculo de rescate de bomberos rojo con 4883 piezas<\/figcaption><\/figure>","protected":false},"excerpt":{"rendered":"<p>Product information: Brand: MOULD KING Gender: Unisex Name: Red Fire Rescue Vehicle Age Range: &gt; 6 years old Model Number: 17027 Classification: Assemblage Plastic Block Shape: Self-Locking Bricks Material: Plastic Plastic Type: ABS Bricks Blocks: 4883 PCS Dimensions: 20 x 21 x 60 cm Contains detailed assembly instructions. Notice: 1. Without an original box, but [&hellip;]<\/p>","protected":false},"featured_media":33578,"comment_status":"closed","ping_status":"closed","template":"","meta":{"_acf_changed":false},"product_cat":[1357],"product_tag":[6329,6328,615,6330,6326,6327],"class_list":["product","first","outofstock","shipping-taxable","purchasable","product-type-simple"],"acf":[],"_links":{"self":[{"href":"https:\/\/mouldking.store\/es\/wp-json\/wp\/v2\/product\/33572","targetHints":{"allow":["GET"]}}],"collection":[{"href":"https:\/\/mouldking.store\/es\/wp-json\/wp\/v2\/product"}],"about":[{"href":"https:\/\/mouldking.store\/es\/wp-json\/wp\/v2\/types\/product"}],"replies":[{"embeddable":true,"href":"https:\/\/mouldking.store\/es\/wp-json\/wp\/v2\/comments?post=33572"}],"wp:featuredmedia":[{"embeddable":true,"href":"https:\/\/mouldking.store\/es\/wp-json\/wp\/v2\/media\/33578"}],"wp:attachment":[{"href":"https:\/\/mouldking.store\/es\/wp-json\/wp\/v2\/media?parent=33572"}],"wp:term":[{"taxonomy":"product_cat","embeddable":true,"href":"https:\/\/mouldking.store\/es\/wp-json\/wp\/v2\/product_cat?post=33572"},{"taxonomy":"product_tag","embeddable":true,"href":"https:\/\/mouldking.store\/es\/wp-json\/wp\/v2\/product_tag?post=33572"}],"curies":[{"name":"wp","href":"https:\/\/api.w.org\/{rel}","templated":true}]}}