{"id":33606,"date":"2022-11-02T14:50:44","date_gmt":"2022-11-02T07:50:44","guid":{"rendered":"https:\/\/mouldking.store\/?post_type=product&#038;p=33606"},"modified":"2022-11-02T14:50:45","modified_gmt":"2022-11-02T07:50:45","slug":"jie-star-61038-ztz-99a-mbt-with-1298-pieces","status":"publish","type":"product","link":"https:\/\/mouldking.store\/es\/shop\/jie-star-61038-ztz-99a-mbt-with-1298-pieces\/","title":{"rendered":"JIE STAR 61038 ZTZ-99A MBT With 1298 Pieces"},"content":{"rendered":"<p>Informaci\u00f3n del Producto:<\/p>\n<ol>\n<li>Marca: JIE STAR<\/li>\n<li>G\u00e9nero: Unisex<\/li>\n<li>Name: ZTZ-99A MBT<\/li>\n<li>Rango de edad: &gt; 6 a\u00f1os<\/li>\n<li>Model Number: 61038<\/li>\n<li>Clasificaci\u00f3n: Ensamblaje<\/li>\n<li>Forma de bloque de pl\u00e1stico: Ladrillos autoblocantes<\/li>\n<li>Material: Pl\u00e1stico<\/li>\n<li>Tipo de pl\u00e1stico: ABS<\/li>\n<li>Bricks Blocks: 1298PCS<\/li>\n<li>Dimensions: 37 \u00d7 14.2 \u00d7 18 cm<\/li>\n<li>Contiene instrucciones de montaje detalladas.<\/li>\n<\/ol>\n<p>Aviso:<br \/>\n1. Sin caja original, pero garantizamos que nuestros productos tienen garant\u00eda de calidad y un buen embalaje.<br \/>\n2. Como todas las piezas que hemos comprobado antes del env\u00edo, si encuentra que faltan piezas o est\u00e1n da\u00f1adas, no se preocupe y p\u00f3ngase en contacto con nosotros y podemos reenvi\u00e1rselas inmediatamente de forma gratuita.<\/p>\n<figure id=\"attachment_33612\" aria-describedby=\"caption-attachment-33612\" style=\"width: 800px\" class=\"wp-caption alignnone\"><img fetchpriority=\"high\" decoding=\"async\" class=\"wp-image-33612 size-full\" src=\"https:\/\/mouldking.store\/wp-content\/uploads\/2022\/11\/Military-JIE-STAR-61038-ZTZ-99A-MBT-1.jpg\" alt=\"JIE STAR 61038 ZTZ-99A MBT With 1298 Pieces\" width=\"800\" height=\"800\" title=\"-\" srcset=\"https:\/\/mouldking.store\/wp-content\/uploads\/2022\/11\/Military-JIE-STAR-61038-ZTZ-99A-MBT-1.jpg 800w, https:\/\/mouldking.store\/wp-content\/uploads\/2022\/11\/Military-JIE-STAR-61038-ZTZ-99A-MBT-1-300x300.jpg 300w, https:\/\/mouldking.store\/wp-content\/uploads\/2022\/11\/Military-JIE-STAR-61038-ZTZ-99A-MBT-1-768x768.jpg 768w, https:\/\/mouldking.store\/wp-content\/uploads\/2022\/11\/Military-JIE-STAR-61038-ZTZ-99A-MBT-1-600x600.jpg 600w, https:\/\/mouldking.store\/wp-content\/uploads\/2022\/11\/Military-JIE-STAR-61038-ZTZ-99A-MBT-1-150x150.jpg 150w, https:\/\/mouldking.store\/wp-content\/uploads\/2022\/11\/Military-JIE-STAR-61038-ZTZ-99A-MBT-1-60x60.jpg 60w, https:\/\/mouldking.store\/wp-content\/uploads\/2022\/11\/Military-JIE-STAR-61038-ZTZ-99A-MBT-1-90x90.jpg 90w\" sizes=\"(max-width: 800px) 100vw, 800px\" \/><figcaption id=\"caption-attachment-33612\" class=\"wp-caption-text\">JIE STAR 61038 ZTZ-99A MBT With 1298 Pieces<\/figcaption><\/figure>\n<figure id=\"attachment_33613\" aria-describedby=\"caption-attachment-33613\" style=\"width: 1020px\" class=\"wp-caption aligncenter\"><img decoding=\"async\" class=\"wp-image-33613 size-full\" src=\"https:\/\/mouldking.store\/wp-content\/uploads\/2022\/11\/Military-JIE-STAR-61038-ZTZ-99A-MBT-3.jpg\" alt=\"JIE STAR 61038 ZTZ-99A MBT With 1298 Pieces\" width=\"1020\" height=\"1024\" title=\"-\" srcset=\"https:\/\/mouldking.store\/wp-content\/uploads\/2022\/11\/Military-JIE-STAR-61038-ZTZ-99A-MBT-3.jpg 1020w, https:\/\/mouldking.store\/wp-content\/uploads\/2022\/11\/Military-JIE-STAR-61038-ZTZ-99A-MBT-3-300x301.jpg 300w, https:\/\/mouldking.store\/wp-content\/uploads\/2022\/11\/Military-JIE-STAR-61038-ZTZ-99A-MBT-3-768x771.jpg 768w, https:\/\/mouldking.store\/wp-content\/uploads\/2022\/11\/Military-JIE-STAR-61038-ZTZ-99A-MBT-3-600x602.jpg 600w, https:\/\/mouldking.store\/wp-content\/uploads\/2022\/11\/Military-JIE-STAR-61038-ZTZ-99A-MBT-3-150x150.jpg 150w, https:\/\/mouldking.store\/wp-content\/uploads\/2022\/11\/Military-JIE-STAR-61038-ZTZ-99A-MBT-3-60x60.jpg 60w, https:\/\/mouldking.store\/wp-content\/uploads\/2022\/11\/Military-JIE-STAR-61038-ZTZ-99A-MBT-3-90x90.jpg 90w\" sizes=\"(max-width: 1020px) 100vw, 1020px\" \/><figcaption id=\"caption-attachment-33613\" class=\"wp-caption-text\">JIE STAR 61038 ZTZ-99A MBT With 1298 Pieces<\/figcaption><\/figure>\n<figure id=\"attachment_33614\" aria-describedby=\"caption-attachment-33614\" style=\"width: 800px\" class=\"wp-caption aligncenter\"><img decoding=\"async\" class=\"wp-image-33614 size-full\" src=\"https:\/\/mouldking.store\/wp-content\/uploads\/2022\/11\/Military-JIE-STAR-61038-ZTZ-99A-MBT-12.jpg\" alt=\"JIE STAR 61038 ZTZ-99A MBT With 1298 Pieces\" width=\"800\" height=\"800\" title=\"-\" srcset=\"https:\/\/mouldking.store\/wp-content\/uploads\/2022\/11\/Military-JIE-STAR-61038-ZTZ-99A-MBT-12.jpg 800w, https:\/\/mouldking.store\/wp-content\/uploads\/2022\/11\/Military-JIE-STAR-61038-ZTZ-99A-MBT-12-300x300.jpg 300w, https:\/\/mouldking.store\/wp-content\/uploads\/2022\/11\/Military-JIE-STAR-61038-ZTZ-99A-MBT-12-768x768.jpg 768w, https:\/\/mouldking.store\/wp-content\/uploads\/2022\/11\/Military-JIE-STAR-61038-ZTZ-99A-MBT-12-600x600.jpg 600w, https:\/\/mouldking.store\/wp-content\/uploads\/2022\/11\/Military-JIE-STAR-61038-ZTZ-99A-MBT-12-150x150.jpg 150w, https:\/\/mouldking.store\/wp-content\/uploads\/2022\/11\/Military-JIE-STAR-61038-ZTZ-99A-MBT-12-60x60.jpg 60w, https:\/\/mouldking.store\/wp-content\/uploads\/2022\/11\/Military-JIE-STAR-61038-ZTZ-99A-MBT-12-90x90.jpg 90w\" sizes=\"(max-width: 800px) 100vw, 800px\" \/><figcaption id=\"caption-attachment-33614\" class=\"wp-caption-text\">JIE STAR 61038 ZTZ-99A MBT With 1298 Pieces<\/figcaption><\/figure>\n<figure id=\"attachment_33615\" aria-describedby=\"caption-attachment-33615\" style=\"width: 800px\" class=\"wp-caption aligncenter\"><img loading=\"lazy\" decoding=\"async\" class=\"wp-image-33615 size-full\" src=\"https:\/\/mouldking.store\/wp-content\/uploads\/2022\/11\/Military-JIE-STAR-61038-ZTZ-99A-MBT-13.jpg\" alt=\"JIE STAR 61038 ZTZ-99A MBT With 1298 Pieces\" width=\"800\" height=\"800\" title=\"-\" srcset=\"https:\/\/mouldking.store\/wp-content\/uploads\/2022\/11\/Military-JIE-STAR-61038-ZTZ-99A-MBT-13.jpg 800w, https:\/\/mouldking.store\/wp-content\/uploads\/2022\/11\/Military-JIE-STAR-61038-ZTZ-99A-MBT-13-300x300.jpg 300w, https:\/\/mouldking.store\/wp-content\/uploads\/2022\/11\/Military-JIE-STAR-61038-ZTZ-99A-MBT-13-768x768.jpg 768w, https:\/\/mouldking.store\/wp-content\/uploads\/2022\/11\/Military-JIE-STAR-61038-ZTZ-99A-MBT-13-600x600.jpg 600w, https:\/\/mouldking.store\/wp-content\/uploads\/2022\/11\/Military-JIE-STAR-61038-ZTZ-99A-MBT-13-150x150.jpg 150w, https:\/\/mouldking.store\/wp-content\/uploads\/2022\/11\/Military-JIE-STAR-61038-ZTZ-99A-MBT-13-60x60.jpg 60w, https:\/\/mouldking.store\/wp-content\/uploads\/2022\/11\/Military-JIE-STAR-61038-ZTZ-99A-MBT-13-90x90.jpg 90w\" sizes=\"(max-width: 800px) 100vw, 800px\" \/><figcaption id=\"caption-attachment-33615\" class=\"wp-caption-text\">JIE STAR 61038 ZTZ-99A MBT With 1298 Pieces<\/figcaption><\/figure>","protected":false},"excerpt":{"rendered":"<p>Product information: Brand: JIE STAR Gender: Unisex Name: ZTZ-99A MBT Age Range: &gt; 6 years old Model Number: 61038 Classification: Assemblage Plastic Block Shape: Self-Locking Bricks Material: Plastic Plastic Type: ABS Bricks Blocks: 1298PCS Dimensions: 37 \u00d7 14.2 \u00d7 18 cm Contains detailed assembly instructions. Notice: 1. Without an original box, but we guarantee our [&hellip;]<\/p>","protected":false},"featured_media":33612,"comment_status":"closed","ping_status":"closed","template":"","meta":{"_acf_changed":false},"product_cat":[1350],"product_tag":[6361,2256,6360,6359,6362],"class_list":["product","first","instock","shipping-taxable","purchasable","product-type-simple"],"acf":[],"_links":{"self":[{"href":"https:\/\/mouldking.store\/es\/wp-json\/wp\/v2\/product\/33606","targetHints":{"allow":["GET"]}}],"collection":[{"href":"https:\/\/mouldking.store\/es\/wp-json\/wp\/v2\/product"}],"about":[{"href":"https:\/\/mouldking.store\/es\/wp-json\/wp\/v2\/types\/product"}],"replies":[{"embeddable":true,"href":"https:\/\/mouldking.store\/es\/wp-json\/wp\/v2\/comments?post=33606"}],"wp:featuredmedia":[{"embeddable":true,"href":"https:\/\/mouldking.store\/es\/wp-json\/wp\/v2\/media\/33612"}],"wp:attachment":[{"href":"https:\/\/mouldking.store\/es\/wp-json\/wp\/v2\/media?parent=33606"}],"wp:term":[{"taxonomy":"product_cat","embeddable":true,"href":"https:\/\/mouldking.store\/es\/wp-json\/wp\/v2\/product_cat?post=33606"},{"taxonomy":"product_tag","embeddable":true,"href":"https:\/\/mouldking.store\/es\/wp-json\/wp\/v2\/product_tag?post=33606"}],"curies":[{"name":"wp","href":"https:\/\/api.w.org\/{rel}","templated":true}]}}