{"id":33616,"date":"2022-11-02T15:04:14","date_gmt":"2022-11-02T08:04:14","guid":{"rendered":"https:\/\/mouldking.store\/?post_type=product&#038;p=33616"},"modified":"2024-02-21T15:33:42","modified_gmt":"2024-02-21T08:33:42","slug":"wange-5232-fallingwater-with-1220-pieces","status":"publish","type":"product","link":"https:\/\/mouldking.store\/es\/shop\/wange-5232-fallingwater-with-1220-pieces\/","title":{"rendered":"WANGE 5232 Cascada de agua con 1220 piezas"},"content":{"rendered":"<p>Informaci\u00f3n del Producto:<\/p>\n<ol>\n<li>Marca: WANGE<\/li>\n<li>G\u00e9nero: Unisex<\/li>\n<li>Nombre: Cascada de agua<\/li>\n<li>Rango de edad: &gt; 6 a\u00f1os<\/li>\n<li>N\u00famero de modelo: 5232<\/li>\n<li>Clasificaci\u00f3n: Ensamblaje<\/li>\n<li>Forma de bloque de pl\u00e1stico: Ladrillos autoblocantes<\/li>\n<li>Material: Pl\u00e1stico<\/li>\n<li>Tipo de pl\u00e1stico: ABS<\/li>\n<li>Bloques de ladrillos: 1220 PCS<\/li>\n<li>Dimensiones: 40 x 24 x 17,8 cm<\/li>\n<li>Contiene instrucciones de montaje detalladas.<\/li>\n<\/ol>\n<p>Aviso:<br \/>\n1. Sin caja original, pero garantizamos que nuestros productos tienen garant\u00eda de calidad y un buen embalaje.<br \/>\n2. Como todas las piezas que hemos comprobado antes del env\u00edo, si encuentra que faltan piezas o est\u00e1n da\u00f1adas, no se preocupe y p\u00f3ngase en contacto con nosotros y podemos reenvi\u00e1rselas inmediatamente de forma gratuita.<\/p>\n<figure id=\"attachment_33621\" aria-describedby=\"caption-attachment-33621\" style=\"width: 800px\" class=\"wp-caption aligncenter\"><img fetchpriority=\"high\" decoding=\"async\" class=\"wp-image-33621 size-full\" src=\"https:\/\/mouldking.store\/wp-content\/uploads\/2022\/11\/WANGE-5232-Fallingwater-4.jpg\" alt=\"WANGE 5232 Fallingwater With 1220 Pieces\" width=\"800\" height=\"800\" title=\"-\" srcset=\"https:\/\/mouldking.store\/wp-content\/uploads\/2022\/11\/WANGE-5232-Fallingwater-4.jpg 800w, https:\/\/mouldking.store\/wp-content\/uploads\/2022\/11\/WANGE-5232-Fallingwater-4-300x300.jpg 300w, https:\/\/mouldking.store\/wp-content\/uploads\/2022\/11\/WANGE-5232-Fallingwater-4-768x768.jpg 768w, https:\/\/mouldking.store\/wp-content\/uploads\/2022\/11\/WANGE-5232-Fallingwater-4-600x600.jpg 600w, https:\/\/mouldking.store\/wp-content\/uploads\/2022\/11\/WANGE-5232-Fallingwater-4-150x150.jpg 150w, https:\/\/mouldking.store\/wp-content\/uploads\/2022\/11\/WANGE-5232-Fallingwater-4-60x60.jpg 60w, https:\/\/mouldking.store\/wp-content\/uploads\/2022\/11\/WANGE-5232-Fallingwater-4-90x90.jpg 90w\" sizes=\"(max-width: 800px) 100vw, 800px\" \/><figcaption id=\"caption-attachment-33621\" class=\"wp-caption-text\">WANGE 5232 Cascada de agua con 1220 piezas<\/figcaption><\/figure>\n<figure id=\"attachment_33622\" aria-describedby=\"caption-attachment-33622\" style=\"width: 800px\" class=\"wp-caption aligncenter\"><img decoding=\"async\" class=\"wp-image-33622 size-full\" src=\"https:\/\/mouldking.store\/wp-content\/uploads\/2022\/11\/WANGE-5232-Fallingwater-5.jpg\" alt=\"WANGE 5232 Fallingwater With 1220 Pieces\" width=\"800\" height=\"800\" title=\"-\" srcset=\"https:\/\/mouldking.store\/wp-content\/uploads\/2022\/11\/WANGE-5232-Fallingwater-5.jpg 800w, https:\/\/mouldking.store\/wp-content\/uploads\/2022\/11\/WANGE-5232-Fallingwater-5-300x300.jpg 300w, https:\/\/mouldking.store\/wp-content\/uploads\/2022\/11\/WANGE-5232-Fallingwater-5-768x768.jpg 768w, https:\/\/mouldking.store\/wp-content\/uploads\/2022\/11\/WANGE-5232-Fallingwater-5-600x600.jpg 600w, https:\/\/mouldking.store\/wp-content\/uploads\/2022\/11\/WANGE-5232-Fallingwater-5-150x150.jpg 150w, https:\/\/mouldking.store\/wp-content\/uploads\/2022\/11\/WANGE-5232-Fallingwater-5-60x60.jpg 60w, https:\/\/mouldking.store\/wp-content\/uploads\/2022\/11\/WANGE-5232-Fallingwater-5-90x90.jpg 90w\" sizes=\"(max-width: 800px) 100vw, 800px\" \/><figcaption id=\"caption-attachment-33622\" class=\"wp-caption-text\">WANGE 5232 Cascada de agua con 1220 piezas<\/figcaption><\/figure>\n<figure id=\"attachment_33623\" aria-describedby=\"caption-attachment-33623\" style=\"width: 800px\" class=\"wp-caption aligncenter\"><img decoding=\"async\" class=\"wp-image-33623 size-full\" src=\"https:\/\/mouldking.store\/wp-content\/uploads\/2022\/11\/WANGE-5232-Fallingwater-3.jpg\" alt=\"WANGE 5232 Fallingwater With 1220 Pieces\" width=\"800\" height=\"800\" title=\"-\" srcset=\"https:\/\/mouldking.store\/wp-content\/uploads\/2022\/11\/WANGE-5232-Fallingwater-3.jpg 800w, https:\/\/mouldking.store\/wp-content\/uploads\/2022\/11\/WANGE-5232-Fallingwater-3-300x300.jpg 300w, https:\/\/mouldking.store\/wp-content\/uploads\/2022\/11\/WANGE-5232-Fallingwater-3-768x768.jpg 768w, https:\/\/mouldking.store\/wp-content\/uploads\/2022\/11\/WANGE-5232-Fallingwater-3-600x600.jpg 600w, https:\/\/mouldking.store\/wp-content\/uploads\/2022\/11\/WANGE-5232-Fallingwater-3-150x150.jpg 150w, https:\/\/mouldking.store\/wp-content\/uploads\/2022\/11\/WANGE-5232-Fallingwater-3-60x60.jpg 60w, https:\/\/mouldking.store\/wp-content\/uploads\/2022\/11\/WANGE-5232-Fallingwater-3-90x90.jpg 90w\" sizes=\"(max-width: 800px) 100vw, 800px\" \/><figcaption id=\"caption-attachment-33623\" class=\"wp-caption-text\">WANGE 5232 Cascada de agua con 1220 piezas<\/figcaption><\/figure>\n<figure id=\"attachment_33624\" aria-describedby=\"caption-attachment-33624\" style=\"width: 800px\" class=\"wp-caption aligncenter\"><img loading=\"lazy\" decoding=\"async\" class=\"wp-image-33624 size-full\" src=\"https:\/\/mouldking.store\/wp-content\/uploads\/2022\/11\/WANGE-5232-Fallingwater-1.jpg\" alt=\"WANGE 5232 Fallingwater With 1220 Pieces\" width=\"800\" height=\"800\" title=\"-\" srcset=\"https:\/\/mouldking.store\/wp-content\/uploads\/2022\/11\/WANGE-5232-Fallingwater-1.jpg 800w, https:\/\/mouldking.store\/wp-content\/uploads\/2022\/11\/WANGE-5232-Fallingwater-1-300x300.jpg 300w, https:\/\/mouldking.store\/wp-content\/uploads\/2022\/11\/WANGE-5232-Fallingwater-1-768x768.jpg 768w, https:\/\/mouldking.store\/wp-content\/uploads\/2022\/11\/WANGE-5232-Fallingwater-1-600x600.jpg 600w, https:\/\/mouldking.store\/wp-content\/uploads\/2022\/11\/WANGE-5232-Fallingwater-1-150x150.jpg 150w, https:\/\/mouldking.store\/wp-content\/uploads\/2022\/11\/WANGE-5232-Fallingwater-1-60x60.jpg 60w, https:\/\/mouldking.store\/wp-content\/uploads\/2022\/11\/WANGE-5232-Fallingwater-1-90x90.jpg 90w\" sizes=\"(max-width: 800px) 100vw, 800px\" \/><figcaption id=\"caption-attachment-33624\" class=\"wp-caption-text\">WANGE 5232 Cascada de agua con 1220 piezas<\/figcaption><\/figure>\n<figure id=\"attachment_33625\" aria-describedby=\"caption-attachment-33625\" style=\"width: 800px\" class=\"wp-caption aligncenter\"><img loading=\"lazy\" decoding=\"async\" class=\"wp-image-33625 size-full\" src=\"https:\/\/mouldking.store\/wp-content\/uploads\/2022\/11\/WANGE-5232-Fallingwater-2.jpg\" alt=\"WANGE 5232 Fallingwater With 1220 Pieces\" width=\"800\" height=\"800\" title=\"-\" srcset=\"https:\/\/mouldking.store\/wp-content\/uploads\/2022\/11\/WANGE-5232-Fallingwater-2.jpg 800w, https:\/\/mouldking.store\/wp-content\/uploads\/2022\/11\/WANGE-5232-Fallingwater-2-300x300.jpg 300w, https:\/\/mouldking.store\/wp-content\/uploads\/2022\/11\/WANGE-5232-Fallingwater-2-768x768.jpg 768w, https:\/\/mouldking.store\/wp-content\/uploads\/2022\/11\/WANGE-5232-Fallingwater-2-600x600.jpg 600w, https:\/\/mouldking.store\/wp-content\/uploads\/2022\/11\/WANGE-5232-Fallingwater-2-150x150.jpg 150w, https:\/\/mouldking.store\/wp-content\/uploads\/2022\/11\/WANGE-5232-Fallingwater-2-60x60.jpg 60w, https:\/\/mouldking.store\/wp-content\/uploads\/2022\/11\/WANGE-5232-Fallingwater-2-90x90.jpg 90w\" sizes=\"(max-width: 800px) 100vw, 800px\" \/><figcaption id=\"caption-attachment-33625\" class=\"wp-caption-text\">WANGE 5232 Cascada de agua con 1220 piezas<\/figcaption><\/figure>","protected":false},"excerpt":{"rendered":"<p>Product information: Brand: WANGE Gender: Unisex Name: Fallingwater Age Range: &gt; 6 years old Model Number: 5232 Classification: Assemblage Plastic Block Shape: Self-Locking Bricks Material: Plastic Plastic Type: ABS Bricks Blocks: 1220 PCS Dimensions: 40 x 24 x 17.8 cm Contains detailed assembly instructions. Notice: 1. Without an original box, but we guarantee our products [&hellip;]<\/p>","protected":false},"featured_media":33621,"comment_status":"closed","ping_status":"closed","template":"","meta":{"_acf_changed":false},"product_cat":[1395],"product_tag":[6368,6369,2299,6370,6367],"class_list":["product","first","outofstock","shipping-taxable","purchasable","product-type-simple"],"acf":[],"_links":{"self":[{"href":"https:\/\/mouldking.store\/es\/wp-json\/wp\/v2\/product\/33616","targetHints":{"allow":["GET"]}}],"collection":[{"href":"https:\/\/mouldking.store\/es\/wp-json\/wp\/v2\/product"}],"about":[{"href":"https:\/\/mouldking.store\/es\/wp-json\/wp\/v2\/types\/product"}],"replies":[{"embeddable":true,"href":"https:\/\/mouldking.store\/es\/wp-json\/wp\/v2\/comments?post=33616"}],"wp:featuredmedia":[{"embeddable":true,"href":"https:\/\/mouldking.store\/es\/wp-json\/wp\/v2\/media\/33621"}],"wp:attachment":[{"href":"https:\/\/mouldking.store\/es\/wp-json\/wp\/v2\/media?parent=33616"}],"wp:term":[{"taxonomy":"product_cat","embeddable":true,"href":"https:\/\/mouldking.store\/es\/wp-json\/wp\/v2\/product_cat?post=33616"},{"taxonomy":"product_tag","embeddable":true,"href":"https:\/\/mouldking.store\/es\/wp-json\/wp\/v2\/product_tag?post=33616"}],"curies":[{"name":"wp","href":"https:\/\/api.w.org\/{rel}","templated":true}]}}