{"id":33699,"date":"2022-11-02T16:33:12","date_gmt":"2022-11-02T09:33:12","guid":{"rendered":"https:\/\/mouldking.store\/?post_type=product&#038;p=33699"},"modified":"2022-11-02T16:33:12","modified_gmt":"2022-11-02T09:33:12","slug":"sembo-605024-crystal-christmas-tree-with-675-pieces","status":"publish","type":"product","link":"https:\/\/mouldking.store\/es\/shop\/sembo-605024-crystal-christmas-tree-with-675-pieces\/","title":{"rendered":"Sembo 605024 \u00c1rbol De Navidad De Cristal Con 675 Piezas"},"content":{"rendered":"<p>Informaci\u00f3n del Producto:<\/p>\n<ol>\n<li>Marca: Sembo<\/li>\n<li>G\u00e9nero: Unisex<\/li>\n<li>Name: Crystal Christmas Tree<\/li>\n<li>Rango de edad: &gt; 6 a\u00f1os<\/li>\n<li>Model Number: 605024<\/li>\n<li>Clasificaci\u00f3n: Ensamblaje<\/li>\n<li>Forma de bloque de pl\u00e1stico: Ladrillos autoblocantes<\/li>\n<li>Material: Pl\u00e1stico<\/li>\n<li>Tipo de pl\u00e1stico: ABS<\/li>\n<li>Bricks Blocks: 675 PCS<\/li>\n<li>Dimensions: 15.5 \u00d7 15.5 \u00d7 27 cm<\/li>\n<li>Contiene instrucciones de montaje detalladas.<\/li>\n<\/ol>\n<p>Aviso:<br \/>\n1. Sin caja original, pero garantizamos que nuestros productos tienen garant\u00eda de calidad y un buen embalaje.<br \/>\n2. Como todas las piezas que hemos comprobado antes del env\u00edo, si encuentra que faltan piezas o est\u00e1n da\u00f1adas, no se preocupe y p\u00f3ngase en contacto con nosotros y podemos reenvi\u00e1rselas inmediatamente de forma gratuita.<\/p>\n<figure id=\"attachment_33702\" aria-describedby=\"caption-attachment-33702\" style=\"width: 800px\" class=\"wp-caption aligncenter\"><img fetchpriority=\"high\" decoding=\"async\" class=\"wp-image-33702 size-full\" src=\"https:\/\/mouldking.store\/wp-content\/uploads\/2022\/11\/Creator-Sembo-605024-Crystal-Christmas-Tree-7.jpg\" alt=\"Sembo 605024 Crystal Christmas Tree With 675 Pieces\" width=\"800\" height=\"800\" title=\"-\" srcset=\"https:\/\/mouldking.store\/wp-content\/uploads\/2022\/11\/Creator-Sembo-605024-Crystal-Christmas-Tree-7.jpg 800w, https:\/\/mouldking.store\/wp-content\/uploads\/2022\/11\/Creator-Sembo-605024-Crystal-Christmas-Tree-7-300x300.jpg 300w, https:\/\/mouldking.store\/wp-content\/uploads\/2022\/11\/Creator-Sembo-605024-Crystal-Christmas-Tree-7-768x768.jpg 768w, https:\/\/mouldking.store\/wp-content\/uploads\/2022\/11\/Creator-Sembo-605024-Crystal-Christmas-Tree-7-600x600.jpg 600w, https:\/\/mouldking.store\/wp-content\/uploads\/2022\/11\/Creator-Sembo-605024-Crystal-Christmas-Tree-7-150x150.jpg 150w, https:\/\/mouldking.store\/wp-content\/uploads\/2022\/11\/Creator-Sembo-605024-Crystal-Christmas-Tree-7-60x60.jpg 60w, https:\/\/mouldking.store\/wp-content\/uploads\/2022\/11\/Creator-Sembo-605024-Crystal-Christmas-Tree-7-90x90.jpg 90w\" sizes=\"(max-width: 800px) 100vw, 800px\" \/><figcaption id=\"caption-attachment-33702\" class=\"wp-caption-text\">Sembo 605024 \u00c1rbol De Navidad De Cristal Con 675 Piezas<\/figcaption><\/figure>\n<figure id=\"attachment_33703\" aria-describedby=\"caption-attachment-33703\" style=\"width: 800px\" class=\"wp-caption aligncenter\"><img decoding=\"async\" class=\"wp-image-33703 size-full\" src=\"https:\/\/mouldking.store\/wp-content\/uploads\/2022\/11\/Creator-Sembo-605024-Crystal-Christmas-Tree-5.jpg\" alt=\"Sembo 605024 Crystal Christmas Tree With 675 Pieces\" width=\"800\" height=\"800\" title=\"-\" srcset=\"https:\/\/mouldking.store\/wp-content\/uploads\/2022\/11\/Creator-Sembo-605024-Crystal-Christmas-Tree-5.jpg 800w, https:\/\/mouldking.store\/wp-content\/uploads\/2022\/11\/Creator-Sembo-605024-Crystal-Christmas-Tree-5-300x300.jpg 300w, https:\/\/mouldking.store\/wp-content\/uploads\/2022\/11\/Creator-Sembo-605024-Crystal-Christmas-Tree-5-768x768.jpg 768w, https:\/\/mouldking.store\/wp-content\/uploads\/2022\/11\/Creator-Sembo-605024-Crystal-Christmas-Tree-5-600x600.jpg 600w, https:\/\/mouldking.store\/wp-content\/uploads\/2022\/11\/Creator-Sembo-605024-Crystal-Christmas-Tree-5-150x150.jpg 150w, https:\/\/mouldking.store\/wp-content\/uploads\/2022\/11\/Creator-Sembo-605024-Crystal-Christmas-Tree-5-60x60.jpg 60w, https:\/\/mouldking.store\/wp-content\/uploads\/2022\/11\/Creator-Sembo-605024-Crystal-Christmas-Tree-5-90x90.jpg 90w\" sizes=\"(max-width: 800px) 100vw, 800px\" \/><figcaption id=\"caption-attachment-33703\" class=\"wp-caption-text\">Sembo 605024 \u00c1rbol De Navidad De Cristal Con 675 Piezas<\/figcaption><\/figure>\n<figure id=\"attachment_33704\" aria-describedby=\"caption-attachment-33704\" style=\"width: 800px\" class=\"wp-caption aligncenter\"><img decoding=\"async\" class=\"wp-image-33704 size-full\" src=\"https:\/\/mouldking.store\/wp-content\/uploads\/2022\/11\/Creator-Sembo-605024-Crystal-Christmas-Tree-4.jpg\" alt=\"Sembo 605024 Crystal Christmas Tree With 675 Pieces\" width=\"800\" height=\"800\" title=\"-\" srcset=\"https:\/\/mouldking.store\/wp-content\/uploads\/2022\/11\/Creator-Sembo-605024-Crystal-Christmas-Tree-4.jpg 800w, https:\/\/mouldking.store\/wp-content\/uploads\/2022\/11\/Creator-Sembo-605024-Crystal-Christmas-Tree-4-300x300.jpg 300w, https:\/\/mouldking.store\/wp-content\/uploads\/2022\/11\/Creator-Sembo-605024-Crystal-Christmas-Tree-4-768x768.jpg 768w, https:\/\/mouldking.store\/wp-content\/uploads\/2022\/11\/Creator-Sembo-605024-Crystal-Christmas-Tree-4-600x600.jpg 600w, https:\/\/mouldking.store\/wp-content\/uploads\/2022\/11\/Creator-Sembo-605024-Crystal-Christmas-Tree-4-150x150.jpg 150w, https:\/\/mouldking.store\/wp-content\/uploads\/2022\/11\/Creator-Sembo-605024-Crystal-Christmas-Tree-4-60x60.jpg 60w, https:\/\/mouldking.store\/wp-content\/uploads\/2022\/11\/Creator-Sembo-605024-Crystal-Christmas-Tree-4-90x90.jpg 90w\" sizes=\"(max-width: 800px) 100vw, 800px\" \/><figcaption id=\"caption-attachment-33704\" class=\"wp-caption-text\">Sembo 605024 \u00c1rbol De Navidad De Cristal Con 675 Piezas<\/figcaption><\/figure>\n<figure id=\"attachment_33705\" aria-describedby=\"caption-attachment-33705\" style=\"width: 800px\" class=\"wp-caption aligncenter\"><img loading=\"lazy\" decoding=\"async\" class=\"wp-image-33705 size-full\" src=\"https:\/\/mouldking.store\/wp-content\/uploads\/2022\/11\/Creator-Sembo-605024-Crystal-Christmas-Tree-3.jpg\" alt=\"Sembo 605024 Crystal Christmas Tree With 675 Pieces\" width=\"800\" height=\"800\" title=\"-\" srcset=\"https:\/\/mouldking.store\/wp-content\/uploads\/2022\/11\/Creator-Sembo-605024-Crystal-Christmas-Tree-3.jpg 800w, https:\/\/mouldking.store\/wp-content\/uploads\/2022\/11\/Creator-Sembo-605024-Crystal-Christmas-Tree-3-300x300.jpg 300w, https:\/\/mouldking.store\/wp-content\/uploads\/2022\/11\/Creator-Sembo-605024-Crystal-Christmas-Tree-3-768x768.jpg 768w, https:\/\/mouldking.store\/wp-content\/uploads\/2022\/11\/Creator-Sembo-605024-Crystal-Christmas-Tree-3-600x600.jpg 600w, https:\/\/mouldking.store\/wp-content\/uploads\/2022\/11\/Creator-Sembo-605024-Crystal-Christmas-Tree-3-150x150.jpg 150w, https:\/\/mouldking.store\/wp-content\/uploads\/2022\/11\/Creator-Sembo-605024-Crystal-Christmas-Tree-3-60x60.jpg 60w, https:\/\/mouldking.store\/wp-content\/uploads\/2022\/11\/Creator-Sembo-605024-Crystal-Christmas-Tree-3-90x90.jpg 90w\" sizes=\"(max-width: 800px) 100vw, 800px\" \/><figcaption id=\"caption-attachment-33705\" class=\"wp-caption-text\">Sembo 605024 \u00c1rbol De Navidad De Cristal Con 675 Piezas<\/figcaption><\/figure>\n<figure id=\"attachment_33706\" aria-describedby=\"caption-attachment-33706\" style=\"width: 800px\" class=\"wp-caption aligncenter\"><img loading=\"lazy\" decoding=\"async\" class=\"wp-image-33706 size-full\" src=\"https:\/\/mouldking.store\/wp-content\/uploads\/2022\/11\/Creator-Sembo-605024-Crystal-Christmas-Tree-2.jpg\" alt=\"Sembo 605024 Crystal Christmas Tree With 675 Pieces\" width=\"800\" height=\"800\" title=\"-\" srcset=\"https:\/\/mouldking.store\/wp-content\/uploads\/2022\/11\/Creator-Sembo-605024-Crystal-Christmas-Tree-2.jpg 800w, https:\/\/mouldking.store\/wp-content\/uploads\/2022\/11\/Creator-Sembo-605024-Crystal-Christmas-Tree-2-300x300.jpg 300w, https:\/\/mouldking.store\/wp-content\/uploads\/2022\/11\/Creator-Sembo-605024-Crystal-Christmas-Tree-2-768x768.jpg 768w, https:\/\/mouldking.store\/wp-content\/uploads\/2022\/11\/Creator-Sembo-605024-Crystal-Christmas-Tree-2-600x600.jpg 600w, https:\/\/mouldking.store\/wp-content\/uploads\/2022\/11\/Creator-Sembo-605024-Crystal-Christmas-Tree-2-150x150.jpg 150w, https:\/\/mouldking.store\/wp-content\/uploads\/2022\/11\/Creator-Sembo-605024-Crystal-Christmas-Tree-2-60x60.jpg 60w, https:\/\/mouldking.store\/wp-content\/uploads\/2022\/11\/Creator-Sembo-605024-Crystal-Christmas-Tree-2-90x90.jpg 90w\" sizes=\"(max-width: 800px) 100vw, 800px\" \/><figcaption id=\"caption-attachment-33706\" class=\"wp-caption-text\">Sembo 605024 \u00c1rbol De Navidad De Cristal Con 675 Piezas<\/figcaption><\/figure>","protected":false},"excerpt":{"rendered":"<p>Product information: Brand: Sembo Gender: Unisex Name: Crystal Christmas Tree Age Range: &gt; 6 years old Model Number: 605024 Classification: Assemblage Plastic Block Shape: Self-Locking Bricks Material: Plastic Plastic Type: ABS Bricks Blocks: 675 PCS Dimensions: 15.5 \u00d7 15.5 \u00d7 27 cm Contains detailed assembly instructions. Notice: 1. Without an original box, but we guarantee [&hellip;]<\/p>","protected":false},"featured_media":33702,"comment_status":"closed","ping_status":"closed","template":"","meta":{"_acf_changed":false},"product_cat":[1365],"product_tag":[6436,1066,729,6437,1491,6438,6435],"class_list":["product","first","instock","shipping-taxable","purchasable","product-type-simple"],"acf":[],"_links":{"self":[{"href":"https:\/\/mouldking.store\/es\/wp-json\/wp\/v2\/product\/33699","targetHints":{"allow":["GET"]}}],"collection":[{"href":"https:\/\/mouldking.store\/es\/wp-json\/wp\/v2\/product"}],"about":[{"href":"https:\/\/mouldking.store\/es\/wp-json\/wp\/v2\/types\/product"}],"replies":[{"embeddable":true,"href":"https:\/\/mouldking.store\/es\/wp-json\/wp\/v2\/comments?post=33699"}],"wp:featuredmedia":[{"embeddable":true,"href":"https:\/\/mouldking.store\/es\/wp-json\/wp\/v2\/media\/33702"}],"wp:attachment":[{"href":"https:\/\/mouldking.store\/es\/wp-json\/wp\/v2\/media?parent=33699"}],"wp:term":[{"taxonomy":"product_cat","embeddable":true,"href":"https:\/\/mouldking.store\/es\/wp-json\/wp\/v2\/product_cat?post=33699"},{"taxonomy":"product_tag","embeddable":true,"href":"https:\/\/mouldking.store\/es\/wp-json\/wp\/v2\/product_tag?post=33699"}],"curies":[{"name":"wp","href":"https:\/\/api.w.org\/{rel}","templated":true}]}}