{"id":33724,"date":"2022-11-02T16:54:08","date_gmt":"2022-11-02T09:54:08","guid":{"rendered":"https:\/\/mouldking.store\/?post_type=product&#038;p=33724"},"modified":"2022-11-02T16:54:08","modified_gmt":"2022-11-02T09:54:08","slug":"dk-712-chinese-christmas-train-with-621-pieces","status":"publish","type":"product","link":"https:\/\/mouldking.store\/es\/shop\/dk-712-chinese-christmas-train-with-621-pieces\/","title":{"rendered":"DK 712 Tren Navide\u00f1o Chino Con 621 Piezas"},"content":{"rendered":"<p>Informaci\u00f3n del Producto:<\/p>\n<ol>\n<li>Marca: DK<\/li>\n<li>G\u00e9nero: Unisex<\/li>\n<li>Name: Chinese Christmas Train<\/li>\n<li>Rango de edad: &gt; 6 a\u00f1os<\/li>\n<li>Model Number: 712<\/li>\n<li>Clasificaci\u00f3n: Ensamblaje<\/li>\n<li>Forma de bloque de pl\u00e1stico: Ladrillos autoblocantes<\/li>\n<li>Material: Pl\u00e1stico<\/li>\n<li>Tipo de pl\u00e1stico: ABS<\/li>\n<li>Bloques de ladrillos: 621 PCS<\/li>\n<li>Contiene instrucciones de montaje detalladas.<\/li>\n<\/ol>\n<p>Aviso:<br \/>\n1. Sin caja original, pero garantizamos que nuestros productos tienen garant\u00eda de calidad y un buen embalaje.<br \/>\n2. Como todas las piezas que hemos comprobado antes del env\u00edo, si encuentra que faltan piezas o est\u00e1n da\u00f1adas, no se preocupe y p\u00f3ngase en contacto con nosotros y podemos reenvi\u00e1rselas inmediatamente de forma gratuita.<\/p>\n<figure id=\"attachment_33726\" aria-describedby=\"caption-attachment-33726\" style=\"width: 800px\" class=\"wp-caption aligncenter\"><img fetchpriority=\"high\" decoding=\"async\" class=\"wp-image-33726 size-full\" src=\"https:\/\/mouldking.store\/wp-content\/uploads\/2022\/11\/Technic-DK-712-Chinese-Christmas-Train-1.jpg\" alt=\"DK 712 Chinese Christmas Train With 621 Pieces\" width=\"800\" height=\"800\" title=\"-\" srcset=\"https:\/\/mouldking.store\/wp-content\/uploads\/2022\/11\/Technic-DK-712-Chinese-Christmas-Train-1.jpg 800w, https:\/\/mouldking.store\/wp-content\/uploads\/2022\/11\/Technic-DK-712-Chinese-Christmas-Train-1-300x300.jpg 300w, https:\/\/mouldking.store\/wp-content\/uploads\/2022\/11\/Technic-DK-712-Chinese-Christmas-Train-1-768x768.jpg 768w, https:\/\/mouldking.store\/wp-content\/uploads\/2022\/11\/Technic-DK-712-Chinese-Christmas-Train-1-600x600.jpg 600w, https:\/\/mouldking.store\/wp-content\/uploads\/2022\/11\/Technic-DK-712-Chinese-Christmas-Train-1-150x150.jpg 150w, https:\/\/mouldking.store\/wp-content\/uploads\/2022\/11\/Technic-DK-712-Chinese-Christmas-Train-1-60x60.jpg 60w, https:\/\/mouldking.store\/wp-content\/uploads\/2022\/11\/Technic-DK-712-Chinese-Christmas-Train-1-90x90.jpg 90w\" sizes=\"(max-width: 800px) 100vw, 800px\" \/><figcaption id=\"caption-attachment-33726\" class=\"wp-caption-text\">DK 712 Tren Navide\u00f1o Chino Con 621 Piezas<\/figcaption><\/figure>\n<figure id=\"attachment_33727\" aria-describedby=\"caption-attachment-33727\" style=\"width: 800px\" class=\"wp-caption aligncenter\"><img decoding=\"async\" class=\"wp-image-33727 size-full\" src=\"https:\/\/mouldking.store\/wp-content\/uploads\/2022\/11\/Technic-DK-712-Chinese-Christmas-Train-5.jpg\" alt=\"DK 712 Chinese Christmas Train With 621 Pieces\" width=\"800\" height=\"800\" title=\"-\" srcset=\"https:\/\/mouldking.store\/wp-content\/uploads\/2022\/11\/Technic-DK-712-Chinese-Christmas-Train-5.jpg 800w, https:\/\/mouldking.store\/wp-content\/uploads\/2022\/11\/Technic-DK-712-Chinese-Christmas-Train-5-300x300.jpg 300w, https:\/\/mouldking.store\/wp-content\/uploads\/2022\/11\/Technic-DK-712-Chinese-Christmas-Train-5-768x768.jpg 768w, https:\/\/mouldking.store\/wp-content\/uploads\/2022\/11\/Technic-DK-712-Chinese-Christmas-Train-5-600x600.jpg 600w, https:\/\/mouldking.store\/wp-content\/uploads\/2022\/11\/Technic-DK-712-Chinese-Christmas-Train-5-150x150.jpg 150w, https:\/\/mouldking.store\/wp-content\/uploads\/2022\/11\/Technic-DK-712-Chinese-Christmas-Train-5-60x60.jpg 60w, https:\/\/mouldking.store\/wp-content\/uploads\/2022\/11\/Technic-DK-712-Chinese-Christmas-Train-5-90x90.jpg 90w\" sizes=\"(max-width: 800px) 100vw, 800px\" \/><figcaption id=\"caption-attachment-33727\" class=\"wp-caption-text\">DK 712 Tren Navide\u00f1o Chino Con 621 Piezas<\/figcaption><\/figure>\n<figure id=\"attachment_33728\" aria-describedby=\"caption-attachment-33728\" style=\"width: 800px\" class=\"wp-caption aligncenter\"><img decoding=\"async\" class=\"wp-image-33728 size-full\" src=\"https:\/\/mouldking.store\/wp-content\/uploads\/2022\/11\/Technic-DK-712-Chinese-Christmas-Train-2.jpg\" alt=\"DK 712 Chinese Christmas Train With 621 Pieces\" width=\"800\" height=\"800\" title=\"-\" srcset=\"https:\/\/mouldking.store\/wp-content\/uploads\/2022\/11\/Technic-DK-712-Chinese-Christmas-Train-2.jpg 800w, https:\/\/mouldking.store\/wp-content\/uploads\/2022\/11\/Technic-DK-712-Chinese-Christmas-Train-2-300x300.jpg 300w, https:\/\/mouldking.store\/wp-content\/uploads\/2022\/11\/Technic-DK-712-Chinese-Christmas-Train-2-768x768.jpg 768w, https:\/\/mouldking.store\/wp-content\/uploads\/2022\/11\/Technic-DK-712-Chinese-Christmas-Train-2-600x600.jpg 600w, https:\/\/mouldking.store\/wp-content\/uploads\/2022\/11\/Technic-DK-712-Chinese-Christmas-Train-2-150x150.jpg 150w, https:\/\/mouldking.store\/wp-content\/uploads\/2022\/11\/Technic-DK-712-Chinese-Christmas-Train-2-60x60.jpg 60w, https:\/\/mouldking.store\/wp-content\/uploads\/2022\/11\/Technic-DK-712-Chinese-Christmas-Train-2-90x90.jpg 90w\" sizes=\"(max-width: 800px) 100vw, 800px\" \/><figcaption id=\"caption-attachment-33728\" class=\"wp-caption-text\">DK 712 Tren Navide\u00f1o Chino Con 621 Piezas<\/figcaption><\/figure>\n<figure id=\"attachment_33729\" aria-describedby=\"caption-attachment-33729\" style=\"width: 800px\" class=\"wp-caption aligncenter\"><img loading=\"lazy\" decoding=\"async\" class=\"wp-image-33729 size-full\" src=\"https:\/\/mouldking.store\/wp-content\/uploads\/2022\/11\/Technic-DK-712-Chinese-Christmas-Train-6.jpg\" alt=\"DK 712 Chinese Christmas Train With 621 Pieces\" width=\"800\" height=\"800\" title=\"-\" srcset=\"https:\/\/mouldking.store\/wp-content\/uploads\/2022\/11\/Technic-DK-712-Chinese-Christmas-Train-6.jpg 800w, https:\/\/mouldking.store\/wp-content\/uploads\/2022\/11\/Technic-DK-712-Chinese-Christmas-Train-6-300x300.jpg 300w, https:\/\/mouldking.store\/wp-content\/uploads\/2022\/11\/Technic-DK-712-Chinese-Christmas-Train-6-768x768.jpg 768w, https:\/\/mouldking.store\/wp-content\/uploads\/2022\/11\/Technic-DK-712-Chinese-Christmas-Train-6-600x600.jpg 600w, https:\/\/mouldking.store\/wp-content\/uploads\/2022\/11\/Technic-DK-712-Chinese-Christmas-Train-6-150x150.jpg 150w, https:\/\/mouldking.store\/wp-content\/uploads\/2022\/11\/Technic-DK-712-Chinese-Christmas-Train-6-60x60.jpg 60w, https:\/\/mouldking.store\/wp-content\/uploads\/2022\/11\/Technic-DK-712-Chinese-Christmas-Train-6-90x90.jpg 90w\" sizes=\"(max-width: 800px) 100vw, 800px\" \/><figcaption id=\"caption-attachment-33729\" class=\"wp-caption-text\">DK 712 Tren Navide\u00f1o Chino Con 621 Piezas<\/figcaption><\/figure>\n<figure id=\"attachment_33730\" aria-describedby=\"caption-attachment-33730\" style=\"width: 800px\" class=\"wp-caption aligncenter\"><img loading=\"lazy\" decoding=\"async\" class=\"wp-image-33730 size-full\" src=\"https:\/\/mouldking.store\/wp-content\/uploads\/2022\/11\/Technic-DK-712-Chinese-Christmas-Train-4.jpg\" alt=\"DK 712 Chinese Christmas Train With 621 Pieces\" width=\"800\" height=\"800\" title=\"-\" srcset=\"https:\/\/mouldking.store\/wp-content\/uploads\/2022\/11\/Technic-DK-712-Chinese-Christmas-Train-4.jpg 800w, https:\/\/mouldking.store\/wp-content\/uploads\/2022\/11\/Technic-DK-712-Chinese-Christmas-Train-4-300x300.jpg 300w, https:\/\/mouldking.store\/wp-content\/uploads\/2022\/11\/Technic-DK-712-Chinese-Christmas-Train-4-768x768.jpg 768w, https:\/\/mouldking.store\/wp-content\/uploads\/2022\/11\/Technic-DK-712-Chinese-Christmas-Train-4-600x600.jpg 600w, https:\/\/mouldking.store\/wp-content\/uploads\/2022\/11\/Technic-DK-712-Chinese-Christmas-Train-4-150x150.jpg 150w, https:\/\/mouldking.store\/wp-content\/uploads\/2022\/11\/Technic-DK-712-Chinese-Christmas-Train-4-60x60.jpg 60w, https:\/\/mouldking.store\/wp-content\/uploads\/2022\/11\/Technic-DK-712-Chinese-Christmas-Train-4-90x90.jpg 90w\" sizes=\"(max-width: 800px) 100vw, 800px\" \/><figcaption id=\"caption-attachment-33730\" class=\"wp-caption-text\">DK 712 Tren Navide\u00f1o Chino Con 621 Piezas<\/figcaption><\/figure>","protected":false},"excerpt":{"rendered":"<p>Product information: Brand: DK Gender: Unisex Name: Chinese Christmas Train Age Range: &gt; 6 years old Model Number: 712 Classification: Assemblage Plastic Block Shape: Self-Locking Bricks Material: Plastic Plastic Type: ABS Bricks Blocks: 621 PCS Contains detailed assembly instructions. Notice: 1. Without an original box, but we guarantee our products have quality assurance and nice [&hellip;]<\/p>","protected":false},"featured_media":33726,"comment_status":"closed","ping_status":"closed","template":"","meta":{"_acf_changed":false},"product_cat":[1357],"product_tag":[6465,6462,6464,1066,6463,6461,300],"class_list":["product","first","instock","shipping-taxable","purchasable","product-type-simple"],"acf":[],"_links":{"self":[{"href":"https:\/\/mouldking.store\/es\/wp-json\/wp\/v2\/product\/33724","targetHints":{"allow":["GET"]}}],"collection":[{"href":"https:\/\/mouldking.store\/es\/wp-json\/wp\/v2\/product"}],"about":[{"href":"https:\/\/mouldking.store\/es\/wp-json\/wp\/v2\/types\/product"}],"replies":[{"embeddable":true,"href":"https:\/\/mouldking.store\/es\/wp-json\/wp\/v2\/comments?post=33724"}],"wp:featuredmedia":[{"embeddable":true,"href":"https:\/\/mouldking.store\/es\/wp-json\/wp\/v2\/media\/33726"}],"wp:attachment":[{"href":"https:\/\/mouldking.store\/es\/wp-json\/wp\/v2\/media?parent=33724"}],"wp:term":[{"taxonomy":"product_cat","embeddable":true,"href":"https:\/\/mouldking.store\/es\/wp-json\/wp\/v2\/product_cat?post=33724"},{"taxonomy":"product_tag","embeddable":true,"href":"https:\/\/mouldking.store\/es\/wp-json\/wp\/v2\/product_tag?post=33724"}],"curies":[{"name":"wp","href":"https:\/\/api.w.org\/{rel}","templated":true}]}}