{"id":33737,"date":"2022-11-02T17:07:44","date_gmt":"2022-11-02T10:07:44","guid":{"rendered":"https:\/\/mouldking.store\/?post_type=product&#038;p=33737"},"modified":"2023-03-23T09:24:16","modified_gmt":"2023-03-23T02:24:16","slug":"funwhole-fh9002-jack-and-the-magic-beans-with-958-pieces","status":"publish","type":"product","link":"https:\/\/mouldking.store\/es\/shop\/funwhole-fh9002-jack-and-the-magic-beans-with-958-pieces\/","title":{"rendered":"FUNWHOLE FH9002 Jack and the Magic Beans con 958 piezas"},"content":{"rendered":"<p>Informaci\u00f3n del Producto:<\/p>\n<ol>\n<li>Brand: FUNWHOLE<\/li>\n<li>G\u00e9nero: Unisex<\/li>\n<li>Name: Jack and the Magic Beans<\/li>\n<li>Rango de edad: &gt; 6 a\u00f1os<\/li>\n<li>Model Number: FH9002<\/li>\n<li>Clasificaci\u00f3n: Ensamblaje<\/li>\n<li>Forma de bloque de pl\u00e1stico: Ladrillos autoblocantes<\/li>\n<li>Material: Pl\u00e1stico<\/li>\n<li>Tipo de pl\u00e1stico: ABS<\/li>\n<li>Bricks Blocks: 958 PCSContains detailed assembly instructions.<\/li>\n<\/ol>\n<p>Aviso:<br \/>\n1. Sin caja original, pero garantizamos que nuestros productos tienen garant\u00eda de calidad y un buen embalaje.<br \/>\n2. Como todas las piezas que hemos comprobado antes del env\u00edo, si encuentra que faltan piezas o est\u00e1n da\u00f1adas, no se preocupe y p\u00f3ngase en contacto con nosotros y podemos reenvi\u00e1rselas inmediatamente de forma gratuita.<\/p>\n<figure id=\"attachment_33740\" aria-describedby=\"caption-attachment-33740\" style=\"width: 1024px\" class=\"wp-caption aligncenter\"><img fetchpriority=\"high\" decoding=\"async\" class=\"wp-image-33740 size-large\" src=\"https:\/\/mouldking.store\/wp-content\/uploads\/2022\/11\/Creator-FUNWHOLE-FH9002-Jack-and-the-Magic-Beans-1-1024x1024.jpg\" alt=\"FUNWHOLE FH9002 Jack and the Magic Beans With 958 Pieces\" width=\"1024\" height=\"1024\" title=\"-\" srcset=\"https:\/\/mouldking.store\/wp-content\/uploads\/2022\/11\/Creator-FUNWHOLE-FH9002-Jack-and-the-Magic-Beans-1-1024x1024.jpg 1024w, https:\/\/mouldking.store\/wp-content\/uploads\/2022\/11\/Creator-FUNWHOLE-FH9002-Jack-and-the-Magic-Beans-1-300x300.jpg 300w, https:\/\/mouldking.store\/wp-content\/uploads\/2022\/11\/Creator-FUNWHOLE-FH9002-Jack-and-the-Magic-Beans-1-768x768.jpg 768w, https:\/\/mouldking.store\/wp-content\/uploads\/2022\/11\/Creator-FUNWHOLE-FH9002-Jack-and-the-Magic-Beans-1-1536x1536.jpg 1536w, https:\/\/mouldking.store\/wp-content\/uploads\/2022\/11\/Creator-FUNWHOLE-FH9002-Jack-and-the-Magic-Beans-1-600x600.jpg 600w, https:\/\/mouldking.store\/wp-content\/uploads\/2022\/11\/Creator-FUNWHOLE-FH9002-Jack-and-the-Magic-Beans-1-150x150.jpg 150w, https:\/\/mouldking.store\/wp-content\/uploads\/2022\/11\/Creator-FUNWHOLE-FH9002-Jack-and-the-Magic-Beans-1-60x60.jpg 60w, https:\/\/mouldking.store\/wp-content\/uploads\/2022\/11\/Creator-FUNWHOLE-FH9002-Jack-and-the-Magic-Beans-1-90x90.jpg 90w, https:\/\/mouldking.store\/wp-content\/uploads\/2022\/11\/Creator-FUNWHOLE-FH9002-Jack-and-the-Magic-Beans-1.jpg 1600w\" sizes=\"(max-width: 1024px) 100vw, 1024px\" \/><figcaption id=\"caption-attachment-33740\" class=\"wp-caption-text\">FUNWHOLE FH9002 Jack and the Magic Beans con 958 piezas<\/figcaption><\/figure>\n<figure id=\"attachment_33741\" aria-describedby=\"caption-attachment-33741\" style=\"width: 1024px\" class=\"wp-caption aligncenter\"><img decoding=\"async\" class=\"wp-image-33741 size-large\" src=\"https:\/\/mouldking.store\/wp-content\/uploads\/2022\/11\/Creator-FUNWHOLE-FH9002-Jack-and-the-Magic-Beans-6-1024x1024.jpg\" alt=\"FUNWHOLE FH9002 Jack and the Magic Beans With 958 Pieces\" width=\"1024\" height=\"1024\" title=\"-\" srcset=\"https:\/\/mouldking.store\/wp-content\/uploads\/2022\/11\/Creator-FUNWHOLE-FH9002-Jack-and-the-Magic-Beans-6-1024x1024.jpg 1024w, https:\/\/mouldking.store\/wp-content\/uploads\/2022\/11\/Creator-FUNWHOLE-FH9002-Jack-and-the-Magic-Beans-6-300x300.jpg 300w, https:\/\/mouldking.store\/wp-content\/uploads\/2022\/11\/Creator-FUNWHOLE-FH9002-Jack-and-the-Magic-Beans-6-768x768.jpg 768w, https:\/\/mouldking.store\/wp-content\/uploads\/2022\/11\/Creator-FUNWHOLE-FH9002-Jack-and-the-Magic-Beans-6-1536x1536.jpg 1536w, https:\/\/mouldking.store\/wp-content\/uploads\/2022\/11\/Creator-FUNWHOLE-FH9002-Jack-and-the-Magic-Beans-6-600x600.jpg 600w, https:\/\/mouldking.store\/wp-content\/uploads\/2022\/11\/Creator-FUNWHOLE-FH9002-Jack-and-the-Magic-Beans-6-150x150.jpg 150w, https:\/\/mouldking.store\/wp-content\/uploads\/2022\/11\/Creator-FUNWHOLE-FH9002-Jack-and-the-Magic-Beans-6-60x60.jpg 60w, https:\/\/mouldking.store\/wp-content\/uploads\/2022\/11\/Creator-FUNWHOLE-FH9002-Jack-and-the-Magic-Beans-6-90x90.jpg 90w, https:\/\/mouldking.store\/wp-content\/uploads\/2022\/11\/Creator-FUNWHOLE-FH9002-Jack-and-the-Magic-Beans-6.jpg 1600w\" sizes=\"(max-width: 1024px) 100vw, 1024px\" \/><figcaption id=\"caption-attachment-33741\" class=\"wp-caption-text\">FUNWHOLE FH9002 Jack and the Magic Beans con 958 piezas<\/figcaption><\/figure>\n<figure id=\"attachment_33742\" aria-describedby=\"caption-attachment-33742\" style=\"width: 1024px\" class=\"wp-caption aligncenter\"><img decoding=\"async\" class=\"wp-image-33742 size-large\" src=\"https:\/\/mouldking.store\/wp-content\/uploads\/2022\/11\/Creator-FUNWHOLE-FH9002-Jack-and-the-Magic-Beans-5-1024x1024.jpg\" alt=\"FUNWHOLE FH9002 Jack and the Magic Beans With 958 Pieces\" width=\"1024\" height=\"1024\" title=\"-\" srcset=\"https:\/\/mouldking.store\/wp-content\/uploads\/2022\/11\/Creator-FUNWHOLE-FH9002-Jack-and-the-Magic-Beans-5-1024x1024.jpg 1024w, https:\/\/mouldking.store\/wp-content\/uploads\/2022\/11\/Creator-FUNWHOLE-FH9002-Jack-and-the-Magic-Beans-5-300x300.jpg 300w, https:\/\/mouldking.store\/wp-content\/uploads\/2022\/11\/Creator-FUNWHOLE-FH9002-Jack-and-the-Magic-Beans-5-768x768.jpg 768w, https:\/\/mouldking.store\/wp-content\/uploads\/2022\/11\/Creator-FUNWHOLE-FH9002-Jack-and-the-Magic-Beans-5-1536x1536.jpg 1536w, https:\/\/mouldking.store\/wp-content\/uploads\/2022\/11\/Creator-FUNWHOLE-FH9002-Jack-and-the-Magic-Beans-5-600x600.jpg 600w, https:\/\/mouldking.store\/wp-content\/uploads\/2022\/11\/Creator-FUNWHOLE-FH9002-Jack-and-the-Magic-Beans-5-150x150.jpg 150w, https:\/\/mouldking.store\/wp-content\/uploads\/2022\/11\/Creator-FUNWHOLE-FH9002-Jack-and-the-Magic-Beans-5-60x60.jpg 60w, https:\/\/mouldking.store\/wp-content\/uploads\/2022\/11\/Creator-FUNWHOLE-FH9002-Jack-and-the-Magic-Beans-5-90x90.jpg 90w, https:\/\/mouldking.store\/wp-content\/uploads\/2022\/11\/Creator-FUNWHOLE-FH9002-Jack-and-the-Magic-Beans-5.jpg 1600w\" sizes=\"(max-width: 1024px) 100vw, 1024px\" \/><figcaption id=\"caption-attachment-33742\" class=\"wp-caption-text\">FUNWHOLE FH9002 Jack and the Magic Beans con 958 piezas<\/figcaption><\/figure>\n<figure id=\"attachment_33743\" aria-describedby=\"caption-attachment-33743\" style=\"width: 1024px\" class=\"wp-caption aligncenter\"><img loading=\"lazy\" decoding=\"async\" class=\"wp-image-33743 size-large\" src=\"https:\/\/mouldking.store\/wp-content\/uploads\/2022\/11\/Creator-FUNWHOLE-FH9002-Jack-and-the-Magic-Beans-4-1024x1024.jpg\" alt=\"FUNWHOLE FH9002 Jack and the Magic Beans With 958 Pieces\" width=\"1024\" height=\"1024\" title=\"-\" srcset=\"https:\/\/mouldking.store\/wp-content\/uploads\/2022\/11\/Creator-FUNWHOLE-FH9002-Jack-and-the-Magic-Beans-4-1024x1024.jpg 1024w, https:\/\/mouldking.store\/wp-content\/uploads\/2022\/11\/Creator-FUNWHOLE-FH9002-Jack-and-the-Magic-Beans-4-300x300.jpg 300w, https:\/\/mouldking.store\/wp-content\/uploads\/2022\/11\/Creator-FUNWHOLE-FH9002-Jack-and-the-Magic-Beans-4-768x768.jpg 768w, https:\/\/mouldking.store\/wp-content\/uploads\/2022\/11\/Creator-FUNWHOLE-FH9002-Jack-and-the-Magic-Beans-4-1536x1536.jpg 1536w, https:\/\/mouldking.store\/wp-content\/uploads\/2022\/11\/Creator-FUNWHOLE-FH9002-Jack-and-the-Magic-Beans-4-600x600.jpg 600w, https:\/\/mouldking.store\/wp-content\/uploads\/2022\/11\/Creator-FUNWHOLE-FH9002-Jack-and-the-Magic-Beans-4-150x150.jpg 150w, https:\/\/mouldking.store\/wp-content\/uploads\/2022\/11\/Creator-FUNWHOLE-FH9002-Jack-and-the-Magic-Beans-4-60x60.jpg 60w, https:\/\/mouldking.store\/wp-content\/uploads\/2022\/11\/Creator-FUNWHOLE-FH9002-Jack-and-the-Magic-Beans-4-90x90.jpg 90w, https:\/\/mouldking.store\/wp-content\/uploads\/2022\/11\/Creator-FUNWHOLE-FH9002-Jack-and-the-Magic-Beans-4.jpg 1600w\" sizes=\"(max-width: 1024px) 100vw, 1024px\" \/><figcaption id=\"caption-attachment-33743\" class=\"wp-caption-text\">FUNWHOLE FH9002 Jack and the Magic Beans con 958 piezas<\/figcaption><\/figure>\n<figure id=\"attachment_33744\" aria-describedby=\"caption-attachment-33744\" style=\"width: 1024px\" class=\"wp-caption aligncenter\"><img loading=\"lazy\" decoding=\"async\" class=\"wp-image-33744 size-large\" src=\"https:\/\/mouldking.store\/wp-content\/uploads\/2022\/11\/Creator-FUNWHOLE-FH9002-Jack-and-the-Magic-Beans-3-1024x1024.jpg\" alt=\"FUNWHOLE FH9002 Jack and the Magic Beans With 958 Pieces\" width=\"1024\" height=\"1024\" title=\"-\" srcset=\"https:\/\/mouldking.store\/wp-content\/uploads\/2022\/11\/Creator-FUNWHOLE-FH9002-Jack-and-the-Magic-Beans-3-1024x1024.jpg 1024w, https:\/\/mouldking.store\/wp-content\/uploads\/2022\/11\/Creator-FUNWHOLE-FH9002-Jack-and-the-Magic-Beans-3-300x300.jpg 300w, https:\/\/mouldking.store\/wp-content\/uploads\/2022\/11\/Creator-FUNWHOLE-FH9002-Jack-and-the-Magic-Beans-3-768x768.jpg 768w, https:\/\/mouldking.store\/wp-content\/uploads\/2022\/11\/Creator-FUNWHOLE-FH9002-Jack-and-the-Magic-Beans-3-1536x1536.jpg 1536w, https:\/\/mouldking.store\/wp-content\/uploads\/2022\/11\/Creator-FUNWHOLE-FH9002-Jack-and-the-Magic-Beans-3-600x600.jpg 600w, https:\/\/mouldking.store\/wp-content\/uploads\/2022\/11\/Creator-FUNWHOLE-FH9002-Jack-and-the-Magic-Beans-3-150x150.jpg 150w, https:\/\/mouldking.store\/wp-content\/uploads\/2022\/11\/Creator-FUNWHOLE-FH9002-Jack-and-the-Magic-Beans-3-60x60.jpg 60w, https:\/\/mouldking.store\/wp-content\/uploads\/2022\/11\/Creator-FUNWHOLE-FH9002-Jack-and-the-Magic-Beans-3-90x90.jpg 90w, https:\/\/mouldking.store\/wp-content\/uploads\/2022\/11\/Creator-FUNWHOLE-FH9002-Jack-and-the-Magic-Beans-3.jpg 1600w\" sizes=\"(max-width: 1024px) 100vw, 1024px\" \/><figcaption id=\"caption-attachment-33744\" class=\"wp-caption-text\">FUNWHOLE FH9002 Jack and the Magic Beans con 958 piezas<\/figcaption><\/figure>\n<figure id=\"attachment_33745\" aria-describedby=\"caption-attachment-33745\" style=\"width: 1024px\" class=\"wp-caption aligncenter\"><img loading=\"lazy\" decoding=\"async\" class=\"wp-image-33745 size-large\" src=\"https:\/\/mouldking.store\/wp-content\/uploads\/2022\/11\/Creator-FUNWHOLE-FH9002-Jack-and-the-Magic-Beans-2-1024x1024.jpg\" alt=\"FUNWHOLE FH9002 Jack and the Magic Beans With 958 Pieces\" width=\"1024\" height=\"1024\" title=\"-\" srcset=\"https:\/\/mouldking.store\/wp-content\/uploads\/2022\/11\/Creator-FUNWHOLE-FH9002-Jack-and-the-Magic-Beans-2-1024x1024.jpg 1024w, https:\/\/mouldking.store\/wp-content\/uploads\/2022\/11\/Creator-FUNWHOLE-FH9002-Jack-and-the-Magic-Beans-2-300x300.jpg 300w, https:\/\/mouldking.store\/wp-content\/uploads\/2022\/11\/Creator-FUNWHOLE-FH9002-Jack-and-the-Magic-Beans-2-768x768.jpg 768w, https:\/\/mouldking.store\/wp-content\/uploads\/2022\/11\/Creator-FUNWHOLE-FH9002-Jack-and-the-Magic-Beans-2-1536x1536.jpg 1536w, https:\/\/mouldking.store\/wp-content\/uploads\/2022\/11\/Creator-FUNWHOLE-FH9002-Jack-and-the-Magic-Beans-2-600x600.jpg 600w, https:\/\/mouldking.store\/wp-content\/uploads\/2022\/11\/Creator-FUNWHOLE-FH9002-Jack-and-the-Magic-Beans-2-150x150.jpg 150w, https:\/\/mouldking.store\/wp-content\/uploads\/2022\/11\/Creator-FUNWHOLE-FH9002-Jack-and-the-Magic-Beans-2-60x60.jpg 60w, https:\/\/mouldking.store\/wp-content\/uploads\/2022\/11\/Creator-FUNWHOLE-FH9002-Jack-and-the-Magic-Beans-2-90x90.jpg 90w, https:\/\/mouldking.store\/wp-content\/uploads\/2022\/11\/Creator-FUNWHOLE-FH9002-Jack-and-the-Magic-Beans-2.jpg 1600w\" sizes=\"(max-width: 1024px) 100vw, 1024px\" \/><figcaption id=\"caption-attachment-33745\" class=\"wp-caption-text\">FUNWHOLE FH9002 Jack and the Magic Beans con 958 piezas<\/figcaption><\/figure>","protected":false},"excerpt":{"rendered":"<p>Product information: Brand: FUNWHOLE Gender: Unisex Name: Jack and the Magic Beans Age Range: &gt; 6 years old Model Number: FH9002 Classification: Assemblage Plastic Block Shape: Self-Locking Bricks Material: Plastic Plastic Type: ABS Bricks Blocks: 958 PCSContains detailed assembly instructions. Notice: 1. Without an original box, but we guarantee our products have quality assurance and [&hellip;]<\/p>","protected":false},"featured_media":33740,"comment_status":"closed","ping_status":"closed","template":"","meta":{"_acf_changed":false},"product_cat":[1365],"product_tag":[6475,6467,6479,6474,6476,6478,6477],"class_list":["product","first","outofstock","shipping-taxable","purchasable","product-type-simple"],"acf":[],"_links":{"self":[{"href":"https:\/\/mouldking.store\/es\/wp-json\/wp\/v2\/product\/33737","targetHints":{"allow":["GET"]}}],"collection":[{"href":"https:\/\/mouldking.store\/es\/wp-json\/wp\/v2\/product"}],"about":[{"href":"https:\/\/mouldking.store\/es\/wp-json\/wp\/v2\/types\/product"}],"replies":[{"embeddable":true,"href":"https:\/\/mouldking.store\/es\/wp-json\/wp\/v2\/comments?post=33737"}],"wp:featuredmedia":[{"embeddable":true,"href":"https:\/\/mouldking.store\/es\/wp-json\/wp\/v2\/media\/33740"}],"wp:attachment":[{"href":"https:\/\/mouldking.store\/es\/wp-json\/wp\/v2\/media?parent=33737"}],"wp:term":[{"taxonomy":"product_cat","embeddable":true,"href":"https:\/\/mouldking.store\/es\/wp-json\/wp\/v2\/product_cat?post=33737"},{"taxonomy":"product_tag","embeddable":true,"href":"https:\/\/mouldking.store\/es\/wp-json\/wp\/v2\/product_tag?post=33737"}],"curies":[{"name":"wp","href":"https:\/\/api.w.org\/{rel}","templated":true}]}}