{"id":33738,"date":"2022-11-02T17:14:19","date_gmt":"2022-11-02T10:14:19","guid":{"rendered":"https:\/\/mouldking.store\/?post_type=product&#038;p=33738"},"modified":"2022-11-02T17:14:19","modified_gmt":"2022-11-02T10:14:19","slug":"qizhile-e0300-tiger-head-with-3000-pieces","status":"publish","type":"product","link":"https:\/\/mouldking.store\/es\/shop\/qizhile-e0300-tiger-head-with-3000-pieces\/","title":{"rendered":"QIZHILE E0300 Cabeza de tigre con 3000 piezas"},"content":{"rendered":"<p>Informaci\u00f3n del Producto:<\/p>\n<ol>\n<li>Marca: QIZHILE<\/li>\n<li>G\u00e9nero: Unisex<\/li>\n<li>Nombre: cabeza de tigre<\/li>\n<li>Rango de edad: &gt; 6 a\u00f1os<\/li>\n<li>Model Number: E0300<\/li>\n<li>Clasificaci\u00f3n: Ensamblaje<\/li>\n<li>Forma de bloque de pl\u00e1stico: Ladrillos autoblocantes<\/li>\n<li>Material: Pl\u00e1stico<\/li>\n<li>Tipo de pl\u00e1stico: ABS<\/li>\n<li>Bricks Blocks: 3000 PCS<\/li>\n<li>Dimensions: 37 x 30 x 36 cm<\/li>\n<li>Contiene instrucciones de montaje detalladas.<\/li>\n<\/ol>\n<p>Aviso:<br \/>\n1. Sin caja original, pero garantizamos que nuestros productos tienen garant\u00eda de calidad y un buen embalaje.<br \/>\n2. Como todas las piezas que hemos comprobado antes del env\u00edo, si encuentra que faltan piezas o est\u00e1n da\u00f1adas, no se preocupe y p\u00f3ngase en contacto con nosotros y podemos reenvi\u00e1rselas inmediatamente de forma gratuita.<\/p>\n<figure id=\"attachment_33747\" aria-describedby=\"caption-attachment-33747\" style=\"width: 1000px\" class=\"wp-caption aligncenter\"><img fetchpriority=\"high\" decoding=\"async\" class=\"wp-image-33747 size-full\" src=\"https:\/\/mouldking.store\/wp-content\/uploads\/2022\/11\/Creator-QIZHILE-E0300-Tiger-Head-1.jpg\" alt=\" QIZHILE E0300 Tiger Head With 3000 Pieces\" width=\"1000\" height=\"1000\" title=\"-\" srcset=\"https:\/\/mouldking.store\/wp-content\/uploads\/2022\/11\/Creator-QIZHILE-E0300-Tiger-Head-1.jpg 1000w, https:\/\/mouldking.store\/wp-content\/uploads\/2022\/11\/Creator-QIZHILE-E0300-Tiger-Head-1-300x300.jpg 300w, https:\/\/mouldking.store\/wp-content\/uploads\/2022\/11\/Creator-QIZHILE-E0300-Tiger-Head-1-768x768.jpg 768w, https:\/\/mouldking.store\/wp-content\/uploads\/2022\/11\/Creator-QIZHILE-E0300-Tiger-Head-1-600x600.jpg 600w, https:\/\/mouldking.store\/wp-content\/uploads\/2022\/11\/Creator-QIZHILE-E0300-Tiger-Head-1-150x150.jpg 150w, https:\/\/mouldking.store\/wp-content\/uploads\/2022\/11\/Creator-QIZHILE-E0300-Tiger-Head-1-60x60.jpg 60w, https:\/\/mouldking.store\/wp-content\/uploads\/2022\/11\/Creator-QIZHILE-E0300-Tiger-Head-1-90x90.jpg 90w\" sizes=\"(max-width: 1000px) 100vw, 1000px\" \/><figcaption id=\"caption-attachment-33747\" class=\"wp-caption-text\">QIZHILE E0300 Cabeza de tigre con 3000 piezas<\/figcaption><\/figure>\n<figure id=\"attachment_33748\" aria-describedby=\"caption-attachment-33748\" style=\"width: 1000px\" class=\"wp-caption aligncenter\"><img decoding=\"async\" class=\"wp-image-33748 size-full\" src=\"https:\/\/mouldking.store\/wp-content\/uploads\/2022\/11\/Creator-QIZHILE-E0300-Tiger-Head-5.jpg\" alt=\" QIZHILE E0300 Tiger Head With 3000 Pieces\" width=\"1000\" height=\"1000\" title=\"-\" srcset=\"https:\/\/mouldking.store\/wp-content\/uploads\/2022\/11\/Creator-QIZHILE-E0300-Tiger-Head-5.jpg 1000w, https:\/\/mouldking.store\/wp-content\/uploads\/2022\/11\/Creator-QIZHILE-E0300-Tiger-Head-5-300x300.jpg 300w, https:\/\/mouldking.store\/wp-content\/uploads\/2022\/11\/Creator-QIZHILE-E0300-Tiger-Head-5-768x768.jpg 768w, https:\/\/mouldking.store\/wp-content\/uploads\/2022\/11\/Creator-QIZHILE-E0300-Tiger-Head-5-600x600.jpg 600w, https:\/\/mouldking.store\/wp-content\/uploads\/2022\/11\/Creator-QIZHILE-E0300-Tiger-Head-5-150x150.jpg 150w, https:\/\/mouldking.store\/wp-content\/uploads\/2022\/11\/Creator-QIZHILE-E0300-Tiger-Head-5-60x60.jpg 60w, https:\/\/mouldking.store\/wp-content\/uploads\/2022\/11\/Creator-QIZHILE-E0300-Tiger-Head-5-90x90.jpg 90w\" sizes=\"(max-width: 1000px) 100vw, 1000px\" \/><figcaption id=\"caption-attachment-33748\" class=\"wp-caption-text\">QIZHILE E0300 Cabeza de tigre con 3000 piezas<\/figcaption><\/figure>\n<figure id=\"attachment_33749\" aria-describedby=\"caption-attachment-33749\" style=\"width: 1000px\" class=\"wp-caption aligncenter\"><img decoding=\"async\" class=\"wp-image-33749 size-full\" src=\"https:\/\/mouldking.store\/wp-content\/uploads\/2022\/11\/Creator-QIZHILE-E0300-Tiger-Head-4.jpg\" alt=\" QIZHILE E0300 Tiger Head With 3000 Pieces\" width=\"1000\" height=\"1000\" title=\"-\" srcset=\"https:\/\/mouldking.store\/wp-content\/uploads\/2022\/11\/Creator-QIZHILE-E0300-Tiger-Head-4.jpg 1000w, https:\/\/mouldking.store\/wp-content\/uploads\/2022\/11\/Creator-QIZHILE-E0300-Tiger-Head-4-300x300.jpg 300w, https:\/\/mouldking.store\/wp-content\/uploads\/2022\/11\/Creator-QIZHILE-E0300-Tiger-Head-4-768x768.jpg 768w, https:\/\/mouldking.store\/wp-content\/uploads\/2022\/11\/Creator-QIZHILE-E0300-Tiger-Head-4-600x600.jpg 600w, https:\/\/mouldking.store\/wp-content\/uploads\/2022\/11\/Creator-QIZHILE-E0300-Tiger-Head-4-150x150.jpg 150w, https:\/\/mouldking.store\/wp-content\/uploads\/2022\/11\/Creator-QIZHILE-E0300-Tiger-Head-4-60x60.jpg 60w, https:\/\/mouldking.store\/wp-content\/uploads\/2022\/11\/Creator-QIZHILE-E0300-Tiger-Head-4-90x90.jpg 90w\" sizes=\"(max-width: 1000px) 100vw, 1000px\" \/><figcaption id=\"caption-attachment-33749\" class=\"wp-caption-text\">QIZHILE E0300 Cabeza de tigre con 3000 piezas<\/figcaption><\/figure>\n<figure id=\"attachment_33750\" aria-describedby=\"caption-attachment-33750\" style=\"width: 1000px\" class=\"wp-caption aligncenter\"><img loading=\"lazy\" decoding=\"async\" class=\"wp-image-33750 size-full\" src=\"https:\/\/mouldking.store\/wp-content\/uploads\/2022\/11\/Creator-QIZHILE-E0300-Tiger-Head-3.jpg\" alt=\" QIZHILE E0300 Tiger Head With 3000 Pieces\" width=\"1000\" height=\"1000\" title=\"-\" srcset=\"https:\/\/mouldking.store\/wp-content\/uploads\/2022\/11\/Creator-QIZHILE-E0300-Tiger-Head-3.jpg 1000w, https:\/\/mouldking.store\/wp-content\/uploads\/2022\/11\/Creator-QIZHILE-E0300-Tiger-Head-3-300x300.jpg 300w, https:\/\/mouldking.store\/wp-content\/uploads\/2022\/11\/Creator-QIZHILE-E0300-Tiger-Head-3-768x768.jpg 768w, https:\/\/mouldking.store\/wp-content\/uploads\/2022\/11\/Creator-QIZHILE-E0300-Tiger-Head-3-600x600.jpg 600w, https:\/\/mouldking.store\/wp-content\/uploads\/2022\/11\/Creator-QIZHILE-E0300-Tiger-Head-3-150x150.jpg 150w, https:\/\/mouldking.store\/wp-content\/uploads\/2022\/11\/Creator-QIZHILE-E0300-Tiger-Head-3-60x60.jpg 60w, https:\/\/mouldking.store\/wp-content\/uploads\/2022\/11\/Creator-QIZHILE-E0300-Tiger-Head-3-90x90.jpg 90w\" sizes=\"(max-width: 1000px) 100vw, 1000px\" \/><figcaption id=\"caption-attachment-33750\" class=\"wp-caption-text\">QIZHILE E0300 Cabeza de tigre con 3000 piezas<\/figcaption><\/figure>\n<figure id=\"attachment_33751\" aria-describedby=\"caption-attachment-33751\" style=\"width: 1000px\" class=\"wp-caption aligncenter\"><img loading=\"lazy\" decoding=\"async\" class=\"wp-image-33751 size-full\" src=\"https:\/\/mouldking.store\/wp-content\/uploads\/2022\/11\/Creator-QIZHILE-E0300-Tiger-Head-2.jpg\" alt=\" QIZHILE E0300 Tiger Head With 3000 Pieces\" width=\"1000\" height=\"1000\" title=\"-\" srcset=\"https:\/\/mouldking.store\/wp-content\/uploads\/2022\/11\/Creator-QIZHILE-E0300-Tiger-Head-2.jpg 1000w, https:\/\/mouldking.store\/wp-content\/uploads\/2022\/11\/Creator-QIZHILE-E0300-Tiger-Head-2-300x300.jpg 300w, https:\/\/mouldking.store\/wp-content\/uploads\/2022\/11\/Creator-QIZHILE-E0300-Tiger-Head-2-768x768.jpg 768w, https:\/\/mouldking.store\/wp-content\/uploads\/2022\/11\/Creator-QIZHILE-E0300-Tiger-Head-2-600x600.jpg 600w, https:\/\/mouldking.store\/wp-content\/uploads\/2022\/11\/Creator-QIZHILE-E0300-Tiger-Head-2-150x150.jpg 150w, https:\/\/mouldking.store\/wp-content\/uploads\/2022\/11\/Creator-QIZHILE-E0300-Tiger-Head-2-60x60.jpg 60w, https:\/\/mouldking.store\/wp-content\/uploads\/2022\/11\/Creator-QIZHILE-E0300-Tiger-Head-2-90x90.jpg 90w\" sizes=\"(max-width: 1000px) 100vw, 1000px\" \/><figcaption id=\"caption-attachment-33751\" class=\"wp-caption-text\">QIZHILE E0300 Cabeza de tigre con 3000 piezas<\/figcaption><\/figure>","protected":false},"excerpt":{"rendered":"<p>Product information: Brand: QIZHILE Gender: Unisex Name: Tiger Head Age Range: &gt; 6 years old Model Number: E0300 Classification: Assemblage Plastic Block Shape: Self-Locking Bricks Material: Plastic Plastic Type: ABS Bricks Blocks: 3000 PCS Dimensions: 37 x 30 x 36 cm Contains detailed assembly instructions. Notice: 1. Without an original box, but we guarantee our [&hellip;]<\/p>","protected":false},"featured_media":33747,"comment_status":"closed","ping_status":"closed","template":"","meta":{"_acf_changed":false},"product_cat":[1365],"product_tag":[6481,6483,1750,6484,6480,6482,6485],"class_list":["product","first","instock","shipping-taxable","purchasable","product-type-simple"],"acf":[],"_links":{"self":[{"href":"https:\/\/mouldking.store\/es\/wp-json\/wp\/v2\/product\/33738","targetHints":{"allow":["GET"]}}],"collection":[{"href":"https:\/\/mouldking.store\/es\/wp-json\/wp\/v2\/product"}],"about":[{"href":"https:\/\/mouldking.store\/es\/wp-json\/wp\/v2\/types\/product"}],"replies":[{"embeddable":true,"href":"https:\/\/mouldking.store\/es\/wp-json\/wp\/v2\/comments?post=33738"}],"wp:featuredmedia":[{"embeddable":true,"href":"https:\/\/mouldking.store\/es\/wp-json\/wp\/v2\/media\/33747"}],"wp:attachment":[{"href":"https:\/\/mouldking.store\/es\/wp-json\/wp\/v2\/media?parent=33738"}],"wp:term":[{"taxonomy":"product_cat","embeddable":true,"href":"https:\/\/mouldking.store\/es\/wp-json\/wp\/v2\/product_cat?post=33738"},{"taxonomy":"product_tag","embeddable":true,"href":"https:\/\/mouldking.store\/es\/wp-json\/wp\/v2\/product_tag?post=33738"}],"curies":[{"name":"wp","href":"https:\/\/api.w.org\/{rel}","templated":true}]}}