{"id":33767,"date":"2022-11-02T17:36:00","date_gmt":"2022-11-02T10:36:00","guid":{"rendered":"https:\/\/mouldking.store\/?post_type=product&#038;p=33767"},"modified":"2022-11-02T17:36:00","modified_gmt":"2022-11-02T10:36:00","slug":"reobrix-66026-european-century-bazaar-with-2922-pieces","status":"publish","type":"product","link":"https:\/\/mouldking.store\/es\/shop\/reobrix-66026-european-century-bazaar-with-2922-pieces\/","title":{"rendered":"Reobrix 66026 Bazar del siglo europeo con 2922 piezas"},"content":{"rendered":"<p>Informaci\u00f3n del Producto:<\/p>\n<ol>\n<li>Marca: Reobrix<\/li>\n<li>G\u00e9nero: Unisex<\/li>\n<li>Name: European Century Bazaar<\/li>\n<li>Rango de edad: &gt; 6 a\u00f1os<\/li>\n<li>Model Number: 66026<\/li>\n<li>Clasificaci\u00f3n: Ensamblaje<\/li>\n<li>Forma de bloque de pl\u00e1stico: Ladrillos autoblocantes<\/li>\n<li>Material: Pl\u00e1stico<\/li>\n<li>Tipo de pl\u00e1stico: ABS<\/li>\n<li>Bricks Blocks: 2922 PCS<\/li>\n<li>Dimensions: \u00a015 \u00d7 29.5 \u00d7 29.5 cm<\/li>\n<li>Contiene instrucciones de montaje detalladas.<\/li>\n<\/ol>\n<p>Aviso:<br \/>\n1. Sin caja original, pero garantizamos que nuestros productos tienen garant\u00eda de calidad y un buen embalaje.<br \/>\n2. Como todas las piezas que hemos comprobado antes del env\u00edo, si encuentra que faltan piezas o est\u00e1n da\u00f1adas, no se preocupe y p\u00f3ngase en contacto con nosotros y podemos reenvi\u00e1rselas inmediatamente de forma gratuita.<\/p>\n<figure id=\"attachment_33768\" aria-describedby=\"caption-attachment-33768\" style=\"width: 800px\" class=\"wp-caption aligncenter\"><img fetchpriority=\"high\" decoding=\"async\" class=\"wp-image-33768 size-full\" src=\"https:\/\/mouldking.store\/wp-content\/uploads\/2022\/11\/Modular-Buildings-Reobrix-66026-European-Century-Bazaar-5.jpg\" alt=\"Reobrix 66026 European Century Bazaar With 2922 Pieces\" width=\"800\" height=\"800\" title=\"-\" srcset=\"https:\/\/mouldking.store\/wp-content\/uploads\/2022\/11\/Modular-Buildings-Reobrix-66026-European-Century-Bazaar-5.jpg 800w, https:\/\/mouldking.store\/wp-content\/uploads\/2022\/11\/Modular-Buildings-Reobrix-66026-European-Century-Bazaar-5-300x300.jpg 300w, https:\/\/mouldking.store\/wp-content\/uploads\/2022\/11\/Modular-Buildings-Reobrix-66026-European-Century-Bazaar-5-768x768.jpg 768w, https:\/\/mouldking.store\/wp-content\/uploads\/2022\/11\/Modular-Buildings-Reobrix-66026-European-Century-Bazaar-5-600x600.jpg 600w, https:\/\/mouldking.store\/wp-content\/uploads\/2022\/11\/Modular-Buildings-Reobrix-66026-European-Century-Bazaar-5-150x150.jpg 150w, https:\/\/mouldking.store\/wp-content\/uploads\/2022\/11\/Modular-Buildings-Reobrix-66026-European-Century-Bazaar-5-60x60.jpg 60w, https:\/\/mouldking.store\/wp-content\/uploads\/2022\/11\/Modular-Buildings-Reobrix-66026-European-Century-Bazaar-5-90x90.jpg 90w\" sizes=\"(max-width: 800px) 100vw, 800px\" \/><figcaption id=\"caption-attachment-33768\" class=\"wp-caption-text\">Reobrix 66026 Bazar del siglo europeo con 2922 piezas<\/figcaption><\/figure>\n<figure id=\"attachment_33769\" aria-describedby=\"caption-attachment-33769\" style=\"width: 800px\" class=\"wp-caption aligncenter\"><img decoding=\"async\" class=\"wp-image-33769 size-full\" src=\"https:\/\/mouldking.store\/wp-content\/uploads\/2022\/11\/Modular-Buildings-Reobrix-66026-European-Century-Bazaar-1.jpg\" alt=\"Reobrix 66026 European Century Bazaar With 2922 Pieces\" width=\"800\" height=\"800\" title=\"-\" srcset=\"https:\/\/mouldking.store\/wp-content\/uploads\/2022\/11\/Modular-Buildings-Reobrix-66026-European-Century-Bazaar-1.jpg 800w, https:\/\/mouldking.store\/wp-content\/uploads\/2022\/11\/Modular-Buildings-Reobrix-66026-European-Century-Bazaar-1-300x300.jpg 300w, https:\/\/mouldking.store\/wp-content\/uploads\/2022\/11\/Modular-Buildings-Reobrix-66026-European-Century-Bazaar-1-768x768.jpg 768w, https:\/\/mouldking.store\/wp-content\/uploads\/2022\/11\/Modular-Buildings-Reobrix-66026-European-Century-Bazaar-1-600x600.jpg 600w, https:\/\/mouldking.store\/wp-content\/uploads\/2022\/11\/Modular-Buildings-Reobrix-66026-European-Century-Bazaar-1-150x150.jpg 150w, https:\/\/mouldking.store\/wp-content\/uploads\/2022\/11\/Modular-Buildings-Reobrix-66026-European-Century-Bazaar-1-60x60.jpg 60w, https:\/\/mouldking.store\/wp-content\/uploads\/2022\/11\/Modular-Buildings-Reobrix-66026-European-Century-Bazaar-1-90x90.jpg 90w\" sizes=\"(max-width: 800px) 100vw, 800px\" \/><figcaption id=\"caption-attachment-33769\" class=\"wp-caption-text\">Reobrix 66026 Bazar del siglo europeo con 2922 piezas<\/figcaption><\/figure>\n<figure id=\"attachment_33770\" aria-describedby=\"caption-attachment-33770\" style=\"width: 800px\" class=\"wp-caption aligncenter\"><img decoding=\"async\" class=\"wp-image-33770 size-full\" src=\"https:\/\/mouldking.store\/wp-content\/uploads\/2022\/11\/Modular-Buildings-Reobrix-66026-European-Century-Bazaar-3.jpg\" alt=\"Reobrix 66026 European Century Bazaar With 2922 Pieces\" width=\"800\" height=\"800\" title=\"-\" srcset=\"https:\/\/mouldking.store\/wp-content\/uploads\/2022\/11\/Modular-Buildings-Reobrix-66026-European-Century-Bazaar-3.jpg 800w, https:\/\/mouldking.store\/wp-content\/uploads\/2022\/11\/Modular-Buildings-Reobrix-66026-European-Century-Bazaar-3-300x300.jpg 300w, https:\/\/mouldking.store\/wp-content\/uploads\/2022\/11\/Modular-Buildings-Reobrix-66026-European-Century-Bazaar-3-768x768.jpg 768w, https:\/\/mouldking.store\/wp-content\/uploads\/2022\/11\/Modular-Buildings-Reobrix-66026-European-Century-Bazaar-3-600x600.jpg 600w, https:\/\/mouldking.store\/wp-content\/uploads\/2022\/11\/Modular-Buildings-Reobrix-66026-European-Century-Bazaar-3-150x150.jpg 150w, https:\/\/mouldking.store\/wp-content\/uploads\/2022\/11\/Modular-Buildings-Reobrix-66026-European-Century-Bazaar-3-60x60.jpg 60w, https:\/\/mouldking.store\/wp-content\/uploads\/2022\/11\/Modular-Buildings-Reobrix-66026-European-Century-Bazaar-3-90x90.jpg 90w\" sizes=\"(max-width: 800px) 100vw, 800px\" \/><figcaption id=\"caption-attachment-33770\" class=\"wp-caption-text\">Reobrix 66026 Bazar del siglo europeo con 2922 piezas<\/figcaption><\/figure>\n<figure id=\"attachment_33771\" aria-describedby=\"caption-attachment-33771\" style=\"width: 800px\" class=\"wp-caption aligncenter\"><img loading=\"lazy\" decoding=\"async\" class=\"wp-image-33771 size-full\" src=\"https:\/\/mouldking.store\/wp-content\/uploads\/2022\/11\/Modular-Buildings-Reobrix-66026-European-Century-Bazaar-4.jpg\" alt=\"Reobrix 66026 European Century Bazaar With 2922 Pieces\" width=\"800\" height=\"800\" title=\"-\" srcset=\"https:\/\/mouldking.store\/wp-content\/uploads\/2022\/11\/Modular-Buildings-Reobrix-66026-European-Century-Bazaar-4.jpg 800w, https:\/\/mouldking.store\/wp-content\/uploads\/2022\/11\/Modular-Buildings-Reobrix-66026-European-Century-Bazaar-4-300x300.jpg 300w, https:\/\/mouldking.store\/wp-content\/uploads\/2022\/11\/Modular-Buildings-Reobrix-66026-European-Century-Bazaar-4-768x768.jpg 768w, https:\/\/mouldking.store\/wp-content\/uploads\/2022\/11\/Modular-Buildings-Reobrix-66026-European-Century-Bazaar-4-600x600.jpg 600w, https:\/\/mouldking.store\/wp-content\/uploads\/2022\/11\/Modular-Buildings-Reobrix-66026-European-Century-Bazaar-4-150x150.jpg 150w, https:\/\/mouldking.store\/wp-content\/uploads\/2022\/11\/Modular-Buildings-Reobrix-66026-European-Century-Bazaar-4-60x60.jpg 60w, https:\/\/mouldking.store\/wp-content\/uploads\/2022\/11\/Modular-Buildings-Reobrix-66026-European-Century-Bazaar-4-90x90.jpg 90w\" sizes=\"(max-width: 800px) 100vw, 800px\" \/><figcaption id=\"caption-attachment-33771\" class=\"wp-caption-text\">Reobrix 66026 Bazar del siglo europeo con 2922 piezas<\/figcaption><\/figure>\n<figure id=\"attachment_33772\" aria-describedby=\"caption-attachment-33772\" style=\"width: 800px\" class=\"wp-caption aligncenter\"><img loading=\"lazy\" decoding=\"async\" class=\"wp-image-33772 size-full\" src=\"https:\/\/mouldking.store\/wp-content\/uploads\/2022\/11\/Modular-Buildings-Reobrix-66026-European-Century-Bazaar-2.jpg\" alt=\"Reobrix 66026 European Century Bazaar With 2922 Pieces\" width=\"800\" height=\"800\" title=\"-\" srcset=\"https:\/\/mouldking.store\/wp-content\/uploads\/2022\/11\/Modular-Buildings-Reobrix-66026-European-Century-Bazaar-2.jpg 800w, https:\/\/mouldking.store\/wp-content\/uploads\/2022\/11\/Modular-Buildings-Reobrix-66026-European-Century-Bazaar-2-300x300.jpg 300w, https:\/\/mouldking.store\/wp-content\/uploads\/2022\/11\/Modular-Buildings-Reobrix-66026-European-Century-Bazaar-2-768x768.jpg 768w, https:\/\/mouldking.store\/wp-content\/uploads\/2022\/11\/Modular-Buildings-Reobrix-66026-European-Century-Bazaar-2-600x600.jpg 600w, https:\/\/mouldking.store\/wp-content\/uploads\/2022\/11\/Modular-Buildings-Reobrix-66026-European-Century-Bazaar-2-150x150.jpg 150w, https:\/\/mouldking.store\/wp-content\/uploads\/2022\/11\/Modular-Buildings-Reobrix-66026-European-Century-Bazaar-2-60x60.jpg 60w, https:\/\/mouldking.store\/wp-content\/uploads\/2022\/11\/Modular-Buildings-Reobrix-66026-European-Century-Bazaar-2-90x90.jpg 90w\" sizes=\"(max-width: 800px) 100vw, 800px\" \/><figcaption id=\"caption-attachment-33772\" class=\"wp-caption-text\">Reobrix 66026 Bazar del siglo europeo con 2922 piezas<\/figcaption><\/figure>","protected":false},"excerpt":{"rendered":"<p>Product information: Brand: Reobrix Gender: Unisex Name: European Century Bazaar Age Range: &gt; 6 years old Model Number: 66026 Classification: Assemblage Plastic Block Shape: Self-Locking Bricks Material: Plastic Plastic Type: ABS Bricks Blocks: 2922 PCS Dimensions: \u00a015 \u00d7 29.5 \u00d7 29.5 cm Contains detailed assembly instructions. Notice: 1. Without an original box, but we guarantee [&hellip;]<\/p>","protected":false},"featured_media":33768,"comment_status":"closed","ping_status":"closed","template":"","meta":{"_acf_changed":false},"product_cat":[1395],"product_tag":[6495,6498,6497,6496,6499,6501,2669,6500,6494],"class_list":["product","first","instock","shipping-taxable","purchasable","product-type-simple"],"acf":[],"_links":{"self":[{"href":"https:\/\/mouldking.store\/es\/wp-json\/wp\/v2\/product\/33767","targetHints":{"allow":["GET"]}}],"collection":[{"href":"https:\/\/mouldking.store\/es\/wp-json\/wp\/v2\/product"}],"about":[{"href":"https:\/\/mouldking.store\/es\/wp-json\/wp\/v2\/types\/product"}],"replies":[{"embeddable":true,"href":"https:\/\/mouldking.store\/es\/wp-json\/wp\/v2\/comments?post=33767"}],"wp:featuredmedia":[{"embeddable":true,"href":"https:\/\/mouldking.store\/es\/wp-json\/wp\/v2\/media\/33768"}],"wp:attachment":[{"href":"https:\/\/mouldking.store\/es\/wp-json\/wp\/v2\/media?parent=33767"}],"wp:term":[{"taxonomy":"product_cat","embeddable":true,"href":"https:\/\/mouldking.store\/es\/wp-json\/wp\/v2\/product_cat?post=33767"},{"taxonomy":"product_tag","embeddable":true,"href":"https:\/\/mouldking.store\/es\/wp-json\/wp\/v2\/product_tag?post=33767"}],"curies":[{"name":"wp","href":"https:\/\/api.w.org\/{rel}","templated":true}]}}