{"id":33921,"date":"2022-11-04T10:09:20","date_gmt":"2022-11-04T03:09:20","guid":{"rendered":"https:\/\/mouldking.store\/?post_type=product&#038;p=33921"},"modified":"2022-11-04T10:09:20","modified_gmt":"2022-11-04T03:09:20","slug":"dk-6011-forever-colorful-plant-with-274-pieces","status":"publish","type":"product","link":"https:\/\/mouldking.store\/es\/shop\/dk-6011-forever-colorful-plant-with-274-pieces\/","title":{"rendered":"DK 6011 Forever Colorful Plant Con 274 Piezas"},"content":{"rendered":"<p>Informaci\u00f3n del Producto:<\/p>\n<ol>\n<li>Marca: DK<\/li>\n<li>G\u00e9nero: Unisex<\/li>\n<li>Name: Forever Colorful Plant<\/li>\n<li>Rango de edad: &gt; 6 a\u00f1os<\/li>\n<li>N\u00famero de modelo: 6011<\/li>\n<li>Clasificaci\u00f3n: Ensamblaje<\/li>\n<li>Forma de bloque de pl\u00e1stico: Ladrillos autoblocantes<\/li>\n<li>Material: Pl\u00e1stico<\/li>\n<li>Tipo de pl\u00e1stico: ABS<\/li>\n<li>Bricks Blocks: 274 PCS<\/li>\n<li>Dimensions: \u00a014 \u00d7 9 cm<\/li>\n<li>Contiene instrucciones de montaje detalladas.<\/li>\n<\/ol>\n<p>Aviso:<br \/>\n1. Sin caja original, pero garantizamos que nuestros productos tienen garant\u00eda de calidad y un buen embalaje.<br \/>\n2. Como todas las piezas que hemos comprobado antes del env\u00edo, si encuentra que faltan piezas o est\u00e1n da\u00f1adas, no se preocupe y p\u00f3ngase en contacto con nosotros y podemos reenvi\u00e1rselas inmediatamente de forma gratuita.<\/p>\n<figure id=\"attachment_33922\" aria-describedby=\"caption-attachment-33922\" style=\"width: 800px\" class=\"wp-caption aligncenter\"><img fetchpriority=\"high\" decoding=\"async\" class=\"wp-image-33922 size-full\" src=\"https:\/\/mouldking.store\/wp-content\/uploads\/2022\/11\/DK6011-1-d36c.jpg\" alt=\"DK 6011 Forever Colorful Plant With 274 Pieces\" width=\"800\" height=\"800\" title=\"-\" srcset=\"https:\/\/mouldking.store\/wp-content\/uploads\/2022\/11\/DK6011-1-d36c.jpg 800w, https:\/\/mouldking.store\/wp-content\/uploads\/2022\/11\/DK6011-1-d36c-300x300.jpg 300w, https:\/\/mouldking.store\/wp-content\/uploads\/2022\/11\/DK6011-1-d36c-768x768.jpg 768w, https:\/\/mouldking.store\/wp-content\/uploads\/2022\/11\/DK6011-1-d36c-600x600.jpg 600w, https:\/\/mouldking.store\/wp-content\/uploads\/2022\/11\/DK6011-1-d36c-150x150.jpg 150w, https:\/\/mouldking.store\/wp-content\/uploads\/2022\/11\/DK6011-1-d36c-60x60.jpg 60w, https:\/\/mouldking.store\/wp-content\/uploads\/2022\/11\/DK6011-1-d36c-90x90.jpg 90w\" sizes=\"(max-width: 800px) 100vw, 800px\" \/><figcaption id=\"caption-attachment-33922\" class=\"wp-caption-text\">DK 6011 Forever Colorful Plant Con 274 Piezas<\/figcaption><\/figure>\n<figure id=\"attachment_33923\" aria-describedby=\"caption-attachment-33923\" style=\"width: 800px\" class=\"wp-caption aligncenter\"><img decoding=\"async\" class=\"wp-image-33923 size-full\" src=\"https:\/\/mouldking.store\/wp-content\/uploads\/2022\/11\/DK6011-3-e87f.jpg\" alt=\"DK 6011 Forever Colorful Plant With 274 Pieces\" width=\"800\" height=\"800\" title=\"-\" srcset=\"https:\/\/mouldking.store\/wp-content\/uploads\/2022\/11\/DK6011-3-e87f.jpg 800w, https:\/\/mouldking.store\/wp-content\/uploads\/2022\/11\/DK6011-3-e87f-300x300.jpg 300w, https:\/\/mouldking.store\/wp-content\/uploads\/2022\/11\/DK6011-3-e87f-768x768.jpg 768w, https:\/\/mouldking.store\/wp-content\/uploads\/2022\/11\/DK6011-3-e87f-600x600.jpg 600w, https:\/\/mouldking.store\/wp-content\/uploads\/2022\/11\/DK6011-3-e87f-150x150.jpg 150w, https:\/\/mouldking.store\/wp-content\/uploads\/2022\/11\/DK6011-3-e87f-60x60.jpg 60w, https:\/\/mouldking.store\/wp-content\/uploads\/2022\/11\/DK6011-3-e87f-90x90.jpg 90w\" sizes=\"(max-width: 800px) 100vw, 800px\" \/><figcaption id=\"caption-attachment-33923\" class=\"wp-caption-text\">DK 6011 Forever Colorful Plant Con 274 Piezas<\/figcaption><\/figure>\n<figure id=\"attachment_33924\" aria-describedby=\"caption-attachment-33924\" style=\"width: 800px\" class=\"wp-caption aligncenter\"><img decoding=\"async\" class=\"wp-image-33924 size-full\" src=\"https:\/\/mouldking.store\/wp-content\/uploads\/2022\/11\/DK6011-2-befd.jpg\" alt=\"DK 6011 Forever Colorful Plant With 274 Pieces\" width=\"800\" height=\"800\" title=\"-\" srcset=\"https:\/\/mouldking.store\/wp-content\/uploads\/2022\/11\/DK6011-2-befd.jpg 800w, https:\/\/mouldking.store\/wp-content\/uploads\/2022\/11\/DK6011-2-befd-300x300.jpg 300w, https:\/\/mouldking.store\/wp-content\/uploads\/2022\/11\/DK6011-2-befd-768x768.jpg 768w, https:\/\/mouldking.store\/wp-content\/uploads\/2022\/11\/DK6011-2-befd-600x600.jpg 600w, https:\/\/mouldking.store\/wp-content\/uploads\/2022\/11\/DK6011-2-befd-150x150.jpg 150w, https:\/\/mouldking.store\/wp-content\/uploads\/2022\/11\/DK6011-2-befd-60x60.jpg 60w, https:\/\/mouldking.store\/wp-content\/uploads\/2022\/11\/DK6011-2-befd-90x90.jpg 90w\" sizes=\"(max-width: 800px) 100vw, 800px\" \/><figcaption id=\"caption-attachment-33924\" class=\"wp-caption-text\">DK 6011 Forever Colorful Plant Con 274 Piezas<\/figcaption><\/figure>","protected":false},"excerpt":{"rendered":"<p>Product information: Brand: DK Gender: Unisex Name: Forever Colorful Plant Age Range: &gt; 6 years old Model Number: 6011 Classification: Assemblage Plastic Block Shape: Self-Locking Bricks Material: Plastic Plastic Type: ABS Bricks Blocks: 274 PCS Dimensions: \u00a014 \u00d7 9 cm Contains detailed assembly instructions. Notice: 1. Without an original box, but we guarantee our products [&hellip;]<\/p>","protected":false},"featured_media":33922,"comment_status":"closed","ping_status":"closed","template":"","meta":{"_acf_changed":false},"product_cat":[1365],"product_tag":[6593,6595,6591,6590,6592,6596,6597,6594],"class_list":["product","first","instock","shipping-taxable","purchasable","product-type-simple"],"acf":[],"_links":{"self":[{"href":"https:\/\/mouldking.store\/es\/wp-json\/wp\/v2\/product\/33921","targetHints":{"allow":["GET"]}}],"collection":[{"href":"https:\/\/mouldking.store\/es\/wp-json\/wp\/v2\/product"}],"about":[{"href":"https:\/\/mouldking.store\/es\/wp-json\/wp\/v2\/types\/product"}],"replies":[{"embeddable":true,"href":"https:\/\/mouldking.store\/es\/wp-json\/wp\/v2\/comments?post=33921"}],"wp:featuredmedia":[{"embeddable":true,"href":"https:\/\/mouldking.store\/es\/wp-json\/wp\/v2\/media\/33922"}],"wp:attachment":[{"href":"https:\/\/mouldking.store\/es\/wp-json\/wp\/v2\/media?parent=33921"}],"wp:term":[{"taxonomy":"product_cat","embeddable":true,"href":"https:\/\/mouldking.store\/es\/wp-json\/wp\/v2\/product_cat?post=33921"},{"taxonomy":"product_tag","embeddable":true,"href":"https:\/\/mouldking.store\/es\/wp-json\/wp\/v2\/product_tag?post=33921"}],"curies":[{"name":"wp","href":"https:\/\/api.w.org\/{rel}","templated":true}]}}