{"id":33987,"date":"2022-11-04T11:44:32","date_gmt":"2022-11-04T04:44:32","guid":{"rendered":"https:\/\/mouldking.store\/?post_type=product&#038;p=33987"},"modified":"2022-11-04T11:44:32","modified_gmt":"2022-11-04T04:44:32","slug":"mould-king-16049-christmas-cottage-with-766-pieces","status":"publish","type":"product","link":"https:\/\/mouldking.store\/es\/shop\/mould-king-16049-christmas-cottage-with-766-pieces\/","title":{"rendered":"Mold King 16049 Caba\u00f1a de Navidad con 766 piezas"},"content":{"rendered":"<p>Informaci\u00f3n del Producto:<\/p>\n<ol>\n<li>Marca: Mould King<\/li>\n<li>G\u00e9nero: Unisex<\/li>\n<li>Nombre: Casa de Navidad<\/li>\n<li>Rango de edad: &gt; 6 a\u00f1os<\/li>\n<li>N\u00famero de modelo: 16049<\/li>\n<li>Clasificaci\u00f3n: Ensamblaje<\/li>\n<li>Forma de bloque de pl\u00e1stico: Ladrillos autoblocantes<\/li>\n<li>Material: Pl\u00e1stico<\/li>\n<li>Tipo de pl\u00e1stico: ABS<\/li>\n<li>Bloques de ladrillos: 766 PCS<\/li>\n<li>Dimensiones: 14,3 \u00d7 27,2 \u00d7 19,5 cm<\/li>\n<li>Contiene instrucciones de montaje detalladas.<\/li>\n<\/ol>\n<p>Aviso:<br \/>\n1. Sin caja original, pero garantizamos que nuestros productos tienen garant\u00eda de calidad y un buen embalaje.<br \/>\n2. Como todas las piezas que hemos comprobado antes del env\u00edo, si encuentra que faltan piezas o est\u00e1n da\u00f1adas, no se preocupe y p\u00f3ngase en contacto con nosotros y podemos reenvi\u00e1rselas inmediatamente de forma gratuita.<\/p>\n<figure id=\"attachment_33988\" aria-describedby=\"caption-attachment-33988\" style=\"width: 800px\" class=\"wp-caption aligncenter\"><img fetchpriority=\"high\" decoding=\"async\" class=\"wp-image-33988 size-full\" src=\"https:\/\/mouldking.store\/wp-content\/uploads\/2022\/11\/MK16049-1-ca8b.jpg\" alt=\"Mould King 16049 Christmas Cottage With 766 Pieces\" width=\"800\" height=\"800\" title=\"-\" srcset=\"https:\/\/mouldking.store\/wp-content\/uploads\/2022\/11\/MK16049-1-ca8b.jpg 800w, https:\/\/mouldking.store\/wp-content\/uploads\/2022\/11\/MK16049-1-ca8b-300x300.jpg 300w, https:\/\/mouldking.store\/wp-content\/uploads\/2022\/11\/MK16049-1-ca8b-768x768.jpg 768w, https:\/\/mouldking.store\/wp-content\/uploads\/2022\/11\/MK16049-1-ca8b-600x600.jpg 600w, https:\/\/mouldking.store\/wp-content\/uploads\/2022\/11\/MK16049-1-ca8b-150x150.jpg 150w, https:\/\/mouldking.store\/wp-content\/uploads\/2022\/11\/MK16049-1-ca8b-60x60.jpg 60w, https:\/\/mouldking.store\/wp-content\/uploads\/2022\/11\/MK16049-1-ca8b-90x90.jpg 90w\" sizes=\"(max-width: 800px) 100vw, 800px\" \/><figcaption id=\"caption-attachment-33988\" class=\"wp-caption-text\">Mold King 16049 Caba\u00f1a de Navidad con 766 piezas<\/figcaption><\/figure>\n<figure id=\"attachment_33989\" aria-describedby=\"caption-attachment-33989\" style=\"width: 800px\" class=\"wp-caption aligncenter\"><img decoding=\"async\" class=\"wp-image-33989 size-full\" src=\"https:\/\/mouldking.store\/wp-content\/uploads\/2022\/11\/MK16049-2-b1f9.jpg\" alt=\"Mould King 16049 Christmas Cottage With 766 Pieces\" width=\"800\" height=\"800\" title=\"-\" srcset=\"https:\/\/mouldking.store\/wp-content\/uploads\/2022\/11\/MK16049-2-b1f9.jpg 800w, https:\/\/mouldking.store\/wp-content\/uploads\/2022\/11\/MK16049-2-b1f9-300x300.jpg 300w, https:\/\/mouldking.store\/wp-content\/uploads\/2022\/11\/MK16049-2-b1f9-768x768.jpg 768w, https:\/\/mouldking.store\/wp-content\/uploads\/2022\/11\/MK16049-2-b1f9-600x600.jpg 600w, https:\/\/mouldking.store\/wp-content\/uploads\/2022\/11\/MK16049-2-b1f9-150x150.jpg 150w, https:\/\/mouldking.store\/wp-content\/uploads\/2022\/11\/MK16049-2-b1f9-60x60.jpg 60w, https:\/\/mouldking.store\/wp-content\/uploads\/2022\/11\/MK16049-2-b1f9-90x90.jpg 90w\" sizes=\"(max-width: 800px) 100vw, 800px\" \/><figcaption id=\"caption-attachment-33989\" class=\"wp-caption-text\">Mold King 16049 Caba\u00f1a de Navidad con 766 piezas<\/figcaption><\/figure>\n<figure id=\"attachment_33990\" aria-describedby=\"caption-attachment-33990\" style=\"width: 800px\" class=\"wp-caption aligncenter\"><img decoding=\"async\" class=\"wp-image-33990 size-full\" src=\"https:\/\/mouldking.store\/wp-content\/uploads\/2022\/11\/MK16049-4-0b2b.jpg\" alt=\"Mould King 16049 Christmas Cottage With 766 Pieces\" width=\"800\" height=\"800\" title=\"-\" srcset=\"https:\/\/mouldking.store\/wp-content\/uploads\/2022\/11\/MK16049-4-0b2b.jpg 800w, https:\/\/mouldking.store\/wp-content\/uploads\/2022\/11\/MK16049-4-0b2b-300x300.jpg 300w, https:\/\/mouldking.store\/wp-content\/uploads\/2022\/11\/MK16049-4-0b2b-768x768.jpg 768w, https:\/\/mouldking.store\/wp-content\/uploads\/2022\/11\/MK16049-4-0b2b-600x600.jpg 600w, https:\/\/mouldking.store\/wp-content\/uploads\/2022\/11\/MK16049-4-0b2b-150x150.jpg 150w, https:\/\/mouldking.store\/wp-content\/uploads\/2022\/11\/MK16049-4-0b2b-60x60.jpg 60w, https:\/\/mouldking.store\/wp-content\/uploads\/2022\/11\/MK16049-4-0b2b-90x90.jpg 90w\" sizes=\"(max-width: 800px) 100vw, 800px\" \/><figcaption id=\"caption-attachment-33990\" class=\"wp-caption-text\">Mold King 16049 Caba\u00f1a de Navidad con 766 piezas<\/figcaption><\/figure>\n<figure id=\"attachment_33991\" aria-describedby=\"caption-attachment-33991\" style=\"width: 800px\" class=\"wp-caption aligncenter\"><img loading=\"lazy\" decoding=\"async\" class=\"wp-image-33991 size-full\" src=\"https:\/\/mouldking.store\/wp-content\/uploads\/2022\/11\/MK16049-3-3c80.jpg\" alt=\"Mould King 16049 Christmas Cottage With 766 Pieces\" width=\"800\" height=\"800\" title=\"-\" srcset=\"https:\/\/mouldking.store\/wp-content\/uploads\/2022\/11\/MK16049-3-3c80.jpg 800w, https:\/\/mouldking.store\/wp-content\/uploads\/2022\/11\/MK16049-3-3c80-300x300.jpg 300w, https:\/\/mouldking.store\/wp-content\/uploads\/2022\/11\/MK16049-3-3c80-768x768.jpg 768w, https:\/\/mouldking.store\/wp-content\/uploads\/2022\/11\/MK16049-3-3c80-600x600.jpg 600w, https:\/\/mouldking.store\/wp-content\/uploads\/2022\/11\/MK16049-3-3c80-150x150.jpg 150w, https:\/\/mouldking.store\/wp-content\/uploads\/2022\/11\/MK16049-3-3c80-60x60.jpg 60w, https:\/\/mouldking.store\/wp-content\/uploads\/2022\/11\/MK16049-3-3c80-90x90.jpg 90w\" sizes=\"(max-width: 800px) 100vw, 800px\" \/><figcaption id=\"caption-attachment-33991\" class=\"wp-caption-text\">Mold King 16049 Caba\u00f1a de Navidad con 766 piezas<\/figcaption><\/figure>","protected":false},"excerpt":{"rendered":"<p>Product information: Brand: Mould King Gender: Unisex Name: Christmas Cottage Age Range: &gt; 6 years old Model Number: 16049 Classification: Assemblage Plastic Block Shape: Self-Locking Bricks Material: Plastic Plastic Type: ABS Bricks Blocks: 766 PCS Dimensions: 14.3 \u00d7 27.2 \u00d7 19.5 cm Contains detailed assembly instructions. Notice: 1. Without an original box, but we guarantee [&hellip;]<\/p>","protected":false},"featured_media":33988,"comment_status":"closed","ping_status":"closed","template":"","meta":{"_acf_changed":false},"product_cat":[371],"product_tag":[6658,1066,6661,6659,615,6660,6657],"class_list":["product","first","instock","shipping-taxable","purchasable","product-type-simple"],"acf":[],"_links":{"self":[{"href":"https:\/\/mouldking.store\/es\/wp-json\/wp\/v2\/product\/33987","targetHints":{"allow":["GET"]}}],"collection":[{"href":"https:\/\/mouldking.store\/es\/wp-json\/wp\/v2\/product"}],"about":[{"href":"https:\/\/mouldking.store\/es\/wp-json\/wp\/v2\/types\/product"}],"replies":[{"embeddable":true,"href":"https:\/\/mouldking.store\/es\/wp-json\/wp\/v2\/comments?post=33987"}],"wp:featuredmedia":[{"embeddable":true,"href":"https:\/\/mouldking.store\/es\/wp-json\/wp\/v2\/media\/33988"}],"wp:attachment":[{"href":"https:\/\/mouldking.store\/es\/wp-json\/wp\/v2\/media?parent=33987"}],"wp:term":[{"taxonomy":"product_cat","embeddable":true,"href":"https:\/\/mouldking.store\/es\/wp-json\/wp\/v2\/product_cat?post=33987"},{"taxonomy":"product_tag","embeddable":true,"href":"https:\/\/mouldking.store\/es\/wp-json\/wp\/v2\/product_tag?post=33987"}],"curies":[{"name":"wp","href":"https:\/\/api.w.org\/{rel}","templated":true}]}}