{"id":34568,"date":"2022-11-07T16:49:48","date_gmt":"2022-11-07T09:49:48","guid":{"rendered":"https:\/\/mouldking.store\/?post_type=product&#038;p=34568"},"modified":"2022-11-07T16:49:48","modified_gmt":"2022-11-07T09:49:48","slug":"52toys-bb-15-teardrop-crocodile","status":"publish","type":"product","link":"https:\/\/mouldking.store\/es\/shop\/52toys-bb-15-teardrop-crocodile\/","title":{"rendered":"52TOYS BB-15 LAGRIMA Cocodrilo"},"content":{"rendered":"<p>Informaci\u00f3n del Producto:<\/p>\n<ol>\n<li>Marca: 52TOYS<\/li>\n<li>G\u00e9nero: Unisex<\/li>\n<li>Name: TEARDROP Crocodile<\/li>\n<li>Rango de edad: &gt; 6 a\u00f1os<\/li>\n<li>Model Number: BB-15<\/li>\n<li>Clasificaci\u00f3n: Ensamblaje<\/li>\n<li>Forma de bloque de pl\u00e1stico: Ladrillos autoblocantes<\/li>\n<li>Material: Pl\u00e1stico<\/li>\n<li>Tipo de pl\u00e1stico: ABS<\/li>\n<li>Tama\u00f1o: 18 cm<\/li>\n<li>Contiene instrucciones de montaje detalladas.<\/li>\n<\/ol>\n<p>Aviso:<br \/>\n1. Sin caja original, pero garantizamos que nuestros productos tienen garant\u00eda de calidad y un buen embalaje.<br \/>\n2. Como todas las piezas que hemos comprobado antes del env\u00edo, si encuentra que faltan piezas o est\u00e1n da\u00f1adas, no se preocupe y p\u00f3ngase en contacto con nosotros y podemos reenvi\u00e1rselas inmediatamente de forma gratuita.<\/p>\n<figure id=\"attachment_34569\" aria-describedby=\"caption-attachment-34569\" style=\"width: 800px\" class=\"wp-caption aligncenter\"><img fetchpriority=\"high\" decoding=\"async\" class=\"wp-image-34569 size-full\" src=\"https:\/\/mouldking.store\/wp-content\/uploads\/2022\/11\/52TOYS-BB-15-10.jpg\" alt=\"52TOYS BB-15 TEARDROP Crocodile \" width=\"800\" height=\"800\" title=\"-\" srcset=\"https:\/\/mouldking.store\/wp-content\/uploads\/2022\/11\/52TOYS-BB-15-10.jpg 800w, https:\/\/mouldking.store\/wp-content\/uploads\/2022\/11\/52TOYS-BB-15-10-300x300.jpg 300w, https:\/\/mouldking.store\/wp-content\/uploads\/2022\/11\/52TOYS-BB-15-10-768x768.jpg 768w, https:\/\/mouldking.store\/wp-content\/uploads\/2022\/11\/52TOYS-BB-15-10-600x600.jpg 600w, https:\/\/mouldking.store\/wp-content\/uploads\/2022\/11\/52TOYS-BB-15-10-150x150.jpg 150w, https:\/\/mouldking.store\/wp-content\/uploads\/2022\/11\/52TOYS-BB-15-10-60x60.jpg 60w, https:\/\/mouldking.store\/wp-content\/uploads\/2022\/11\/52TOYS-BB-15-10-90x90.jpg 90w\" sizes=\"(max-width: 800px) 100vw, 800px\" \/><figcaption id=\"caption-attachment-34569\" class=\"wp-caption-text\">52TOYS BB-15 LAGRIMA Cocodrilo<\/figcaption><\/figure>\n<figure id=\"attachment_34570\" aria-describedby=\"caption-attachment-34570\" style=\"width: 775px\" class=\"wp-caption aligncenter\"><img decoding=\"async\" class=\"wp-image-34570 size-full\" src=\"https:\/\/mouldking.store\/wp-content\/uploads\/2022\/11\/52TOYS-BB-15-9.jpg\" alt=\"52TOYS BB-15 TEARDROP Crocodile \" width=\"775\" height=\"1024\" title=\"-\" srcset=\"https:\/\/mouldking.store\/wp-content\/uploads\/2022\/11\/52TOYS-BB-15-9.jpg 775w, https:\/\/mouldking.store\/wp-content\/uploads\/2022\/11\/52TOYS-BB-15-9-227x300.jpg 227w, https:\/\/mouldking.store\/wp-content\/uploads\/2022\/11\/52TOYS-BB-15-9-768x1015.jpg 768w, https:\/\/mouldking.store\/wp-content\/uploads\/2022\/11\/52TOYS-BB-15-9-300x396.jpg 300w, https:\/\/mouldking.store\/wp-content\/uploads\/2022\/11\/52TOYS-BB-15-9-600x793.jpg 600w, https:\/\/mouldking.store\/wp-content\/uploads\/2022\/11\/52TOYS-BB-15-9-114x150.jpg 114w, https:\/\/mouldking.store\/wp-content\/uploads\/2022\/11\/52TOYS-BB-15-9-45x60.jpg 45w, https:\/\/mouldking.store\/wp-content\/uploads\/2022\/11\/52TOYS-BB-15-9-68x90.jpg 68w\" sizes=\"(max-width: 775px) 100vw, 775px\" \/><figcaption id=\"caption-attachment-34570\" class=\"wp-caption-text\">52TOYS BB-15 LAGRIMA Cocodrilo<\/figcaption><\/figure>\n<figure id=\"attachment_34571\" aria-describedby=\"caption-attachment-34571\" style=\"width: 561px\" class=\"wp-caption aligncenter\"><img decoding=\"async\" class=\"wp-image-34571 size-full\" src=\"https:\/\/mouldking.store\/wp-content\/uploads\/2022\/11\/52TOYS-BB-15-8.jpg\" alt=\"52TOYS BB-15 TEARDROP Crocodile \" width=\"561\" height=\"1024\" title=\"-\" srcset=\"https:\/\/mouldking.store\/wp-content\/uploads\/2022\/11\/52TOYS-BB-15-8.jpg 561w, https:\/\/mouldking.store\/wp-content\/uploads\/2022\/11\/52TOYS-BB-15-8-164x300.jpg 164w, https:\/\/mouldking.store\/wp-content\/uploads\/2022\/11\/52TOYS-BB-15-8-300x548.jpg 300w, https:\/\/mouldking.store\/wp-content\/uploads\/2022\/11\/52TOYS-BB-15-8-82x150.jpg 82w, https:\/\/mouldking.store\/wp-content\/uploads\/2022\/11\/52TOYS-BB-15-8-33x60.jpg 33w, https:\/\/mouldking.store\/wp-content\/uploads\/2022\/11\/52TOYS-BB-15-8-49x90.jpg 49w\" sizes=\"(max-width: 561px) 100vw, 561px\" \/><figcaption id=\"caption-attachment-34571\" class=\"wp-caption-text\">52TOYS BB-15 LAGRIMA Cocodrilo<\/figcaption><\/figure>\n<figure id=\"attachment_34572\" aria-describedby=\"caption-attachment-34572\" style=\"width: 455px\" class=\"wp-caption aligncenter\"><img loading=\"lazy\" decoding=\"async\" class=\"wp-image-34572 size-full\" src=\"https:\/\/mouldking.store\/wp-content\/uploads\/2022\/11\/52TOYS-BB-15-7.jpg\" alt=\"52TOYS BB-15 TEARDROP Crocodile \" width=\"455\" height=\"1024\" title=\"-\" srcset=\"https:\/\/mouldking.store\/wp-content\/uploads\/2022\/11\/52TOYS-BB-15-7.jpg 455w, https:\/\/mouldking.store\/wp-content\/uploads\/2022\/11\/52TOYS-BB-15-7-133x300.jpg 133w, https:\/\/mouldking.store\/wp-content\/uploads\/2022\/11\/52TOYS-BB-15-7-300x675.jpg 300w, https:\/\/mouldking.store\/wp-content\/uploads\/2022\/11\/52TOYS-BB-15-7-67x150.jpg 67w, https:\/\/mouldking.store\/wp-content\/uploads\/2022\/11\/52TOYS-BB-15-7-27x60.jpg 27w, https:\/\/mouldking.store\/wp-content\/uploads\/2022\/11\/52TOYS-BB-15-7-40x90.jpg 40w\" sizes=\"(max-width: 455px) 100vw, 455px\" \/><figcaption id=\"caption-attachment-34572\" class=\"wp-caption-text\">52TOYS BB-15 LAGRIMA Cocodrilo<\/figcaption><\/figure>\n<figure id=\"attachment_34573\" aria-describedby=\"caption-attachment-34573\" style=\"width: 510px\" class=\"wp-caption aligncenter\"><img loading=\"lazy\" decoding=\"async\" class=\"wp-image-34573 size-full\" src=\"https:\/\/mouldking.store\/wp-content\/uploads\/2022\/11\/52TOYS-BB-15-6.jpg\" alt=\"52TOYS BB-15 TEARDROP Crocodile \" width=\"510\" height=\"1024\" title=\"-\" srcset=\"https:\/\/mouldking.store\/wp-content\/uploads\/2022\/11\/52TOYS-BB-15-6.jpg 510w, https:\/\/mouldking.store\/wp-content\/uploads\/2022\/11\/52TOYS-BB-15-6-149x300.jpg 149w, https:\/\/mouldking.store\/wp-content\/uploads\/2022\/11\/52TOYS-BB-15-6-300x602.jpg 300w, https:\/\/mouldking.store\/wp-content\/uploads\/2022\/11\/52TOYS-BB-15-6-75x150.jpg 75w, https:\/\/mouldking.store\/wp-content\/uploads\/2022\/11\/52TOYS-BB-15-6-30x60.jpg 30w, https:\/\/mouldking.store\/wp-content\/uploads\/2022\/11\/52TOYS-BB-15-6-45x90.jpg 45w\" sizes=\"(max-width: 510px) 100vw, 510px\" \/><figcaption id=\"caption-attachment-34573\" class=\"wp-caption-text\">52TOYS BB-15 LAGRIMA Cocodrilo<\/figcaption><\/figure>\n<figure id=\"attachment_34574\" aria-describedby=\"caption-attachment-34574\" style=\"width: 750px\" class=\"wp-caption aligncenter\"><img loading=\"lazy\" decoding=\"async\" class=\"wp-image-34574 size-full\" src=\"https:\/\/mouldking.store\/wp-content\/uploads\/2022\/11\/52TOYS-BB-15-5.jpg\" alt=\"52TOYS BB-15 TEARDROP Crocodile \" width=\"750\" height=\"1000\" title=\"-\" srcset=\"https:\/\/mouldking.store\/wp-content\/uploads\/2022\/11\/52TOYS-BB-15-5.jpg 750w, https:\/\/mouldking.store\/wp-content\/uploads\/2022\/11\/52TOYS-BB-15-5-225x300.jpg 225w, https:\/\/mouldking.store\/wp-content\/uploads\/2022\/11\/52TOYS-BB-15-5-300x400.jpg 300w, https:\/\/mouldking.store\/wp-content\/uploads\/2022\/11\/52TOYS-BB-15-5-600x800.jpg 600w, https:\/\/mouldking.store\/wp-content\/uploads\/2022\/11\/52TOYS-BB-15-5-113x150.jpg 113w, https:\/\/mouldking.store\/wp-content\/uploads\/2022\/11\/52TOYS-BB-15-5-45x60.jpg 45w, https:\/\/mouldking.store\/wp-content\/uploads\/2022\/11\/52TOYS-BB-15-5-68x90.jpg 68w\" sizes=\"(max-width: 750px) 100vw, 750px\" \/><figcaption id=\"caption-attachment-34574\" class=\"wp-caption-text\">52TOYS BB-15 LAGRIMA Cocodrilo<\/figcaption><\/figure>\n<figure id=\"attachment_34575\" aria-describedby=\"caption-attachment-34575\" style=\"width: 790px\" class=\"wp-caption aligncenter\"><img loading=\"lazy\" decoding=\"async\" class=\"wp-image-34575 size-full\" src=\"https:\/\/mouldking.store\/wp-content\/uploads\/2022\/11\/52TOYS-BB-15-4.jpg\" alt=\"52TOYS BB-15 TEARDROP Crocodile \" width=\"790\" height=\"830\" title=\"-\" srcset=\"https:\/\/mouldking.store\/wp-content\/uploads\/2022\/11\/52TOYS-BB-15-4.jpg 790w, https:\/\/mouldking.store\/wp-content\/uploads\/2022\/11\/52TOYS-BB-15-4-286x300.jpg 286w, https:\/\/mouldking.store\/wp-content\/uploads\/2022\/11\/52TOYS-BB-15-4-768x807.jpg 768w, https:\/\/mouldking.store\/wp-content\/uploads\/2022\/11\/52TOYS-BB-15-4-300x315.jpg 300w, https:\/\/mouldking.store\/wp-content\/uploads\/2022\/11\/52TOYS-BB-15-4-600x630.jpg 600w, https:\/\/mouldking.store\/wp-content\/uploads\/2022\/11\/52TOYS-BB-15-4-143x150.jpg 143w, https:\/\/mouldking.store\/wp-content\/uploads\/2022\/11\/52TOYS-BB-15-4-57x60.jpg 57w, https:\/\/mouldking.store\/wp-content\/uploads\/2022\/11\/52TOYS-BB-15-4-86x90.jpg 86w\" sizes=\"(max-width: 790px) 100vw, 790px\" \/><figcaption id=\"caption-attachment-34575\" class=\"wp-caption-text\">52TOYS BB-15 LAGRIMA Cocodrilo<\/figcaption><\/figure>\n<figure id=\"attachment_34576\" aria-describedby=\"caption-attachment-34576\" style=\"width: 750px\" class=\"wp-caption aligncenter\"><img loading=\"lazy\" decoding=\"async\" class=\"wp-image-34576 size-full\" src=\"https:\/\/mouldking.store\/wp-content\/uploads\/2022\/11\/52TOYS-BB-15-3.jpg\" alt=\"52TOYS BB-15 TEARDROP Crocodile \" width=\"750\" height=\"1000\" title=\"-\" srcset=\"https:\/\/mouldking.store\/wp-content\/uploads\/2022\/11\/52TOYS-BB-15-3.jpg 750w, https:\/\/mouldking.store\/wp-content\/uploads\/2022\/11\/52TOYS-BB-15-3-225x300.jpg 225w, https:\/\/mouldking.store\/wp-content\/uploads\/2022\/11\/52TOYS-BB-15-3-300x400.jpg 300w, https:\/\/mouldking.store\/wp-content\/uploads\/2022\/11\/52TOYS-BB-15-3-600x800.jpg 600w, https:\/\/mouldking.store\/wp-content\/uploads\/2022\/11\/52TOYS-BB-15-3-113x150.jpg 113w, https:\/\/mouldking.store\/wp-content\/uploads\/2022\/11\/52TOYS-BB-15-3-45x60.jpg 45w, https:\/\/mouldking.store\/wp-content\/uploads\/2022\/11\/52TOYS-BB-15-3-68x90.jpg 68w\" sizes=\"(max-width: 750px) 100vw, 750px\" \/><figcaption id=\"caption-attachment-34576\" class=\"wp-caption-text\">52TOYS BB-15 LAGRIMA Cocodrilo<\/figcaption><\/figure>\n<figure id=\"attachment_34577\" aria-describedby=\"caption-attachment-34577\" style=\"width: 750px\" class=\"wp-caption aligncenter\"><img loading=\"lazy\" decoding=\"async\" class=\"wp-image-34577 size-full\" src=\"https:\/\/mouldking.store\/wp-content\/uploads\/2022\/11\/52TOYS-BB-15-2.jpg\" alt=\"52TOYS BB-15 TEARDROP Crocodile \" width=\"750\" height=\"1000\" title=\"-\" srcset=\"https:\/\/mouldking.store\/wp-content\/uploads\/2022\/11\/52TOYS-BB-15-2.jpg 750w, https:\/\/mouldking.store\/wp-content\/uploads\/2022\/11\/52TOYS-BB-15-2-225x300.jpg 225w, https:\/\/mouldking.store\/wp-content\/uploads\/2022\/11\/52TOYS-BB-15-2-300x400.jpg 300w, https:\/\/mouldking.store\/wp-content\/uploads\/2022\/11\/52TOYS-BB-15-2-600x800.jpg 600w, https:\/\/mouldking.store\/wp-content\/uploads\/2022\/11\/52TOYS-BB-15-2-113x150.jpg 113w, https:\/\/mouldking.store\/wp-content\/uploads\/2022\/11\/52TOYS-BB-15-2-45x60.jpg 45w, https:\/\/mouldking.store\/wp-content\/uploads\/2022\/11\/52TOYS-BB-15-2-68x90.jpg 68w\" sizes=\"(max-width: 750px) 100vw, 750px\" \/><figcaption id=\"caption-attachment-34577\" class=\"wp-caption-text\">52TOYS BB-15 LAGRIMA Cocodrilo<\/figcaption><\/figure>\n<figure id=\"attachment_34578\" aria-describedby=\"caption-attachment-34578\" style=\"width: 750px\" class=\"wp-caption aligncenter\"><img loading=\"lazy\" decoding=\"async\" class=\"wp-image-34578 size-full\" src=\"https:\/\/mouldking.store\/wp-content\/uploads\/2022\/11\/52TOYS-BB-15.jpg\" alt=\"52TOYS BB-15 TEARDROP Crocodile \" width=\"750\" height=\"1000\" title=\"-\" srcset=\"https:\/\/mouldking.store\/wp-content\/uploads\/2022\/11\/52TOYS-BB-15.jpg 750w, https:\/\/mouldking.store\/wp-content\/uploads\/2022\/11\/52TOYS-BB-15-225x300.jpg 225w, https:\/\/mouldking.store\/wp-content\/uploads\/2022\/11\/52TOYS-BB-15-300x400.jpg 300w, https:\/\/mouldking.store\/wp-content\/uploads\/2022\/11\/52TOYS-BB-15-600x800.jpg 600w, https:\/\/mouldking.store\/wp-content\/uploads\/2022\/11\/52TOYS-BB-15-113x150.jpg 113w, https:\/\/mouldking.store\/wp-content\/uploads\/2022\/11\/52TOYS-BB-15-45x60.jpg 45w, https:\/\/mouldking.store\/wp-content\/uploads\/2022\/11\/52TOYS-BB-15-68x90.jpg 68w\" sizes=\"(max-width: 750px) 100vw, 750px\" \/><figcaption id=\"caption-attachment-34578\" class=\"wp-caption-text\">52TOYS BB-15 LAGRIMA Cocodrilo<\/figcaption><\/figure>","protected":false},"excerpt":{"rendered":"<p>Product information: Brand: 52TOYS Gender: Unisex Name: TEARDROP Crocodile Age Range: &gt; 6 years old Model Number: BB-15 Classification: Assemblage Plastic Block Shape: Self-Locking Bricks Material: Plastic Plastic Type: ABS Size: 18 cm Contains detailed assembly instructions. Notice: 1. Without an original box, but we guarantee our products have quality assurance and nice packaging. 2. [&hellip;]<\/p>","protected":false},"featured_media":34569,"comment_status":"closed","ping_status":"closed","template":"","meta":{"_acf_changed":false},"product_cat":[1365],"product_tag":[6179,7022,7018,7019,7021,7020,7023],"class_list":["product","first","instock","shipping-taxable","purchasable","product-type-simple"],"acf":[],"_links":{"self":[{"href":"https:\/\/mouldking.store\/es\/wp-json\/wp\/v2\/product\/34568","targetHints":{"allow":["GET"]}}],"collection":[{"href":"https:\/\/mouldking.store\/es\/wp-json\/wp\/v2\/product"}],"about":[{"href":"https:\/\/mouldking.store\/es\/wp-json\/wp\/v2\/types\/product"}],"replies":[{"embeddable":true,"href":"https:\/\/mouldking.store\/es\/wp-json\/wp\/v2\/comments?post=34568"}],"wp:featuredmedia":[{"embeddable":true,"href":"https:\/\/mouldking.store\/es\/wp-json\/wp\/v2\/media\/34569"}],"wp:attachment":[{"href":"https:\/\/mouldking.store\/es\/wp-json\/wp\/v2\/media?parent=34568"}],"wp:term":[{"taxonomy":"product_cat","embeddable":true,"href":"https:\/\/mouldking.store\/es\/wp-json\/wp\/v2\/product_cat?post=34568"},{"taxonomy":"product_tag","embeddable":true,"href":"https:\/\/mouldking.store\/es\/wp-json\/wp\/v2\/product_tag?post=34568"}],"curies":[{"name":"wp","href":"https:\/\/api.w.org\/{rel}","templated":true}]}}