{"id":34865,"date":"2022-11-08T12:15:26","date_gmt":"2022-11-08T05:15:26","guid":{"rendered":"https:\/\/mouldking.store\/?post_type=product&#038;p=34865"},"modified":"2022-11-18T09:54:51","modified_gmt":"2022-11-18T02:54:51","slug":"lele-ln1008-legendary-fire-dragon-head-yanlong-with-2713-pieces","status":"publish","type":"product","link":"https:\/\/mouldking.store\/es\/shop\/lele-ln1008-legendary-fire-dragon-head-yanlong-with-2713-pieces\/","title":{"rendered":"LELE LN1008 Legendary Fire Dragon Head Yanlong con 2713 piezas"},"content":{"rendered":"<p>Informaci\u00f3n del Producto:<\/p>\n<ol>\n<li>Marca: LELE<\/li>\n<li>G\u00e9nero: Unisex<\/li>\n<li>Nombre: Cabeza de Drag\u00f3n de Fuego Legendario Yanlong<\/li>\n<li>Rango de edad: &gt; 6 a\u00f1os<\/li>\n<li>N\u00famero de modelo: LN1008<\/li>\n<li>Clasificaci\u00f3n: Ensamblaje<\/li>\n<li>Forma de bloque de pl\u00e1stico: Ladrillos autoblocantes<\/li>\n<li>Material: Pl\u00e1stico<\/li>\n<li>Tipo de pl\u00e1stico: ABS<\/li>\n<li>Bloques de ladrillos: 2713 PCS<\/li>\n<li>Tama\u00f1o: 40x28x28cm<\/li>\n<li>Contiene instrucciones de montaje detalladas.<\/li>\n<\/ol>\n<p>Aviso:<br \/>\n1. Sin caja original, pero garantizamos que nuestros productos tienen garant\u00eda de calidad y un buen embalaje.<br \/>\n2. Como todas las piezas que hemos comprobado antes del env\u00edo, si encuentra que faltan piezas o est\u00e1n da\u00f1adas, no se preocupe y p\u00f3ngase en contacto con nosotros y podemos reenvi\u00e1rselas inmediatamente de forma gratuita.<\/p>\n<figure id=\"attachment_34866\" aria-describedby=\"caption-attachment-34866\" style=\"width: 800px\" class=\"wp-caption aligncenter\"><img fetchpriority=\"high\" decoding=\"async\" class=\"wp-image-34866 size-full\" src=\"https:\/\/mouldking.store\/wp-content\/uploads\/2022\/11\/LELE-LN1008-7.jpg\" alt=\" LELE LN1008 Legendary Fire Dragon Head Yanlong With 2713 Pieces\" width=\"800\" height=\"800\" title=\"-\" srcset=\"https:\/\/mouldking.store\/wp-content\/uploads\/2022\/11\/LELE-LN1008-7.jpg 800w, https:\/\/mouldking.store\/wp-content\/uploads\/2022\/11\/LELE-LN1008-7-300x300.jpg 300w, https:\/\/mouldking.store\/wp-content\/uploads\/2022\/11\/LELE-LN1008-7-768x768.jpg 768w, https:\/\/mouldking.store\/wp-content\/uploads\/2022\/11\/LELE-LN1008-7-600x600.jpg 600w, https:\/\/mouldking.store\/wp-content\/uploads\/2022\/11\/LELE-LN1008-7-150x150.jpg 150w, https:\/\/mouldking.store\/wp-content\/uploads\/2022\/11\/LELE-LN1008-7-60x60.jpg 60w, https:\/\/mouldking.store\/wp-content\/uploads\/2022\/11\/LELE-LN1008-7-90x90.jpg 90w\" sizes=\"(max-width: 800px) 100vw, 800px\" \/><figcaption id=\"caption-attachment-34866\" class=\"wp-caption-text\">LELE LN1008 Legendary Fire Dragon Head Yanlong con 2713 piezas<\/figcaption><\/figure>\n<figure id=\"attachment_34867\" aria-describedby=\"caption-attachment-34867\" style=\"width: 800px\" class=\"wp-caption aligncenter\"><img decoding=\"async\" class=\"wp-image-34867 size-full\" src=\"https:\/\/mouldking.store\/wp-content\/uploads\/2022\/11\/LELE-LN1008-6.jpg\" alt=\" LELE LN1008 Legendary Fire Dragon Head Yanlong With 2713 Pieces\" width=\"800\" height=\"800\" title=\"-\" srcset=\"https:\/\/mouldking.store\/wp-content\/uploads\/2022\/11\/LELE-LN1008-6.jpg 800w, https:\/\/mouldking.store\/wp-content\/uploads\/2022\/11\/LELE-LN1008-6-300x300.jpg 300w, https:\/\/mouldking.store\/wp-content\/uploads\/2022\/11\/LELE-LN1008-6-768x768.jpg 768w, https:\/\/mouldking.store\/wp-content\/uploads\/2022\/11\/LELE-LN1008-6-600x600.jpg 600w, https:\/\/mouldking.store\/wp-content\/uploads\/2022\/11\/LELE-LN1008-6-150x150.jpg 150w, https:\/\/mouldking.store\/wp-content\/uploads\/2022\/11\/LELE-LN1008-6-60x60.jpg 60w, https:\/\/mouldking.store\/wp-content\/uploads\/2022\/11\/LELE-LN1008-6-90x90.jpg 90w\" sizes=\"(max-width: 800px) 100vw, 800px\" \/><figcaption id=\"caption-attachment-34867\" class=\"wp-caption-text\">LELE LN1008 Legendary Fire Dragon Head Yanlong con 2713 piezas<\/figcaption><\/figure>\n<figure id=\"attachment_34868\" aria-describedby=\"caption-attachment-34868\" style=\"width: 800px\" class=\"wp-caption aligncenter\"><img decoding=\"async\" class=\"wp-image-34868 size-full\" src=\"https:\/\/mouldking.store\/wp-content\/uploads\/2022\/11\/LELE-LN1008-5.jpg\" alt=\" LELE LN1008 Legendary Fire Dragon Head Yanlong With 2713 Pieces\" width=\"800\" height=\"800\" title=\"-\" srcset=\"https:\/\/mouldking.store\/wp-content\/uploads\/2022\/11\/LELE-LN1008-5.jpg 800w, https:\/\/mouldking.store\/wp-content\/uploads\/2022\/11\/LELE-LN1008-5-300x300.jpg 300w, https:\/\/mouldking.store\/wp-content\/uploads\/2022\/11\/LELE-LN1008-5-768x768.jpg 768w, https:\/\/mouldking.store\/wp-content\/uploads\/2022\/11\/LELE-LN1008-5-600x600.jpg 600w, https:\/\/mouldking.store\/wp-content\/uploads\/2022\/11\/LELE-LN1008-5-150x150.jpg 150w, https:\/\/mouldking.store\/wp-content\/uploads\/2022\/11\/LELE-LN1008-5-60x60.jpg 60w, https:\/\/mouldking.store\/wp-content\/uploads\/2022\/11\/LELE-LN1008-5-90x90.jpg 90w\" sizes=\"(max-width: 800px) 100vw, 800px\" \/><figcaption id=\"caption-attachment-34868\" class=\"wp-caption-text\">LELE LN1008 Legendary Fire Dragon Head Yanlong con 2713 piezas<\/figcaption><\/figure>\n<figure id=\"attachment_34869\" aria-describedby=\"caption-attachment-34869\" style=\"width: 684px\" class=\"wp-caption aligncenter\"><img loading=\"lazy\" decoding=\"async\" class=\"wp-image-34869 size-full\" src=\"https:\/\/mouldking.store\/wp-content\/uploads\/2022\/11\/LELE-LN1008-4.jpg\" alt=\" LELE LN1008 Legendary Fire Dragon Head Yanlong With 2713 Pieces\" width=\"684\" height=\"1024\" title=\"-\" srcset=\"https:\/\/mouldking.store\/wp-content\/uploads\/2022\/11\/LELE-LN1008-4.jpg 684w, https:\/\/mouldking.store\/wp-content\/uploads\/2022\/11\/LELE-LN1008-4-200x300.jpg 200w, https:\/\/mouldking.store\/wp-content\/uploads\/2022\/11\/LELE-LN1008-4-300x449.jpg 300w, https:\/\/mouldking.store\/wp-content\/uploads\/2022\/11\/LELE-LN1008-4-600x898.jpg 600w, https:\/\/mouldking.store\/wp-content\/uploads\/2022\/11\/LELE-LN1008-4-100x150.jpg 100w, https:\/\/mouldking.store\/wp-content\/uploads\/2022\/11\/LELE-LN1008-4-40x60.jpg 40w, https:\/\/mouldking.store\/wp-content\/uploads\/2022\/11\/LELE-LN1008-4-60x90.jpg 60w\" sizes=\"(max-width: 684px) 100vw, 684px\" \/><figcaption id=\"caption-attachment-34869\" class=\"wp-caption-text\">LELE LN1008 Legendary Fire Dragon Head Yanlong con 2713 piezas<\/figcaption><\/figure>\n<figure id=\"attachment_34870\" aria-describedby=\"caption-attachment-34870\" style=\"width: 669px\" class=\"wp-caption aligncenter\"><img loading=\"lazy\" decoding=\"async\" class=\"wp-image-34870 size-full\" src=\"https:\/\/mouldking.store\/wp-content\/uploads\/2022\/11\/LELE-LN1008-3.jpg\" alt=\" LELE LN1008 Legendary Fire Dragon Head Yanlong With 2713 Pieces\" width=\"669\" height=\"1024\" title=\"-\" srcset=\"https:\/\/mouldking.store\/wp-content\/uploads\/2022\/11\/LELE-LN1008-3.jpg 669w, https:\/\/mouldking.store\/wp-content\/uploads\/2022\/11\/LELE-LN1008-3-196x300.jpg 196w, https:\/\/mouldking.store\/wp-content\/uploads\/2022\/11\/LELE-LN1008-3-300x459.jpg 300w, https:\/\/mouldking.store\/wp-content\/uploads\/2022\/11\/LELE-LN1008-3-600x918.jpg 600w, https:\/\/mouldking.store\/wp-content\/uploads\/2022\/11\/LELE-LN1008-3-98x150.jpg 98w, https:\/\/mouldking.store\/wp-content\/uploads\/2022\/11\/LELE-LN1008-3-39x60.jpg 39w, https:\/\/mouldking.store\/wp-content\/uploads\/2022\/11\/LELE-LN1008-3-59x90.jpg 59w\" sizes=\"(max-width: 669px) 100vw, 669px\" \/><figcaption id=\"caption-attachment-34870\" class=\"wp-caption-text\">LELE LN1008 Legendary Fire Dragon Head Yanlong con 2713 piezas<\/figcaption><\/figure>\n<figure id=\"attachment_34871\" aria-describedby=\"caption-attachment-34871\" style=\"width: 577px\" class=\"wp-caption aligncenter\"><img loading=\"lazy\" decoding=\"async\" class=\"wp-image-34871 size-full\" src=\"https:\/\/mouldking.store\/wp-content\/uploads\/2022\/11\/LELE-LN1008-2.jpg\" alt=\" LELE LN1008 Legendary Fire Dragon Head Yanlong With 2713 Pieces\" width=\"577\" height=\"1024\" title=\"-\" srcset=\"https:\/\/mouldking.store\/wp-content\/uploads\/2022\/11\/LELE-LN1008-2.jpg 577w, https:\/\/mouldking.store\/wp-content\/uploads\/2022\/11\/LELE-LN1008-2-169x300.jpg 169w, https:\/\/mouldking.store\/wp-content\/uploads\/2022\/11\/LELE-LN1008-2-300x532.jpg 300w, https:\/\/mouldking.store\/wp-content\/uploads\/2022\/11\/LELE-LN1008-2-85x150.jpg 85w, https:\/\/mouldking.store\/wp-content\/uploads\/2022\/11\/LELE-LN1008-2-34x60.jpg 34w, https:\/\/mouldking.store\/wp-content\/uploads\/2022\/11\/LELE-LN1008-2-51x90.jpg 51w\" sizes=\"(max-width: 577px) 100vw, 577px\" \/><figcaption id=\"caption-attachment-34871\" class=\"wp-caption-text\">LELE LN1008 Legendary Fire Dragon Head Yanlong con 2713 piezas<\/figcaption><\/figure>\n<figure id=\"attachment_34872\" aria-describedby=\"caption-attachment-34872\" style=\"width: 788px\" class=\"wp-caption aligncenter\"><img loading=\"lazy\" decoding=\"async\" class=\"wp-image-34872 size-full\" src=\"https:\/\/mouldking.store\/wp-content\/uploads\/2022\/11\/LELE-LN1008.jpg\" alt=\" LELE LN1008 Legendary Fire Dragon Head Yanlong With 2713 Pieces\" width=\"788\" height=\"944\" title=\"-\" srcset=\"https:\/\/mouldking.store\/wp-content\/uploads\/2022\/11\/LELE-LN1008.jpg 788w, https:\/\/mouldking.store\/wp-content\/uploads\/2022\/11\/LELE-LN1008-250x300.jpg 250w, https:\/\/mouldking.store\/wp-content\/uploads\/2022\/11\/LELE-LN1008-768x920.jpg 768w, https:\/\/mouldking.store\/wp-content\/uploads\/2022\/11\/LELE-LN1008-300x359.jpg 300w, https:\/\/mouldking.store\/wp-content\/uploads\/2022\/11\/LELE-LN1008-600x719.jpg 600w, https:\/\/mouldking.store\/wp-content\/uploads\/2022\/11\/LELE-LN1008-125x150.jpg 125w, https:\/\/mouldking.store\/wp-content\/uploads\/2022\/11\/LELE-LN1008-50x60.jpg 50w, https:\/\/mouldking.store\/wp-content\/uploads\/2022\/11\/LELE-LN1008-75x90.jpg 75w\" sizes=\"(max-width: 788px) 100vw, 788px\" \/><figcaption id=\"caption-attachment-34872\" class=\"wp-caption-text\">LELE LN1008 Legendary Fire Dragon Head Yanlong con 2713 piezas<\/figcaption><\/figure>","protected":false},"excerpt":{"rendered":"<p>Product information: Brand: LELE Gender: Unisex Name: Legendary Fire Dragon Head Yanlong Age Range: &gt; 6 years old Model Number: LN1008 Classification: Assemblage Plastic Block Shape: Self-Locking Bricks Material: Plastic Plastic Type: ABS Bricks Blocks:2713 PCS Size: 40x28x28cm Contains detailed assembly instructions. Notice: 1. Without an original box, but we guarantee our products have quality [&hellip;]<\/p>","protected":false},"featured_media":34866,"comment_status":"closed","ping_status":"closed","template":"","meta":{"_acf_changed":false},"product_cat":[1365],"product_tag":[1771,7172,7171,7174,7169,7168,7170,7173],"class_list":["product","first","outofstock","shipping-taxable","purchasable","product-type-simple"],"acf":[],"_links":{"self":[{"href":"https:\/\/mouldking.store\/es\/wp-json\/wp\/v2\/product\/34865","targetHints":{"allow":["GET"]}}],"collection":[{"href":"https:\/\/mouldking.store\/es\/wp-json\/wp\/v2\/product"}],"about":[{"href":"https:\/\/mouldking.store\/es\/wp-json\/wp\/v2\/types\/product"}],"replies":[{"embeddable":true,"href":"https:\/\/mouldking.store\/es\/wp-json\/wp\/v2\/comments?post=34865"}],"wp:featuredmedia":[{"embeddable":true,"href":"https:\/\/mouldking.store\/es\/wp-json\/wp\/v2\/media\/34866"}],"wp:attachment":[{"href":"https:\/\/mouldking.store\/es\/wp-json\/wp\/v2\/media?parent=34865"}],"wp:term":[{"taxonomy":"product_cat","embeddable":true,"href":"https:\/\/mouldking.store\/es\/wp-json\/wp\/v2\/product_cat?post=34865"},{"taxonomy":"product_tag","embeddable":true,"href":"https:\/\/mouldking.store\/es\/wp-json\/wp\/v2\/product_tag?post=34865"}],"curies":[{"name":"wp","href":"https:\/\/api.w.org\/{rel}","templated":true}]}}