{"id":34966,"date":"2022-11-17T15:58:24","date_gmt":"2022-11-17T08:58:24","guid":{"rendered":"https:\/\/mouldking.store\/?post_type=product&#038;p=34966"},"modified":"2022-11-17T15:58:25","modified_gmt":"2022-11-17T08:58:25","slug":"zhegao-dz1015-painting-bionic-tulips-with-542pcs","status":"publish","type":"product","link":"https:\/\/mouldking.store\/es\/shop\/zhegao-dz1015-painting-bionic-tulips-with-542pcs\/","title":{"rendered":"ZheGao DZ1015 pintando tulipanes bi\u00f3nicos con 542 piezas"},"content":{"rendered":"<p>Informaci\u00f3n del Producto:<\/p>\n<ol>\n<li>Marca: ZheGao<\/li>\n<li>G\u00e9nero: Unisex<\/li>\n<li>Nombre: Pintando Tulipanes Bi\u00f3nicos<\/li>\n<li>Rango de edad: &gt; 6 a\u00f1os<\/li>\n<li>N\u00famero de modelo: DZ1015<\/li>\n<li>Clasificaci\u00f3n: Ensamblaje<\/li>\n<li>Forma de bloque de pl\u00e1stico: Ladrillos autoblocantes<\/li>\n<li>Material: Pl\u00e1stico<\/li>\n<li>Tipo de pl\u00e1stico: ABS<\/li>\n<li>Bloques de ladrillos: 542 piezas<\/li>\n<li>Tama\u00f1o: 29x22x7cm<\/li>\n<li>Contiene instrucciones de montaje detalladas.<\/li>\n<\/ol>\n<p>Aviso:<br \/>\n1. Sin caja original, pero garantizamos que nuestros productos tienen garant\u00eda de calidad y un buen embalaje.<br \/>\n2. Como todas las piezas que hemos comprobado antes del env\u00edo, si encuentra que faltan piezas o est\u00e1n da\u00f1adas, no se preocupe y p\u00f3ngase en contacto con nosotros y podemos reenvi\u00e1rselas inmediatamente de forma gratuita.<\/p>\n<figure id=\"attachment_34967\" aria-describedby=\"caption-attachment-34967\" style=\"width: 768px\" class=\"wp-caption aligncenter\"><img fetchpriority=\"high\" decoding=\"async\" class=\"wp-image-34967 size-full\" src=\"https:\/\/mouldking.store\/wp-content\/uploads\/2022\/11\/DZ1015-3-d7f8-768x768-1.jpg\" alt=\"ZheGao DZ1015 Painting BionicTulips With 542pcs \" width=\"768\" height=\"768\" title=\"-\" srcset=\"https:\/\/mouldking.store\/wp-content\/uploads\/2022\/11\/DZ1015-3-d7f8-768x768-1.jpg 768w, https:\/\/mouldking.store\/wp-content\/uploads\/2022\/11\/DZ1015-3-d7f8-768x768-1-300x300.jpg 300w, https:\/\/mouldking.store\/wp-content\/uploads\/2022\/11\/DZ1015-3-d7f8-768x768-1-600x600.jpg 600w, https:\/\/mouldking.store\/wp-content\/uploads\/2022\/11\/DZ1015-3-d7f8-768x768-1-150x150.jpg 150w, https:\/\/mouldking.store\/wp-content\/uploads\/2022\/11\/DZ1015-3-d7f8-768x768-1-60x60.jpg 60w, https:\/\/mouldking.store\/wp-content\/uploads\/2022\/11\/DZ1015-3-d7f8-768x768-1-90x90.jpg 90w\" sizes=\"(max-width: 768px) 100vw, 768px\" \/><figcaption id=\"caption-attachment-34967\" class=\"wp-caption-text\">ZheGao DZ1015 pintura BionicTulips con 542 piezas<\/figcaption><\/figure>\n<figure id=\"attachment_34968\" aria-describedby=\"caption-attachment-34968\" style=\"width: 768px\" class=\"wp-caption aligncenter\"><img decoding=\"async\" class=\"wp-image-34968 size-full\" src=\"https:\/\/mouldking.store\/wp-content\/uploads\/2022\/11\/DZ1015-1-aa59-768x768-1.jpg\" alt=\"ZheGao DZ1015 Painting BionicTulips With 542pcs \" width=\"768\" height=\"768\" title=\"-\" srcset=\"https:\/\/mouldking.store\/wp-content\/uploads\/2022\/11\/DZ1015-1-aa59-768x768-1.jpg 768w, https:\/\/mouldking.store\/wp-content\/uploads\/2022\/11\/DZ1015-1-aa59-768x768-1-300x300.jpg 300w, https:\/\/mouldking.store\/wp-content\/uploads\/2022\/11\/DZ1015-1-aa59-768x768-1-600x600.jpg 600w, https:\/\/mouldking.store\/wp-content\/uploads\/2022\/11\/DZ1015-1-aa59-768x768-1-150x150.jpg 150w, https:\/\/mouldking.store\/wp-content\/uploads\/2022\/11\/DZ1015-1-aa59-768x768-1-60x60.jpg 60w, https:\/\/mouldking.store\/wp-content\/uploads\/2022\/11\/DZ1015-1-aa59-768x768-1-90x90.jpg 90w\" sizes=\"(max-width: 768px) 100vw, 768px\" \/><figcaption id=\"caption-attachment-34968\" class=\"wp-caption-text\">ZheGao DZ1015 pintura BionicTulips con 542 piezas<\/figcaption><\/figure>\n<figure id=\"attachment_34969\" aria-describedby=\"caption-attachment-34969\" style=\"width: 768px\" class=\"wp-caption aligncenter\"><img decoding=\"async\" class=\"wp-image-34969 size-full\" src=\"https:\/\/mouldking.store\/wp-content\/uploads\/2022\/11\/DZ1015-2-6155-768x768-1.jpg\" alt=\"ZheGao DZ1015 Painting BionicTulips With 542pcs \" width=\"768\" height=\"768\" title=\"-\" srcset=\"https:\/\/mouldking.store\/wp-content\/uploads\/2022\/11\/DZ1015-2-6155-768x768-1.jpg 768w, https:\/\/mouldking.store\/wp-content\/uploads\/2022\/11\/DZ1015-2-6155-768x768-1-300x300.jpg 300w, https:\/\/mouldking.store\/wp-content\/uploads\/2022\/11\/DZ1015-2-6155-768x768-1-600x600.jpg 600w, https:\/\/mouldking.store\/wp-content\/uploads\/2022\/11\/DZ1015-2-6155-768x768-1-150x150.jpg 150w, https:\/\/mouldking.store\/wp-content\/uploads\/2022\/11\/DZ1015-2-6155-768x768-1-60x60.jpg 60w, https:\/\/mouldking.store\/wp-content\/uploads\/2022\/11\/DZ1015-2-6155-768x768-1-90x90.jpg 90w\" sizes=\"(max-width: 768px) 100vw, 768px\" \/><figcaption id=\"caption-attachment-34969\" class=\"wp-caption-text\">ZheGao DZ1015 pintura BionicTulips con 542 piezas<\/figcaption><\/figure>","protected":false},"excerpt":{"rendered":"<p>Product information: Brand: ZheGao Gender: Unisex Name: Painting Bionic Tulips Age Range: &gt; 6 years old Model Number: DZ1015 Classification: Assemblage Plastic Block Shape: Self-Locking Bricks Material: Plastic Plastic Type: ABS Bricks Blocks:542 pcs Size: 29x22x7cm Contains detailed assembly instructions. Notice: 1. Without an original box, but we guarantee our products have quality assurance and [&hellip;]<\/p>","protected":false},"featured_media":34968,"comment_status":"closed","ping_status":"closed","template":"","meta":{"_acf_changed":false},"product_cat":[1365],"product_tag":[7205,7203,7204,7207,1698,7206,7202],"class_list":["product","first","instock","shipping-taxable","purchasable","product-type-simple"],"acf":[],"_links":{"self":[{"href":"https:\/\/mouldking.store\/es\/wp-json\/wp\/v2\/product\/34966","targetHints":{"allow":["GET"]}}],"collection":[{"href":"https:\/\/mouldking.store\/es\/wp-json\/wp\/v2\/product"}],"about":[{"href":"https:\/\/mouldking.store\/es\/wp-json\/wp\/v2\/types\/product"}],"replies":[{"embeddable":true,"href":"https:\/\/mouldking.store\/es\/wp-json\/wp\/v2\/comments?post=34966"}],"wp:featuredmedia":[{"embeddable":true,"href":"https:\/\/mouldking.store\/es\/wp-json\/wp\/v2\/media\/34968"}],"wp:attachment":[{"href":"https:\/\/mouldking.store\/es\/wp-json\/wp\/v2\/media?parent=34966"}],"wp:term":[{"taxonomy":"product_cat","embeddable":true,"href":"https:\/\/mouldking.store\/es\/wp-json\/wp\/v2\/product_cat?post=34966"},{"taxonomy":"product_tag","embeddable":true,"href":"https:\/\/mouldking.store\/es\/wp-json\/wp\/v2\/product_tag?post=34966"}],"curies":[{"name":"wp","href":"https:\/\/api.w.org\/{rel}","templated":true}]}}