{"id":34978,"date":"2022-11-17T16:16:54","date_gmt":"2022-11-17T09:16:54","guid":{"rendered":"https:\/\/mouldking.store\/?post_type=product&#038;p=34978"},"modified":"2022-11-17T16:16:54","modified_gmt":"2022-11-17T09:16:54","slug":"tagore-t4005-mixer-truck-with-3388-pieces","status":"publish","type":"product","link":"https:\/\/mouldking.store\/es\/shop\/tagore-t4005-mixer-truck-with-3388-pieces\/","title":{"rendered":"Cami\u00f3n mezclador Tagore T4005 con 3388 piezas"},"content":{"rendered":"<p>Informaci\u00f3n del Producto:<\/p>\n<ol>\n<li>Marca: Tagore<\/li>\n<li>G\u00e9nero: Unisex<\/li>\n<li>Nombre: cami\u00f3n mezclador<\/li>\n<li>Rango de edad: &gt; 6 a\u00f1os<\/li>\n<li>N\u00famero de modelo: T4005<\/li>\n<li>Clasificaci\u00f3n: Ensamblaje<\/li>\n<li>Forma de bloque de pl\u00e1stico: Ladrillos autoblocantes<\/li>\n<li>Material: Pl\u00e1stico<\/li>\n<li>Tipo de pl\u00e1stico: ABS<\/li>\n<li>Bloques de ladrillos: 3388 PCS<\/li>\n<li>Tama\u00f1o: 55,6 \u00d7 19,3 \u00d7 26,7 cm<\/li>\n<li>Contiene instrucciones de montaje detalladas.<\/li>\n<\/ol>\n<p>Aviso:<br \/>\n1. Sin caja original, pero garantizamos que nuestros productos tienen garant\u00eda de calidad y un buen embalaje.<br \/>\n2. Como todas las piezas que hemos comprobado antes del env\u00edo, si encuentra que faltan piezas o est\u00e1n da\u00f1adas, no se preocupe y p\u00f3ngase en contacto con nosotros y podemos reenvi\u00e1rselas inmediatamente de forma gratuita.<\/p>\n<figure id=\"attachment_34979\" aria-describedby=\"caption-attachment-34979\" style=\"width: 768px\" class=\"wp-caption aligncenter\"><img fetchpriority=\"high\" decoding=\"async\" class=\"wp-image-34979 size-full\" src=\"https:\/\/mouldking.store\/wp-content\/uploads\/2022\/11\/T4005-1-b413-768x768-1.jpg\" alt=\" Tagore T4005 Mixer Truck With 3388 Pieces\" width=\"768\" height=\"768\" title=\"-\" srcset=\"https:\/\/mouldking.store\/wp-content\/uploads\/2022\/11\/T4005-1-b413-768x768-1.jpg 768w, https:\/\/mouldking.store\/wp-content\/uploads\/2022\/11\/T4005-1-b413-768x768-1-300x300.jpg 300w, https:\/\/mouldking.store\/wp-content\/uploads\/2022\/11\/T4005-1-b413-768x768-1-600x600.jpg 600w, https:\/\/mouldking.store\/wp-content\/uploads\/2022\/11\/T4005-1-b413-768x768-1-150x150.jpg 150w, https:\/\/mouldking.store\/wp-content\/uploads\/2022\/11\/T4005-1-b413-768x768-1-60x60.jpg 60w, https:\/\/mouldking.store\/wp-content\/uploads\/2022\/11\/T4005-1-b413-768x768-1-90x90.jpg 90w\" sizes=\"(max-width: 768px) 100vw, 768px\" \/><figcaption id=\"caption-attachment-34979\" class=\"wp-caption-text\">Cami\u00f3n mezclador Tagore T4005 con 3388 piezas<\/figcaption><\/figure>\n<figure id=\"attachment_34980\" aria-describedby=\"caption-attachment-34980\" style=\"width: 768px\" class=\"wp-caption aligncenter\"><img decoding=\"async\" class=\"wp-image-34980 size-full\" src=\"https:\/\/mouldking.store\/wp-content\/uploads\/2022\/11\/T4005-2-96ef-768x768-1.jpg\" alt=\" Tagore T4005 Mixer Truck With 3388 Pieces\" width=\"768\" height=\"768\" title=\"-\" srcset=\"https:\/\/mouldking.store\/wp-content\/uploads\/2022\/11\/T4005-2-96ef-768x768-1.jpg 768w, https:\/\/mouldking.store\/wp-content\/uploads\/2022\/11\/T4005-2-96ef-768x768-1-300x300.jpg 300w, https:\/\/mouldking.store\/wp-content\/uploads\/2022\/11\/T4005-2-96ef-768x768-1-600x600.jpg 600w, https:\/\/mouldking.store\/wp-content\/uploads\/2022\/11\/T4005-2-96ef-768x768-1-150x150.jpg 150w, https:\/\/mouldking.store\/wp-content\/uploads\/2022\/11\/T4005-2-96ef-768x768-1-60x60.jpg 60w, https:\/\/mouldking.store\/wp-content\/uploads\/2022\/11\/T4005-2-96ef-768x768-1-90x90.jpg 90w\" sizes=\"(max-width: 768px) 100vw, 768px\" \/><figcaption id=\"caption-attachment-34980\" class=\"wp-caption-text\">Cami\u00f3n mezclador Tagore T4005 con 3388 piezas<\/figcaption><\/figure>\n<figure id=\"attachment_34981\" aria-describedby=\"caption-attachment-34981\" style=\"width: 768px\" class=\"wp-caption aligncenter\"><img decoding=\"async\" class=\"wp-image-34981 size-full\" src=\"https:\/\/mouldking.store\/wp-content\/uploads\/2022\/11\/T4005-4-f0f0-768x768-1.jpg\" alt=\" Tagore T4005 Mixer Truck With 3388 Pieces\" width=\"768\" height=\"768\" title=\"-\" srcset=\"https:\/\/mouldking.store\/wp-content\/uploads\/2022\/11\/T4005-4-f0f0-768x768-1.jpg 768w, https:\/\/mouldking.store\/wp-content\/uploads\/2022\/11\/T4005-4-f0f0-768x768-1-300x300.jpg 300w, https:\/\/mouldking.store\/wp-content\/uploads\/2022\/11\/T4005-4-f0f0-768x768-1-600x600.jpg 600w, https:\/\/mouldking.store\/wp-content\/uploads\/2022\/11\/T4005-4-f0f0-768x768-1-150x150.jpg 150w, https:\/\/mouldking.store\/wp-content\/uploads\/2022\/11\/T4005-4-f0f0-768x768-1-60x60.jpg 60w, https:\/\/mouldking.store\/wp-content\/uploads\/2022\/11\/T4005-4-f0f0-768x768-1-90x90.jpg 90w\" sizes=\"(max-width: 768px) 100vw, 768px\" \/><figcaption id=\"caption-attachment-34981\" class=\"wp-caption-text\">Cami\u00f3n mezclador Tagore T4005 con 3388 piezas<\/figcaption><\/figure>\n<figure id=\"attachment_34982\" aria-describedby=\"caption-attachment-34982\" style=\"width: 768px\" class=\"wp-caption aligncenter\"><img loading=\"lazy\" decoding=\"async\" class=\"wp-image-34982 size-full\" src=\"https:\/\/mouldking.store\/wp-content\/uploads\/2022\/11\/T4005-6-2a9b-768x768-1.jpg\" alt=\" Tagore T4005 Mixer Truck With 3388 Pieces\" width=\"768\" height=\"768\" title=\"-\" srcset=\"https:\/\/mouldking.store\/wp-content\/uploads\/2022\/11\/T4005-6-2a9b-768x768-1.jpg 768w, https:\/\/mouldking.store\/wp-content\/uploads\/2022\/11\/T4005-6-2a9b-768x768-1-300x300.jpg 300w, https:\/\/mouldking.store\/wp-content\/uploads\/2022\/11\/T4005-6-2a9b-768x768-1-600x600.jpg 600w, https:\/\/mouldking.store\/wp-content\/uploads\/2022\/11\/T4005-6-2a9b-768x768-1-150x150.jpg 150w, https:\/\/mouldking.store\/wp-content\/uploads\/2022\/11\/T4005-6-2a9b-768x768-1-60x60.jpg 60w, https:\/\/mouldking.store\/wp-content\/uploads\/2022\/11\/T4005-6-2a9b-768x768-1-90x90.jpg 90w\" sizes=\"(max-width: 768px) 100vw, 768px\" \/><figcaption id=\"caption-attachment-34982\" class=\"wp-caption-text\">Cami\u00f3n mezclador Tagore T4005 con 3388 piezas<\/figcaption><\/figure>\n<figure id=\"attachment_34983\" aria-describedby=\"caption-attachment-34983\" style=\"width: 768px\" class=\"wp-caption aligncenter\"><img loading=\"lazy\" decoding=\"async\" class=\"wp-image-34983 size-full\" src=\"https:\/\/mouldking.store\/wp-content\/uploads\/2022\/11\/T4005-3-8407-768x768-1.jpg\" alt=\" Tagore T4005 Mixer Truck With 3388 Pieces\" width=\"768\" height=\"768\" title=\"-\" srcset=\"https:\/\/mouldking.store\/wp-content\/uploads\/2022\/11\/T4005-3-8407-768x768-1.jpg 768w, https:\/\/mouldking.store\/wp-content\/uploads\/2022\/11\/T4005-3-8407-768x768-1-300x300.jpg 300w, https:\/\/mouldking.store\/wp-content\/uploads\/2022\/11\/T4005-3-8407-768x768-1-600x600.jpg 600w, https:\/\/mouldking.store\/wp-content\/uploads\/2022\/11\/T4005-3-8407-768x768-1-150x150.jpg 150w, https:\/\/mouldking.store\/wp-content\/uploads\/2022\/11\/T4005-3-8407-768x768-1-60x60.jpg 60w, https:\/\/mouldking.store\/wp-content\/uploads\/2022\/11\/T4005-3-8407-768x768-1-90x90.jpg 90w\" sizes=\"(max-width: 768px) 100vw, 768px\" \/><figcaption id=\"caption-attachment-34983\" class=\"wp-caption-text\">Cami\u00f3n mezclador Tagore T4005 con 3388 piezas<\/figcaption><\/figure>","protected":false},"excerpt":{"rendered":"<p>Product information: Brand: Tagore Gender: Unisex Name: Mixer Truck Age Range: &gt; 6 years old Model Number: T4005 Classification: Assemblage Plastic Block Shape: Self-Locking Bricks Material: Plastic Plastic Type: ABS Bricks Blocks:3388 PCS Size: 55.6\u00d719.3\u00d726.7cm Contains detailed assembly instructions. Notice: 1. Without an original box, but we guarantee our products have quality assurance and nice [&hellip;]<\/p>","protected":false},"featured_media":34979,"comment_status":"closed","ping_status":"closed","template":"","meta":{"_acf_changed":false},"product_cat":[1357],"product_tag":[7225,7224,7223,7226,7227,7222,466],"class_list":["product","first","instock","shipping-taxable","purchasable","product-type-simple"],"acf":[],"_links":{"self":[{"href":"https:\/\/mouldking.store\/es\/wp-json\/wp\/v2\/product\/34978","targetHints":{"allow":["GET"]}}],"collection":[{"href":"https:\/\/mouldking.store\/es\/wp-json\/wp\/v2\/product"}],"about":[{"href":"https:\/\/mouldking.store\/es\/wp-json\/wp\/v2\/types\/product"}],"replies":[{"embeddable":true,"href":"https:\/\/mouldking.store\/es\/wp-json\/wp\/v2\/comments?post=34978"}],"wp:featuredmedia":[{"embeddable":true,"href":"https:\/\/mouldking.store\/es\/wp-json\/wp\/v2\/media\/34979"}],"wp:attachment":[{"href":"https:\/\/mouldking.store\/es\/wp-json\/wp\/v2\/media?parent=34978"}],"wp:term":[{"taxonomy":"product_cat","embeddable":true,"href":"https:\/\/mouldking.store\/es\/wp-json\/wp\/v2\/product_cat?post=34978"},{"taxonomy":"product_tag","embeddable":true,"href":"https:\/\/mouldking.store\/es\/wp-json\/wp\/v2\/product_tag?post=34978"}],"curies":[{"name":"wp","href":"https:\/\/api.w.org\/{rel}","templated":true}]}}