{"id":34984,"date":"2022-11-17T16:25:43","date_gmt":"2022-11-17T09:25:43","guid":{"rendered":"https:\/\/mouldking.store\/?post_type=product&#038;p=34984"},"modified":"2022-11-17T16:25:43","modified_gmt":"2022-11-17T09:25:43","slug":"im-master-9809-drift-sports-car-with-2732-pieces","status":"publish","type":"product","link":"https:\/\/mouldking.store\/es\/shop\/im-master-9809-drift-sports-car-with-2732-pieces\/","title":{"rendered":"IM.Master 9809 Drift Sports Car con 2732 piezas"},"content":{"rendered":"<p>Informaci\u00f3n del Producto:<\/p>\n<ol>\n<li>Marca: IM Master<\/li>\n<li>G\u00e9nero: Unisex<\/li>\n<li>Name: Drift Sports Car<\/li>\n<li>Rango de edad: &gt; 6 a\u00f1os<\/li>\n<li>Model Number: 9809<\/li>\n<li>Clasificaci\u00f3n: Ensamblaje<\/li>\n<li>Forma de bloque de pl\u00e1stico: Ladrillos autoblocantes<\/li>\n<li>Material: Pl\u00e1stico<\/li>\n<li>Tipo de pl\u00e1stico: ABS<\/li>\n<li>Bricks Blocks:2732 PCS<\/li>\n<li>Size: \u00a051 \u00d7 23 \u00d7 13 cm<\/li>\n<li>Contiene instrucciones de montaje detalladas.<\/li>\n<\/ol>\n<p>Aviso:<br \/>\n1. Sin caja original, pero garantizamos que nuestros productos tienen garant\u00eda de calidad y un buen embalaje.<br \/>\n2. Como todas las piezas que hemos comprobado antes del env\u00edo, si encuentra que faltan piezas o est\u00e1n da\u00f1adas, no se preocupe y p\u00f3ngase en contacto con nosotros y podemos reenvi\u00e1rselas inmediatamente de forma gratuita.<\/p>\n<figure id=\"attachment_34985\" aria-describedby=\"caption-attachment-34985\" style=\"width: 768px\" class=\"wp-caption aligncenter\"><img fetchpriority=\"high\" decoding=\"async\" class=\"wp-image-34985 size-full\" src=\"https:\/\/mouldking.store\/wp-content\/uploads\/2022\/11\/9809-1-4ba5-768x768-1.jpg\" alt=\"IM.Master 9809 Drift Sports Car With 2732 Pieces\" width=\"768\" height=\"768\" title=\"-\" srcset=\"https:\/\/mouldking.store\/wp-content\/uploads\/2022\/11\/9809-1-4ba5-768x768-1.jpg 768w, https:\/\/mouldking.store\/wp-content\/uploads\/2022\/11\/9809-1-4ba5-768x768-1-300x300.jpg 300w, https:\/\/mouldking.store\/wp-content\/uploads\/2022\/11\/9809-1-4ba5-768x768-1-600x600.jpg 600w, https:\/\/mouldking.store\/wp-content\/uploads\/2022\/11\/9809-1-4ba5-768x768-1-150x150.jpg 150w, https:\/\/mouldking.store\/wp-content\/uploads\/2022\/11\/9809-1-4ba5-768x768-1-60x60.jpg 60w, https:\/\/mouldking.store\/wp-content\/uploads\/2022\/11\/9809-1-4ba5-768x768-1-90x90.jpg 90w\" sizes=\"(max-width: 768px) 100vw, 768px\" \/><figcaption id=\"caption-attachment-34985\" class=\"wp-caption-text\">IM.Master 9809 Drift Sports Car con 2732 piezas<\/figcaption><\/figure>\n<figure id=\"attachment_34986\" aria-describedby=\"caption-attachment-34986\" style=\"width: 768px\" class=\"wp-caption aligncenter\"><img decoding=\"async\" class=\"wp-image-34986 size-full\" src=\"https:\/\/mouldking.store\/wp-content\/uploads\/2022\/11\/9809-3-25b1-768x768-1.jpg\" alt=\"IM.Master 9809 Drift Sports Car With 2732 Pieces\" width=\"768\" height=\"768\" title=\"-\" srcset=\"https:\/\/mouldking.store\/wp-content\/uploads\/2022\/11\/9809-3-25b1-768x768-1.jpg 768w, https:\/\/mouldking.store\/wp-content\/uploads\/2022\/11\/9809-3-25b1-768x768-1-300x300.jpg 300w, https:\/\/mouldking.store\/wp-content\/uploads\/2022\/11\/9809-3-25b1-768x768-1-600x600.jpg 600w, https:\/\/mouldking.store\/wp-content\/uploads\/2022\/11\/9809-3-25b1-768x768-1-150x150.jpg 150w, https:\/\/mouldking.store\/wp-content\/uploads\/2022\/11\/9809-3-25b1-768x768-1-60x60.jpg 60w, https:\/\/mouldking.store\/wp-content\/uploads\/2022\/11\/9809-3-25b1-768x768-1-90x90.jpg 90w\" sizes=\"(max-width: 768px) 100vw, 768px\" \/><figcaption id=\"caption-attachment-34986\" class=\"wp-caption-text\">IM.Master 9809 Drift Sports Car con 2732 piezas<\/figcaption><\/figure>\n<figure id=\"attachment_34987\" aria-describedby=\"caption-attachment-34987\" style=\"width: 768px\" class=\"wp-caption aligncenter\"><img decoding=\"async\" class=\"wp-image-34987 size-full\" src=\"https:\/\/mouldking.store\/wp-content\/uploads\/2022\/11\/9809-2-3e5c-768x768-1.jpg\" alt=\"IM.Master 9809 Drift Sports Car With 2732 Pieces\" width=\"768\" height=\"768\" title=\"-\" srcset=\"https:\/\/mouldking.store\/wp-content\/uploads\/2022\/11\/9809-2-3e5c-768x768-1.jpg 768w, https:\/\/mouldking.store\/wp-content\/uploads\/2022\/11\/9809-2-3e5c-768x768-1-300x300.jpg 300w, https:\/\/mouldking.store\/wp-content\/uploads\/2022\/11\/9809-2-3e5c-768x768-1-600x600.jpg 600w, https:\/\/mouldking.store\/wp-content\/uploads\/2022\/11\/9809-2-3e5c-768x768-1-150x150.jpg 150w, https:\/\/mouldking.store\/wp-content\/uploads\/2022\/11\/9809-2-3e5c-768x768-1-60x60.jpg 60w, https:\/\/mouldking.store\/wp-content\/uploads\/2022\/11\/9809-2-3e5c-768x768-1-90x90.jpg 90w\" sizes=\"(max-width: 768px) 100vw, 768px\" \/><figcaption id=\"caption-attachment-34987\" class=\"wp-caption-text\">IM.Master 9809 Drift Sports Car con 2732 piezas<\/figcaption><\/figure>\n<figure id=\"attachment_34988\" aria-describedby=\"caption-attachment-34988\" style=\"width: 768px\" class=\"wp-caption aligncenter\"><img loading=\"lazy\" decoding=\"async\" class=\"wp-image-34988 size-full\" src=\"https:\/\/mouldking.store\/wp-content\/uploads\/2022\/11\/9809-5-766b-768x768-1.jpg\" alt=\"IM.Master 9809 Drift Sports Car With 2732 Pieces\" width=\"768\" height=\"768\" title=\"-\" srcset=\"https:\/\/mouldking.store\/wp-content\/uploads\/2022\/11\/9809-5-766b-768x768-1.jpg 768w, https:\/\/mouldking.store\/wp-content\/uploads\/2022\/11\/9809-5-766b-768x768-1-300x300.jpg 300w, https:\/\/mouldking.store\/wp-content\/uploads\/2022\/11\/9809-5-766b-768x768-1-600x600.jpg 600w, https:\/\/mouldking.store\/wp-content\/uploads\/2022\/11\/9809-5-766b-768x768-1-150x150.jpg 150w, https:\/\/mouldking.store\/wp-content\/uploads\/2022\/11\/9809-5-766b-768x768-1-60x60.jpg 60w, https:\/\/mouldking.store\/wp-content\/uploads\/2022\/11\/9809-5-766b-768x768-1-90x90.jpg 90w\" sizes=\"(max-width: 768px) 100vw, 768px\" \/><figcaption id=\"caption-attachment-34988\" class=\"wp-caption-text\">IM.Master 9809 Drift Sports Car con 2732 piezas<\/figcaption><\/figure>\n<figure id=\"attachment_34989\" aria-describedby=\"caption-attachment-34989\" style=\"width: 768px\" class=\"wp-caption aligncenter\"><img loading=\"lazy\" decoding=\"async\" class=\"wp-image-34989 size-full\" src=\"https:\/\/mouldking.store\/wp-content\/uploads\/2022\/11\/9809-4-f23f-768x768-1.jpg\" alt=\"IM.Master 9809 Drift Sports Car With 2732 Pieces\" width=\"768\" height=\"768\" title=\"-\" srcset=\"https:\/\/mouldking.store\/wp-content\/uploads\/2022\/11\/9809-4-f23f-768x768-1.jpg 768w, https:\/\/mouldking.store\/wp-content\/uploads\/2022\/11\/9809-4-f23f-768x768-1-300x300.jpg 300w, https:\/\/mouldking.store\/wp-content\/uploads\/2022\/11\/9809-4-f23f-768x768-1-600x600.jpg 600w, https:\/\/mouldking.store\/wp-content\/uploads\/2022\/11\/9809-4-f23f-768x768-1-150x150.jpg 150w, https:\/\/mouldking.store\/wp-content\/uploads\/2022\/11\/9809-4-f23f-768x768-1-60x60.jpg 60w, https:\/\/mouldking.store\/wp-content\/uploads\/2022\/11\/9809-4-f23f-768x768-1-90x90.jpg 90w\" sizes=\"(max-width: 768px) 100vw, 768px\" \/><figcaption id=\"caption-attachment-34989\" class=\"wp-caption-text\">IM.Master 9809 Drift Sports Car con 2732 piezas<\/figcaption><\/figure>","protected":false},"excerpt":{"rendered":"<p>Product information: Brand: IM.Master Gender: Unisex Name: Drift Sports Car Age Range: &gt; 6 years old Model Number: 9809 Classification: Assemblage Plastic Block Shape: Self-Locking Bricks Material: Plastic Plastic Type: ABS Bricks Blocks:2732 PCS Size: \u00a051 \u00d7 23 \u00d7 13 cm Contains detailed assembly instructions. Notice: 1. Without an original box, but we guarantee our [&hellip;]<\/p>","protected":false},"featured_media":34986,"comment_status":"closed","ping_status":"closed","template":"","meta":{"_acf_changed":false},"product_cat":[1360,1357],"product_tag":[7230,7231,7232,7229,7233,7234,7228,5166],"class_list":["product","first","instock","shipping-taxable","purchasable","product-type-variable"],"acf":[],"_links":{"self":[{"href":"https:\/\/mouldking.store\/es\/wp-json\/wp\/v2\/product\/34984","targetHints":{"allow":["GET"]}}],"collection":[{"href":"https:\/\/mouldking.store\/es\/wp-json\/wp\/v2\/product"}],"about":[{"href":"https:\/\/mouldking.store\/es\/wp-json\/wp\/v2\/types\/product"}],"replies":[{"embeddable":true,"href":"https:\/\/mouldking.store\/es\/wp-json\/wp\/v2\/comments?post=34984"}],"wp:featuredmedia":[{"embeddable":true,"href":"https:\/\/mouldking.store\/es\/wp-json\/wp\/v2\/media\/34986"}],"wp:attachment":[{"href":"https:\/\/mouldking.store\/es\/wp-json\/wp\/v2\/media?parent=34984"}],"wp:term":[{"taxonomy":"product_cat","embeddable":true,"href":"https:\/\/mouldking.store\/es\/wp-json\/wp\/v2\/product_cat?post=34984"},{"taxonomy":"product_tag","embeddable":true,"href":"https:\/\/mouldking.store\/es\/wp-json\/wp\/v2\/product_tag?post=34984"}],"curies":[{"name":"wp","href":"https:\/\/api.w.org\/{rel}","templated":true}]}}