{"id":34998,"date":"2022-11-17T16:45:50","date_gmt":"2022-11-17T09:45:50","guid":{"rendered":"https:\/\/mouldking.store\/?post_type=product&#038;p=34998"},"modified":"2022-11-22T10:59:50","modified_gmt":"2022-11-22T03:59:50","slug":"zuanpai-z013-christmas-tree-music-box","status":"publish","type":"product","link":"https:\/\/mouldking.store\/es\/shop\/zuanpai-z013-christmas-tree-music-box\/","title":{"rendered":"ZUANPAI Z013 Caja de M\u00fasica \u00c1rbol de Navidad"},"content":{"rendered":"<p>Informaci\u00f3n del Producto:<\/p>\n<ol>\n<li>Marca: ZUANPAI<\/li>\n<li>G\u00e9nero: Unisex<\/li>\n<li>Nombre: caja de m\u00fasica de \u00e1rbol de Navidad<\/li>\n<li>Rango de edad: &gt; 6 a\u00f1os<\/li>\n<li>N\u00famero de modelo: Z013<\/li>\n<li>Clasificaci\u00f3n: Ensamblaje<\/li>\n<li>Forma de bloque de pl\u00e1stico: Ladrillos autoblocantes<\/li>\n<li>Material: Pl\u00e1stico<\/li>\n<li>Tipo de pl\u00e1stico: ABS<\/li>\n<li>Contiene instrucciones de montaje detalladas.<\/li>\n<\/ol>\n<p>Aviso:<br \/>\n1. Sin caja original, pero garantizamos que nuestros productos tienen garant\u00eda de calidad y un buen embalaje.<br \/>\n2. Como todas las piezas que hemos comprobado antes del env\u00edo, si encuentra que faltan piezas o est\u00e1n da\u00f1adas, no se preocupe y p\u00f3ngase en contacto con nosotros y podemos reenvi\u00e1rselas inmediatamente de forma gratuita.<\/p>\n<figure id=\"attachment_34999\" aria-describedby=\"caption-attachment-34999\" style=\"width: 768px\" class=\"wp-caption aligncenter\"><img fetchpriority=\"high\" decoding=\"async\" class=\"wp-image-34999 size-full\" src=\"https:\/\/mouldking.store\/wp-content\/uploads\/2022\/11\/Z013-1-f3b2-768x768-1.jpg\" alt=\"ZUANPAI Z013 Christmas Tree Music Box\" width=\"768\" height=\"768\" title=\"-\" srcset=\"https:\/\/mouldking.store\/wp-content\/uploads\/2022\/11\/Z013-1-f3b2-768x768-1.jpg 768w, https:\/\/mouldking.store\/wp-content\/uploads\/2022\/11\/Z013-1-f3b2-768x768-1-300x300.jpg 300w, https:\/\/mouldking.store\/wp-content\/uploads\/2022\/11\/Z013-1-f3b2-768x768-1-600x600.jpg 600w, https:\/\/mouldking.store\/wp-content\/uploads\/2022\/11\/Z013-1-f3b2-768x768-1-150x150.jpg 150w, https:\/\/mouldking.store\/wp-content\/uploads\/2022\/11\/Z013-1-f3b2-768x768-1-60x60.jpg 60w, https:\/\/mouldking.store\/wp-content\/uploads\/2022\/11\/Z013-1-f3b2-768x768-1-90x90.jpg 90w\" sizes=\"(max-width: 768px) 100vw, 768px\" \/><figcaption id=\"caption-attachment-34999\" class=\"wp-caption-text\">ZUANPAI Z013 Caja de M\u00fasica \u00c1rbol de Navidad<\/figcaption><\/figure>\n<figure id=\"attachment_35000\" aria-describedby=\"caption-attachment-35000\" style=\"width: 768px\" class=\"wp-caption aligncenter\"><img decoding=\"async\" class=\"wp-image-35000 size-full\" src=\"https:\/\/mouldking.store\/wp-content\/uploads\/2022\/11\/Z013-2-49ce-768x768-1.jpg\" alt=\"ZUANPAI Z013 Christmas Tree Music Box\" width=\"768\" height=\"768\" title=\"-\" srcset=\"https:\/\/mouldking.store\/wp-content\/uploads\/2022\/11\/Z013-2-49ce-768x768-1.jpg 768w, https:\/\/mouldking.store\/wp-content\/uploads\/2022\/11\/Z013-2-49ce-768x768-1-300x300.jpg 300w, https:\/\/mouldking.store\/wp-content\/uploads\/2022\/11\/Z013-2-49ce-768x768-1-600x600.jpg 600w, https:\/\/mouldking.store\/wp-content\/uploads\/2022\/11\/Z013-2-49ce-768x768-1-150x150.jpg 150w, https:\/\/mouldking.store\/wp-content\/uploads\/2022\/11\/Z013-2-49ce-768x768-1-60x60.jpg 60w, https:\/\/mouldking.store\/wp-content\/uploads\/2022\/11\/Z013-2-49ce-768x768-1-90x90.jpg 90w\" sizes=\"(max-width: 768px) 100vw, 768px\" \/><figcaption id=\"caption-attachment-35000\" class=\"wp-caption-text\">ZUANPAI Z013 Caja de M\u00fasica \u00c1rbol de Navidad<\/figcaption><\/figure>\n<figure id=\"attachment_35001\" aria-describedby=\"caption-attachment-35001\" style=\"width: 768px\" class=\"wp-caption aligncenter\"><img decoding=\"async\" class=\"wp-image-35001 size-full\" src=\"https:\/\/mouldking.store\/wp-content\/uploads\/2022\/11\/Z013-3-66c4-768x768-1.jpg\" alt=\"ZUANPAI Z013 Christmas Tree Music Box\" width=\"768\" height=\"768\" title=\"-\" srcset=\"https:\/\/mouldking.store\/wp-content\/uploads\/2022\/11\/Z013-3-66c4-768x768-1.jpg 768w, https:\/\/mouldking.store\/wp-content\/uploads\/2022\/11\/Z013-3-66c4-768x768-1-300x300.jpg 300w, https:\/\/mouldking.store\/wp-content\/uploads\/2022\/11\/Z013-3-66c4-768x768-1-600x600.jpg 600w, https:\/\/mouldking.store\/wp-content\/uploads\/2022\/11\/Z013-3-66c4-768x768-1-150x150.jpg 150w, https:\/\/mouldking.store\/wp-content\/uploads\/2022\/11\/Z013-3-66c4-768x768-1-60x60.jpg 60w, https:\/\/mouldking.store\/wp-content\/uploads\/2022\/11\/Z013-3-66c4-768x768-1-90x90.jpg 90w\" sizes=\"(max-width: 768px) 100vw, 768px\" \/><figcaption id=\"caption-attachment-35001\" class=\"wp-caption-text\">ZUANPAI Z013 Caja de M\u00fasica \u00c1rbol de Navidad<\/figcaption><\/figure>\n<figure id=\"attachment_35002\" aria-describedby=\"caption-attachment-35002\" style=\"width: 768px\" class=\"wp-caption aligncenter\"><img loading=\"lazy\" decoding=\"async\" class=\"wp-image-35002 size-full\" src=\"https:\/\/mouldking.store\/wp-content\/uploads\/2022\/11\/Z013-5-380c-768x768-1.jpg\" alt=\"ZUANPAI Z013 Christmas Tree Music Box\" width=\"768\" height=\"768\" title=\"-\" srcset=\"https:\/\/mouldking.store\/wp-content\/uploads\/2022\/11\/Z013-5-380c-768x768-1.jpg 768w, https:\/\/mouldking.store\/wp-content\/uploads\/2022\/11\/Z013-5-380c-768x768-1-300x300.jpg 300w, https:\/\/mouldking.store\/wp-content\/uploads\/2022\/11\/Z013-5-380c-768x768-1-600x600.jpg 600w, https:\/\/mouldking.store\/wp-content\/uploads\/2022\/11\/Z013-5-380c-768x768-1-150x150.jpg 150w, https:\/\/mouldking.store\/wp-content\/uploads\/2022\/11\/Z013-5-380c-768x768-1-60x60.jpg 60w, https:\/\/mouldking.store\/wp-content\/uploads\/2022\/11\/Z013-5-380c-768x768-1-90x90.jpg 90w\" sizes=\"(max-width: 768px) 100vw, 768px\" \/><figcaption id=\"caption-attachment-35002\" class=\"wp-caption-text\">ZUANPAI Z013 Caja de M\u00fasica \u00c1rbol de Navidad<\/figcaption><\/figure>\n<figure id=\"attachment_35003\" aria-describedby=\"caption-attachment-35003\" style=\"width: 768px\" class=\"wp-caption aligncenter\"><img loading=\"lazy\" decoding=\"async\" class=\"wp-image-35003 size-full\" src=\"https:\/\/mouldking.store\/wp-content\/uploads\/2022\/11\/Z013-8-4297-768x768-1.jpg\" alt=\"ZUANPAI Z013 Christmas Tree Music Box\" width=\"768\" height=\"768\" title=\"-\" srcset=\"https:\/\/mouldking.store\/wp-content\/uploads\/2022\/11\/Z013-8-4297-768x768-1.jpg 768w, https:\/\/mouldking.store\/wp-content\/uploads\/2022\/11\/Z013-8-4297-768x768-1-300x300.jpg 300w, https:\/\/mouldking.store\/wp-content\/uploads\/2022\/11\/Z013-8-4297-768x768-1-600x600.jpg 600w, https:\/\/mouldking.store\/wp-content\/uploads\/2022\/11\/Z013-8-4297-768x768-1-150x150.jpg 150w, https:\/\/mouldking.store\/wp-content\/uploads\/2022\/11\/Z013-8-4297-768x768-1-60x60.jpg 60w, https:\/\/mouldking.store\/wp-content\/uploads\/2022\/11\/Z013-8-4297-768x768-1-90x90.jpg 90w\" sizes=\"(max-width: 768px) 100vw, 768px\" \/><figcaption id=\"caption-attachment-35003\" class=\"wp-caption-text\">ZUANPAI Z013 Caja de M\u00fasica \u00c1rbol de Navidad<\/figcaption><\/figure>\n<figure id=\"attachment_35004\" aria-describedby=\"caption-attachment-35004\" style=\"width: 768px\" class=\"wp-caption aligncenter\"><img loading=\"lazy\" decoding=\"async\" class=\"wp-image-35004 size-full\" src=\"https:\/\/mouldking.store\/wp-content\/uploads\/2022\/11\/Z013-7-bc2e-768x768-1.jpg\" alt=\"ZUANPAI Z013 Christmas Tree Music Box\" width=\"768\" height=\"768\" title=\"-\" srcset=\"https:\/\/mouldking.store\/wp-content\/uploads\/2022\/11\/Z013-7-bc2e-768x768-1.jpg 768w, https:\/\/mouldking.store\/wp-content\/uploads\/2022\/11\/Z013-7-bc2e-768x768-1-300x300.jpg 300w, https:\/\/mouldking.store\/wp-content\/uploads\/2022\/11\/Z013-7-bc2e-768x768-1-600x600.jpg 600w, https:\/\/mouldking.store\/wp-content\/uploads\/2022\/11\/Z013-7-bc2e-768x768-1-150x150.jpg 150w, https:\/\/mouldking.store\/wp-content\/uploads\/2022\/11\/Z013-7-bc2e-768x768-1-60x60.jpg 60w, https:\/\/mouldking.store\/wp-content\/uploads\/2022\/11\/Z013-7-bc2e-768x768-1-90x90.jpg 90w\" sizes=\"(max-width: 768px) 100vw, 768px\" \/><figcaption id=\"caption-attachment-35004\" class=\"wp-caption-text\">ZUANPAI Z013 Caja de M\u00fasica \u00c1rbol de Navidad<\/figcaption><\/figure>\n<figure id=\"attachment_35005\" aria-describedby=\"caption-attachment-35005\" style=\"width: 768px\" class=\"wp-caption aligncenter\"><img loading=\"lazy\" decoding=\"async\" class=\"wp-image-35005 size-full\" src=\"https:\/\/mouldking.store\/wp-content\/uploads\/2022\/11\/Z013-8-136a-768x768-1.jpg\" alt=\"ZUANPAI Z013 Christmas Tree Music Box\" width=\"768\" height=\"768\" title=\"-\" srcset=\"https:\/\/mouldking.store\/wp-content\/uploads\/2022\/11\/Z013-8-136a-768x768-1.jpg 768w, https:\/\/mouldking.store\/wp-content\/uploads\/2022\/11\/Z013-8-136a-768x768-1-300x300.jpg 300w, https:\/\/mouldking.store\/wp-content\/uploads\/2022\/11\/Z013-8-136a-768x768-1-600x600.jpg 600w, https:\/\/mouldking.store\/wp-content\/uploads\/2022\/11\/Z013-8-136a-768x768-1-150x150.jpg 150w, https:\/\/mouldking.store\/wp-content\/uploads\/2022\/11\/Z013-8-136a-768x768-1-60x60.jpg 60w, https:\/\/mouldking.store\/wp-content\/uploads\/2022\/11\/Z013-8-136a-768x768-1-90x90.jpg 90w\" sizes=\"(max-width: 768px) 100vw, 768px\" \/><figcaption id=\"caption-attachment-35005\" class=\"wp-caption-text\">ZUANPAI Z013 Caja de M\u00fasica \u00c1rbol de Navidad<\/figcaption><\/figure>","protected":false},"excerpt":{"rendered":"<p>Product information: Brand: ZUANPAI Gender: Unisex Name: Christmas Tree Music Box Age Range: &gt; 6 years old Model Number: Z013 Classification: Assemblage Plastic Block Shape: Self-Locking Bricks Material: Plastic Plastic Type: ABS Contains detailed assembly instructions. Notice: 1. Without an original box, but we guarantee our products have quality assurance and nice packaging. 2. As [&hellip;]<\/p>","protected":false},"featured_media":34999,"comment_status":"closed","ping_status":"closed","template":"","meta":{"_acf_changed":false},"product_cat":[1365],"product_tag":[1066,3381,3745,1370,7249,7236,7250,7248],"class_list":["product","first","instock","shipping-taxable","purchasable","product-type-simple"],"acf":[],"_links":{"self":[{"href":"https:\/\/mouldking.store\/es\/wp-json\/wp\/v2\/product\/34998","targetHints":{"allow":["GET"]}}],"collection":[{"href":"https:\/\/mouldking.store\/es\/wp-json\/wp\/v2\/product"}],"about":[{"href":"https:\/\/mouldking.store\/es\/wp-json\/wp\/v2\/types\/product"}],"replies":[{"embeddable":true,"href":"https:\/\/mouldking.store\/es\/wp-json\/wp\/v2\/comments?post=34998"}],"wp:featuredmedia":[{"embeddable":true,"href":"https:\/\/mouldking.store\/es\/wp-json\/wp\/v2\/media\/34999"}],"wp:attachment":[{"href":"https:\/\/mouldking.store\/es\/wp-json\/wp\/v2\/media?parent=34998"}],"wp:term":[{"taxonomy":"product_cat","embeddable":true,"href":"https:\/\/mouldking.store\/es\/wp-json\/wp\/v2\/product_cat?post=34998"},{"taxonomy":"product_tag","embeddable":true,"href":"https:\/\/mouldking.store\/es\/wp-json\/wp\/v2\/product_tag?post=34998"}],"curies":[{"name":"wp","href":"https:\/\/api.w.org\/{rel}","templated":true}]}}