{"id":35038,"date":"2022-11-17T17:33:09","date_gmt":"2022-11-17T10:33:09","guid":{"rendered":"https:\/\/mouldking.store\/?post_type=product&#038;p=35038"},"modified":"2022-11-17T17:33:10","modified_gmt":"2022-11-17T10:33:10","slug":"mould-king-26008-great-ball-contraption-harp-track-with-1508-pieces","status":"publish","type":"product","link":"https:\/\/mouldking.store\/es\/shop\/mould-king-26008-great-ball-contraption-harp-track-with-1508-pieces\/","title":{"rendered":"MOLD KING 26008 Great Ball Artilugio Pista de arpa con 1508 piezas"},"content":{"rendered":"<p>Informaci\u00f3n del Producto:<\/p>\n<ol>\n<li>Marca: MOLD KING<\/li>\n<li>G\u00e9nero: Unisex<\/li>\n<li>Name: Great Ball Contraption Harp Track<\/li>\n<li>Rango de edad: &gt; 6 a\u00f1os<\/li>\n<li>Model Number: 26008<\/li>\n<li>Clasificaci\u00f3n: Ensamblaje<\/li>\n<li>Forma de bloque de pl\u00e1stico: Ladrillos autoblocantes<\/li>\n<li>Material: Pl\u00e1stico<\/li>\n<li>Tipo de pl\u00e1stico: ABS<\/li>\n<li>Bricks Blocks:1508 PCS<\/li>\n<li>Size: 38.7 \u00d7 40.5 \u00d7 25 cm<\/li>\n<li>Contiene instrucciones de montaje detalladas.<\/li>\n<\/ol>\n<p>Aviso:<br \/>\n1. Sin caja original, pero garantizamos que nuestros productos tienen garant\u00eda de calidad y un buen embalaje.<br \/>\n2. Como todas las piezas que hemos comprobado antes del env\u00edo, si encuentra que faltan piezas o est\u00e1n da\u00f1adas, no se preocupe y p\u00f3ngase en contacto con nosotros y podemos reenvi\u00e1rselas inmediatamente de forma gratuita.<\/p>\n<figure id=\"attachment_35039\" aria-describedby=\"caption-attachment-35039\" style=\"width: 768px\" class=\"wp-caption aligncenter\"><img fetchpriority=\"high\" decoding=\"async\" class=\"wp-image-35039 size-full\" src=\"https:\/\/mouldking.store\/wp-content\/uploads\/2022\/11\/MK26008-1-6cc9-768x768-1.jpg\" alt=\"MOULD KING 26008 Great Ball Contraption Harp Track With 1508 Pieces\" width=\"768\" height=\"768\" title=\"-\" srcset=\"https:\/\/mouldking.store\/wp-content\/uploads\/2022\/11\/MK26008-1-6cc9-768x768-1.jpg 768w, https:\/\/mouldking.store\/wp-content\/uploads\/2022\/11\/MK26008-1-6cc9-768x768-1-300x300.jpg 300w, https:\/\/mouldking.store\/wp-content\/uploads\/2022\/11\/MK26008-1-6cc9-768x768-1-600x600.jpg 600w, https:\/\/mouldking.store\/wp-content\/uploads\/2022\/11\/MK26008-1-6cc9-768x768-1-150x150.jpg 150w, https:\/\/mouldking.store\/wp-content\/uploads\/2022\/11\/MK26008-1-6cc9-768x768-1-60x60.jpg 60w, https:\/\/mouldking.store\/wp-content\/uploads\/2022\/11\/MK26008-1-6cc9-768x768-1-90x90.jpg 90w\" sizes=\"(max-width: 768px) 100vw, 768px\" \/><figcaption id=\"caption-attachment-35039\" class=\"wp-caption-text\">MOLD KING 26008 Great Ball Artilugio Pista de arpa con 1508 piezas<\/figcaption><\/figure>\n<figure id=\"attachment_35040\" aria-describedby=\"caption-attachment-35040\" style=\"width: 768px\" class=\"wp-caption aligncenter\"><img decoding=\"async\" class=\"wp-image-35040 size-full\" src=\"https:\/\/mouldking.store\/wp-content\/uploads\/2022\/11\/MK26008-2-d8d2-768x768-1.jpg\" alt=\"MOULD KING 26008 Great Ball Contraption Harp Track With 1508 Pieces\" width=\"768\" height=\"768\" title=\"-\" srcset=\"https:\/\/mouldking.store\/wp-content\/uploads\/2022\/11\/MK26008-2-d8d2-768x768-1.jpg 768w, https:\/\/mouldking.store\/wp-content\/uploads\/2022\/11\/MK26008-2-d8d2-768x768-1-300x300.jpg 300w, https:\/\/mouldking.store\/wp-content\/uploads\/2022\/11\/MK26008-2-d8d2-768x768-1-600x600.jpg 600w, https:\/\/mouldking.store\/wp-content\/uploads\/2022\/11\/MK26008-2-d8d2-768x768-1-150x150.jpg 150w, https:\/\/mouldking.store\/wp-content\/uploads\/2022\/11\/MK26008-2-d8d2-768x768-1-60x60.jpg 60w, https:\/\/mouldking.store\/wp-content\/uploads\/2022\/11\/MK26008-2-d8d2-768x768-1-90x90.jpg 90w\" sizes=\"(max-width: 768px) 100vw, 768px\" \/><figcaption id=\"caption-attachment-35040\" class=\"wp-caption-text\">MOLD KING 26008 Great Ball Artilugio Pista de arpa con 1508 piezas<\/figcaption><\/figure>\n<figure id=\"attachment_35041\" aria-describedby=\"caption-attachment-35041\" style=\"width: 768px\" class=\"wp-caption aligncenter\"><img decoding=\"async\" class=\"wp-image-35041 size-full\" src=\"https:\/\/mouldking.store\/wp-content\/uploads\/2022\/11\/MK26008-4-caa8-768x768-1.jpg\" alt=\"MOULD KING 26008 Great Ball Contraption Harp Track With 1508 Pieces\" width=\"768\" height=\"768\" title=\"-\" srcset=\"https:\/\/mouldking.store\/wp-content\/uploads\/2022\/11\/MK26008-4-caa8-768x768-1.jpg 768w, https:\/\/mouldking.store\/wp-content\/uploads\/2022\/11\/MK26008-4-caa8-768x768-1-300x300.jpg 300w, https:\/\/mouldking.store\/wp-content\/uploads\/2022\/11\/MK26008-4-caa8-768x768-1-600x600.jpg 600w, https:\/\/mouldking.store\/wp-content\/uploads\/2022\/11\/MK26008-4-caa8-768x768-1-150x150.jpg 150w, https:\/\/mouldking.store\/wp-content\/uploads\/2022\/11\/MK26008-4-caa8-768x768-1-60x60.jpg 60w, https:\/\/mouldking.store\/wp-content\/uploads\/2022\/11\/MK26008-4-caa8-768x768-1-90x90.jpg 90w\" sizes=\"(max-width: 768px) 100vw, 768px\" \/><figcaption id=\"caption-attachment-35041\" class=\"wp-caption-text\">MOLD KING 26008 Great Ball Artilugio Pista de arpa con 1508 piezas<\/figcaption><\/figure>\n<figure id=\"attachment_35042\" aria-describedby=\"caption-attachment-35042\" style=\"width: 768px\" class=\"wp-caption aligncenter\"><img loading=\"lazy\" decoding=\"async\" class=\"wp-image-35042 size-full\" src=\"https:\/\/mouldking.store\/wp-content\/uploads\/2022\/11\/MK26008-3-5ceb-768x768-1.jpg\" alt=\"MOULD KING 26008 Great Ball Contraption Harp Track With 1508 Pieces\" width=\"768\" height=\"768\" title=\"-\" srcset=\"https:\/\/mouldking.store\/wp-content\/uploads\/2022\/11\/MK26008-3-5ceb-768x768-1.jpg 768w, https:\/\/mouldking.store\/wp-content\/uploads\/2022\/11\/MK26008-3-5ceb-768x768-1-300x300.jpg 300w, https:\/\/mouldking.store\/wp-content\/uploads\/2022\/11\/MK26008-3-5ceb-768x768-1-600x600.jpg 600w, https:\/\/mouldking.store\/wp-content\/uploads\/2022\/11\/MK26008-3-5ceb-768x768-1-150x150.jpg 150w, https:\/\/mouldking.store\/wp-content\/uploads\/2022\/11\/MK26008-3-5ceb-768x768-1-60x60.jpg 60w, https:\/\/mouldking.store\/wp-content\/uploads\/2022\/11\/MK26008-3-5ceb-768x768-1-90x90.jpg 90w\" sizes=\"(max-width: 768px) 100vw, 768px\" \/><figcaption id=\"caption-attachment-35042\" class=\"wp-caption-text\">MOLD KING 26008 Great Ball Artilugio Pista de arpa con 1508 piezas<\/figcaption><\/figure>\n<figure id=\"attachment_35043\" aria-describedby=\"caption-attachment-35043\" style=\"width: 768px\" class=\"wp-caption aligncenter\"><img loading=\"lazy\" decoding=\"async\" class=\"wp-image-35043 size-full\" src=\"https:\/\/mouldking.store\/wp-content\/uploads\/2022\/11\/MK26008-5-308c-768x768-1.jpg\" alt=\"MOULD KING 26008 Great Ball Contraption Harp Track With 1508 Pieces\" width=\"768\" height=\"768\" title=\"-\" srcset=\"https:\/\/mouldking.store\/wp-content\/uploads\/2022\/11\/MK26008-5-308c-768x768-1.jpg 768w, https:\/\/mouldking.store\/wp-content\/uploads\/2022\/11\/MK26008-5-308c-768x768-1-300x300.jpg 300w, https:\/\/mouldking.store\/wp-content\/uploads\/2022\/11\/MK26008-5-308c-768x768-1-600x600.jpg 600w, https:\/\/mouldking.store\/wp-content\/uploads\/2022\/11\/MK26008-5-308c-768x768-1-150x150.jpg 150w, https:\/\/mouldking.store\/wp-content\/uploads\/2022\/11\/MK26008-5-308c-768x768-1-60x60.jpg 60w, https:\/\/mouldking.store\/wp-content\/uploads\/2022\/11\/MK26008-5-308c-768x768-1-90x90.jpg 90w\" sizes=\"(max-width: 768px) 100vw, 768px\" \/><figcaption id=\"caption-attachment-35043\" class=\"wp-caption-text\">MOLD KING 26008 Great Ball Artilugio Pista de arpa con 1508 piezas<\/figcaption><\/figure>","protected":false},"excerpt":{"rendered":"<p>Product information: Brand: MOULD KING Gender: Unisex Name: Great Ball Contraption Harp Track Age Range: &gt; 6 years old Model Number: 26008 Classification: Assemblage Plastic Block Shape: Self-Locking Bricks Material: Plastic Plastic Type: ABS Bricks Blocks:1508 PCS Size: 38.7 \u00d7 40.5 \u00d7 25 cm Contains detailed assembly instructions. Notice: 1. Without an original box, but [&hellip;]<\/p>","protected":false},"featured_media":35039,"comment_status":"closed","ping_status":"closed","template":"","meta":{"_acf_changed":false},"product_cat":[1365,371],"product_tag":[7289,7291,7290,7293,7292,615,7294,7295,7288],"class_list":["product","first","instock","shipping-taxable","purchasable","product-type-simple"],"acf":[],"_links":{"self":[{"href":"https:\/\/mouldking.store\/es\/wp-json\/wp\/v2\/product\/35038","targetHints":{"allow":["GET"]}}],"collection":[{"href":"https:\/\/mouldking.store\/es\/wp-json\/wp\/v2\/product"}],"about":[{"href":"https:\/\/mouldking.store\/es\/wp-json\/wp\/v2\/types\/product"}],"replies":[{"embeddable":true,"href":"https:\/\/mouldking.store\/es\/wp-json\/wp\/v2\/comments?post=35038"}],"wp:featuredmedia":[{"embeddable":true,"href":"https:\/\/mouldking.store\/es\/wp-json\/wp\/v2\/media\/35039"}],"wp:attachment":[{"href":"https:\/\/mouldking.store\/es\/wp-json\/wp\/v2\/media?parent=35038"}],"wp:term":[{"taxonomy":"product_cat","embeddable":true,"href":"https:\/\/mouldking.store\/es\/wp-json\/wp\/v2\/product_cat?post=35038"},{"taxonomy":"product_tag","embeddable":true,"href":"https:\/\/mouldking.store\/es\/wp-json\/wp\/v2\/product_tag?post=35038"}],"curies":[{"name":"wp","href":"https:\/\/api.w.org\/{rel}","templated":true}]}}