{"id":35044,"date":"2022-11-17T17:43:41","date_gmt":"2022-11-17T10:43:41","guid":{"rendered":"https:\/\/mouldking.store\/?post_type=product&#038;p=35044"},"modified":"2022-11-17T17:43:41","modified_gmt":"2022-11-17T10:43:41","slug":"mould-king-13091-green-mclaren-p1-hypercar-with-3268-pieces","status":"publish","type":"product","link":"https:\/\/mouldking.store\/es\/shop\/mould-king-13091-green-mclaren-p1-hypercar-with-3268-pieces\/","title":{"rendered":"MOLD KING 13091 Verde McLaren P1 Hypercar Con 3268 Piezas"},"content":{"rendered":"<p>Informaci\u00f3n del Producto:<\/p>\n<ol>\n<li>Marca: MOLD KING<\/li>\n<li>G\u00e9nero: Unisex<\/li>\n<li>Name: Green McLaren P1 Hypercar<\/li>\n<li>Rango de edad: &gt; 6 a\u00f1os<\/li>\n<li>Model Number: 13091<\/li>\n<li>Clasificaci\u00f3n: Ensamblaje<\/li>\n<li>Forma de bloque de pl\u00e1stico: Ladrillos autoblocantes<\/li>\n<li>Material: Pl\u00e1stico<\/li>\n<li>Tipo de pl\u00e1stico: ABS<\/li>\n<li>Bricks Blocks:3268PCS<\/li>\n<li>Size: 58 \u00d7 23.5 \u00d7 15.5 cm<\/li>\n<li>Contiene instrucciones de montaje detalladas.<\/li>\n<\/ol>\n<p>Aviso:<br \/>\n1. Sin caja original, pero garantizamos que nuestros productos tienen garant\u00eda de calidad y un buen embalaje.<br \/>\n2. Como todas las piezas que hemos comprobado antes del env\u00edo, si encuentra que faltan piezas o est\u00e1n da\u00f1adas, no se preocupe y p\u00f3ngase en contacto con nosotros y podemos reenvi\u00e1rselas inmediatamente de forma gratuita.<\/p>\n<figure id=\"attachment_35045\" aria-describedby=\"caption-attachment-35045\" style=\"width: 768px\" class=\"wp-caption aligncenter\"><img fetchpriority=\"high\" decoding=\"async\" class=\"wp-image-35045 size-full\" src=\"https:\/\/mouldking.store\/wp-content\/uploads\/2022\/11\/MK13091-01-cf78-768x743-1.jpg\" alt=\"MOULD KING 13091 Green McLaren P1 Hypercar With 3268 Pieces\" width=\"768\" height=\"743\" title=\"-\" srcset=\"https:\/\/mouldking.store\/wp-content\/uploads\/2022\/11\/MK13091-01-cf78-768x743-1.jpg 768w, https:\/\/mouldking.store\/wp-content\/uploads\/2022\/11\/MK13091-01-cf78-768x743-1-300x290.jpg 300w, https:\/\/mouldking.store\/wp-content\/uploads\/2022\/11\/MK13091-01-cf78-768x743-1-600x580.jpg 600w, https:\/\/mouldking.store\/wp-content\/uploads\/2022\/11\/MK13091-01-cf78-768x743-1-150x145.jpg 150w, https:\/\/mouldking.store\/wp-content\/uploads\/2022\/11\/MK13091-01-cf78-768x743-1-62x60.jpg 62w, https:\/\/mouldking.store\/wp-content\/uploads\/2022\/11\/MK13091-01-cf78-768x743-1-93x90.jpg 93w\" sizes=\"(max-width: 768px) 100vw, 768px\" \/><figcaption id=\"caption-attachment-35045\" class=\"wp-caption-text\">MOLD KING 13091 Verde McLaren P1 Hypercar Con 3268 Piezas<\/figcaption><\/figure>\n<figure id=\"attachment_35046\" aria-describedby=\"caption-attachment-35046\" style=\"width: 768px\" class=\"wp-caption aligncenter\"><img decoding=\"async\" class=\"wp-image-35046 size-full\" src=\"https:\/\/mouldking.store\/wp-content\/uploads\/2022\/11\/MK13091-3-46c9-768x768-1.jpg\" alt=\"MOULD KING 13091 Green McLaren P1 Hypercar With 3268 Pieces\" width=\"768\" height=\"768\" title=\"-\" srcset=\"https:\/\/mouldking.store\/wp-content\/uploads\/2022\/11\/MK13091-3-46c9-768x768-1.jpg 768w, https:\/\/mouldking.store\/wp-content\/uploads\/2022\/11\/MK13091-3-46c9-768x768-1-300x300.jpg 300w, https:\/\/mouldking.store\/wp-content\/uploads\/2022\/11\/MK13091-3-46c9-768x768-1-600x600.jpg 600w, https:\/\/mouldking.store\/wp-content\/uploads\/2022\/11\/MK13091-3-46c9-768x768-1-150x150.jpg 150w, https:\/\/mouldking.store\/wp-content\/uploads\/2022\/11\/MK13091-3-46c9-768x768-1-60x60.jpg 60w, https:\/\/mouldking.store\/wp-content\/uploads\/2022\/11\/MK13091-3-46c9-768x768-1-90x90.jpg 90w\" sizes=\"(max-width: 768px) 100vw, 768px\" \/><figcaption id=\"caption-attachment-35046\" class=\"wp-caption-text\">MOLD KING 13091 Verde McLaren P1 Hypercar Con 3268 Piezas<\/figcaption><\/figure>\n<figure id=\"attachment_35047\" aria-describedby=\"caption-attachment-35047\" style=\"width: 768px\" class=\"wp-caption aligncenter\"><img decoding=\"async\" class=\"wp-image-35047 size-full\" src=\"https:\/\/mouldking.store\/wp-content\/uploads\/2022\/11\/MK13091-4-d658-768x768-1.jpg\" alt=\"MOULD KING 13091 Green McLaren P1 Hypercar With 3268 Pieces\" width=\"768\" height=\"768\" title=\"-\" srcset=\"https:\/\/mouldking.store\/wp-content\/uploads\/2022\/11\/MK13091-4-d658-768x768-1.jpg 768w, https:\/\/mouldking.store\/wp-content\/uploads\/2022\/11\/MK13091-4-d658-768x768-1-300x300.jpg 300w, https:\/\/mouldking.store\/wp-content\/uploads\/2022\/11\/MK13091-4-d658-768x768-1-600x600.jpg 600w, https:\/\/mouldking.store\/wp-content\/uploads\/2022\/11\/MK13091-4-d658-768x768-1-150x150.jpg 150w, https:\/\/mouldking.store\/wp-content\/uploads\/2022\/11\/MK13091-4-d658-768x768-1-60x60.jpg 60w, https:\/\/mouldking.store\/wp-content\/uploads\/2022\/11\/MK13091-4-d658-768x768-1-90x90.jpg 90w\" sizes=\"(max-width: 768px) 100vw, 768px\" \/><figcaption id=\"caption-attachment-35047\" class=\"wp-caption-text\">MOLD KING 13091 Verde McLaren P1 Hypercar Con 3268 Piezas<\/figcaption><\/figure>\n<figure id=\"attachment_35048\" aria-describedby=\"caption-attachment-35048\" style=\"width: 768px\" class=\"wp-caption aligncenter\"><img loading=\"lazy\" decoding=\"async\" class=\"wp-image-35048 size-full\" src=\"https:\/\/mouldking.store\/wp-content\/uploads\/2022\/11\/MK13091-2-b082-768x768-1.jpg\" alt=\"MOULD KING 13091 Green McLaren P1 Hypercar With 3268 Pieces\" width=\"768\" height=\"768\" title=\"-\" srcset=\"https:\/\/mouldking.store\/wp-content\/uploads\/2022\/11\/MK13091-2-b082-768x768-1.jpg 768w, https:\/\/mouldking.store\/wp-content\/uploads\/2022\/11\/MK13091-2-b082-768x768-1-300x300.jpg 300w, https:\/\/mouldking.store\/wp-content\/uploads\/2022\/11\/MK13091-2-b082-768x768-1-600x600.jpg 600w, https:\/\/mouldking.store\/wp-content\/uploads\/2022\/11\/MK13091-2-b082-768x768-1-150x150.jpg 150w, https:\/\/mouldking.store\/wp-content\/uploads\/2022\/11\/MK13091-2-b082-768x768-1-60x60.jpg 60w, https:\/\/mouldking.store\/wp-content\/uploads\/2022\/11\/MK13091-2-b082-768x768-1-90x90.jpg 90w\" sizes=\"(max-width: 768px) 100vw, 768px\" \/><figcaption id=\"caption-attachment-35048\" class=\"wp-caption-text\">MOLD KING 13091 Verde McLaren P1 Hypercar Con 3268 Piezas<\/figcaption><\/figure>\n<figure id=\"attachment_35049\" aria-describedby=\"caption-attachment-35049\" style=\"width: 768px\" class=\"wp-caption aligncenter\"><img loading=\"lazy\" decoding=\"async\" class=\"wp-image-35049 size-full\" src=\"https:\/\/mouldking.store\/wp-content\/uploads\/2022\/11\/MK13091-5-ab6d-768x768-1.jpg\" alt=\"MOULD KING 13091 Green McLaren P1 Hypercar With 3268 Pieces\" width=\"768\" height=\"768\" title=\"-\" srcset=\"https:\/\/mouldking.store\/wp-content\/uploads\/2022\/11\/MK13091-5-ab6d-768x768-1.jpg 768w, https:\/\/mouldking.store\/wp-content\/uploads\/2022\/11\/MK13091-5-ab6d-768x768-1-300x300.jpg 300w, https:\/\/mouldking.store\/wp-content\/uploads\/2022\/11\/MK13091-5-ab6d-768x768-1-600x600.jpg 600w, https:\/\/mouldking.store\/wp-content\/uploads\/2022\/11\/MK13091-5-ab6d-768x768-1-150x150.jpg 150w, https:\/\/mouldking.store\/wp-content\/uploads\/2022\/11\/MK13091-5-ab6d-768x768-1-60x60.jpg 60w, https:\/\/mouldking.store\/wp-content\/uploads\/2022\/11\/MK13091-5-ab6d-768x768-1-90x90.jpg 90w\" sizes=\"(max-width: 768px) 100vw, 768px\" \/><figcaption id=\"caption-attachment-35049\" class=\"wp-caption-text\">MOLD KING 13091 Verde McLaren P1 Hypercar Con 3268 Piezas<\/figcaption><\/figure>","protected":false},"excerpt":{"rendered":"<p>Product information: Brand: MOULD KING Gender: Unisex Name: Green McLaren P1 Hypercar Age Range: &gt; 6 years old Model Number: 13091 Classification: Assemblage Plastic Block Shape: Self-Locking Bricks Material: Plastic Plastic Type: ABS Bricks Blocks:3268PCS Size: 58 \u00d7 23.5 \u00d7 15.5 cm Contains detailed assembly instructions. Notice: 1. Without an original box, but we guarantee [&hellip;]<\/p>","protected":false},"featured_media":35045,"comment_status":"closed","ping_status":"closed","template":"","meta":{"_acf_changed":false},"product_cat":[1360,1357],"product_tag":[7297,7299,6316,1744,7298,615,7300,7301,7296],"class_list":["product","first","instock","shipping-taxable","purchasable","product-type-variable"],"acf":[],"_links":{"self":[{"href":"https:\/\/mouldking.store\/es\/wp-json\/wp\/v2\/product\/35044","targetHints":{"allow":["GET"]}}],"collection":[{"href":"https:\/\/mouldking.store\/es\/wp-json\/wp\/v2\/product"}],"about":[{"href":"https:\/\/mouldking.store\/es\/wp-json\/wp\/v2\/types\/product"}],"replies":[{"embeddable":true,"href":"https:\/\/mouldking.store\/es\/wp-json\/wp\/v2\/comments?post=35044"}],"wp:featuredmedia":[{"embeddable":true,"href":"https:\/\/mouldking.store\/es\/wp-json\/wp\/v2\/media\/35045"}],"wp:attachment":[{"href":"https:\/\/mouldking.store\/es\/wp-json\/wp\/v2\/media?parent=35044"}],"wp:term":[{"taxonomy":"product_cat","embeddable":true,"href":"https:\/\/mouldking.store\/es\/wp-json\/wp\/v2\/product_cat?post=35044"},{"taxonomy":"product_tag","embeddable":true,"href":"https:\/\/mouldking.store\/es\/wp-json\/wp\/v2\/product_tag?post=35044"}],"curies":[{"name":"wp","href":"https:\/\/api.w.org\/{rel}","templated":true}]}}