{"id":35193,"date":"2022-11-18T11:22:07","date_gmt":"2022-11-18T04:22:07","guid":{"rendered":"https:\/\/mouldking.store\/?post_type=product&#038;p=35193"},"modified":"2022-11-18T11:22:07","modified_gmt":"2022-11-18T04:22:07","slug":"mork-031062-sunshine-coffee-house-with-1512-pieces","status":"publish","type":"product","link":"https:\/\/mouldking.store\/es\/shop\/mork-031062-sunshine-coffee-house-with-1512-pieces\/","title":{"rendered":"Mork 031062 Sunshine Coffee House con 1512 piezas"},"content":{"rendered":"<p>Informaci\u00f3n del Producto:<\/p>\n<ol>\n<li>Marca: Mork<\/li>\n<li>G\u00e9nero: Unisex<\/li>\n<li>Name: Sunshine Coffee House<\/li>\n<li>Rango de edad: &gt; 6 a\u00f1os<\/li>\n<li>Model Number: 031062<\/li>\n<li>Clasificaci\u00f3n: Ensamblaje<\/li>\n<li>Forma de bloque de pl\u00e1stico: Ladrillos autoblocantes<\/li>\n<li>Material: Pl\u00e1stico<\/li>\n<li>Tipo de pl\u00e1stico: ABS<\/li>\n<li>Bricks Blocks:1512 PCS<\/li>\n<li>Size:20.8 \u00d7 16 \u00d7 20.5 cm<\/li>\n<li>Contiene instrucciones de montaje detalladas.<\/li>\n<\/ol>\n<p>Aviso:<br \/>\n1. Sin caja original, pero garantizamos que nuestros productos tienen garant\u00eda de calidad y un buen embalaje.<br \/>\n2. Como todas las piezas que hemos comprobado antes del env\u00edo, si encuentra que faltan piezas o est\u00e1n da\u00f1adas, no se preocupe y p\u00f3ngase en contacto con nosotros y podemos reenvi\u00e1rselas inmediatamente de forma gratuita.<\/p>\n<figure id=\"attachment_35194\" aria-describedby=\"caption-attachment-35194\" style=\"width: 768px\" class=\"wp-caption aligncenter\"><img fetchpriority=\"high\" decoding=\"async\" class=\"wp-image-35194 size-full\" src=\"https:\/\/mouldking.store\/wp-content\/uploads\/2022\/11\/Mork-031062-11.jpg\" alt=\"Mork 031062 Sunshine Coffee House With 1512 Pieces\" width=\"768\" height=\"768\" title=\"-\" srcset=\"https:\/\/mouldking.store\/wp-content\/uploads\/2022\/11\/Mork-031062-11.jpg 768w, https:\/\/mouldking.store\/wp-content\/uploads\/2022\/11\/Mork-031062-11-300x300.jpg 300w, https:\/\/mouldking.store\/wp-content\/uploads\/2022\/11\/Mork-031062-11-600x600.jpg 600w, https:\/\/mouldking.store\/wp-content\/uploads\/2022\/11\/Mork-031062-11-150x150.jpg 150w, https:\/\/mouldking.store\/wp-content\/uploads\/2022\/11\/Mork-031062-11-60x60.jpg 60w, https:\/\/mouldking.store\/wp-content\/uploads\/2022\/11\/Mork-031062-11-90x90.jpg 90w\" sizes=\"(max-width: 768px) 100vw, 768px\" \/><figcaption id=\"caption-attachment-35194\" class=\"wp-caption-text\">Mork 031062 Sunshine Coffee House con 1512 piezas<\/figcaption><\/figure>\n<figure id=\"attachment_35195\" aria-describedby=\"caption-attachment-35195\" style=\"width: 589px\" class=\"wp-caption aligncenter\"><img decoding=\"async\" class=\"wp-image-35195 size-full\" src=\"https:\/\/mouldking.store\/wp-content\/uploads\/2022\/11\/Mork-031062-10.jpg\" alt=\"Mork 031062 Sunshine Coffee House With 1512 Pieces\" width=\"589\" height=\"1024\" title=\"-\" srcset=\"https:\/\/mouldking.store\/wp-content\/uploads\/2022\/11\/Mork-031062-10.jpg 589w, https:\/\/mouldking.store\/wp-content\/uploads\/2022\/11\/Mork-031062-10-173x300.jpg 173w, https:\/\/mouldking.store\/wp-content\/uploads\/2022\/11\/Mork-031062-10-300x522.jpg 300w, https:\/\/mouldking.store\/wp-content\/uploads\/2022\/11\/Mork-031062-10-86x150.jpg 86w, https:\/\/mouldking.store\/wp-content\/uploads\/2022\/11\/Mork-031062-10-35x60.jpg 35w, https:\/\/mouldking.store\/wp-content\/uploads\/2022\/11\/Mork-031062-10-52x90.jpg 52w\" sizes=\"(max-width: 589px) 100vw, 589px\" \/><figcaption id=\"caption-attachment-35195\" class=\"wp-caption-text\">Mork 031062 Sunshine Coffee House con 1512 piezas<\/figcaption><\/figure>\n<figure id=\"attachment_35196\" aria-describedby=\"caption-attachment-35196\" style=\"width: 519px\" class=\"wp-caption aligncenter\"><img decoding=\"async\" class=\"wp-image-35196 size-full\" src=\"https:\/\/mouldking.store\/wp-content\/uploads\/2022\/11\/Mork-031062-9.jpg\" alt=\"Mork 031062 Sunshine Coffee House With 1512 Pieces\" width=\"519\" height=\"1024\" title=\"-\" srcset=\"https:\/\/mouldking.store\/wp-content\/uploads\/2022\/11\/Mork-031062-9.jpg 519w, https:\/\/mouldking.store\/wp-content\/uploads\/2022\/11\/Mork-031062-9-152x300.jpg 152w, https:\/\/mouldking.store\/wp-content\/uploads\/2022\/11\/Mork-031062-9-300x592.jpg 300w, https:\/\/mouldking.store\/wp-content\/uploads\/2022\/11\/Mork-031062-9-76x150.jpg 76w, https:\/\/mouldking.store\/wp-content\/uploads\/2022\/11\/Mork-031062-9-30x60.jpg 30w, https:\/\/mouldking.store\/wp-content\/uploads\/2022\/11\/Mork-031062-9-46x90.jpg 46w\" sizes=\"(max-width: 519px) 100vw, 519px\" \/><figcaption id=\"caption-attachment-35196\" class=\"wp-caption-text\">Mork 031062 Sunshine Coffee House con 1512 piezas<\/figcaption><\/figure>\n<figure id=\"attachment_35197\" aria-describedby=\"caption-attachment-35197\" style=\"width: 768px\" class=\"wp-caption aligncenter\"><img loading=\"lazy\" decoding=\"async\" class=\"wp-image-35197 size-full\" src=\"https:\/\/mouldking.store\/wp-content\/uploads\/2022\/11\/Mork-031062-8.jpg\" alt=\"Mork 031062 Sunshine Coffee House With 1512 Pieces\" width=\"768\" height=\"910\" title=\"-\" srcset=\"https:\/\/mouldking.store\/wp-content\/uploads\/2022\/11\/Mork-031062-8.jpg 768w, https:\/\/mouldking.store\/wp-content\/uploads\/2022\/11\/Mork-031062-8-253x300.jpg 253w, https:\/\/mouldking.store\/wp-content\/uploads\/2022\/11\/Mork-031062-8-300x355.jpg 300w, https:\/\/mouldking.store\/wp-content\/uploads\/2022\/11\/Mork-031062-8-600x711.jpg 600w, https:\/\/mouldking.store\/wp-content\/uploads\/2022\/11\/Mork-031062-8-127x150.jpg 127w, https:\/\/mouldking.store\/wp-content\/uploads\/2022\/11\/Mork-031062-8-51x60.jpg 51w, https:\/\/mouldking.store\/wp-content\/uploads\/2022\/11\/Mork-031062-8-76x90.jpg 76w\" sizes=\"(max-width: 768px) 100vw, 768px\" \/><figcaption id=\"caption-attachment-35197\" class=\"wp-caption-text\">Mork 031062 Sunshine Coffee House con 1512 piezas<\/figcaption><\/figure>\n<figure id=\"attachment_35198\" aria-describedby=\"caption-attachment-35198\" style=\"width: 768px\" class=\"wp-caption aligncenter\"><img loading=\"lazy\" decoding=\"async\" class=\"wp-image-35198 size-full\" src=\"https:\/\/mouldking.store\/wp-content\/uploads\/2022\/11\/Mork-031062-7.jpg\" alt=\"Mork 031062 Sunshine Coffee House With 1512 Pieces\" width=\"768\" height=\"768\" title=\"-\" srcset=\"https:\/\/mouldking.store\/wp-content\/uploads\/2022\/11\/Mork-031062-7.jpg 768w, https:\/\/mouldking.store\/wp-content\/uploads\/2022\/11\/Mork-031062-7-300x300.jpg 300w, https:\/\/mouldking.store\/wp-content\/uploads\/2022\/11\/Mork-031062-7-600x600.jpg 600w, https:\/\/mouldking.store\/wp-content\/uploads\/2022\/11\/Mork-031062-7-150x150.jpg 150w, https:\/\/mouldking.store\/wp-content\/uploads\/2022\/11\/Mork-031062-7-60x60.jpg 60w, https:\/\/mouldking.store\/wp-content\/uploads\/2022\/11\/Mork-031062-7-90x90.jpg 90w\" sizes=\"(max-width: 768px) 100vw, 768px\" \/><figcaption id=\"caption-attachment-35198\" class=\"wp-caption-text\">Mork 031062 Sunshine Coffee House con 1512 piezas<\/figcaption><\/figure>\n<figure id=\"attachment_35199\" aria-describedby=\"caption-attachment-35199\" style=\"width: 768px\" class=\"wp-caption aligncenter\"><img loading=\"lazy\" decoding=\"async\" class=\"wp-image-35199 size-full\" src=\"https:\/\/mouldking.store\/wp-content\/uploads\/2022\/11\/Mork-031062-6.jpg\" alt=\"Mork 031062 Sunshine Coffee House With 1512 Pieces\" width=\"768\" height=\"768\" title=\"-\" srcset=\"https:\/\/mouldking.store\/wp-content\/uploads\/2022\/11\/Mork-031062-6.jpg 768w, https:\/\/mouldking.store\/wp-content\/uploads\/2022\/11\/Mork-031062-6-300x300.jpg 300w, https:\/\/mouldking.store\/wp-content\/uploads\/2022\/11\/Mork-031062-6-600x600.jpg 600w, https:\/\/mouldking.store\/wp-content\/uploads\/2022\/11\/Mork-031062-6-150x150.jpg 150w, https:\/\/mouldking.store\/wp-content\/uploads\/2022\/11\/Mork-031062-6-60x60.jpg 60w, https:\/\/mouldking.store\/wp-content\/uploads\/2022\/11\/Mork-031062-6-90x90.jpg 90w\" sizes=\"(max-width: 768px) 100vw, 768px\" \/><figcaption id=\"caption-attachment-35199\" class=\"wp-caption-text\">Mork 031062 Sunshine Coffee House con 1512 piezas<\/figcaption><\/figure>\n<figure id=\"attachment_35200\" aria-describedby=\"caption-attachment-35200\" style=\"width: 768px\" class=\"wp-caption aligncenter\"><img loading=\"lazy\" decoding=\"async\" class=\"wp-image-35200 size-full\" src=\"https:\/\/mouldking.store\/wp-content\/uploads\/2022\/11\/Mork-031062-5.jpg\" alt=\"Mork 031062 Sunshine Coffee House With 1512 Pieces\" width=\"768\" height=\"964\" title=\"-\" srcset=\"https:\/\/mouldking.store\/wp-content\/uploads\/2022\/11\/Mork-031062-5.jpg 768w, https:\/\/mouldking.store\/wp-content\/uploads\/2022\/11\/Mork-031062-5-239x300.jpg 239w, https:\/\/mouldking.store\/wp-content\/uploads\/2022\/11\/Mork-031062-5-300x377.jpg 300w, https:\/\/mouldking.store\/wp-content\/uploads\/2022\/11\/Mork-031062-5-600x753.jpg 600w, https:\/\/mouldking.store\/wp-content\/uploads\/2022\/11\/Mork-031062-5-120x150.jpg 120w, https:\/\/mouldking.store\/wp-content\/uploads\/2022\/11\/Mork-031062-5-48x60.jpg 48w, https:\/\/mouldking.store\/wp-content\/uploads\/2022\/11\/Mork-031062-5-72x90.jpg 72w\" sizes=\"(max-width: 768px) 100vw, 768px\" \/><figcaption id=\"caption-attachment-35200\" class=\"wp-caption-text\">Mork 031062 Sunshine Coffee House con 1512 piezas<\/figcaption><\/figure>\n<figure id=\"attachment_35201\" aria-describedby=\"caption-attachment-35201\" style=\"width: 768px\" class=\"wp-caption aligncenter\"><img loading=\"lazy\" decoding=\"async\" class=\"wp-image-35201 size-full\" src=\"https:\/\/mouldking.store\/wp-content\/uploads\/2022\/11\/Mork-031062-4.jpg\" alt=\"Mork 031062 Sunshine Coffee House With 1512 Pieces\" width=\"768\" height=\"768\" title=\"-\" srcset=\"https:\/\/mouldking.store\/wp-content\/uploads\/2022\/11\/Mork-031062-4.jpg 768w, https:\/\/mouldking.store\/wp-content\/uploads\/2022\/11\/Mork-031062-4-300x300.jpg 300w, https:\/\/mouldking.store\/wp-content\/uploads\/2022\/11\/Mork-031062-4-600x600.jpg 600w, https:\/\/mouldking.store\/wp-content\/uploads\/2022\/11\/Mork-031062-4-150x150.jpg 150w, https:\/\/mouldking.store\/wp-content\/uploads\/2022\/11\/Mork-031062-4-60x60.jpg 60w, https:\/\/mouldking.store\/wp-content\/uploads\/2022\/11\/Mork-031062-4-90x90.jpg 90w\" sizes=\"(max-width: 768px) 100vw, 768px\" \/><figcaption id=\"caption-attachment-35201\" class=\"wp-caption-text\">Mork 031062 Sunshine Coffee House con 1512 piezas<\/figcaption><\/figure>\n<figure id=\"attachment_35202\" aria-describedby=\"caption-attachment-35202\" style=\"width: 768px\" class=\"wp-caption aligncenter\"><img loading=\"lazy\" decoding=\"async\" class=\"wp-image-35202 size-full\" src=\"https:\/\/mouldking.store\/wp-content\/uploads\/2022\/11\/Mork-031062-3.jpg\" alt=\"Mork 031062 Sunshine Coffee House With 1512 Pieces\" width=\"768\" height=\"869\" title=\"-\" srcset=\"https:\/\/mouldking.store\/wp-content\/uploads\/2022\/11\/Mork-031062-3.jpg 768w, https:\/\/mouldking.store\/wp-content\/uploads\/2022\/11\/Mork-031062-3-265x300.jpg 265w, https:\/\/mouldking.store\/wp-content\/uploads\/2022\/11\/Mork-031062-3-300x339.jpg 300w, https:\/\/mouldking.store\/wp-content\/uploads\/2022\/11\/Mork-031062-3-600x679.jpg 600w, https:\/\/mouldking.store\/wp-content\/uploads\/2022\/11\/Mork-031062-3-133x150.jpg 133w, https:\/\/mouldking.store\/wp-content\/uploads\/2022\/11\/Mork-031062-3-53x60.jpg 53w, https:\/\/mouldking.store\/wp-content\/uploads\/2022\/11\/Mork-031062-3-80x90.jpg 80w\" sizes=\"(max-width: 768px) 100vw, 768px\" \/><figcaption id=\"caption-attachment-35202\" class=\"wp-caption-text\">Mork 031062 Sunshine Coffee House con 1512 piezas<\/figcaption><\/figure>\n<figure id=\"attachment_35203\" aria-describedby=\"caption-attachment-35203\" style=\"width: 768px\" class=\"wp-caption aligncenter\"><img loading=\"lazy\" decoding=\"async\" class=\"wp-image-35203 size-full\" src=\"https:\/\/mouldking.store\/wp-content\/uploads\/2022\/11\/Mork-031062-2.jpg\" alt=\"Mork 031062 Sunshine Coffee House With 1512 Pieces\" width=\"768\" height=\"768\" title=\"-\" srcset=\"https:\/\/mouldking.store\/wp-content\/uploads\/2022\/11\/Mork-031062-2.jpg 768w, https:\/\/mouldking.store\/wp-content\/uploads\/2022\/11\/Mork-031062-2-300x300.jpg 300w, https:\/\/mouldking.store\/wp-content\/uploads\/2022\/11\/Mork-031062-2-600x600.jpg 600w, https:\/\/mouldking.store\/wp-content\/uploads\/2022\/11\/Mork-031062-2-150x150.jpg 150w, https:\/\/mouldking.store\/wp-content\/uploads\/2022\/11\/Mork-031062-2-60x60.jpg 60w, https:\/\/mouldking.store\/wp-content\/uploads\/2022\/11\/Mork-031062-2-90x90.jpg 90w\" sizes=\"(max-width: 768px) 100vw, 768px\" \/><figcaption id=\"caption-attachment-35203\" class=\"wp-caption-text\">Mork 031062 Sunshine Coffee House con 1512 piezas<\/figcaption><\/figure>\n<figure id=\"attachment_35204\" aria-describedby=\"caption-attachment-35204\" style=\"width: 768px\" class=\"wp-caption aligncenter\"><img loading=\"lazy\" decoding=\"async\" class=\"wp-image-35204 size-full\" src=\"https:\/\/mouldking.store\/wp-content\/uploads\/2022\/11\/Mork-031062-1.jpg\" alt=\"Mork 031062 Sunshine Coffee House With 1512 Pieces\" width=\"768\" height=\"768\" title=\"-\" srcset=\"https:\/\/mouldking.store\/wp-content\/uploads\/2022\/11\/Mork-031062-1.jpg 768w, https:\/\/mouldking.store\/wp-content\/uploads\/2022\/11\/Mork-031062-1-300x300.jpg 300w, https:\/\/mouldking.store\/wp-content\/uploads\/2022\/11\/Mork-031062-1-600x600.jpg 600w, https:\/\/mouldking.store\/wp-content\/uploads\/2022\/11\/Mork-031062-1-150x150.jpg 150w, https:\/\/mouldking.store\/wp-content\/uploads\/2022\/11\/Mork-031062-1-60x60.jpg 60w, https:\/\/mouldking.store\/wp-content\/uploads\/2022\/11\/Mork-031062-1-90x90.jpg 90w\" sizes=\"(max-width: 768px) 100vw, 768px\" \/><figcaption id=\"caption-attachment-35204\" class=\"wp-caption-text\">Mork 031062 Sunshine Coffee House con 1512 piezas<\/figcaption><\/figure>","protected":false},"excerpt":{"rendered":"<p>Product information: Brand: Mork Gender: Unisex Name: Sunshine Coffee House Age Range: &gt; 6 years old Model Number: 031062 Classification: Assemblage Plastic Block Shape: Self-Locking Bricks Material: Plastic Plastic Type: ABS Bricks Blocks:1512 PCS Size:20.8 \u00d7 16 \u00d7 20.5 cm Contains detailed assembly instructions. Notice: 1. Without an original box, but we guarantee our products [&hellip;]<\/p>","protected":false},"featured_media":35194,"comment_status":"closed","ping_status":"closed","template":"","meta":{"_acf_changed":false},"product_cat":[1395],"product_tag":[7386,1207,2352,7388,7390,7385,7387,7389],"class_list":["product","first","instock","shipping-taxable","purchasable","product-type-simple"],"acf":[],"_links":{"self":[{"href":"https:\/\/mouldking.store\/es\/wp-json\/wp\/v2\/product\/35193","targetHints":{"allow":["GET"]}}],"collection":[{"href":"https:\/\/mouldking.store\/es\/wp-json\/wp\/v2\/product"}],"about":[{"href":"https:\/\/mouldking.store\/es\/wp-json\/wp\/v2\/types\/product"}],"replies":[{"embeddable":true,"href":"https:\/\/mouldking.store\/es\/wp-json\/wp\/v2\/comments?post=35193"}],"wp:featuredmedia":[{"embeddable":true,"href":"https:\/\/mouldking.store\/es\/wp-json\/wp\/v2\/media\/35194"}],"wp:attachment":[{"href":"https:\/\/mouldking.store\/es\/wp-json\/wp\/v2\/media?parent=35193"}],"wp:term":[{"taxonomy":"product_cat","embeddable":true,"href":"https:\/\/mouldking.store\/es\/wp-json\/wp\/v2\/product_cat?post=35193"},{"taxonomy":"product_tag","embeddable":true,"href":"https:\/\/mouldking.store\/es\/wp-json\/wp\/v2\/product_tag?post=35193"}],"curies":[{"name":"wp","href":"https:\/\/api.w.org\/{rel}","templated":true}]}}