{"id":35228,"date":"2022-11-18T11:47:36","date_gmt":"2022-11-18T04:47:36","guid":{"rendered":"https:\/\/mouldking.store\/?post_type=product&#038;p=35228"},"modified":"2022-11-18T11:47:37","modified_gmt":"2022-11-18T04:47:37","slug":"mork-022025-1-110-shelby-cobra-427-with-1816-pieces","status":"publish","type":"product","link":"https:\/\/mouldking.store\/es\/shop\/mork-022025-1-110-shelby-cobra-427-with-1816-pieces\/","title":{"rendered":"MORK 022025-1 1:10 Shelby Cobra 427 con 1816 piezas"},"content":{"rendered":"<p>Informaci\u00f3n del Producto:<\/p>\n<ol>\n<li>Marca: MORK<\/li>\n<li>G\u00e9nero: Unisex<\/li>\n<li>Nombre: 1:10 Shelby Cobra 427<\/li>\n<li>Rango de edad: &gt; 6 a\u00f1os<\/li>\n<li>N\u00famero de modelo: 022025-1<\/li>\n<li>Clasificaci\u00f3n: Ensamblaje<\/li>\n<li>Forma de bloque de pl\u00e1stico: Ladrillos autoblocantes<\/li>\n<li>Material: Pl\u00e1stico<\/li>\n<li>Tipo de pl\u00e1stico: ABS<\/li>\n<li>Bloques de ladrillos: 1816PCS<\/li>\n<li>Tama\u00f1o: 48 \u00d7 24 \u00d7 15,5 cm<\/li>\n<li>Contiene instrucciones de montaje detalladas.<\/li>\n<\/ol>\n<p>Aviso:<br \/>\n1. Sin caja original, pero garantizamos que nuestros productos tienen garant\u00eda de calidad y un buen embalaje.<br \/>\n2. Como todas las piezas que hemos comprobado antes del env\u00edo, si encuentra que faltan piezas o est\u00e1n da\u00f1adas, no se preocupe y p\u00f3ngase en contacto con nosotros y podemos reenvi\u00e1rselas inmediatamente de forma gratuita.<\/p>\n<figure id=\"attachment_35229\" aria-describedby=\"caption-attachment-35229\" style=\"width: 768px\" class=\"wp-caption aligncenter\"><img fetchpriority=\"high\" decoding=\"async\" class=\"wp-image-35229 size-full\" src=\"https:\/\/mouldking.store\/wp-content\/uploads\/2022\/11\/MORK-022025-1-8.jpg\" alt=\"MORK 022025-1 1:10 Shelby Cobra 427 With 1816 Pieces\" width=\"768\" height=\"768\" title=\"-\" srcset=\"https:\/\/mouldking.store\/wp-content\/uploads\/2022\/11\/MORK-022025-1-8.jpg 768w, https:\/\/mouldking.store\/wp-content\/uploads\/2022\/11\/MORK-022025-1-8-300x300.jpg 300w, https:\/\/mouldking.store\/wp-content\/uploads\/2022\/11\/MORK-022025-1-8-600x600.jpg 600w, https:\/\/mouldking.store\/wp-content\/uploads\/2022\/11\/MORK-022025-1-8-150x150.jpg 150w, https:\/\/mouldking.store\/wp-content\/uploads\/2022\/11\/MORK-022025-1-8-60x60.jpg 60w, https:\/\/mouldking.store\/wp-content\/uploads\/2022\/11\/MORK-022025-1-8-90x90.jpg 90w\" sizes=\"(max-width: 768px) 100vw, 768px\" \/><figcaption id=\"caption-attachment-35229\" class=\"wp-caption-text\">MORK 022025-1 1:10 Shelby Cobra 427 con 1816 piezas<\/figcaption><\/figure>\n<figure id=\"attachment_35230\" aria-describedby=\"caption-attachment-35230\" style=\"width: 600px\" class=\"wp-caption aligncenter\"><img decoding=\"async\" class=\"wp-image-35230 size-full\" src=\"https:\/\/mouldking.store\/wp-content\/uploads\/2022\/11\/MORK-022025-1-7.jpg\" alt=\"MORK 022025-1 1:10 Shelby Cobra 427 With 1816 Pieces\" width=\"600\" height=\"930\" title=\"-\" srcset=\"https:\/\/mouldking.store\/wp-content\/uploads\/2022\/11\/MORK-022025-1-7.jpg 600w, https:\/\/mouldking.store\/wp-content\/uploads\/2022\/11\/MORK-022025-1-7-194x300.jpg 194w, https:\/\/mouldking.store\/wp-content\/uploads\/2022\/11\/MORK-022025-1-7-300x465.jpg 300w, https:\/\/mouldking.store\/wp-content\/uploads\/2022\/11\/MORK-022025-1-7-97x150.jpg 97w, https:\/\/mouldking.store\/wp-content\/uploads\/2022\/11\/MORK-022025-1-7-39x60.jpg 39w, https:\/\/mouldking.store\/wp-content\/uploads\/2022\/11\/MORK-022025-1-7-58x90.jpg 58w\" sizes=\"(max-width: 600px) 100vw, 600px\" \/><figcaption id=\"caption-attachment-35230\" class=\"wp-caption-text\">MORK 022025-1 1:10 Shelby Cobra 427 con 1816 piezas<\/figcaption><\/figure>\n<figure id=\"attachment_35231\" aria-describedby=\"caption-attachment-35231\" style=\"width: 469px\" class=\"wp-caption aligncenter\"><img decoding=\"async\" class=\"wp-image-35231 size-full\" src=\"https:\/\/mouldking.store\/wp-content\/uploads\/2022\/11\/MORK-022025-1-6.jpg\" alt=\"MORK 022025-1 1:10 Shelby Cobra 427 With 1816 Pieces\" width=\"469\" height=\"1024\" title=\"-\" srcset=\"https:\/\/mouldking.store\/wp-content\/uploads\/2022\/11\/MORK-022025-1-6.jpg 469w, https:\/\/mouldking.store\/wp-content\/uploads\/2022\/11\/MORK-022025-1-6-137x300.jpg 137w, https:\/\/mouldking.store\/wp-content\/uploads\/2022\/11\/MORK-022025-1-6-300x655.jpg 300w, https:\/\/mouldking.store\/wp-content\/uploads\/2022\/11\/MORK-022025-1-6-69x150.jpg 69w, https:\/\/mouldking.store\/wp-content\/uploads\/2022\/11\/MORK-022025-1-6-27x60.jpg 27w, https:\/\/mouldking.store\/wp-content\/uploads\/2022\/11\/MORK-022025-1-6-41x90.jpg 41w\" sizes=\"(max-width: 469px) 100vw, 469px\" \/><figcaption id=\"caption-attachment-35231\" class=\"wp-caption-text\">MORK 022025-1 1:10 Shelby Cobra 427 con 1816 piezas<\/figcaption><\/figure>\n<figure id=\"attachment_35232\" aria-describedby=\"caption-attachment-35232\" style=\"width: 561px\" class=\"wp-caption aligncenter\"><img loading=\"lazy\" decoding=\"async\" class=\"wp-image-35232 size-full\" src=\"https:\/\/mouldking.store\/wp-content\/uploads\/2022\/11\/MORK-022025-1-5.jpg\" alt=\"MORK 022025-1 1:10 Shelby Cobra 427 With 1816 Pieces\" width=\"561\" height=\"1024\" title=\"-\" srcset=\"https:\/\/mouldking.store\/wp-content\/uploads\/2022\/11\/MORK-022025-1-5.jpg 561w, https:\/\/mouldking.store\/wp-content\/uploads\/2022\/11\/MORK-022025-1-5-164x300.jpg 164w, https:\/\/mouldking.store\/wp-content\/uploads\/2022\/11\/MORK-022025-1-5-300x548.jpg 300w, https:\/\/mouldking.store\/wp-content\/uploads\/2022\/11\/MORK-022025-1-5-82x150.jpg 82w, https:\/\/mouldking.store\/wp-content\/uploads\/2022\/11\/MORK-022025-1-5-33x60.jpg 33w, https:\/\/mouldking.store\/wp-content\/uploads\/2022\/11\/MORK-022025-1-5-49x90.jpg 49w\" sizes=\"(max-width: 561px) 100vw, 561px\" \/><figcaption id=\"caption-attachment-35232\" class=\"wp-caption-text\">MORK 022025-1 1:10 Shelby Cobra 427 con 1816 piezas<\/figcaption><\/figure>\n<figure id=\"attachment_35233\" aria-describedby=\"caption-attachment-35233\" style=\"width: 509px\" class=\"wp-caption aligncenter\"><img loading=\"lazy\" decoding=\"async\" class=\"wp-image-35233 size-full\" src=\"https:\/\/mouldking.store\/wp-content\/uploads\/2022\/11\/MORK-022025-1-4.jpg\" alt=\"MORK 022025-1 1:10 Shelby Cobra 427 With 1816 Pieces\" width=\"509\" height=\"1024\" title=\"-\" srcset=\"https:\/\/mouldking.store\/wp-content\/uploads\/2022\/11\/MORK-022025-1-4.jpg 509w, https:\/\/mouldking.store\/wp-content\/uploads\/2022\/11\/MORK-022025-1-4-149x300.jpg 149w, https:\/\/mouldking.store\/wp-content\/uploads\/2022\/11\/MORK-022025-1-4-300x604.jpg 300w, https:\/\/mouldking.store\/wp-content\/uploads\/2022\/11\/MORK-022025-1-4-75x150.jpg 75w, https:\/\/mouldking.store\/wp-content\/uploads\/2022\/11\/MORK-022025-1-4-30x60.jpg 30w, https:\/\/mouldking.store\/wp-content\/uploads\/2022\/11\/MORK-022025-1-4-45x90.jpg 45w\" sizes=\"(max-width: 509px) 100vw, 509px\" \/><figcaption id=\"caption-attachment-35233\" class=\"wp-caption-text\">MORK 022025-1 1:10 Shelby Cobra 427 con 1816 piezas<\/figcaption><\/figure>\n<figure id=\"attachment_35234\" aria-describedby=\"caption-attachment-35234\" style=\"width: 520px\" class=\"wp-caption aligncenter\"><img loading=\"lazy\" decoding=\"async\" class=\"wp-image-35234 size-full\" src=\"https:\/\/mouldking.store\/wp-content\/uploads\/2022\/11\/MORK-022025-1-3.jpg\" alt=\"MORK 022025-1 1:10 Shelby Cobra 427 With 1816 Pieces\" width=\"520\" height=\"1024\" title=\"-\" srcset=\"https:\/\/mouldking.store\/wp-content\/uploads\/2022\/11\/MORK-022025-1-3.jpg 520w, https:\/\/mouldking.store\/wp-content\/uploads\/2022\/11\/MORK-022025-1-3-152x300.jpg 152w, https:\/\/mouldking.store\/wp-content\/uploads\/2022\/11\/MORK-022025-1-3-300x591.jpg 300w, https:\/\/mouldking.store\/wp-content\/uploads\/2022\/11\/MORK-022025-1-3-76x150.jpg 76w, https:\/\/mouldking.store\/wp-content\/uploads\/2022\/11\/MORK-022025-1-3-30x60.jpg 30w, https:\/\/mouldking.store\/wp-content\/uploads\/2022\/11\/MORK-022025-1-3-46x90.jpg 46w\" sizes=\"(max-width: 520px) 100vw, 520px\" \/><figcaption id=\"caption-attachment-35234\" class=\"wp-caption-text\">MORK 022025-1 1:10 Shelby Cobra 427 con 1816 piezas<\/figcaption><\/figure>\n<figure id=\"attachment_35235\" aria-describedby=\"caption-attachment-35235\" style=\"width: 600px\" class=\"wp-caption aligncenter\"><img loading=\"lazy\" decoding=\"async\" class=\"wp-image-35235 size-full\" src=\"https:\/\/mouldking.store\/wp-content\/uploads\/2022\/11\/MORK-022025-1-2.jpg\" alt=\"MORK 022025-1 1:10 Shelby Cobra 427 With 1816 Pieces\" width=\"600\" height=\"604\" title=\"-\" srcset=\"https:\/\/mouldking.store\/wp-content\/uploads\/2022\/11\/MORK-022025-1-2.jpg 600w, https:\/\/mouldking.store\/wp-content\/uploads\/2022\/11\/MORK-022025-1-2-298x300.jpg 298w, https:\/\/mouldking.store\/wp-content\/uploads\/2022\/11\/MORK-022025-1-2-300x302.jpg 300w, https:\/\/mouldking.store\/wp-content\/uploads\/2022\/11\/MORK-022025-1-2-150x150.jpg 150w, https:\/\/mouldking.store\/wp-content\/uploads\/2022\/11\/MORK-022025-1-2-60x60.jpg 60w, https:\/\/mouldking.store\/wp-content\/uploads\/2022\/11\/MORK-022025-1-2-89x90.jpg 89w\" sizes=\"(max-width: 600px) 100vw, 600px\" \/><figcaption id=\"caption-attachment-35235\" class=\"wp-caption-text\">MORK 022025-1 1:10 Shelby Cobra 427 con 1816 piezas<\/figcaption><\/figure>\n<figure id=\"attachment_35236\" aria-describedby=\"caption-attachment-35236\" style=\"width: 508px\" class=\"wp-caption aligncenter\"><img loading=\"lazy\" decoding=\"async\" class=\"wp-image-35236 size-full\" src=\"https:\/\/mouldking.store\/wp-content\/uploads\/2022\/11\/MORK-022025-1-1.jpg\" alt=\"MORK 022025-1 1:10 Shelby Cobra 427 With 1816 Pieces\" width=\"508\" height=\"1024\" title=\"-\" srcset=\"https:\/\/mouldking.store\/wp-content\/uploads\/2022\/11\/MORK-022025-1-1.jpg 508w, https:\/\/mouldking.store\/wp-content\/uploads\/2022\/11\/MORK-022025-1-1-149x300.jpg 149w, https:\/\/mouldking.store\/wp-content\/uploads\/2022\/11\/MORK-022025-1-1-300x605.jpg 300w, https:\/\/mouldking.store\/wp-content\/uploads\/2022\/11\/MORK-022025-1-1-74x150.jpg 74w, https:\/\/mouldking.store\/wp-content\/uploads\/2022\/11\/MORK-022025-1-1-30x60.jpg 30w, https:\/\/mouldking.store\/wp-content\/uploads\/2022\/11\/MORK-022025-1-1-45x90.jpg 45w\" sizes=\"(max-width: 508px) 100vw, 508px\" \/><figcaption id=\"caption-attachment-35236\" class=\"wp-caption-text\">MORK 022025-1 1:10 Shelby Cobra 427 con 1816 piezas<\/figcaption><\/figure>","protected":false},"excerpt":{"rendered":"<p>Product information: Brand: MORK Gender: Unisex Name: 1:10 Shelby Cobra 427 Age Range: &gt; 6 years old Model Number: 022025-1 Classification: Assemblage Plastic Block Shape: Self-Locking Bricks Material: Plastic Plastic Type: ABS Bricks Blocks:1816PCS Size: 48 \u00d7 24 \u00d7 15.5 cm Contains detailed assembly instructions. Notice: 1. Without an original box, but we guarantee our [&hellip;]<\/p>","protected":false},"featured_media":35229,"comment_status":"closed","ping_status":"closed","template":"","meta":{"_acf_changed":false},"product_cat":[1360,1357],"product_tag":[7406,7410,7408,2352,7411,7412,7405,7407,7409],"class_list":["product","first","instock","shipping-taxable","purchasable","product-type-simple"],"acf":[],"_links":{"self":[{"href":"https:\/\/mouldking.store\/es\/wp-json\/wp\/v2\/product\/35228","targetHints":{"allow":["GET"]}}],"collection":[{"href":"https:\/\/mouldking.store\/es\/wp-json\/wp\/v2\/product"}],"about":[{"href":"https:\/\/mouldking.store\/es\/wp-json\/wp\/v2\/types\/product"}],"replies":[{"embeddable":true,"href":"https:\/\/mouldking.store\/es\/wp-json\/wp\/v2\/comments?post=35228"}],"wp:featuredmedia":[{"embeddable":true,"href":"https:\/\/mouldking.store\/es\/wp-json\/wp\/v2\/media\/35229"}],"wp:attachment":[{"href":"https:\/\/mouldking.store\/es\/wp-json\/wp\/v2\/media?parent=35228"}],"wp:term":[{"taxonomy":"product_cat","embeddable":true,"href":"https:\/\/mouldking.store\/es\/wp-json\/wp\/v2\/product_cat?post=35228"},{"taxonomy":"product_tag","embeddable":true,"href":"https:\/\/mouldking.store\/es\/wp-json\/wp\/v2\/product_tag?post=35228"}],"curies":[{"name":"wp","href":"https:\/\/api.w.org\/{rel}","templated":true}]}}