{"id":35366,"date":"2022-11-18T14:50:28","date_gmt":"2022-11-18T07:50:28","guid":{"rendered":"https:\/\/mouldking.store\/?post_type=product&#038;p=35366"},"modified":"2022-11-18T14:50:29","modified_gmt":"2022-11-18T07:50:29","slug":"pantasy-86203hy-astro-boy-series-mechanical-clear-version-with-1250-pieces","status":"publish","type":"product","link":"https:\/\/mouldking.store\/es\/shop\/pantasy-86203hy-astro-boy-series-mechanical-clear-version-with-1250-pieces\/","title":{"rendered":"PANTASY 86203HY Astro Boy Series Versi\u00f3n mec\u00e1nica clara con 1250 piezas"},"content":{"rendered":"<p>Informaci\u00f3n del Producto:<\/p>\n<ol>\n<li>Marca: PANTASY<\/li>\n<li>G\u00e9nero: Unisex<\/li>\n<li>Name: Astro Boy Series Mechanical Clear Version<\/li>\n<li>Rango de edad: &gt; 6 a\u00f1os<\/li>\n<li>Model Number: 86203HY<\/li>\n<li>Clasificaci\u00f3n: Ensamblaje<\/li>\n<li>Forma de bloque de pl\u00e1stico: Ladrillos autoblocantes<\/li>\n<li>Material: Pl\u00e1stico<\/li>\n<li>Tipo de pl\u00e1stico: ABS<\/li>\n<li>Bricks Blocks:1250 PCS<\/li>\n<li>Size: \u00a014.8\u00d713.6\u00d732.3cm<\/li>\n<li>Contiene instrucciones de montaje detalladas.<\/li>\n<\/ol>\n<p>Aviso:<br \/>\n1. Sin caja original, pero garantizamos que nuestros productos tienen garant\u00eda de calidad y un buen embalaje.<br \/>\n2. Como todas las piezas que hemos comprobado antes del env\u00edo, si encuentra que faltan piezas o est\u00e1n da\u00f1adas, no se preocupe y p\u00f3ngase en contacto con nosotros y podemos reenvi\u00e1rselas inmediatamente de forma gratuita.<\/p>\n<figure id=\"attachment_35367\" aria-describedby=\"caption-attachment-35367\" style=\"width: 768px\" class=\"wp-caption aligncenter\"><img fetchpriority=\"high\" decoding=\"async\" class=\"wp-image-35367 size-full\" src=\"https:\/\/mouldking.store\/wp-content\/uploads\/2022\/11\/PANTASY-86203HY-11.jpg\" alt=\"PANTASY 86203HY Astro Boy Series Mechanical Clear Version With 1250 Pieces\" width=\"768\" height=\"768\" title=\"-\" srcset=\"https:\/\/mouldking.store\/wp-content\/uploads\/2022\/11\/PANTASY-86203HY-11.jpg 768w, https:\/\/mouldking.store\/wp-content\/uploads\/2022\/11\/PANTASY-86203HY-11-300x300.jpg 300w, https:\/\/mouldking.store\/wp-content\/uploads\/2022\/11\/PANTASY-86203HY-11-600x600.jpg 600w, https:\/\/mouldking.store\/wp-content\/uploads\/2022\/11\/PANTASY-86203HY-11-150x150.jpg 150w, https:\/\/mouldking.store\/wp-content\/uploads\/2022\/11\/PANTASY-86203HY-11-60x60.jpg 60w, https:\/\/mouldking.store\/wp-content\/uploads\/2022\/11\/PANTASY-86203HY-11-90x90.jpg 90w\" sizes=\"(max-width: 768px) 100vw, 768px\" \/><figcaption id=\"caption-attachment-35367\" class=\"wp-caption-text\">PANTASY 86203HY Astro Boy Series Versi\u00f3n mec\u00e1nica clara con 1250 piezas<\/figcaption><\/figure>\n<figure id=\"attachment_35368\" aria-describedby=\"caption-attachment-35368\" style=\"width: 750px\" class=\"wp-caption aligncenter\"><img decoding=\"async\" class=\"wp-image-35368 size-full\" src=\"https:\/\/mouldking.store\/wp-content\/uploads\/2022\/11\/PANTASY-86203HY-10.jpg\" alt=\"PANTASY 86203HY Astro Boy Series Mechanical Clear Version With 1250 Pieces\" width=\"750\" height=\"1000\" title=\"-\" srcset=\"https:\/\/mouldking.store\/wp-content\/uploads\/2022\/11\/PANTASY-86203HY-10.jpg 750w, https:\/\/mouldking.store\/wp-content\/uploads\/2022\/11\/PANTASY-86203HY-10-225x300.jpg 225w, https:\/\/mouldking.store\/wp-content\/uploads\/2022\/11\/PANTASY-86203HY-10-300x400.jpg 300w, https:\/\/mouldking.store\/wp-content\/uploads\/2022\/11\/PANTASY-86203HY-10-600x800.jpg 600w, https:\/\/mouldking.store\/wp-content\/uploads\/2022\/11\/PANTASY-86203HY-10-113x150.jpg 113w, https:\/\/mouldking.store\/wp-content\/uploads\/2022\/11\/PANTASY-86203HY-10-45x60.jpg 45w, https:\/\/mouldking.store\/wp-content\/uploads\/2022\/11\/PANTASY-86203HY-10-68x90.jpg 68w\" sizes=\"(max-width: 750px) 100vw, 750px\" \/><figcaption id=\"caption-attachment-35368\" class=\"wp-caption-text\">PANTASY 86203HY Astro Boy Series Versi\u00f3n mec\u00e1nica clara con 1250 piezas<\/figcaption><\/figure>\n<figure id=\"attachment_35369\" aria-describedby=\"caption-attachment-35369\" style=\"width: 960px\" class=\"wp-caption aligncenter\"><img decoding=\"async\" class=\"wp-image-35369 size-full\" src=\"https:\/\/mouldking.store\/wp-content\/uploads\/2022\/11\/PANTASY-86203HY-9.jpg\" alt=\"PANTASY 86203HY Astro Boy Series Mechanical Clear Version With 1250 Pieces\" width=\"960\" height=\"960\" title=\"-\" srcset=\"https:\/\/mouldking.store\/wp-content\/uploads\/2022\/11\/PANTASY-86203HY-9.jpg 960w, https:\/\/mouldking.store\/wp-content\/uploads\/2022\/11\/PANTASY-86203HY-9-300x300.jpg 300w, https:\/\/mouldking.store\/wp-content\/uploads\/2022\/11\/PANTASY-86203HY-9-768x768.jpg 768w, https:\/\/mouldking.store\/wp-content\/uploads\/2022\/11\/PANTASY-86203HY-9-600x600.jpg 600w, https:\/\/mouldking.store\/wp-content\/uploads\/2022\/11\/PANTASY-86203HY-9-150x150.jpg 150w, https:\/\/mouldking.store\/wp-content\/uploads\/2022\/11\/PANTASY-86203HY-9-60x60.jpg 60w, https:\/\/mouldking.store\/wp-content\/uploads\/2022\/11\/PANTASY-86203HY-9-90x90.jpg 90w\" sizes=\"(max-width: 960px) 100vw, 960px\" \/><figcaption id=\"caption-attachment-35369\" class=\"wp-caption-text\">PANTASY 86203HY Astro Boy Series Versi\u00f3n mec\u00e1nica clara con 1250 piezas<\/figcaption><\/figure>\n<figure id=\"attachment_35370\" aria-describedby=\"caption-attachment-35370\" style=\"width: 960px\" class=\"wp-caption aligncenter\"><img loading=\"lazy\" decoding=\"async\" class=\"wp-image-35370 size-full\" src=\"https:\/\/mouldking.store\/wp-content\/uploads\/2022\/11\/PANTASY-86203HY-8.jpg\" alt=\"PANTASY 86203HY Astro Boy Series Mechanical Clear Version With 1250 Pieces\" width=\"960\" height=\"960\" title=\"-\" srcset=\"https:\/\/mouldking.store\/wp-content\/uploads\/2022\/11\/PANTASY-86203HY-8.jpg 960w, https:\/\/mouldking.store\/wp-content\/uploads\/2022\/11\/PANTASY-86203HY-8-300x300.jpg 300w, https:\/\/mouldking.store\/wp-content\/uploads\/2022\/11\/PANTASY-86203HY-8-768x768.jpg 768w, https:\/\/mouldking.store\/wp-content\/uploads\/2022\/11\/PANTASY-86203HY-8-600x600.jpg 600w, https:\/\/mouldking.store\/wp-content\/uploads\/2022\/11\/PANTASY-86203HY-8-150x150.jpg 150w, https:\/\/mouldking.store\/wp-content\/uploads\/2022\/11\/PANTASY-86203HY-8-60x60.jpg 60w, https:\/\/mouldking.store\/wp-content\/uploads\/2022\/11\/PANTASY-86203HY-8-90x90.jpg 90w\" sizes=\"(max-width: 960px) 100vw, 960px\" \/><figcaption id=\"caption-attachment-35370\" class=\"wp-caption-text\">PANTASY 86203HY Astro Boy Series Versi\u00f3n mec\u00e1nica clara con 1250 piezas<\/figcaption><\/figure>\n<figure id=\"attachment_35371\" aria-describedby=\"caption-attachment-35371\" style=\"width: 768px\" class=\"wp-caption aligncenter\"><img loading=\"lazy\" decoding=\"async\" class=\"wp-image-35371 size-full\" src=\"https:\/\/mouldking.store\/wp-content\/uploads\/2022\/11\/PANTASY-86203HY-7.jpg\" alt=\"PANTASY 86203HY Astro Boy Series Mechanical Clear Version With 1250 Pieces\" width=\"768\" height=\"768\" title=\"-\" srcset=\"https:\/\/mouldking.store\/wp-content\/uploads\/2022\/11\/PANTASY-86203HY-7.jpg 768w, https:\/\/mouldking.store\/wp-content\/uploads\/2022\/11\/PANTASY-86203HY-7-300x300.jpg 300w, https:\/\/mouldking.store\/wp-content\/uploads\/2022\/11\/PANTASY-86203HY-7-600x600.jpg 600w, https:\/\/mouldking.store\/wp-content\/uploads\/2022\/11\/PANTASY-86203HY-7-150x150.jpg 150w, https:\/\/mouldking.store\/wp-content\/uploads\/2022\/11\/PANTASY-86203HY-7-60x60.jpg 60w, https:\/\/mouldking.store\/wp-content\/uploads\/2022\/11\/PANTASY-86203HY-7-90x90.jpg 90w\" sizes=\"(max-width: 768px) 100vw, 768px\" \/><figcaption id=\"caption-attachment-35371\" class=\"wp-caption-text\">PANTASY 86203HY Astro Boy Series Versi\u00f3n mec\u00e1nica clara con 1250 piezas<\/figcaption><\/figure>\n<figure id=\"attachment_35372\" aria-describedby=\"caption-attachment-35372\" style=\"width: 600px\" class=\"wp-caption aligncenter\"><img loading=\"lazy\" decoding=\"async\" class=\"wp-image-35372 size-full\" src=\"https:\/\/mouldking.store\/wp-content\/uploads\/2022\/11\/PANTASY-86203HY-6.jpg\" alt=\"PANTASY 86203HY Astro Boy Series Mechanical Clear Version With 1250 Pieces\" width=\"600\" height=\"930\" title=\"-\" srcset=\"https:\/\/mouldking.store\/wp-content\/uploads\/2022\/11\/PANTASY-86203HY-6.jpg 600w, https:\/\/mouldking.store\/wp-content\/uploads\/2022\/11\/PANTASY-86203HY-6-194x300.jpg 194w, https:\/\/mouldking.store\/wp-content\/uploads\/2022\/11\/PANTASY-86203HY-6-300x465.jpg 300w, https:\/\/mouldking.store\/wp-content\/uploads\/2022\/11\/PANTASY-86203HY-6-97x150.jpg 97w, https:\/\/mouldking.store\/wp-content\/uploads\/2022\/11\/PANTASY-86203HY-6-39x60.jpg 39w, https:\/\/mouldking.store\/wp-content\/uploads\/2022\/11\/PANTASY-86203HY-6-58x90.jpg 58w\" sizes=\"(max-width: 600px) 100vw, 600px\" \/><figcaption id=\"caption-attachment-35372\" class=\"wp-caption-text\">PANTASY 86203HY Astro Boy Series Versi\u00f3n mec\u00e1nica clara con 1250 piezas<\/figcaption><\/figure>\n<figure id=\"attachment_35373\" aria-describedby=\"caption-attachment-35373\" style=\"width: 768px\" class=\"wp-caption aligncenter\"><img loading=\"lazy\" decoding=\"async\" class=\"wp-image-35373 size-full\" src=\"https:\/\/mouldking.store\/wp-content\/uploads\/2022\/11\/PANTASY-86203HY-5.jpg\" alt=\"PANTASY 86203HY Astro Boy Series Mechanical Clear Version With 1250 Pieces\" width=\"768\" height=\"1016\" title=\"-\" srcset=\"https:\/\/mouldking.store\/wp-content\/uploads\/2022\/11\/PANTASY-86203HY-5.jpg 768w, https:\/\/mouldking.store\/wp-content\/uploads\/2022\/11\/PANTASY-86203HY-5-227x300.jpg 227w, https:\/\/mouldking.store\/wp-content\/uploads\/2022\/11\/PANTASY-86203HY-5-300x397.jpg 300w, https:\/\/mouldking.store\/wp-content\/uploads\/2022\/11\/PANTASY-86203HY-5-600x794.jpg 600w, https:\/\/mouldking.store\/wp-content\/uploads\/2022\/11\/PANTASY-86203HY-5-113x150.jpg 113w, https:\/\/mouldking.store\/wp-content\/uploads\/2022\/11\/PANTASY-86203HY-5-45x60.jpg 45w, https:\/\/mouldking.store\/wp-content\/uploads\/2022\/11\/PANTASY-86203HY-5-68x90.jpg 68w\" sizes=\"(max-width: 768px) 100vw, 768px\" \/><figcaption id=\"caption-attachment-35373\" class=\"wp-caption-text\">PANTASY 86203HY Astro Boy Series Versi\u00f3n mec\u00e1nica clara con 1250 piezas<\/figcaption><\/figure>\n<figure id=\"attachment_35374\" aria-describedby=\"caption-attachment-35374\" style=\"width: 710px\" class=\"wp-caption aligncenter\"><img loading=\"lazy\" decoding=\"async\" class=\"wp-image-35374 size-full\" src=\"https:\/\/mouldking.store\/wp-content\/uploads\/2022\/11\/PANTASY-86203HY-4.jpg\" alt=\"PANTASY 86203HY Astro Boy Series Mechanical Clear Version With 1250 Pieces\" width=\"710\" height=\"1024\" title=\"-\" srcset=\"https:\/\/mouldking.store\/wp-content\/uploads\/2022\/11\/PANTASY-86203HY-4.jpg 710w, https:\/\/mouldking.store\/wp-content\/uploads\/2022\/11\/PANTASY-86203HY-4-208x300.jpg 208w, https:\/\/mouldking.store\/wp-content\/uploads\/2022\/11\/PANTASY-86203HY-4-300x433.jpg 300w, https:\/\/mouldking.store\/wp-content\/uploads\/2022\/11\/PANTASY-86203HY-4-600x865.jpg 600w, https:\/\/mouldking.store\/wp-content\/uploads\/2022\/11\/PANTASY-86203HY-4-104x150.jpg 104w, https:\/\/mouldking.store\/wp-content\/uploads\/2022\/11\/PANTASY-86203HY-4-42x60.jpg 42w, https:\/\/mouldking.store\/wp-content\/uploads\/2022\/11\/PANTASY-86203HY-4-62x90.jpg 62w\" sizes=\"(max-width: 710px) 100vw, 710px\" \/><figcaption id=\"caption-attachment-35374\" class=\"wp-caption-text\">PANTASY 86203HY Astro Boy Series Versi\u00f3n mec\u00e1nica clara con 1250 piezas<\/figcaption><\/figure>\n<figure id=\"attachment_35375\" aria-describedby=\"caption-attachment-35375\" style=\"width: 674px\" class=\"wp-caption aligncenter\"><img loading=\"lazy\" decoding=\"async\" class=\"wp-image-35375 size-full\" src=\"https:\/\/mouldking.store\/wp-content\/uploads\/2022\/11\/PANTASY-86203HY-3.jpg\" alt=\"PANTASY 86203HY Astro Boy Series Mechanical Clear Version With 1250 Pieces\" width=\"674\" height=\"1024\" title=\"-\" srcset=\"https:\/\/mouldking.store\/wp-content\/uploads\/2022\/11\/PANTASY-86203HY-3.jpg 674w, https:\/\/mouldking.store\/wp-content\/uploads\/2022\/11\/PANTASY-86203HY-3-197x300.jpg 197w, https:\/\/mouldking.store\/wp-content\/uploads\/2022\/11\/PANTASY-86203HY-3-300x456.jpg 300w, https:\/\/mouldking.store\/wp-content\/uploads\/2022\/11\/PANTASY-86203HY-3-600x912.jpg 600w, https:\/\/mouldking.store\/wp-content\/uploads\/2022\/11\/PANTASY-86203HY-3-99x150.jpg 99w, https:\/\/mouldking.store\/wp-content\/uploads\/2022\/11\/PANTASY-86203HY-3-39x60.jpg 39w, https:\/\/mouldking.store\/wp-content\/uploads\/2022\/11\/PANTASY-86203HY-3-59x90.jpg 59w\" sizes=\"(max-width: 674px) 100vw, 674px\" \/><figcaption id=\"caption-attachment-35375\" class=\"wp-caption-text\">PANTASY 86203HY Astro Boy Series Versi\u00f3n mec\u00e1nica clara con 1250 piezas<\/figcaption><\/figure>\n<figure id=\"attachment_35376\" aria-describedby=\"caption-attachment-35376\" style=\"width: 768px\" class=\"wp-caption aligncenter\"><img loading=\"lazy\" decoding=\"async\" class=\"wp-image-35376 size-full\" src=\"https:\/\/mouldking.store\/wp-content\/uploads\/2022\/11\/PANTASY-86203HY-2.jpg\" alt=\"PANTASY 86203HY Astro Boy Series Mechanical Clear Version With 1250 Pieces\" width=\"768\" height=\"1019\" title=\"-\" srcset=\"https:\/\/mouldking.store\/wp-content\/uploads\/2022\/11\/PANTASY-86203HY-2.jpg 768w, https:\/\/mouldking.store\/wp-content\/uploads\/2022\/11\/PANTASY-86203HY-2-226x300.jpg 226w, https:\/\/mouldking.store\/wp-content\/uploads\/2022\/11\/PANTASY-86203HY-2-300x398.jpg 300w, https:\/\/mouldking.store\/wp-content\/uploads\/2022\/11\/PANTASY-86203HY-2-600x796.jpg 600w, https:\/\/mouldking.store\/wp-content\/uploads\/2022\/11\/PANTASY-86203HY-2-113x150.jpg 113w, https:\/\/mouldking.store\/wp-content\/uploads\/2022\/11\/PANTASY-86203HY-2-45x60.jpg 45w, https:\/\/mouldking.store\/wp-content\/uploads\/2022\/11\/PANTASY-86203HY-2-68x90.jpg 68w\" sizes=\"(max-width: 768px) 100vw, 768px\" \/><figcaption id=\"caption-attachment-35376\" class=\"wp-caption-text\">PANTASY 86203HY Astro Boy Series Versi\u00f3n mec\u00e1nica clara con 1250 piezas<\/figcaption><\/figure>\n<figure id=\"attachment_35377\" aria-describedby=\"caption-attachment-35377\" style=\"width: 884px\" class=\"wp-caption aligncenter\"><img loading=\"lazy\" decoding=\"async\" class=\"wp-image-35377 size-full\" src=\"https:\/\/mouldking.store\/wp-content\/uploads\/2022\/11\/PANTASY-86203HY-1.jpg\" alt=\"PANTASY 86203HY Astro Boy Series Mechanical Clear Version With 1250 Pieces\" width=\"884\" height=\"1024\" title=\"-\" srcset=\"https:\/\/mouldking.store\/wp-content\/uploads\/2022\/11\/PANTASY-86203HY-1.jpg 884w, https:\/\/mouldking.store\/wp-content\/uploads\/2022\/11\/PANTASY-86203HY-1-259x300.jpg 259w, https:\/\/mouldking.store\/wp-content\/uploads\/2022\/11\/PANTASY-86203HY-1-768x890.jpg 768w, https:\/\/mouldking.store\/wp-content\/uploads\/2022\/11\/PANTASY-86203HY-1-300x348.jpg 300w, https:\/\/mouldking.store\/wp-content\/uploads\/2022\/11\/PANTASY-86203HY-1-600x695.jpg 600w, https:\/\/mouldking.store\/wp-content\/uploads\/2022\/11\/PANTASY-86203HY-1-129x150.jpg 129w, https:\/\/mouldking.store\/wp-content\/uploads\/2022\/11\/PANTASY-86203HY-1-52x60.jpg 52w, https:\/\/mouldking.store\/wp-content\/uploads\/2022\/11\/PANTASY-86203HY-1-78x90.jpg 78w\" sizes=\"(max-width: 884px) 100vw, 884px\" \/><figcaption id=\"caption-attachment-35377\" class=\"wp-caption-text\">PANTASY 86203HY Astro Boy Series Versi\u00f3n mec\u00e1nica clara con 1250 piezas<\/figcaption><\/figure>","protected":false},"excerpt":{"rendered":"<p>Product information: Brand: PANTASY Gender: Unisex Name: Astro Boy Series Mechanical Clear Version Age Range: &gt; 6 years old Model Number: 86203HY Classification: Assemblage Plastic Block Shape: Self-Locking Bricks Material: Plastic Plastic Type: ABS Bricks Blocks:1250 PCS Size: \u00a014.8\u00d713.6\u00d732.3cm Contains detailed assembly instructions. Notice: 1. Without an original box, but we guarantee our products have [&hellip;]<\/p>","protected":false},"featured_media":35367,"comment_status":"closed","ping_status":"closed","template":"","meta":{"_acf_changed":false},"product_cat":[1408],"product_tag":[7492,7487,7494,7493,7345,6280,7495,7496,7491],"class_list":["product","first","instock","shipping-taxable","purchasable","product-type-simple"],"acf":[],"_links":{"self":[{"href":"https:\/\/mouldking.store\/es\/wp-json\/wp\/v2\/product\/35366","targetHints":{"allow":["GET"]}}],"collection":[{"href":"https:\/\/mouldking.store\/es\/wp-json\/wp\/v2\/product"}],"about":[{"href":"https:\/\/mouldking.store\/es\/wp-json\/wp\/v2\/types\/product"}],"replies":[{"embeddable":true,"href":"https:\/\/mouldking.store\/es\/wp-json\/wp\/v2\/comments?post=35366"}],"wp:featuredmedia":[{"embeddable":true,"href":"https:\/\/mouldking.store\/es\/wp-json\/wp\/v2\/media\/35367"}],"wp:attachment":[{"href":"https:\/\/mouldking.store\/es\/wp-json\/wp\/v2\/media?parent=35366"}],"wp:term":[{"taxonomy":"product_cat","embeddable":true,"href":"https:\/\/mouldking.store\/es\/wp-json\/wp\/v2\/product_cat?post=35366"},{"taxonomy":"product_tag","embeddable":true,"href":"https:\/\/mouldking.store\/es\/wp-json\/wp\/v2\/product_tag?post=35366"}],"curies":[{"name":"wp","href":"https:\/\/api.w.org\/{rel}","templated":true}]}}