{"id":35391,"date":"2022-11-18T15:13:48","date_gmt":"2022-11-18T08:13:48","guid":{"rendered":"https:\/\/mouldking.store\/?post_type=product&#038;p=35391"},"modified":"2022-11-18T15:13:48","modified_gmt":"2022-11-18T08:13:48","slug":"zhegao-dz01052-christmas-evening-with-878-pieces","status":"publish","type":"product","link":"https:\/\/mouldking.store\/es\/shop\/zhegao-dz01052-christmas-evening-with-878-pieces\/","title":{"rendered":"ZHEGAO DZ01052 Noche de Navidad con 878 piezas"},"content":{"rendered":"<p>Informaci\u00f3n del Producto:<\/p>\n<ol>\n<li>Marca: ZHEGAO<\/li>\n<li>G\u00e9nero: Unisex<\/li>\n<li>Name: Christmas Evening urus<\/li>\n<li>Rango de edad: &gt; 6 a\u00f1os<\/li>\n<li>Model Number: DZ01052<\/li>\n<li>Clasificaci\u00f3n: Ensamblaje<\/li>\n<li>Forma de bloque de pl\u00e1stico: Ladrillos autoblocantes<\/li>\n<li>Material: Pl\u00e1stico<\/li>\n<li>Tipo de pl\u00e1stico: ABS<\/li>\n<li>Bloques de ladrillos: 878 PCS<\/li>\n<li>Size: 16.2 \u00d7 10.65 \u00d7 18.6 cm<\/li>\n<li>Contiene instrucciones de montaje detalladas.<\/li>\n<\/ol>\n<p>Aviso:<br \/>\n1. Sin caja original, pero garantizamos que nuestros productos tienen garant\u00eda de calidad y un buen embalaje.<br \/>\n2. Como todas las piezas que hemos comprobado antes del env\u00edo, si encuentra que faltan piezas o est\u00e1n da\u00f1adas, no se preocupe y p\u00f3ngase en contacto con nosotros y podemos reenvi\u00e1rselas inmediatamente de forma gratuita.<\/p>\n<figure id=\"attachment_35392\" aria-describedby=\"caption-attachment-35392\" style=\"width: 1024px\" class=\"wp-caption aligncenter\"><img fetchpriority=\"high\" decoding=\"async\" class=\"wp-image-35392 size-large\" src=\"https:\/\/mouldking.store\/wp-content\/uploads\/2022\/11\/DZ01052-1-1862-1024x1024.jpg\" alt=\"ZHEGAO DZ01052 Christmas Evening With 878 Pieces\" width=\"1024\" height=\"1024\" title=\"-\" srcset=\"https:\/\/mouldking.store\/wp-content\/uploads\/2022\/11\/DZ01052-1-1862-1024x1024.jpg 1024w, https:\/\/mouldking.store\/wp-content\/uploads\/2022\/11\/DZ01052-1-1862-300x300.jpg 300w, https:\/\/mouldking.store\/wp-content\/uploads\/2022\/11\/DZ01052-1-1862-768x768.jpg 768w, https:\/\/mouldking.store\/wp-content\/uploads\/2022\/11\/DZ01052-1-1862-600x600.jpg 600w, https:\/\/mouldking.store\/wp-content\/uploads\/2022\/11\/DZ01052-1-1862-150x150.jpg 150w, https:\/\/mouldking.store\/wp-content\/uploads\/2022\/11\/DZ01052-1-1862-60x60.jpg 60w, https:\/\/mouldking.store\/wp-content\/uploads\/2022\/11\/DZ01052-1-1862-90x90.jpg 90w, https:\/\/mouldking.store\/wp-content\/uploads\/2022\/11\/DZ01052-1-1862.jpg 1500w\" sizes=\"(max-width: 1024px) 100vw, 1024px\" \/><figcaption id=\"caption-attachment-35392\" class=\"wp-caption-text\">ZHEGAO DZ01052 Noche de Navidad con 878 piezas<\/figcaption><\/figure>\n<figure id=\"attachment_35393\" aria-describedby=\"caption-attachment-35393\" style=\"width: 800px\" class=\"wp-caption aligncenter\"><img decoding=\"async\" class=\"wp-image-35393 size-full\" src=\"https:\/\/mouldking.store\/wp-content\/uploads\/2022\/11\/DZ01052-4-3218.jpg\" alt=\"ZHEGAO DZ01052 Christmas Evening With 878 Pieces\" width=\"800\" height=\"800\" title=\"-\" srcset=\"https:\/\/mouldking.store\/wp-content\/uploads\/2022\/11\/DZ01052-4-3218.jpg 800w, https:\/\/mouldking.store\/wp-content\/uploads\/2022\/11\/DZ01052-4-3218-300x300.jpg 300w, https:\/\/mouldking.store\/wp-content\/uploads\/2022\/11\/DZ01052-4-3218-768x768.jpg 768w, https:\/\/mouldking.store\/wp-content\/uploads\/2022\/11\/DZ01052-4-3218-600x600.jpg 600w, https:\/\/mouldking.store\/wp-content\/uploads\/2022\/11\/DZ01052-4-3218-150x150.jpg 150w, https:\/\/mouldking.store\/wp-content\/uploads\/2022\/11\/DZ01052-4-3218-60x60.jpg 60w, https:\/\/mouldking.store\/wp-content\/uploads\/2022\/11\/DZ01052-4-3218-90x90.jpg 90w\" sizes=\"(max-width: 800px) 100vw, 800px\" \/><figcaption id=\"caption-attachment-35393\" class=\"wp-caption-text\">ZHEGAO DZ01052 Noche de Navidad con 878 piezas<\/figcaption><\/figure>\n<figure id=\"attachment_35394\" aria-describedby=\"caption-attachment-35394\" style=\"width: 800px\" class=\"wp-caption aligncenter\"><img decoding=\"async\" class=\"wp-image-35394 size-full\" src=\"https:\/\/mouldking.store\/wp-content\/uploads\/2022\/11\/DZ01052-5-3498.jpg\" alt=\"ZHEGAO DZ01052 Christmas Evening With 878 Pieces\" width=\"800\" height=\"800\" title=\"-\" srcset=\"https:\/\/mouldking.store\/wp-content\/uploads\/2022\/11\/DZ01052-5-3498.jpg 800w, https:\/\/mouldking.store\/wp-content\/uploads\/2022\/11\/DZ01052-5-3498-300x300.jpg 300w, https:\/\/mouldking.store\/wp-content\/uploads\/2022\/11\/DZ01052-5-3498-768x768.jpg 768w, https:\/\/mouldking.store\/wp-content\/uploads\/2022\/11\/DZ01052-5-3498-600x600.jpg 600w, https:\/\/mouldking.store\/wp-content\/uploads\/2022\/11\/DZ01052-5-3498-150x150.jpg 150w, https:\/\/mouldking.store\/wp-content\/uploads\/2022\/11\/DZ01052-5-3498-60x60.jpg 60w, https:\/\/mouldking.store\/wp-content\/uploads\/2022\/11\/DZ01052-5-3498-90x90.jpg 90w\" sizes=\"(max-width: 800px) 100vw, 800px\" \/><figcaption id=\"caption-attachment-35394\" class=\"wp-caption-text\">ZHEGAO DZ01052 Noche de Navidad con 878 piezas<\/figcaption><\/figure>\n<figure id=\"attachment_35395\" aria-describedby=\"caption-attachment-35395\" style=\"width: 1024px\" class=\"wp-caption aligncenter\"><img loading=\"lazy\" decoding=\"async\" class=\"wp-image-35395 size-large\" src=\"https:\/\/mouldking.store\/wp-content\/uploads\/2022\/11\/DZ01052-3-7e7c-1024x1024.jpg\" alt=\"ZHEGAO DZ01052 Christmas Evening With 878 Pieces\" width=\"1024\" height=\"1024\" title=\"-\" srcset=\"https:\/\/mouldking.store\/wp-content\/uploads\/2022\/11\/DZ01052-3-7e7c-1024x1024.jpg 1024w, https:\/\/mouldking.store\/wp-content\/uploads\/2022\/11\/DZ01052-3-7e7c-300x300.jpg 300w, https:\/\/mouldking.store\/wp-content\/uploads\/2022\/11\/DZ01052-3-7e7c-768x768.jpg 768w, https:\/\/mouldking.store\/wp-content\/uploads\/2022\/11\/DZ01052-3-7e7c-600x600.jpg 600w, https:\/\/mouldking.store\/wp-content\/uploads\/2022\/11\/DZ01052-3-7e7c-150x150.jpg 150w, https:\/\/mouldking.store\/wp-content\/uploads\/2022\/11\/DZ01052-3-7e7c-60x60.jpg 60w, https:\/\/mouldking.store\/wp-content\/uploads\/2022\/11\/DZ01052-3-7e7c-90x90.jpg 90w, https:\/\/mouldking.store\/wp-content\/uploads\/2022\/11\/DZ01052-3-7e7c.jpg 1500w\" sizes=\"(max-width: 1024px) 100vw, 1024px\" \/><figcaption id=\"caption-attachment-35395\" class=\"wp-caption-text\">ZHEGAO DZ01052 Noche de Navidad con 878 piezas<\/figcaption><\/figure>\n<figure id=\"attachment_35396\" aria-describedby=\"caption-attachment-35396\" style=\"width: 1024px\" class=\"wp-caption aligncenter\"><img loading=\"lazy\" decoding=\"async\" class=\"wp-image-35396 size-large\" src=\"https:\/\/mouldking.store\/wp-content\/uploads\/2022\/11\/DZ01052-2-e2b2-1024x1024.jpg\" alt=\"ZHEGAO DZ01052 Christmas Evening With 878 Pieces\" width=\"1024\" height=\"1024\" title=\"-\" srcset=\"https:\/\/mouldking.store\/wp-content\/uploads\/2022\/11\/DZ01052-2-e2b2-1024x1024.jpg 1024w, https:\/\/mouldking.store\/wp-content\/uploads\/2022\/11\/DZ01052-2-e2b2-300x300.jpg 300w, https:\/\/mouldking.store\/wp-content\/uploads\/2022\/11\/DZ01052-2-e2b2-768x768.jpg 768w, https:\/\/mouldking.store\/wp-content\/uploads\/2022\/11\/DZ01052-2-e2b2-600x600.jpg 600w, https:\/\/mouldking.store\/wp-content\/uploads\/2022\/11\/DZ01052-2-e2b2-150x150.jpg 150w, https:\/\/mouldking.store\/wp-content\/uploads\/2022\/11\/DZ01052-2-e2b2-60x60.jpg 60w, https:\/\/mouldking.store\/wp-content\/uploads\/2022\/11\/DZ01052-2-e2b2-90x90.jpg 90w, https:\/\/mouldking.store\/wp-content\/uploads\/2022\/11\/DZ01052-2-e2b2.jpg 1500w\" sizes=\"(max-width: 1024px) 100vw, 1024px\" \/><figcaption id=\"caption-attachment-35396\" class=\"wp-caption-text\">ZHEGAO DZ01052 Noche de Navidad con 878 piezas<\/figcaption><\/figure>","protected":false},"excerpt":{"rendered":"<p>Product information: Brand: ZHEGAO Gender: Unisex Name: Christmas Evening urus Age Range: &gt; 6 years old Model Number: DZ01052 Classification: Assemblage Plastic Block Shape: Self-Locking Bricks Material: Plastic Plastic Type: ABS Bricks Blocks:878 PCS Size: 16.2 \u00d7 10.65 \u00d7 18.6 cm Contains detailed assembly instructions. Notice: 1. Without an original box, but we guarantee our [&hellip;]<\/p>","protected":false},"featured_media":35392,"comment_status":"closed","ping_status":"closed","template":"","meta":{"_acf_changed":false},"product_cat":[1365],"product_tag":[1066,7513,7511,7512,1698,7514,7515,7510],"class_list":["product","first","instock","shipping-taxable","purchasable","product-type-simple"],"acf":[],"_links":{"self":[{"href":"https:\/\/mouldking.store\/es\/wp-json\/wp\/v2\/product\/35391","targetHints":{"allow":["GET"]}}],"collection":[{"href":"https:\/\/mouldking.store\/es\/wp-json\/wp\/v2\/product"}],"about":[{"href":"https:\/\/mouldking.store\/es\/wp-json\/wp\/v2\/types\/product"}],"replies":[{"embeddable":true,"href":"https:\/\/mouldking.store\/es\/wp-json\/wp\/v2\/comments?post=35391"}],"wp:featuredmedia":[{"embeddable":true,"href":"https:\/\/mouldking.store\/es\/wp-json\/wp\/v2\/media\/35392"}],"wp:attachment":[{"href":"https:\/\/mouldking.store\/es\/wp-json\/wp\/v2\/media?parent=35391"}],"wp:term":[{"taxonomy":"product_cat","embeddable":true,"href":"https:\/\/mouldking.store\/es\/wp-json\/wp\/v2\/product_cat?post=35391"},{"taxonomy":"product_tag","embeddable":true,"href":"https:\/\/mouldking.store\/es\/wp-json\/wp\/v2\/product_tag?post=35391"}],"curies":[{"name":"wp","href":"https:\/\/api.w.org\/{rel}","templated":true}]}}