{"id":35432,"date":"2022-11-18T18:05:58","date_gmt":"2022-11-18T11:05:58","guid":{"rendered":"https:\/\/mouldking.store\/?post_type=product&#038;p=35432"},"modified":"2022-11-18T18:05:58","modified_gmt":"2022-11-18T11:05:58","slug":"mould-king-16048-botanical-garden-street-view-with-1289-pieces","status":"publish","type":"product","link":"https:\/\/mouldking.store\/es\/shop\/mould-king-16048-botanical-garden-street-view-with-1289-pieces\/","title":{"rendered":"Mould King 16048 Botanical Garden Street View con 1289 piezas"},"content":{"rendered":"<p>Informaci\u00f3n del Producto:<\/p>\n<ol>\n<li>Marca: Mould King<\/li>\n<li>G\u00e9nero: Unisex<\/li>\n<li>Nombre: Jard\u00edn Bot\u00e1nico Street View<\/li>\n<li>Rango de edad: &gt; 6 a\u00f1os<\/li>\n<li>N\u00famero de modelo: 16048<\/li>\n<li>Clasificaci\u00f3n: Ensamblaje<\/li>\n<li>Forma de bloque de pl\u00e1stico: Ladrillos autoblocantes<\/li>\n<li>Material: Pl\u00e1stico<\/li>\n<li>Tipo de pl\u00e1stico: ABS<\/li>\n<li>Bloques de ladrillos: 1289 PCS<\/li>\n<li>Tama\u00f1o: 19,3 \u00d7 19,3 \u00d7 16,5 cm<\/li>\n<li>Contiene instrucciones de montaje detalladas.<\/li>\n<\/ol>\n<p>Aviso:<br \/>\n1. Sin caja original, pero garantizamos que nuestros productos tienen garant\u00eda de calidad y un buen embalaje.<br \/>\n2. Como todas las piezas que hemos comprobado antes del env\u00edo, si encuentra que faltan piezas o est\u00e1n da\u00f1adas, no se preocupe y p\u00f3ngase en contacto con nosotros y podemos reenvi\u00e1rselas inmediatamente de forma gratuita.<\/p>\n<figure id=\"attachment_35433\" aria-describedby=\"caption-attachment-35433\" style=\"width: 800px\" class=\"wp-caption aligncenter\"><img fetchpriority=\"high\" decoding=\"async\" class=\"wp-image-35433 size-full\" src=\"https:\/\/mouldking.store\/wp-content\/uploads\/2022\/11\/MK16048-1-b55f.jpg\" alt=\"Mould King 16048 Botanical Garden Street View With 1289 Pieces\" width=\"800\" height=\"800\" title=\"-\" srcset=\"https:\/\/mouldking.store\/wp-content\/uploads\/2022\/11\/MK16048-1-b55f.jpg 800w, https:\/\/mouldking.store\/wp-content\/uploads\/2022\/11\/MK16048-1-b55f-300x300.jpg 300w, https:\/\/mouldking.store\/wp-content\/uploads\/2022\/11\/MK16048-1-b55f-768x768.jpg 768w, https:\/\/mouldking.store\/wp-content\/uploads\/2022\/11\/MK16048-1-b55f-600x600.jpg 600w, https:\/\/mouldking.store\/wp-content\/uploads\/2022\/11\/MK16048-1-b55f-150x150.jpg 150w, https:\/\/mouldking.store\/wp-content\/uploads\/2022\/11\/MK16048-1-b55f-60x60.jpg 60w, https:\/\/mouldking.store\/wp-content\/uploads\/2022\/11\/MK16048-1-b55f-90x90.jpg 90w\" sizes=\"(max-width: 800px) 100vw, 800px\" \/><figcaption id=\"caption-attachment-35433\" class=\"wp-caption-text\">Mould King 16048 Botanical Garden Street View con 1289 piezas<\/figcaption><\/figure>\n<figure id=\"attachment_35434\" aria-describedby=\"caption-attachment-35434\" style=\"width: 800px\" class=\"wp-caption aligncenter\"><img decoding=\"async\" class=\"wp-image-35434 size-full\" src=\"https:\/\/mouldking.store\/wp-content\/uploads\/2022\/11\/MK16048-2-22f0.jpg\" alt=\"Mould King 16048 Botanical Garden Street View With 1289 Pieces\" width=\"800\" height=\"800\" title=\"-\" srcset=\"https:\/\/mouldking.store\/wp-content\/uploads\/2022\/11\/MK16048-2-22f0.jpg 800w, https:\/\/mouldking.store\/wp-content\/uploads\/2022\/11\/MK16048-2-22f0-300x300.jpg 300w, https:\/\/mouldking.store\/wp-content\/uploads\/2022\/11\/MK16048-2-22f0-768x768.jpg 768w, https:\/\/mouldking.store\/wp-content\/uploads\/2022\/11\/MK16048-2-22f0-600x600.jpg 600w, https:\/\/mouldking.store\/wp-content\/uploads\/2022\/11\/MK16048-2-22f0-150x150.jpg 150w, https:\/\/mouldking.store\/wp-content\/uploads\/2022\/11\/MK16048-2-22f0-60x60.jpg 60w, https:\/\/mouldking.store\/wp-content\/uploads\/2022\/11\/MK16048-2-22f0-90x90.jpg 90w\" sizes=\"(max-width: 800px) 100vw, 800px\" \/><figcaption id=\"caption-attachment-35434\" class=\"wp-caption-text\">Mould King 16048 Botanical Garden Street View con 1289 piezas<\/figcaption><\/figure>\n<figure id=\"attachment_35435\" aria-describedby=\"caption-attachment-35435\" style=\"width: 800px\" class=\"wp-caption aligncenter\"><img decoding=\"async\" class=\"wp-image-35435 size-full\" src=\"https:\/\/mouldking.store\/wp-content\/uploads\/2022\/11\/MK16048-3-713a.jpg\" alt=\"Mould King 16048 Botanical Garden Street View With 1289 Pieces\" width=\"800\" height=\"800\" title=\"-\" srcset=\"https:\/\/mouldking.store\/wp-content\/uploads\/2022\/11\/MK16048-3-713a.jpg 800w, https:\/\/mouldking.store\/wp-content\/uploads\/2022\/11\/MK16048-3-713a-300x300.jpg 300w, https:\/\/mouldking.store\/wp-content\/uploads\/2022\/11\/MK16048-3-713a-768x768.jpg 768w, https:\/\/mouldking.store\/wp-content\/uploads\/2022\/11\/MK16048-3-713a-600x600.jpg 600w, https:\/\/mouldking.store\/wp-content\/uploads\/2022\/11\/MK16048-3-713a-150x150.jpg 150w, https:\/\/mouldking.store\/wp-content\/uploads\/2022\/11\/MK16048-3-713a-60x60.jpg 60w, https:\/\/mouldking.store\/wp-content\/uploads\/2022\/11\/MK16048-3-713a-90x90.jpg 90w\" sizes=\"(max-width: 800px) 100vw, 800px\" \/><figcaption id=\"caption-attachment-35435\" class=\"wp-caption-text\">Mould King 16048 Botanical Garden Street View con 1289 piezas<\/figcaption><\/figure>\n<figure id=\"attachment_35436\" aria-describedby=\"caption-attachment-35436\" style=\"width: 800px\" class=\"wp-caption aligncenter\"><img loading=\"lazy\" decoding=\"async\" class=\"wp-image-35436 size-full\" src=\"https:\/\/mouldking.store\/wp-content\/uploads\/2022\/11\/MK16048-4-0e08.jpg\" alt=\"Mould King 16048 Botanical Garden Street View With 1289 Pieces\" width=\"800\" height=\"800\" title=\"-\" srcset=\"https:\/\/mouldking.store\/wp-content\/uploads\/2022\/11\/MK16048-4-0e08.jpg 800w, https:\/\/mouldking.store\/wp-content\/uploads\/2022\/11\/MK16048-4-0e08-300x300.jpg 300w, https:\/\/mouldking.store\/wp-content\/uploads\/2022\/11\/MK16048-4-0e08-768x768.jpg 768w, https:\/\/mouldking.store\/wp-content\/uploads\/2022\/11\/MK16048-4-0e08-600x600.jpg 600w, https:\/\/mouldking.store\/wp-content\/uploads\/2022\/11\/MK16048-4-0e08-150x150.jpg 150w, https:\/\/mouldking.store\/wp-content\/uploads\/2022\/11\/MK16048-4-0e08-60x60.jpg 60w, https:\/\/mouldking.store\/wp-content\/uploads\/2022\/11\/MK16048-4-0e08-90x90.jpg 90w\" sizes=\"(max-width: 800px) 100vw, 800px\" \/><figcaption id=\"caption-attachment-35436\" class=\"wp-caption-text\">Mould King 16048 Botanical Garden Street View con 1289 piezas<\/figcaption><\/figure>\n<figure id=\"attachment_35437\" aria-describedby=\"caption-attachment-35437\" style=\"width: 800px\" class=\"wp-caption aligncenter\"><img loading=\"lazy\" decoding=\"async\" class=\"wp-image-35437 size-full\" src=\"https:\/\/mouldking.store\/wp-content\/uploads\/2022\/11\/MK16048-5-7292.jpg\" alt=\"Mould King 16048 Botanical Garden Street View With 1289 Pieces\" width=\"800\" height=\"800\" title=\"-\" srcset=\"https:\/\/mouldking.store\/wp-content\/uploads\/2022\/11\/MK16048-5-7292.jpg 800w, https:\/\/mouldking.store\/wp-content\/uploads\/2022\/11\/MK16048-5-7292-300x300.jpg 300w, https:\/\/mouldking.store\/wp-content\/uploads\/2022\/11\/MK16048-5-7292-768x768.jpg 768w, https:\/\/mouldking.store\/wp-content\/uploads\/2022\/11\/MK16048-5-7292-600x600.jpg 600w, https:\/\/mouldking.store\/wp-content\/uploads\/2022\/11\/MK16048-5-7292-150x150.jpg 150w, https:\/\/mouldking.store\/wp-content\/uploads\/2022\/11\/MK16048-5-7292-60x60.jpg 60w, https:\/\/mouldking.store\/wp-content\/uploads\/2022\/11\/MK16048-5-7292-90x90.jpg 90w\" sizes=\"(max-width: 800px) 100vw, 800px\" \/><figcaption id=\"caption-attachment-35437\" class=\"wp-caption-text\">Mould King 16048 Botanical Garden Street View con 1289 piezas<\/figcaption><\/figure>","protected":false},"excerpt":{"rendered":"<p>Product information: Brand: Mould King Gender: Unisex Name: Botanical Garden Street View Age Range: &gt; 6 years old Model Number: 16048 Classification: Assemblage Plastic Block Shape: Self-Locking Bricks Material: Plastic Plastic Type: ABS Bricks Blocks:1289 PCS Size: 19.3 \u00d7 19.3 \u00d7 16.5 cm Contains detailed assembly instructions. Notice: 1. Without an original box, but we [&hellip;]<\/p>","protected":false},"featured_media":35433,"comment_status":"closed","ping_status":"closed","template":"","meta":{"_acf_changed":false},"product_cat":[1365],"product_tag":[7570,7571,785,7572,615,7573,7574,7569,4727],"class_list":["product","first","instock","shipping-taxable","purchasable","product-type-simple"],"acf":[],"_links":{"self":[{"href":"https:\/\/mouldking.store\/es\/wp-json\/wp\/v2\/product\/35432","targetHints":{"allow":["GET"]}}],"collection":[{"href":"https:\/\/mouldking.store\/es\/wp-json\/wp\/v2\/product"}],"about":[{"href":"https:\/\/mouldking.store\/es\/wp-json\/wp\/v2\/types\/product"}],"replies":[{"embeddable":true,"href":"https:\/\/mouldking.store\/es\/wp-json\/wp\/v2\/comments?post=35432"}],"wp:featuredmedia":[{"embeddable":true,"href":"https:\/\/mouldking.store\/es\/wp-json\/wp\/v2\/media\/35433"}],"wp:attachment":[{"href":"https:\/\/mouldking.store\/es\/wp-json\/wp\/v2\/media?parent=35432"}],"wp:term":[{"taxonomy":"product_cat","embeddable":true,"href":"https:\/\/mouldking.store\/es\/wp-json\/wp\/v2\/product_cat?post=35432"},{"taxonomy":"product_tag","embeddable":true,"href":"https:\/\/mouldking.store\/es\/wp-json\/wp\/v2\/product_tag?post=35432"}],"curies":[{"name":"wp","href":"https:\/\/api.w.org\/{rel}","templated":true}]}}