{"id":35545,"date":"2022-11-21T14:59:16","date_gmt":"2022-11-21T07:59:16","guid":{"rendered":"https:\/\/mouldking.store\/?post_type=product&#038;p=35545"},"modified":"2022-11-21T14:59:16","modified_gmt":"2022-11-21T07:59:16","slug":"quanguan-100237-cromwell-mk-vii-cruiser-tank-a27m-with-883-pieces","status":"publish","type":"product","link":"https:\/\/mouldking.store\/es\/shop\/quanguan-100237-cromwell-mk-vii-cruiser-tank-a27m-with-883-pieces\/","title":{"rendered":"Tanque de crucero QuanGuan 100237 Cromwell MK.VII (A27M) con 883 piezas"},"content":{"rendered":"<p>Informaci\u00f3n del Producto:<\/p>\n<ol>\n<li>Marca: QuanGuan<\/li>\n<li>G\u00e9nero: Unisex<\/li>\n<li>Nombre: Tanque de crucero Cromwell MK.VII (A27M)<\/li>\n<li>Rango de edad: &gt; 6 a\u00f1os<\/li>\n<li>N\u00famero de modelo: 100237<\/li>\n<li>Clasificaci\u00f3n: Ensamblaje<\/li>\n<li>Forma de bloque de pl\u00e1stico: Ladrillos autoblocantes<\/li>\n<li>Material: Pl\u00e1stico<\/li>\n<li>Tipo de pl\u00e1stico: ABS<\/li>\n<li>Bloques de ladrillos: 883 PCS<\/li>\n<li>Tama\u00f1o: 23 \u00d7 8,6 cm<\/li>\n<li>Contiene instrucciones de montaje detalladas.<\/li>\n<\/ol>\n<p>Aviso:<br \/>\n1. Sin caja original, pero garantizamos que nuestros productos tienen garant\u00eda de calidad y un buen embalaje.<br \/>\n2. Como todas las piezas que hemos comprobado antes del env\u00edo, si encuentra que faltan piezas o est\u00e1n da\u00f1adas, no se preocupe y p\u00f3ngase en contacto con nosotros y podemos reenvi\u00e1rselas inmediatamente de forma gratuita.<\/p>\n<figure id=\"attachment_35546\" aria-describedby=\"caption-attachment-35546\" style=\"width: 768px\" class=\"wp-caption aligncenter\"><img fetchpriority=\"high\" decoding=\"async\" class=\"wp-image-35546 size-full\" src=\"https:\/\/mouldking.store\/wp-content\/uploads\/2022\/11\/QuanGuan-100237-4.jpg\" alt=\"QuanGuan 100237 Cromwell MK.VII Cruiser Tank (A27M) With 883 Pieces\" width=\"768\" height=\"768\" title=\"-\" srcset=\"https:\/\/mouldking.store\/wp-content\/uploads\/2022\/11\/QuanGuan-100237-4.jpg 768w, https:\/\/mouldking.store\/wp-content\/uploads\/2022\/11\/QuanGuan-100237-4-300x300.jpg 300w, https:\/\/mouldking.store\/wp-content\/uploads\/2022\/11\/QuanGuan-100237-4-600x600.jpg 600w, https:\/\/mouldking.store\/wp-content\/uploads\/2022\/11\/QuanGuan-100237-4-150x150.jpg 150w, https:\/\/mouldking.store\/wp-content\/uploads\/2022\/11\/QuanGuan-100237-4-60x60.jpg 60w, https:\/\/mouldking.store\/wp-content\/uploads\/2022\/11\/QuanGuan-100237-4-90x90.jpg 90w\" sizes=\"(max-width: 768px) 100vw, 768px\" \/><figcaption id=\"caption-attachment-35546\" class=\"wp-caption-text\">Tanque de crucero QuanGuan 100237 Cromwell MK.VII (A27M) con 883 piezas<\/figcaption><\/figure>\n<figure id=\"attachment_35547\" aria-describedby=\"caption-attachment-35547\" style=\"width: 768px\" class=\"wp-caption aligncenter\"><img decoding=\"async\" class=\"wp-image-35547 size-full\" src=\"https:\/\/mouldking.store\/wp-content\/uploads\/2022\/11\/QuanGuan-100237-3.jpg\" alt=\"QuanGuan 100237 Cromwell MK.VII Cruiser Tank (A27M) With 883 Pieces\" width=\"768\" height=\"768\" title=\"-\" srcset=\"https:\/\/mouldking.store\/wp-content\/uploads\/2022\/11\/QuanGuan-100237-3.jpg 768w, https:\/\/mouldking.store\/wp-content\/uploads\/2022\/11\/QuanGuan-100237-3-300x300.jpg 300w, https:\/\/mouldking.store\/wp-content\/uploads\/2022\/11\/QuanGuan-100237-3-600x600.jpg 600w, https:\/\/mouldking.store\/wp-content\/uploads\/2022\/11\/QuanGuan-100237-3-150x150.jpg 150w, https:\/\/mouldking.store\/wp-content\/uploads\/2022\/11\/QuanGuan-100237-3-60x60.jpg 60w, https:\/\/mouldking.store\/wp-content\/uploads\/2022\/11\/QuanGuan-100237-3-90x90.jpg 90w\" sizes=\"(max-width: 768px) 100vw, 768px\" \/><figcaption id=\"caption-attachment-35547\" class=\"wp-caption-text\">Tanque de crucero QuanGuan 100237 Cromwell MK.VII (A27M) con 883 piezas<\/figcaption><\/figure>\n<figure id=\"attachment_35548\" aria-describedby=\"caption-attachment-35548\" style=\"width: 768px\" class=\"wp-caption aligncenter\"><img decoding=\"async\" class=\"wp-image-35548 size-full\" src=\"https:\/\/mouldking.store\/wp-content\/uploads\/2022\/11\/QuanGuan-100237-2.jpg\" alt=\"QuanGuan 100237 Cromwell MK.VII Cruiser Tank (A27M) With 883 Pieces\" width=\"768\" height=\"768\" title=\"-\" srcset=\"https:\/\/mouldking.store\/wp-content\/uploads\/2022\/11\/QuanGuan-100237-2.jpg 768w, https:\/\/mouldking.store\/wp-content\/uploads\/2022\/11\/QuanGuan-100237-2-300x300.jpg 300w, https:\/\/mouldking.store\/wp-content\/uploads\/2022\/11\/QuanGuan-100237-2-600x600.jpg 600w, https:\/\/mouldking.store\/wp-content\/uploads\/2022\/11\/QuanGuan-100237-2-150x150.jpg 150w, https:\/\/mouldking.store\/wp-content\/uploads\/2022\/11\/QuanGuan-100237-2-60x60.jpg 60w, https:\/\/mouldking.store\/wp-content\/uploads\/2022\/11\/QuanGuan-100237-2-90x90.jpg 90w\" sizes=\"(max-width: 768px) 100vw, 768px\" \/><figcaption id=\"caption-attachment-35548\" class=\"wp-caption-text\">Tanque de crucero QuanGuan 100237 Cromwell MK.VII (A27M) con 883 piezas<\/figcaption><\/figure>\n<figure id=\"attachment_35549\" aria-describedby=\"caption-attachment-35549\" style=\"width: 768px\" class=\"wp-caption aligncenter\"><img loading=\"lazy\" decoding=\"async\" class=\"wp-image-35549 size-full\" src=\"https:\/\/mouldking.store\/wp-content\/uploads\/2022\/11\/QuanGuan-100237-1.jpg\" alt=\"QuanGuan 100237 Cromwell MK.VII Cruiser Tank (A27M) With 883 Pieces\" width=\"768\" height=\"768\" title=\"-\" srcset=\"https:\/\/mouldking.store\/wp-content\/uploads\/2022\/11\/QuanGuan-100237-1.jpg 768w, https:\/\/mouldking.store\/wp-content\/uploads\/2022\/11\/QuanGuan-100237-1-300x300.jpg 300w, https:\/\/mouldking.store\/wp-content\/uploads\/2022\/11\/QuanGuan-100237-1-600x600.jpg 600w, https:\/\/mouldking.store\/wp-content\/uploads\/2022\/11\/QuanGuan-100237-1-150x150.jpg 150w, https:\/\/mouldking.store\/wp-content\/uploads\/2022\/11\/QuanGuan-100237-1-60x60.jpg 60w, https:\/\/mouldking.store\/wp-content\/uploads\/2022\/11\/QuanGuan-100237-1-90x90.jpg 90w\" sizes=\"(max-width: 768px) 100vw, 768px\" \/><figcaption id=\"caption-attachment-35549\" class=\"wp-caption-text\">Tanque de crucero QuanGuan 100237 Cromwell MK.VII (A27M) con 883 piezas<\/figcaption><\/figure>","protected":false},"excerpt":{"rendered":"<p>Product information: Brand: QuanGuan Gender: Unisex Name: Cromwell MK.VII Cruiser Tank (A27M) Age Range: &gt; 6 years old Model Number: 100237 Classification: Assemblage Plastic Block Shape: Self-Locking Bricks Material: Plastic Plastic Type: ABS Bricks Blocks:883 PCS Size: 23\u00d78.6cm Contains detailed assembly instructions. Notice: 1. Without an original box, but we guarantee our products have quality [&hellip;]<\/p>","protected":false},"featured_media":35546,"comment_status":"closed","ping_status":"closed","template":"","meta":{"_acf_changed":false},"product_cat":[1350],"product_tag":[7657,7658,7661,7660,7659,2290,7662,7663,7656,485],"class_list":["product","first","instock","shipping-taxable","purchasable","product-type-simple"],"acf":[],"_links":{"self":[{"href":"https:\/\/mouldking.store\/es\/wp-json\/wp\/v2\/product\/35545","targetHints":{"allow":["GET"]}}],"collection":[{"href":"https:\/\/mouldking.store\/es\/wp-json\/wp\/v2\/product"}],"about":[{"href":"https:\/\/mouldking.store\/es\/wp-json\/wp\/v2\/types\/product"}],"replies":[{"embeddable":true,"href":"https:\/\/mouldking.store\/es\/wp-json\/wp\/v2\/comments?post=35545"}],"wp:featuredmedia":[{"embeddable":true,"href":"https:\/\/mouldking.store\/es\/wp-json\/wp\/v2\/media\/35546"}],"wp:attachment":[{"href":"https:\/\/mouldking.store\/es\/wp-json\/wp\/v2\/media?parent=35545"}],"wp:term":[{"taxonomy":"product_cat","embeddable":true,"href":"https:\/\/mouldking.store\/es\/wp-json\/wp\/v2\/product_cat?post=35545"},{"taxonomy":"product_tag","embeddable":true,"href":"https:\/\/mouldking.store\/es\/wp-json\/wp\/v2\/product_tag?post=35545"}],"curies":[{"name":"wp","href":"https:\/\/api.w.org\/{rel}","templated":true}]}}