{"id":35573,"date":"2022-11-21T15:30:16","date_gmt":"2022-11-21T08:30:16","guid":{"rendered":"https:\/\/mouldking.store\/?post_type=product&#038;p=35573"},"modified":"2022-11-21T15:30:16","modified_gmt":"2022-11-21T08:30:16","slug":"sluban-m38-b1118-great-white-shark-with-592-pieces","status":"publish","type":"product","link":"https:\/\/mouldking.store\/es\/shop\/sluban-m38-b1118-great-white-shark-with-592-pieces\/","title":{"rendered":"SLUBAN M38-B1118 Gran tibur\u00f3n blanco con 592 piezas"},"content":{"rendered":"<p>Informaci\u00f3n del Producto:<\/p>\n<ol>\n<li>Marca: SLUBAN<\/li>\n<li>G\u00e9nero: Unisex<\/li>\n<li>Nombre: Gran Tibur\u00f3n Blanco<\/li>\n<li>Rango de edad: &gt; 6 a\u00f1os<\/li>\n<li>N\u00famero de modelo: M38-B1118<\/li>\n<li>Clasificaci\u00f3n: Ensamblaje<\/li>\n<li>Forma de bloque de pl\u00e1stico: Ladrillos autoblocantes<\/li>\n<li>Material: Pl\u00e1stico<\/li>\n<li>Tipo de pl\u00e1stico: ABS<\/li>\n<li>Bloques de ladrillos: 592 PCS<\/li>\n<li>Tama\u00f1o: 27,4 cm<\/li>\n<li>Contiene instrucciones de montaje detalladas.<\/li>\n<\/ol>\n<p>Aviso:<br \/>\n1. Sin caja original, pero garantizamos que nuestros productos tienen garant\u00eda de calidad y un buen embalaje.<br \/>\n2. Como todas las piezas que hemos comprobado antes del env\u00edo, si encuentra que faltan piezas o est\u00e1n da\u00f1adas, no se preocupe y p\u00f3ngase en contacto con nosotros y podemos reenvi\u00e1rselas inmediatamente de forma gratuita.<\/p>\n<figure id=\"attachment_35574\" aria-describedby=\"caption-attachment-35574\" style=\"width: 768px\" class=\"wp-caption aligncenter\"><img fetchpriority=\"high\" decoding=\"async\" class=\"wp-image-35574 size-full\" src=\"https:\/\/mouldking.store\/wp-content\/uploads\/2022\/11\/SLUBAN-M38-B1118-7.jpg\" alt=\"SLUBAN M38-B1118 Great White Shark With 592 Pieces\" width=\"768\" height=\"768\" title=\"-\" srcset=\"https:\/\/mouldking.store\/wp-content\/uploads\/2022\/11\/SLUBAN-M38-B1118-7.jpg 768w, https:\/\/mouldking.store\/wp-content\/uploads\/2022\/11\/SLUBAN-M38-B1118-7-300x300.jpg 300w, https:\/\/mouldking.store\/wp-content\/uploads\/2022\/11\/SLUBAN-M38-B1118-7-600x600.jpg 600w, https:\/\/mouldking.store\/wp-content\/uploads\/2022\/11\/SLUBAN-M38-B1118-7-150x150.jpg 150w, https:\/\/mouldking.store\/wp-content\/uploads\/2022\/11\/SLUBAN-M38-B1118-7-60x60.jpg 60w, https:\/\/mouldking.store\/wp-content\/uploads\/2022\/11\/SLUBAN-M38-B1118-7-90x90.jpg 90w\" sizes=\"(max-width: 768px) 100vw, 768px\" \/><figcaption id=\"caption-attachment-35574\" class=\"wp-caption-text\">SLUBAN M38-B1118 Gran tibur\u00f3n blanco con 592 piezas<\/figcaption><\/figure>\n<figure id=\"attachment_35575\" aria-describedby=\"caption-attachment-35575\" style=\"width: 768px\" class=\"wp-caption aligncenter\"><img decoding=\"async\" class=\"wp-image-35575 size-full\" src=\"https:\/\/mouldking.store\/wp-content\/uploads\/2022\/11\/SLUBAN-M38-B1118-6.jpg\" alt=\"SLUBAN M38-B1118 Great White Shark With 592 Pieces\" width=\"768\" height=\"768\" title=\"-\" srcset=\"https:\/\/mouldking.store\/wp-content\/uploads\/2022\/11\/SLUBAN-M38-B1118-6.jpg 768w, https:\/\/mouldking.store\/wp-content\/uploads\/2022\/11\/SLUBAN-M38-B1118-6-300x300.jpg 300w, https:\/\/mouldking.store\/wp-content\/uploads\/2022\/11\/SLUBAN-M38-B1118-6-600x600.jpg 600w, https:\/\/mouldking.store\/wp-content\/uploads\/2022\/11\/SLUBAN-M38-B1118-6-150x150.jpg 150w, https:\/\/mouldking.store\/wp-content\/uploads\/2022\/11\/SLUBAN-M38-B1118-6-60x60.jpg 60w, https:\/\/mouldking.store\/wp-content\/uploads\/2022\/11\/SLUBAN-M38-B1118-6-90x90.jpg 90w\" sizes=\"(max-width: 768px) 100vw, 768px\" \/><figcaption id=\"caption-attachment-35575\" class=\"wp-caption-text\">SLUBAN M38-B1118 Gran tibur\u00f3n blanco con 592 piezas<\/figcaption><\/figure>\n<figure id=\"attachment_35576\" aria-describedby=\"caption-attachment-35576\" style=\"width: 768px\" class=\"wp-caption aligncenter\"><img decoding=\"async\" class=\"wp-image-35576 size-full\" src=\"https:\/\/mouldking.store\/wp-content\/uploads\/2022\/11\/SLUBAN-M38-B1118-5.jpg\" alt=\"SLUBAN M38-B1118 Great White Shark With 592 Pieces\" width=\"768\" height=\"768\" title=\"-\" srcset=\"https:\/\/mouldking.store\/wp-content\/uploads\/2022\/11\/SLUBAN-M38-B1118-5.jpg 768w, https:\/\/mouldking.store\/wp-content\/uploads\/2022\/11\/SLUBAN-M38-B1118-5-300x300.jpg 300w, https:\/\/mouldking.store\/wp-content\/uploads\/2022\/11\/SLUBAN-M38-B1118-5-600x600.jpg 600w, https:\/\/mouldking.store\/wp-content\/uploads\/2022\/11\/SLUBAN-M38-B1118-5-150x150.jpg 150w, https:\/\/mouldking.store\/wp-content\/uploads\/2022\/11\/SLUBAN-M38-B1118-5-60x60.jpg 60w, https:\/\/mouldking.store\/wp-content\/uploads\/2022\/11\/SLUBAN-M38-B1118-5-90x90.jpg 90w\" sizes=\"(max-width: 768px) 100vw, 768px\" \/><figcaption id=\"caption-attachment-35576\" class=\"wp-caption-text\">SLUBAN M38-B1118 Gran tibur\u00f3n blanco con 592 piezas<\/figcaption><\/figure>\n<figure id=\"attachment_35577\" aria-describedby=\"caption-attachment-35577\" style=\"width: 768px\" class=\"wp-caption aligncenter\"><img loading=\"lazy\" decoding=\"async\" class=\"wp-image-35577 size-full\" src=\"https:\/\/mouldking.store\/wp-content\/uploads\/2022\/11\/SLUBAN-M38-B1118-4.jpg\" alt=\"SLUBAN M38-B1118 Great White Shark With 592 Pieces\" width=\"768\" height=\"768\" title=\"-\" srcset=\"https:\/\/mouldking.store\/wp-content\/uploads\/2022\/11\/SLUBAN-M38-B1118-4.jpg 768w, https:\/\/mouldking.store\/wp-content\/uploads\/2022\/11\/SLUBAN-M38-B1118-4-300x300.jpg 300w, https:\/\/mouldking.store\/wp-content\/uploads\/2022\/11\/SLUBAN-M38-B1118-4-600x600.jpg 600w, https:\/\/mouldking.store\/wp-content\/uploads\/2022\/11\/SLUBAN-M38-B1118-4-150x150.jpg 150w, https:\/\/mouldking.store\/wp-content\/uploads\/2022\/11\/SLUBAN-M38-B1118-4-60x60.jpg 60w, https:\/\/mouldking.store\/wp-content\/uploads\/2022\/11\/SLUBAN-M38-B1118-4-90x90.jpg 90w\" sizes=\"(max-width: 768px) 100vw, 768px\" \/><figcaption id=\"caption-attachment-35577\" class=\"wp-caption-text\">SLUBAN M38-B1118 Gran tibur\u00f3n blanco con 592 piezas<\/figcaption><\/figure>\n<figure id=\"attachment_35578\" aria-describedby=\"caption-attachment-35578\" style=\"width: 691px\" class=\"wp-caption aligncenter\"><img loading=\"lazy\" decoding=\"async\" class=\"wp-image-35578 size-full\" src=\"https:\/\/mouldking.store\/wp-content\/uploads\/2022\/11\/SLUBAN-M38-B1118-3.jpg\" alt=\"SLUBAN M38-B1118 Great White Shark With 592 Pieces\" width=\"691\" height=\"1024\" title=\"-\" srcset=\"https:\/\/mouldking.store\/wp-content\/uploads\/2022\/11\/SLUBAN-M38-B1118-3.jpg 691w, https:\/\/mouldking.store\/wp-content\/uploads\/2022\/11\/SLUBAN-M38-B1118-3-202x300.jpg 202w, https:\/\/mouldking.store\/wp-content\/uploads\/2022\/11\/SLUBAN-M38-B1118-3-300x445.jpg 300w, https:\/\/mouldking.store\/wp-content\/uploads\/2022\/11\/SLUBAN-M38-B1118-3-600x889.jpg 600w, https:\/\/mouldking.store\/wp-content\/uploads\/2022\/11\/SLUBAN-M38-B1118-3-101x150.jpg 101w, https:\/\/mouldking.store\/wp-content\/uploads\/2022\/11\/SLUBAN-M38-B1118-3-40x60.jpg 40w, https:\/\/mouldking.store\/wp-content\/uploads\/2022\/11\/SLUBAN-M38-B1118-3-61x90.jpg 61w\" sizes=\"(max-width: 691px) 100vw, 691px\" \/><figcaption id=\"caption-attachment-35578\" class=\"wp-caption-text\">SLUBAN M38-B1118 Gran tibur\u00f3n blanco con 592 piezas<\/figcaption><\/figure>\n<figure id=\"attachment_35579\" aria-describedby=\"caption-attachment-35579\" style=\"width: 600px\" class=\"wp-caption aligncenter\"><img loading=\"lazy\" decoding=\"async\" class=\"wp-image-35579 size-full\" src=\"https:\/\/mouldking.store\/wp-content\/uploads\/2022\/11\/SLUBAN-M38-B1118-2.jpg\" alt=\"SLUBAN M38-B1118 Great White Shark With 592 Pieces\" width=\"600\" height=\"927\" title=\"-\" srcset=\"https:\/\/mouldking.store\/wp-content\/uploads\/2022\/11\/SLUBAN-M38-B1118-2.jpg 600w, https:\/\/mouldking.store\/wp-content\/uploads\/2022\/11\/SLUBAN-M38-B1118-2-194x300.jpg 194w, https:\/\/mouldking.store\/wp-content\/uploads\/2022\/11\/SLUBAN-M38-B1118-2-300x464.jpg 300w, https:\/\/mouldking.store\/wp-content\/uploads\/2022\/11\/SLUBAN-M38-B1118-2-97x150.jpg 97w, https:\/\/mouldking.store\/wp-content\/uploads\/2022\/11\/SLUBAN-M38-B1118-2-39x60.jpg 39w, https:\/\/mouldking.store\/wp-content\/uploads\/2022\/11\/SLUBAN-M38-B1118-2-58x90.jpg 58w\" sizes=\"(max-width: 600px) 100vw, 600px\" \/><figcaption id=\"caption-attachment-35579\" class=\"wp-caption-text\">SLUBAN M38-B1118 Gran tibur\u00f3n blanco con 592 piezas<\/figcaption><\/figure>\n<figure id=\"attachment_35580\" aria-describedby=\"caption-attachment-35580\" style=\"width: 1024px\" class=\"wp-caption aligncenter\"><img loading=\"lazy\" decoding=\"async\" class=\"wp-image-35580 size-full\" src=\"https:\/\/mouldking.store\/wp-content\/uploads\/2022\/11\/SLUBAN-M38-B1118-1.jpg\" alt=\"SLUBAN M38-B1118 Great White Shark With 592 Pieces\" width=\"1024\" height=\"852\" title=\"-\" srcset=\"https:\/\/mouldking.store\/wp-content\/uploads\/2022\/11\/SLUBAN-M38-B1118-1.jpg 1024w, https:\/\/mouldking.store\/wp-content\/uploads\/2022\/11\/SLUBAN-M38-B1118-1-300x250.jpg 300w, https:\/\/mouldking.store\/wp-content\/uploads\/2022\/11\/SLUBAN-M38-B1118-1-768x639.jpg 768w, https:\/\/mouldking.store\/wp-content\/uploads\/2022\/11\/SLUBAN-M38-B1118-1-600x499.jpg 600w, https:\/\/mouldking.store\/wp-content\/uploads\/2022\/11\/SLUBAN-M38-B1118-1-150x125.jpg 150w, https:\/\/mouldking.store\/wp-content\/uploads\/2022\/11\/SLUBAN-M38-B1118-1-72x60.jpg 72w, https:\/\/mouldking.store\/wp-content\/uploads\/2022\/11\/SLUBAN-M38-B1118-1-108x90.jpg 108w\" sizes=\"(max-width: 1024px) 100vw, 1024px\" \/><figcaption id=\"caption-attachment-35580\" class=\"wp-caption-text\">SLUBAN M38-B1118 Gran tibur\u00f3n blanco con 592 piezas<\/figcaption><\/figure>","protected":false},"excerpt":{"rendered":"<p>sin minifiguras<\/p>","protected":false},"featured_media":35574,"comment_status":"closed","ping_status":"closed","template":"","meta":{"_acf_changed":false},"product_cat":[1365],"product_tag":[5968,7691,7517,7693,7694,7690,7692],"class_list":["product","first","instock","shipping-taxable","purchasable","product-type-simple"],"acf":[],"_links":{"self":[{"href":"https:\/\/mouldking.store\/es\/wp-json\/wp\/v2\/product\/35573","targetHints":{"allow":["GET"]}}],"collection":[{"href":"https:\/\/mouldking.store\/es\/wp-json\/wp\/v2\/product"}],"about":[{"href":"https:\/\/mouldking.store\/es\/wp-json\/wp\/v2\/types\/product"}],"replies":[{"embeddable":true,"href":"https:\/\/mouldking.store\/es\/wp-json\/wp\/v2\/comments?post=35573"}],"wp:featuredmedia":[{"embeddable":true,"href":"https:\/\/mouldking.store\/es\/wp-json\/wp\/v2\/media\/35574"}],"wp:attachment":[{"href":"https:\/\/mouldking.store\/es\/wp-json\/wp\/v2\/media?parent=35573"}],"wp:term":[{"taxonomy":"product_cat","embeddable":true,"href":"https:\/\/mouldking.store\/es\/wp-json\/wp\/v2\/product_cat?post=35573"},{"taxonomy":"product_tag","embeddable":true,"href":"https:\/\/mouldking.store\/es\/wp-json\/wp\/v2\/product_tag?post=35573"}],"curies":[{"name":"wp","href":"https:\/\/api.w.org\/{rel}","templated":true}]}}