{"id":35592,"date":"2022-11-21T15:52:02","date_gmt":"2022-11-21T08:52:02","guid":{"rendered":"https:\/\/mouldking.store\/?post_type=product&#038;p=35592"},"modified":"2022-11-21T15:52:02","modified_gmt":"2022-11-21T08:52:02","slug":"sembo-601074-japanese-style-street-view-pancake-shop-with-320-pieces","status":"publish","type":"product","link":"https:\/\/mouldking.store\/es\/shop\/sembo-601074-japanese-style-street-view-pancake-shop-with-320-pieces\/","title":{"rendered":"SEMBO 601074 Estilo Japon\u00e9s Street View: Pancake Shop Con 320 Piezas"},"content":{"rendered":"<p>Informaci\u00f3n del Producto:<\/p>\n<ol>\n<li>Marca: SEMBO<\/li>\n<li>G\u00e9nero: Unisex<\/li>\n<li>Nombre: Street View de estilo japon\u00e9s: Pancake Shop<\/li>\n<li>Rango de edad: &gt; 6 a\u00f1os<\/li>\n<li>N\u00famero de modelo: 601074<\/li>\n<li>Clasificaci\u00f3n: Ensamblaje<\/li>\n<li>Forma de bloque de pl\u00e1stico: Ladrillos autoblocantes<\/li>\n<li>Material: Pl\u00e1stico<\/li>\n<li>Tipo de pl\u00e1stico: ABS<\/li>\n<li>Bloques de ladrillos: 320 PCS<\/li>\n<li>Contiene instrucciones de montaje detalladas.<\/li>\n<\/ol>\n<p>Aviso:<br \/>\n1. Sin caja original, pero garantizamos que nuestros productos tienen garant\u00eda de calidad y un buen embalaje.<br \/>\n2. Como todas las piezas que hemos comprobado antes del env\u00edo, si encuentra que faltan piezas o est\u00e1n da\u00f1adas, no se preocupe y p\u00f3ngase en contacto con nosotros y podemos reenvi\u00e1rselas inmediatamente de forma gratuita.<\/p>\n<figure id=\"attachment_35593\" aria-describedby=\"caption-attachment-35593\" style=\"width: 768px\" class=\"wp-caption aligncenter\"><img fetchpriority=\"high\" decoding=\"async\" class=\"wp-image-35593 size-full\" src=\"https:\/\/mouldking.store\/wp-content\/uploads\/2022\/11\/SEMBO-601074-1.jpg\" alt=\"SEMBO 601074 Japanese -Style Street View: Pancake Shop With 320 Pieces\" width=\"768\" height=\"768\" title=\"-\" srcset=\"https:\/\/mouldking.store\/wp-content\/uploads\/2022\/11\/SEMBO-601074-1.jpg 768w, https:\/\/mouldking.store\/wp-content\/uploads\/2022\/11\/SEMBO-601074-1-300x300.jpg 300w, https:\/\/mouldking.store\/wp-content\/uploads\/2022\/11\/SEMBO-601074-1-600x600.jpg 600w, https:\/\/mouldking.store\/wp-content\/uploads\/2022\/11\/SEMBO-601074-1-150x150.jpg 150w, https:\/\/mouldking.store\/wp-content\/uploads\/2022\/11\/SEMBO-601074-1-60x60.jpg 60w, https:\/\/mouldking.store\/wp-content\/uploads\/2022\/11\/SEMBO-601074-1-90x90.jpg 90w\" sizes=\"(max-width: 768px) 100vw, 768px\" \/><figcaption id=\"caption-attachment-35593\" class=\"wp-caption-text\">SEMBO 601074 Estilo Japon\u00e9s Street View: Pancake Shop Con 320 Piezas<\/figcaption><\/figure>","protected":false},"excerpt":{"rendered":"<p>sin minifiguras<\/p>","protected":false},"featured_media":35593,"comment_status":"closed","ping_status":"closed","template":"","meta":{"_acf_changed":false},"product_cat":[1365],"product_tag":[7715,7703,7717,7716,1491,7718,7719,7714,4727],"class_list":["product","first","instock","shipping-taxable","purchasable","product-type-simple"],"acf":[],"_links":{"self":[{"href":"https:\/\/mouldking.store\/es\/wp-json\/wp\/v2\/product\/35592","targetHints":{"allow":["GET"]}}],"collection":[{"href":"https:\/\/mouldking.store\/es\/wp-json\/wp\/v2\/product"}],"about":[{"href":"https:\/\/mouldking.store\/es\/wp-json\/wp\/v2\/types\/product"}],"replies":[{"embeddable":true,"href":"https:\/\/mouldking.store\/es\/wp-json\/wp\/v2\/comments?post=35592"}],"wp:featuredmedia":[{"embeddable":true,"href":"https:\/\/mouldking.store\/es\/wp-json\/wp\/v2\/media\/35593"}],"wp:attachment":[{"href":"https:\/\/mouldking.store\/es\/wp-json\/wp\/v2\/media?parent=35592"}],"wp:term":[{"taxonomy":"product_cat","embeddable":true,"href":"https:\/\/mouldking.store\/es\/wp-json\/wp\/v2\/product_cat?post=35592"},{"taxonomy":"product_tag","embeddable":true,"href":"https:\/\/mouldking.store\/es\/wp-json\/wp\/v2\/product_tag?post=35592"}],"curies":[{"name":"wp","href":"https:\/\/api.w.org\/{rel}","templated":true}]}}