{"id":35596,"date":"2022-11-21T16:01:03","date_gmt":"2022-11-21T09:01:03","guid":{"rendered":"https:\/\/mouldking.store\/?post_type=product&#038;p=35596"},"modified":"2022-11-21T16:01:04","modified_gmt":"2022-11-21T09:01:04","slug":"sembo-601070-japanese-style-street-scene-crab-sushi-store-with-341-pieces","status":"publish","type":"product","link":"https:\/\/mouldking.store\/es\/shop\/sembo-601070-japanese-style-street-scene-crab-sushi-store-with-341-pieces\/","title":{"rendered":"SEMBO 601070 Escena callejera de estilo japon\u00e9s: Tienda de sushi de cangrejo con 341 piezas"},"content":{"rendered":"<p>Informaci\u00f3n del Producto:<\/p>\n<ol>\n<li>Marca: SEMBO<\/li>\n<li>G\u00e9nero: Unisex<\/li>\n<li>Name: Japanese -Style Street Scene: Crab Sushi Store<\/li>\n<li>Rango de edad: &gt; 6 a\u00f1os<\/li>\n<li>Model Number: 601070<\/li>\n<li>Clasificaci\u00f3n: Ensamblaje<\/li>\n<li>Forma de bloque de pl\u00e1stico: Ladrillos autoblocantes<\/li>\n<li>Material: Pl\u00e1stico<\/li>\n<li>Tipo de pl\u00e1stico: ABS<\/li>\n<li>Bricks Blocks:341 PCS<\/li>\n<li>Contiene instrucciones de montaje detalladas.<\/li>\n<\/ol>\n<p>Aviso:<br \/>\n1. Sin caja original, pero garantizamos que nuestros productos tienen garant\u00eda de calidad y un buen embalaje.<br \/>\n2. Como todas las piezas que hemos comprobado antes del env\u00edo, si encuentra que faltan piezas o est\u00e1n da\u00f1adas, no se preocupe y p\u00f3ngase en contacto con nosotros y podemos reenvi\u00e1rselas inmediatamente de forma gratuita.<\/p>\n<figure id=\"attachment_35597\" aria-describedby=\"caption-attachment-35597\" style=\"width: 768px\" class=\"wp-caption aligncenter\"><img fetchpriority=\"high\" decoding=\"async\" class=\"wp-image-35597 size-full\" src=\"https:\/\/mouldking.store\/wp-content\/uploads\/2022\/11\/SEMBO-601070-1.jpg\" alt=\"SEMBO 601070 Japanese -Style Street Scene: Crab Sushi Store With 341 Pieces\" width=\"768\" height=\"768\" title=\"-\" srcset=\"https:\/\/mouldking.store\/wp-content\/uploads\/2022\/11\/SEMBO-601070-1.jpg 768w, https:\/\/mouldking.store\/wp-content\/uploads\/2022\/11\/SEMBO-601070-1-300x300.jpg 300w, https:\/\/mouldking.store\/wp-content\/uploads\/2022\/11\/SEMBO-601070-1-600x600.jpg 600w, https:\/\/mouldking.store\/wp-content\/uploads\/2022\/11\/SEMBO-601070-1-150x150.jpg 150w, https:\/\/mouldking.store\/wp-content\/uploads\/2022\/11\/SEMBO-601070-1-60x60.jpg 60w, https:\/\/mouldking.store\/wp-content\/uploads\/2022\/11\/SEMBO-601070-1-90x90.jpg 90w\" sizes=\"(max-width: 768px) 100vw, 768px\" \/><figcaption id=\"caption-attachment-35597\" class=\"wp-caption-text\">SEMBO 601070 Escena callejera de estilo japon\u00e9s: Tienda de sushi de cangrejo con 341 piezas<\/figcaption><\/figure>","protected":false},"excerpt":{"rendered":"<p>sin minifiguras<\/p>","protected":false},"featured_media":35597,"comment_status":"closed","ping_status":"closed","template":"","meta":{"_acf_changed":false},"product_cat":[1365],"product_tag":[7727,7728,7703,7730,1491,7729,7731,7726,4630],"class_list":["product","first","instock","shipping-taxable","purchasable","product-type-simple"],"acf":[],"_links":{"self":[{"href":"https:\/\/mouldking.store\/es\/wp-json\/wp\/v2\/product\/35596","targetHints":{"allow":["GET"]}}],"collection":[{"href":"https:\/\/mouldking.store\/es\/wp-json\/wp\/v2\/product"}],"about":[{"href":"https:\/\/mouldking.store\/es\/wp-json\/wp\/v2\/types\/product"}],"replies":[{"embeddable":true,"href":"https:\/\/mouldking.store\/es\/wp-json\/wp\/v2\/comments?post=35596"}],"wp:featuredmedia":[{"embeddable":true,"href":"https:\/\/mouldking.store\/es\/wp-json\/wp\/v2\/media\/35597"}],"wp:attachment":[{"href":"https:\/\/mouldking.store\/es\/wp-json\/wp\/v2\/media?parent=35596"}],"wp:term":[{"taxonomy":"product_cat","embeddable":true,"href":"https:\/\/mouldking.store\/es\/wp-json\/wp\/v2\/product_cat?post=35596"},{"taxonomy":"product_tag","embeddable":true,"href":"https:\/\/mouldking.store\/es\/wp-json\/wp\/v2\/product_tag?post=35596"}],"curies":[{"name":"wp","href":"https:\/\/api.w.org\/{rel}","templated":true}]}}