{"id":35618,"date":"2022-11-21T16:53:00","date_gmt":"2022-11-21T09:53:00","guid":{"rendered":"https:\/\/mouldking.store\/?post_type=product&#038;p=35618"},"modified":"2022-11-21T16:53:00","modified_gmt":"2022-11-21T09:53:00","slug":"sluban-m38-b1097-speed-champions-yellow-930-racers-sports-car-with-290-pieces","status":"publish","type":"product","link":"https:\/\/mouldking.store\/es\/shop\/sluban-m38-b1097-speed-champions-yellow-930-racers-sports-car-with-290-pieces\/","title":{"rendered":"Sluban M38-B1097 Speed Champions Yellow 930 Racers Coche deportivo con 290 piezas"},"content":{"rendered":"<p>Informaci\u00f3n del Producto:<\/p>\n<ol>\n<li>Marca: Sluban<\/li>\n<li>G\u00e9nero: Unisex<\/li>\n<li>Nombre: Speed Champions Yellow 930 Racers Coche deportivo<\/li>\n<li>Rango de edad: &gt; 6 a\u00f1os<\/li>\n<li>N\u00famero de modelo: M38-B1097<\/li>\n<li>Clasificaci\u00f3n: Ensamblaje<\/li>\n<li>Forma de bloque de pl\u00e1stico: Ladrillos autoblocantes<\/li>\n<li>Material: Pl\u00e1stico<\/li>\n<li>Tipo de pl\u00e1stico: ABS<\/li>\n<li>Bloques de ladrillos: 290 PCS<\/li>\n<li>Tama\u00f1o: 16 cm<\/li>\n<li>Contiene instrucciones de montaje detalladas.<\/li>\n<\/ol>\n<p>Aviso:<br \/>\n1. Sin caja original, pero garantizamos que nuestros productos tienen garant\u00eda de calidad y un buen embalaje.<br \/>\n2. Como todas las piezas que hemos comprobado antes del env\u00edo, si encuentra que faltan piezas o est\u00e1n da\u00f1adas, no se preocupe y p\u00f3ngase en contacto con nosotros y podemos reenvi\u00e1rselas inmediatamente de forma gratuita.<\/p>\n<figure id=\"attachment_35619\" aria-describedby=\"caption-attachment-35619\" style=\"width: 800px\" class=\"wp-caption aligncenter\"><img fetchpriority=\"high\" decoding=\"async\" class=\"wp-image-35619 size-full\" src=\"https:\/\/mouldking.store\/wp-content\/uploads\/2022\/11\/Speed-Champions-Yellow-930-Racers-Sports-Car-2.jpg\" alt=\"Sluban M38-B1097 Speed Champions Yellow 930 Racers Sports Car With 290 Pieces\" width=\"800\" height=\"800\" title=\"-\" srcset=\"https:\/\/mouldking.store\/wp-content\/uploads\/2022\/11\/Speed-Champions-Yellow-930-Racers-Sports-Car-2.jpg 800w, https:\/\/mouldking.store\/wp-content\/uploads\/2022\/11\/Speed-Champions-Yellow-930-Racers-Sports-Car-2-300x300.jpg 300w, https:\/\/mouldking.store\/wp-content\/uploads\/2022\/11\/Speed-Champions-Yellow-930-Racers-Sports-Car-2-768x768.jpg 768w, https:\/\/mouldking.store\/wp-content\/uploads\/2022\/11\/Speed-Champions-Yellow-930-Racers-Sports-Car-2-600x600.jpg 600w, https:\/\/mouldking.store\/wp-content\/uploads\/2022\/11\/Speed-Champions-Yellow-930-Racers-Sports-Car-2-150x150.jpg 150w, https:\/\/mouldking.store\/wp-content\/uploads\/2022\/11\/Speed-Champions-Yellow-930-Racers-Sports-Car-2-60x60.jpg 60w, https:\/\/mouldking.store\/wp-content\/uploads\/2022\/11\/Speed-Champions-Yellow-930-Racers-Sports-Car-2-90x90.jpg 90w\" sizes=\"(max-width: 800px) 100vw, 800px\" \/><figcaption id=\"caption-attachment-35619\" class=\"wp-caption-text\">Sluban M38-B1097 Speed Champions Yellow 930 Racers Coche deportivo con 290 piezas<\/figcaption><\/figure>\n<figure id=\"attachment_35620\" aria-describedby=\"caption-attachment-35620\" style=\"width: 800px\" class=\"wp-caption aligncenter\"><img decoding=\"async\" class=\"wp-image-35620 size-full\" src=\"https:\/\/mouldking.store\/wp-content\/uploads\/2022\/11\/Speed-Champions-Yellow-930-Racers-Sports-Car-1.jpg\" alt=\"Sluban M38-B1097 Speed Champions Yellow 930 Racers Sports Car With 290 Pieces\" width=\"800\" height=\"800\" title=\"-\" srcset=\"https:\/\/mouldking.store\/wp-content\/uploads\/2022\/11\/Speed-Champions-Yellow-930-Racers-Sports-Car-1.jpg 800w, https:\/\/mouldking.store\/wp-content\/uploads\/2022\/11\/Speed-Champions-Yellow-930-Racers-Sports-Car-1-300x300.jpg 300w, https:\/\/mouldking.store\/wp-content\/uploads\/2022\/11\/Speed-Champions-Yellow-930-Racers-Sports-Car-1-768x768.jpg 768w, https:\/\/mouldking.store\/wp-content\/uploads\/2022\/11\/Speed-Champions-Yellow-930-Racers-Sports-Car-1-600x600.jpg 600w, https:\/\/mouldking.store\/wp-content\/uploads\/2022\/11\/Speed-Champions-Yellow-930-Racers-Sports-Car-1-150x150.jpg 150w, https:\/\/mouldking.store\/wp-content\/uploads\/2022\/11\/Speed-Champions-Yellow-930-Racers-Sports-Car-1-60x60.jpg 60w, https:\/\/mouldking.store\/wp-content\/uploads\/2022\/11\/Speed-Champions-Yellow-930-Racers-Sports-Car-1-90x90.jpg 90w\" sizes=\"(max-width: 800px) 100vw, 800px\" \/><figcaption id=\"caption-attachment-35620\" class=\"wp-caption-text\">Sluban M38-B1097 Speed Champions Yellow 930 Racers Coche deportivo con 290 piezas<\/figcaption><\/figure>\n<figure id=\"attachment_35621\" aria-describedby=\"caption-attachment-35621\" style=\"width: 800px\" class=\"wp-caption aligncenter\"><img decoding=\"async\" class=\"wp-image-35621 size-full\" src=\"https:\/\/mouldking.store\/wp-content\/uploads\/2022\/11\/Speed-Champions-Yellow-930-Racers-Sports-Car-4.jpg\" alt=\"Sluban M38-B1097 Speed Champions Yellow 930 Racers Sports Car With 290 Pieces\" width=\"800\" height=\"800\" title=\"-\" srcset=\"https:\/\/mouldking.store\/wp-content\/uploads\/2022\/11\/Speed-Champions-Yellow-930-Racers-Sports-Car-4.jpg 800w, https:\/\/mouldking.store\/wp-content\/uploads\/2022\/11\/Speed-Champions-Yellow-930-Racers-Sports-Car-4-300x300.jpg 300w, https:\/\/mouldking.store\/wp-content\/uploads\/2022\/11\/Speed-Champions-Yellow-930-Racers-Sports-Car-4-768x768.jpg 768w, https:\/\/mouldking.store\/wp-content\/uploads\/2022\/11\/Speed-Champions-Yellow-930-Racers-Sports-Car-4-600x600.jpg 600w, https:\/\/mouldking.store\/wp-content\/uploads\/2022\/11\/Speed-Champions-Yellow-930-Racers-Sports-Car-4-150x150.jpg 150w, https:\/\/mouldking.store\/wp-content\/uploads\/2022\/11\/Speed-Champions-Yellow-930-Racers-Sports-Car-4-60x60.jpg 60w, https:\/\/mouldking.store\/wp-content\/uploads\/2022\/11\/Speed-Champions-Yellow-930-Racers-Sports-Car-4-90x90.jpg 90w\" sizes=\"(max-width: 800px) 100vw, 800px\" \/><figcaption id=\"caption-attachment-35621\" class=\"wp-caption-text\">Sluban M38-B1097 Speed Champions Yellow 930 Racers Coche deportivo con 290 piezas<\/figcaption><\/figure>\n<figure id=\"attachment_35622\" aria-describedby=\"caption-attachment-35622\" style=\"width: 800px\" class=\"wp-caption aligncenter\"><img loading=\"lazy\" decoding=\"async\" class=\"wp-image-35622 size-full\" src=\"https:\/\/mouldking.store\/wp-content\/uploads\/2022\/11\/Speed-Champions-Yellow-930-Racers-Sports-Car-3.jpg\" alt=\"Sluban M38-B1097 Speed Champions Yellow 930 Racers Sports Car With 290 Pieces\" width=\"800\" height=\"800\" title=\"-\" srcset=\"https:\/\/mouldking.store\/wp-content\/uploads\/2022\/11\/Speed-Champions-Yellow-930-Racers-Sports-Car-3.jpg 800w, https:\/\/mouldking.store\/wp-content\/uploads\/2022\/11\/Speed-Champions-Yellow-930-Racers-Sports-Car-3-300x300.jpg 300w, https:\/\/mouldking.store\/wp-content\/uploads\/2022\/11\/Speed-Champions-Yellow-930-Racers-Sports-Car-3-768x768.jpg 768w, https:\/\/mouldking.store\/wp-content\/uploads\/2022\/11\/Speed-Champions-Yellow-930-Racers-Sports-Car-3-600x600.jpg 600w, https:\/\/mouldking.store\/wp-content\/uploads\/2022\/11\/Speed-Champions-Yellow-930-Racers-Sports-Car-3-150x150.jpg 150w, https:\/\/mouldking.store\/wp-content\/uploads\/2022\/11\/Speed-Champions-Yellow-930-Racers-Sports-Car-3-60x60.jpg 60w, https:\/\/mouldking.store\/wp-content\/uploads\/2022\/11\/Speed-Champions-Yellow-930-Racers-Sports-Car-3-90x90.jpg 90w\" sizes=\"(max-width: 800px) 100vw, 800px\" \/><figcaption id=\"caption-attachment-35622\" class=\"wp-caption-text\">Sluban M38-B1097 Speed Champions Yellow 930 Racers Coche deportivo con 290 piezas<\/figcaption><\/figure>","protected":false},"excerpt":{"rendered":"<p>sin minifiguras<\/p>","protected":false},"featured_media":35621,"comment_status":"closed","ping_status":"closed","template":"","meta":{"_acf_changed":false},"product_cat":[1360,1357],"product_tag":[6635,7767,7517,7770,7771,7766,6633,7769,5166,7768],"class_list":["product","first","instock","shipping-taxable","purchasable","product-type-simple"],"acf":[],"_links":{"self":[{"href":"https:\/\/mouldking.store\/es\/wp-json\/wp\/v2\/product\/35618","targetHints":{"allow":["GET"]}}],"collection":[{"href":"https:\/\/mouldking.store\/es\/wp-json\/wp\/v2\/product"}],"about":[{"href":"https:\/\/mouldking.store\/es\/wp-json\/wp\/v2\/types\/product"}],"replies":[{"embeddable":true,"href":"https:\/\/mouldking.store\/es\/wp-json\/wp\/v2\/comments?post=35618"}],"wp:featuredmedia":[{"embeddable":true,"href":"https:\/\/mouldking.store\/es\/wp-json\/wp\/v2\/media\/35621"}],"wp:attachment":[{"href":"https:\/\/mouldking.store\/es\/wp-json\/wp\/v2\/media?parent=35618"}],"wp:term":[{"taxonomy":"product_cat","embeddable":true,"href":"https:\/\/mouldking.store\/es\/wp-json\/wp\/v2\/product_cat?post=35618"},{"taxonomy":"product_tag","embeddable":true,"href":"https:\/\/mouldking.store\/es\/wp-json\/wp\/v2\/product_tag?post=35618"}],"curies":[{"name":"wp","href":"https:\/\/api.w.org\/{rel}","templated":true}]}}