{"id":35629,"date":"2022-11-21T17:05:34","date_gmt":"2022-11-21T10:05:34","guid":{"rendered":"https:\/\/mouldking.store\/?post_type=product&#038;p=35629"},"modified":"2022-11-21T17:05:35","modified_gmt":"2022-11-21T10:05:35","slug":"mji-13004-phantom-wyevrn-with-1174-pieces","status":"publish","type":"product","link":"https:\/\/mouldking.store\/es\/shop\/mji-13004-phantom-wyevrn-with-1174-pieces\/","title":{"rendered":"MJI 13004 Phantom Wyevrn con 1174 piezas"},"content":{"rendered":"<p>Informaci\u00f3n del Producto:<\/p>\n<ol>\n<li>Marca: MJI<\/li>\n<li>G\u00e9nero: Unisex<\/li>\n<li>Nombre: Fantasma Wyevrn<\/li>\n<li>Rango de edad: &gt; 6 a\u00f1os<\/li>\n<li>N\u00famero de modelo: 13004<\/li>\n<li>Clasificaci\u00f3n: Ensamblaje<\/li>\n<li>Forma de bloque de pl\u00e1stico: Ladrillos autoblocantes<\/li>\n<li>Material: Pl\u00e1stico<\/li>\n<li>Tipo de pl\u00e1stico: ABS<\/li>\n<li>Bloques de ladrillos: 1174 PCS<\/li>\n<li>Tama\u00f1o: 55 x 65 x 36 cm<\/li>\n<li>Contiene instrucciones de montaje detalladas.<\/li>\n<\/ol>\n<p>Aviso:<br \/>\n1. Sin caja original, pero garantizamos que nuestros productos tienen garant\u00eda de calidad y un buen embalaje.<br \/>\n2. Como todas las piezas que hemos comprobado antes del env\u00edo, si encuentra que faltan piezas o est\u00e1n da\u00f1adas, no se preocupe y p\u00f3ngase en contacto con nosotros y podemos reenvi\u00e1rselas inmediatamente de forma gratuita.<\/p>\n<figure id=\"attachment_35630\" aria-describedby=\"caption-attachment-35630\" style=\"width: 800px\" class=\"wp-caption aligncenter\"><img fetchpriority=\"high\" decoding=\"async\" class=\"wp-image-35630 size-full\" src=\"https:\/\/mouldking.store\/wp-content\/uploads\/2022\/11\/Phantom-Wyevrn-MJI-13004-6.jpg\" alt=\"MJI 13004 Phantom Wyevrn With 1174 Pieces\" width=\"800\" height=\"800\" title=\"-\" srcset=\"https:\/\/mouldking.store\/wp-content\/uploads\/2022\/11\/Phantom-Wyevrn-MJI-13004-6.jpg 800w, https:\/\/mouldking.store\/wp-content\/uploads\/2022\/11\/Phantom-Wyevrn-MJI-13004-6-300x300.jpg 300w, https:\/\/mouldking.store\/wp-content\/uploads\/2022\/11\/Phantom-Wyevrn-MJI-13004-6-768x768.jpg 768w, https:\/\/mouldking.store\/wp-content\/uploads\/2022\/11\/Phantom-Wyevrn-MJI-13004-6-600x600.jpg 600w, https:\/\/mouldking.store\/wp-content\/uploads\/2022\/11\/Phantom-Wyevrn-MJI-13004-6-150x150.jpg 150w, https:\/\/mouldking.store\/wp-content\/uploads\/2022\/11\/Phantom-Wyevrn-MJI-13004-6-60x60.jpg 60w, https:\/\/mouldking.store\/wp-content\/uploads\/2022\/11\/Phantom-Wyevrn-MJI-13004-6-90x90.jpg 90w\" sizes=\"(max-width: 800px) 100vw, 800px\" \/><figcaption id=\"caption-attachment-35630\" class=\"wp-caption-text\">MJI 13004 Phantom Wyevrn con 1174 piezas<\/figcaption><\/figure>\n<figure id=\"attachment_35631\" aria-describedby=\"caption-attachment-35631\" style=\"width: 800px\" class=\"wp-caption aligncenter\"><img decoding=\"async\" class=\"wp-image-35631 size-full\" src=\"https:\/\/mouldking.store\/wp-content\/uploads\/2022\/11\/Phantom-Wyevrn-MJI-13004-5.jpg\" alt=\"MJI 13004 Phantom Wyevrn With 1174 Pieces\" width=\"800\" height=\"800\" title=\"-\" srcset=\"https:\/\/mouldking.store\/wp-content\/uploads\/2022\/11\/Phantom-Wyevrn-MJI-13004-5.jpg 800w, https:\/\/mouldking.store\/wp-content\/uploads\/2022\/11\/Phantom-Wyevrn-MJI-13004-5-300x300.jpg 300w, https:\/\/mouldking.store\/wp-content\/uploads\/2022\/11\/Phantom-Wyevrn-MJI-13004-5-768x768.jpg 768w, https:\/\/mouldking.store\/wp-content\/uploads\/2022\/11\/Phantom-Wyevrn-MJI-13004-5-600x600.jpg 600w, https:\/\/mouldking.store\/wp-content\/uploads\/2022\/11\/Phantom-Wyevrn-MJI-13004-5-150x150.jpg 150w, https:\/\/mouldking.store\/wp-content\/uploads\/2022\/11\/Phantom-Wyevrn-MJI-13004-5-60x60.jpg 60w, https:\/\/mouldking.store\/wp-content\/uploads\/2022\/11\/Phantom-Wyevrn-MJI-13004-5-90x90.jpg 90w\" sizes=\"(max-width: 800px) 100vw, 800px\" \/><figcaption id=\"caption-attachment-35631\" class=\"wp-caption-text\">MJI 13004 Phantom Wyevrn con 1174 piezas<\/figcaption><\/figure>\n<figure id=\"attachment_35632\" aria-describedby=\"caption-attachment-35632\" style=\"width: 800px\" class=\"wp-caption aligncenter\"><img decoding=\"async\" class=\"wp-image-35632 size-full\" src=\"https:\/\/mouldking.store\/wp-content\/uploads\/2022\/11\/Phantom-Wyevrn-MJI-13004-4.jpg\" alt=\"MJI 13004 Phantom Wyevrn With 1174 Pieces\" width=\"800\" height=\"800\" title=\"-\" srcset=\"https:\/\/mouldking.store\/wp-content\/uploads\/2022\/11\/Phantom-Wyevrn-MJI-13004-4.jpg 800w, https:\/\/mouldking.store\/wp-content\/uploads\/2022\/11\/Phantom-Wyevrn-MJI-13004-4-300x300.jpg 300w, https:\/\/mouldking.store\/wp-content\/uploads\/2022\/11\/Phantom-Wyevrn-MJI-13004-4-768x768.jpg 768w, https:\/\/mouldking.store\/wp-content\/uploads\/2022\/11\/Phantom-Wyevrn-MJI-13004-4-600x600.jpg 600w, https:\/\/mouldking.store\/wp-content\/uploads\/2022\/11\/Phantom-Wyevrn-MJI-13004-4-150x150.jpg 150w, https:\/\/mouldking.store\/wp-content\/uploads\/2022\/11\/Phantom-Wyevrn-MJI-13004-4-60x60.jpg 60w, https:\/\/mouldking.store\/wp-content\/uploads\/2022\/11\/Phantom-Wyevrn-MJI-13004-4-90x90.jpg 90w\" sizes=\"(max-width: 800px) 100vw, 800px\" \/><figcaption id=\"caption-attachment-35632\" class=\"wp-caption-text\">MJI 13004 Phantom Wyevrn con 1174 piezas<\/figcaption><\/figure>\n<figure id=\"attachment_35633\" aria-describedby=\"caption-attachment-35633\" style=\"width: 800px\" class=\"wp-caption aligncenter\"><img loading=\"lazy\" decoding=\"async\" class=\"wp-image-35633 size-full\" src=\"https:\/\/mouldking.store\/wp-content\/uploads\/2022\/11\/Phantom-Wyevrn-MJI-13004-3.jpg\" alt=\"MJI 13004 Phantom Wyevrn With 1174 Pieces\" width=\"800\" height=\"800\" title=\"-\" srcset=\"https:\/\/mouldking.store\/wp-content\/uploads\/2022\/11\/Phantom-Wyevrn-MJI-13004-3.jpg 800w, https:\/\/mouldking.store\/wp-content\/uploads\/2022\/11\/Phantom-Wyevrn-MJI-13004-3-300x300.jpg 300w, https:\/\/mouldking.store\/wp-content\/uploads\/2022\/11\/Phantom-Wyevrn-MJI-13004-3-768x768.jpg 768w, https:\/\/mouldking.store\/wp-content\/uploads\/2022\/11\/Phantom-Wyevrn-MJI-13004-3-600x600.jpg 600w, https:\/\/mouldking.store\/wp-content\/uploads\/2022\/11\/Phantom-Wyevrn-MJI-13004-3-150x150.jpg 150w, https:\/\/mouldking.store\/wp-content\/uploads\/2022\/11\/Phantom-Wyevrn-MJI-13004-3-60x60.jpg 60w, https:\/\/mouldking.store\/wp-content\/uploads\/2022\/11\/Phantom-Wyevrn-MJI-13004-3-90x90.jpg 90w\" sizes=\"(max-width: 800px) 100vw, 800px\" \/><figcaption id=\"caption-attachment-35633\" class=\"wp-caption-text\">MJI 13004 Phantom Wyevrn con 1174 piezas<\/figcaption><\/figure>\n<figure id=\"attachment_35634\" aria-describedby=\"caption-attachment-35634\" style=\"width: 800px\" class=\"wp-caption aligncenter\"><img loading=\"lazy\" decoding=\"async\" class=\"wp-image-35634 size-full\" src=\"https:\/\/mouldking.store\/wp-content\/uploads\/2022\/11\/Phantom-Wyevrn-MJI-13004-2.jpg\" alt=\"MJI 13004 Phantom Wyevrn With 1174 Pieces\" width=\"800\" height=\"800\" title=\"-\" srcset=\"https:\/\/mouldking.store\/wp-content\/uploads\/2022\/11\/Phantom-Wyevrn-MJI-13004-2.jpg 800w, https:\/\/mouldking.store\/wp-content\/uploads\/2022\/11\/Phantom-Wyevrn-MJI-13004-2-300x300.jpg 300w, https:\/\/mouldking.store\/wp-content\/uploads\/2022\/11\/Phantom-Wyevrn-MJI-13004-2-768x768.jpg 768w, https:\/\/mouldking.store\/wp-content\/uploads\/2022\/11\/Phantom-Wyevrn-MJI-13004-2-600x600.jpg 600w, https:\/\/mouldking.store\/wp-content\/uploads\/2022\/11\/Phantom-Wyevrn-MJI-13004-2-150x150.jpg 150w, https:\/\/mouldking.store\/wp-content\/uploads\/2022\/11\/Phantom-Wyevrn-MJI-13004-2-60x60.jpg 60w, https:\/\/mouldking.store\/wp-content\/uploads\/2022\/11\/Phantom-Wyevrn-MJI-13004-2-90x90.jpg 90w\" sizes=\"(max-width: 800px) 100vw, 800px\" \/><figcaption id=\"caption-attachment-35634\" class=\"wp-caption-text\">MJI 13004 Phantom Wyevrn con 1174 piezas<\/figcaption><\/figure>\n<figure id=\"attachment_35635\" aria-describedby=\"caption-attachment-35635\" style=\"width: 800px\" class=\"wp-caption aligncenter\"><img loading=\"lazy\" decoding=\"async\" class=\"wp-image-35635 size-full\" src=\"https:\/\/mouldking.store\/wp-content\/uploads\/2022\/11\/Phantom-Wyevrn-MJI-13004-1.jpg\" alt=\"MJI 13004 Phantom Wyevrn With 1174 Pieces\" width=\"800\" height=\"800\" title=\"-\" srcset=\"https:\/\/mouldking.store\/wp-content\/uploads\/2022\/11\/Phantom-Wyevrn-MJI-13004-1.jpg 800w, https:\/\/mouldking.store\/wp-content\/uploads\/2022\/11\/Phantom-Wyevrn-MJI-13004-1-300x300.jpg 300w, https:\/\/mouldking.store\/wp-content\/uploads\/2022\/11\/Phantom-Wyevrn-MJI-13004-1-768x768.jpg 768w, https:\/\/mouldking.store\/wp-content\/uploads\/2022\/11\/Phantom-Wyevrn-MJI-13004-1-600x600.jpg 600w, https:\/\/mouldking.store\/wp-content\/uploads\/2022\/11\/Phantom-Wyevrn-MJI-13004-1-150x150.jpg 150w, https:\/\/mouldking.store\/wp-content\/uploads\/2022\/11\/Phantom-Wyevrn-MJI-13004-1-60x60.jpg 60w, https:\/\/mouldking.store\/wp-content\/uploads\/2022\/11\/Phantom-Wyevrn-MJI-13004-1-90x90.jpg 90w\" sizes=\"(max-width: 800px) 100vw, 800px\" \/><figcaption id=\"caption-attachment-35635\" class=\"wp-caption-text\">MJI 13004 Phantom Wyevrn con 1174 piezas<\/figcaption><\/figure>","protected":false},"excerpt":{"rendered":"<p>sin minifiguras<\/p>","protected":false},"featured_media":35630,"comment_status":"closed","ping_status":"closed","template":"","meta":{"_acf_changed":false},"product_cat":[1408],"product_tag":[7778,7777,7782,7783,7776,7779,7781,7780],"class_list":["product","first","instock","shipping-taxable","purchasable","product-type-simple"],"acf":[],"_links":{"self":[{"href":"https:\/\/mouldking.store\/es\/wp-json\/wp\/v2\/product\/35629","targetHints":{"allow":["GET"]}}],"collection":[{"href":"https:\/\/mouldking.store\/es\/wp-json\/wp\/v2\/product"}],"about":[{"href":"https:\/\/mouldking.store\/es\/wp-json\/wp\/v2\/types\/product"}],"replies":[{"embeddable":true,"href":"https:\/\/mouldking.store\/es\/wp-json\/wp\/v2\/comments?post=35629"}],"wp:featuredmedia":[{"embeddable":true,"href":"https:\/\/mouldking.store\/es\/wp-json\/wp\/v2\/media\/35630"}],"wp:attachment":[{"href":"https:\/\/mouldking.store\/es\/wp-json\/wp\/v2\/media?parent=35629"}],"wp:term":[{"taxonomy":"product_cat","embeddable":true,"href":"https:\/\/mouldking.store\/es\/wp-json\/wp\/v2\/product_cat?post=35629"},{"taxonomy":"product_tag","embeddable":true,"href":"https:\/\/mouldking.store\/es\/wp-json\/wp\/v2\/product_tag?post=35629"}],"curies":[{"name":"wp","href":"https:\/\/api.w.org\/{rel}","templated":true}]}}