{"id":35662,"date":"2022-11-22T09:47:47","date_gmt":"2022-11-22T02:47:47","guid":{"rendered":"https:\/\/mouldking.store\/?post_type=product&#038;p=35662"},"modified":"2022-11-22T09:47:49","modified_gmt":"2022-11-22T02:47:49","slug":"tuole-6011-super-heros-marvel-mk42-iron-hero-mechanical-with-1266-pieces","status":"publish","type":"product","link":"https:\/\/mouldking.store\/es\/shop\/tuole-6011-super-heros-marvel-mk42-iron-hero-mechanical-with-1266-pieces\/","title":{"rendered":"TUOLE 6011 Super Heros Marvel MK42 Iron Hero Mechanical con 1266 piezas"},"content":{"rendered":"<p>Informaci\u00f3n del Producto:<\/p>\n<ol>\n<li>Marca: TUOLE<\/li>\n<li>G\u00e9nero: Unisex<\/li>\n<li>Nombre: Superh\u00e9roes Marvel MK42 Iron Hero Mechanical<\/li>\n<li>Rango de edad: &gt; 6 a\u00f1os<\/li>\n<li>N\u00famero de modelo: 6011<\/li>\n<li>Clasificaci\u00f3n: Ensamblaje<\/li>\n<li>Forma de bloque de pl\u00e1stico: Ladrillos autoblocantes<\/li>\n<li>Material: Pl\u00e1stico<\/li>\n<li>Tipo de pl\u00e1stico: ABS<\/li>\n<li>Bloques de ladrillos: 1266 PCS<\/li>\n<li>Tama\u00f1o: 36 \u00d7 21,4 \u00d7 10,4 cm<\/li>\n<li>Contiene instrucciones de montaje detalladas.<\/li>\n<\/ol>\n<p>Aviso:<br \/>\n1. Sin caja original, pero garantizamos que nuestros productos tienen garant\u00eda de calidad y un buen embalaje.<br \/>\n2. Como todas las piezas que hemos comprobado antes del env\u00edo, si encuentra que faltan piezas o est\u00e1n da\u00f1adas, no se preocupe y p\u00f3ngase en contacto con nosotros y podemos reenvi\u00e1rselas inmediatamente de forma gratuita.<\/p>\n<figure id=\"attachment_35663\" aria-describedby=\"caption-attachment-35663\" style=\"width: 800px\" class=\"wp-caption aligncenter\"><img fetchpriority=\"high\" decoding=\"async\" class=\"wp-image-35663 size-full\" src=\"https:\/\/mouldking.store\/wp-content\/uploads\/2022\/11\/Super-Heros-Marvel-MK42-Iron-Hero-Mechanical-TUOLE-6011-3.jpg\" alt=\"TUOLE 6011 Super Heros Marvel MK42 Iron Hero Mechanical With 1266 Pieces\" width=\"800\" height=\"800\" title=\"-\" srcset=\"https:\/\/mouldking.store\/wp-content\/uploads\/2022\/11\/Super-Heros-Marvel-MK42-Iron-Hero-Mechanical-TUOLE-6011-3.jpg 800w, https:\/\/mouldking.store\/wp-content\/uploads\/2022\/11\/Super-Heros-Marvel-MK42-Iron-Hero-Mechanical-TUOLE-6011-3-300x300.jpg 300w, https:\/\/mouldking.store\/wp-content\/uploads\/2022\/11\/Super-Heros-Marvel-MK42-Iron-Hero-Mechanical-TUOLE-6011-3-768x768.jpg 768w, https:\/\/mouldking.store\/wp-content\/uploads\/2022\/11\/Super-Heros-Marvel-MK42-Iron-Hero-Mechanical-TUOLE-6011-3-600x600.jpg 600w, https:\/\/mouldking.store\/wp-content\/uploads\/2022\/11\/Super-Heros-Marvel-MK42-Iron-Hero-Mechanical-TUOLE-6011-3-150x150.jpg 150w, https:\/\/mouldking.store\/wp-content\/uploads\/2022\/11\/Super-Heros-Marvel-MK42-Iron-Hero-Mechanical-TUOLE-6011-3-60x60.jpg 60w, https:\/\/mouldking.store\/wp-content\/uploads\/2022\/11\/Super-Heros-Marvel-MK42-Iron-Hero-Mechanical-TUOLE-6011-3-90x90.jpg 90w\" sizes=\"(max-width: 800px) 100vw, 800px\" \/><figcaption id=\"caption-attachment-35663\" class=\"wp-caption-text\">TUOLE 6011 Super Heros Marvel MK42 Iron Hero Mechanical con 1266 piezas<\/figcaption><\/figure>\n<figure id=\"attachment_35664\" aria-describedby=\"caption-attachment-35664\" style=\"width: 800px\" class=\"wp-caption aligncenter\"><img decoding=\"async\" class=\"wp-image-35664 size-full\" src=\"https:\/\/mouldking.store\/wp-content\/uploads\/2022\/11\/Super-Heros-Marvel-MK42-Iron-Hero-Mechanical-TUOLE-6011-2.jpg\" alt=\"TUOLE 6011 Super Heros Marvel MK42 Iron Hero Mechanical With 1266 Pieces\" width=\"800\" height=\"800\" title=\"-\" srcset=\"https:\/\/mouldking.store\/wp-content\/uploads\/2022\/11\/Super-Heros-Marvel-MK42-Iron-Hero-Mechanical-TUOLE-6011-2.jpg 800w, https:\/\/mouldking.store\/wp-content\/uploads\/2022\/11\/Super-Heros-Marvel-MK42-Iron-Hero-Mechanical-TUOLE-6011-2-300x300.jpg 300w, https:\/\/mouldking.store\/wp-content\/uploads\/2022\/11\/Super-Heros-Marvel-MK42-Iron-Hero-Mechanical-TUOLE-6011-2-768x768.jpg 768w, https:\/\/mouldking.store\/wp-content\/uploads\/2022\/11\/Super-Heros-Marvel-MK42-Iron-Hero-Mechanical-TUOLE-6011-2-600x600.jpg 600w, https:\/\/mouldking.store\/wp-content\/uploads\/2022\/11\/Super-Heros-Marvel-MK42-Iron-Hero-Mechanical-TUOLE-6011-2-150x150.jpg 150w, https:\/\/mouldking.store\/wp-content\/uploads\/2022\/11\/Super-Heros-Marvel-MK42-Iron-Hero-Mechanical-TUOLE-6011-2-60x60.jpg 60w, https:\/\/mouldking.store\/wp-content\/uploads\/2022\/11\/Super-Heros-Marvel-MK42-Iron-Hero-Mechanical-TUOLE-6011-2-90x90.jpg 90w\" sizes=\"(max-width: 800px) 100vw, 800px\" \/><figcaption id=\"caption-attachment-35664\" class=\"wp-caption-text\">TUOLE 6011 Super Heros Marvel MK42 Iron Hero Mechanical con 1266 piezas<\/figcaption><\/figure>\n<figure id=\"attachment_35665\" aria-describedby=\"caption-attachment-35665\" style=\"width: 800px\" class=\"wp-caption aligncenter\"><img decoding=\"async\" class=\"wp-image-35665 size-full\" src=\"https:\/\/mouldking.store\/wp-content\/uploads\/2022\/11\/Super-Heros-Marvel-MK42-Iron-Hero-Mechanical-TUOLE-6011-1.jpg\" alt=\"TUOLE 6011 Super Heros Marvel MK42 Iron Hero Mechanical With 1266 Pieces\" width=\"800\" height=\"800\" title=\"-\" srcset=\"https:\/\/mouldking.store\/wp-content\/uploads\/2022\/11\/Super-Heros-Marvel-MK42-Iron-Hero-Mechanical-TUOLE-6011-1.jpg 800w, https:\/\/mouldking.store\/wp-content\/uploads\/2022\/11\/Super-Heros-Marvel-MK42-Iron-Hero-Mechanical-TUOLE-6011-1-300x300.jpg 300w, https:\/\/mouldking.store\/wp-content\/uploads\/2022\/11\/Super-Heros-Marvel-MK42-Iron-Hero-Mechanical-TUOLE-6011-1-768x768.jpg 768w, https:\/\/mouldking.store\/wp-content\/uploads\/2022\/11\/Super-Heros-Marvel-MK42-Iron-Hero-Mechanical-TUOLE-6011-1-600x600.jpg 600w, https:\/\/mouldking.store\/wp-content\/uploads\/2022\/11\/Super-Heros-Marvel-MK42-Iron-Hero-Mechanical-TUOLE-6011-1-150x150.jpg 150w, https:\/\/mouldking.store\/wp-content\/uploads\/2022\/11\/Super-Heros-Marvel-MK42-Iron-Hero-Mechanical-TUOLE-6011-1-60x60.jpg 60w, https:\/\/mouldking.store\/wp-content\/uploads\/2022\/11\/Super-Heros-Marvel-MK42-Iron-Hero-Mechanical-TUOLE-6011-1-90x90.jpg 90w\" sizes=\"(max-width: 800px) 100vw, 800px\" \/><figcaption id=\"caption-attachment-35665\" class=\"wp-caption-text\">TUOLE 6011 Super Heros Marvel MK42 Iron Hero Mechanical con 1266 piezas<\/figcaption><\/figure>","protected":false},"excerpt":{"rendered":"<p>Product information: Brand: TUOLE Gender: Unisex Name: Super Heros Marvel MK42 Iron Hero Mechanical Age Range: &gt; 6 years old Model Number: 6011 Classification: Assemblage Plastic Block Shape: Self-Locking Bricks Material: Plastic Plastic Type: ABS Bricks Blocks:1266 PCS Size: 36 \u00d7 21.4 \u00d7 10.4 cm Contains detailed assembly instructions. Notice: 1. Without an original box, [&hellip;]<\/p>","protected":false},"featured_media":35663,"comment_status":"closed","ping_status":"closed","template":"","meta":{"_acf_changed":false},"product_cat":[1373,1848,1408],"product_tag":[7807,7804,7806,7808,1496,7345,7805,2462,7809,7803,7810,7811,7802],"class_list":["product","first","instock","shipping-taxable","purchasable","product-type-simple"],"acf":[],"_links":{"self":[{"href":"https:\/\/mouldking.store\/es\/wp-json\/wp\/v2\/product\/35662","targetHints":{"allow":["GET"]}}],"collection":[{"href":"https:\/\/mouldking.store\/es\/wp-json\/wp\/v2\/product"}],"about":[{"href":"https:\/\/mouldking.store\/es\/wp-json\/wp\/v2\/types\/product"}],"replies":[{"embeddable":true,"href":"https:\/\/mouldking.store\/es\/wp-json\/wp\/v2\/comments?post=35662"}],"wp:featuredmedia":[{"embeddable":true,"href":"https:\/\/mouldking.store\/es\/wp-json\/wp\/v2\/media\/35663"}],"wp:attachment":[{"href":"https:\/\/mouldking.store\/es\/wp-json\/wp\/v2\/media?parent=35662"}],"wp:term":[{"taxonomy":"product_cat","embeddable":true,"href":"https:\/\/mouldking.store\/es\/wp-json\/wp\/v2\/product_cat?post=35662"},{"taxonomy":"product_tag","embeddable":true,"href":"https:\/\/mouldking.store\/es\/wp-json\/wp\/v2\/product_tag?post=35662"}],"curies":[{"name":"wp","href":"https:\/\/api.w.org\/{rel}","templated":true}]}}