{"id":35732,"date":"2022-11-22T11:27:52","date_gmt":"2022-11-22T04:27:52","guid":{"rendered":"https:\/\/mouldking.store\/?post_type=product&#038;p=35732"},"modified":"2022-11-22T11:27:52","modified_gmt":"2022-11-22T04:27:52","slug":"quan-guan-100084-soviet-bt-7-light-cavalry-tank-with-462-pieces","status":"publish","type":"product","link":"https:\/\/mouldking.store\/es\/shop\/quan-guan-100084-soviet-bt-7-light-cavalry-tank-with-462-pieces\/","title":{"rendered":"Quan Guan 100084 Tanque de caballer\u00eda ligera sovi\u00e9tico BT-7 con 462 piezas"},"content":{"rendered":"<p>Informaci\u00f3n del Producto:<\/p>\n<ol>\n<li>Brand: Quan Guan<\/li>\n<li>G\u00e9nero: Unisex<\/li>\n<li>Name: Soviet BT-7 Light Cavalry Tank<\/li>\n<li>Rango de edad: &gt; 6 a\u00f1os<\/li>\n<li>Model Number: 100084<\/li>\n<li>Clasificaci\u00f3n: Ensamblaje<\/li>\n<li>Forma de bloque de pl\u00e1stico: Ladrillos autoblocantes<\/li>\n<li>Material: Pl\u00e1stico<\/li>\n<li>Tipo de pl\u00e1stico: ABS<\/li>\n<li>Bloques de ladrillos: 462 PCS<\/li>\n<li>Size: 17.5 x 7x 8.7 cm<\/li>\n<li>Contiene instrucciones de montaje detalladas.<\/li>\n<\/ol>\n<p>Aviso:<br \/>\n1. Sin caja original, pero garantizamos que nuestros productos tienen garant\u00eda de calidad y un buen embalaje.<br \/>\n2. Como todas las piezas que hemos comprobado antes del env\u00edo, si encuentra que faltan piezas o est\u00e1n da\u00f1adas, no se preocupe y p\u00f3ngase en contacto con nosotros y podemos reenvi\u00e1rselas inmediatamente de forma gratuita.<\/p>\n<figure id=\"attachment_35733\" aria-describedby=\"caption-attachment-35733\" style=\"width: 800px\" class=\"wp-caption aligncenter\"><img fetchpriority=\"high\" decoding=\"async\" class=\"wp-image-35733 size-full\" src=\"https:\/\/mouldking.store\/wp-content\/uploads\/2022\/11\/Quan-Guan-100084-Soviet-BT-7-Light-Cavalry-Tank-5.jpg\" alt=\"Quan Guan 100084 Soviet BT-7 Light Cavalry Tank With 462 Pieces\" width=\"800\" height=\"800\" title=\"-\" srcset=\"https:\/\/mouldking.store\/wp-content\/uploads\/2022\/11\/Quan-Guan-100084-Soviet-BT-7-Light-Cavalry-Tank-5.jpg 800w, https:\/\/mouldking.store\/wp-content\/uploads\/2022\/11\/Quan-Guan-100084-Soviet-BT-7-Light-Cavalry-Tank-5-300x300.jpg 300w, https:\/\/mouldking.store\/wp-content\/uploads\/2022\/11\/Quan-Guan-100084-Soviet-BT-7-Light-Cavalry-Tank-5-768x768.jpg 768w, https:\/\/mouldking.store\/wp-content\/uploads\/2022\/11\/Quan-Guan-100084-Soviet-BT-7-Light-Cavalry-Tank-5-600x600.jpg 600w, https:\/\/mouldking.store\/wp-content\/uploads\/2022\/11\/Quan-Guan-100084-Soviet-BT-7-Light-Cavalry-Tank-5-150x150.jpg 150w, https:\/\/mouldking.store\/wp-content\/uploads\/2022\/11\/Quan-Guan-100084-Soviet-BT-7-Light-Cavalry-Tank-5-60x60.jpg 60w, https:\/\/mouldking.store\/wp-content\/uploads\/2022\/11\/Quan-Guan-100084-Soviet-BT-7-Light-Cavalry-Tank-5-90x90.jpg 90w\" sizes=\"(max-width: 800px) 100vw, 800px\" \/><figcaption id=\"caption-attachment-35733\" class=\"wp-caption-text\">Quan Guan 100084 Tanque de caballer\u00eda ligera sovi\u00e9tico BT-7 con 462 piezas<\/figcaption><\/figure>\n<figure id=\"attachment_35734\" aria-describedby=\"caption-attachment-35734\" style=\"width: 900px\" class=\"wp-caption aligncenter\"><img decoding=\"async\" class=\"wp-image-35734 size-full\" src=\"https:\/\/mouldking.store\/wp-content\/uploads\/2022\/11\/Quan-Guan-100084-Soviet-BT-7-Light-Cavalry-Tank-4.jpg\" alt=\"Quan Guan 100084 Soviet BT-7 Light Cavalry Tank With 462 Pieces\" width=\"900\" height=\"900\" title=\"-\" srcset=\"https:\/\/mouldking.store\/wp-content\/uploads\/2022\/11\/Quan-Guan-100084-Soviet-BT-7-Light-Cavalry-Tank-4.jpg 900w, https:\/\/mouldking.store\/wp-content\/uploads\/2022\/11\/Quan-Guan-100084-Soviet-BT-7-Light-Cavalry-Tank-4-300x300.jpg 300w, https:\/\/mouldking.store\/wp-content\/uploads\/2022\/11\/Quan-Guan-100084-Soviet-BT-7-Light-Cavalry-Tank-4-768x768.jpg 768w, https:\/\/mouldking.store\/wp-content\/uploads\/2022\/11\/Quan-Guan-100084-Soviet-BT-7-Light-Cavalry-Tank-4-600x600.jpg 600w, https:\/\/mouldking.store\/wp-content\/uploads\/2022\/11\/Quan-Guan-100084-Soviet-BT-7-Light-Cavalry-Tank-4-150x150.jpg 150w, https:\/\/mouldking.store\/wp-content\/uploads\/2022\/11\/Quan-Guan-100084-Soviet-BT-7-Light-Cavalry-Tank-4-60x60.jpg 60w, https:\/\/mouldking.store\/wp-content\/uploads\/2022\/11\/Quan-Guan-100084-Soviet-BT-7-Light-Cavalry-Tank-4-90x90.jpg 90w\" sizes=\"(max-width: 900px) 100vw, 900px\" \/><figcaption id=\"caption-attachment-35734\" class=\"wp-caption-text\">Quan Guan 100084 Tanque de caballer\u00eda ligera sovi\u00e9tico BT-7 con 462 piezas<\/figcaption><\/figure>\n<figure id=\"attachment_35735\" aria-describedby=\"caption-attachment-35735\" style=\"width: 900px\" class=\"wp-caption aligncenter\"><img decoding=\"async\" class=\"wp-image-35735 size-full\" src=\"https:\/\/mouldking.store\/wp-content\/uploads\/2022\/11\/Quan-Guan-100084-Soviet-BT-7-Light-Cavalry-Tank-3.jpg\" alt=\"Quan Guan 100084 Soviet BT-7 Light Cavalry Tank With 462 Pieces\" width=\"900\" height=\"900\" title=\"-\" srcset=\"https:\/\/mouldking.store\/wp-content\/uploads\/2022\/11\/Quan-Guan-100084-Soviet-BT-7-Light-Cavalry-Tank-3.jpg 900w, https:\/\/mouldking.store\/wp-content\/uploads\/2022\/11\/Quan-Guan-100084-Soviet-BT-7-Light-Cavalry-Tank-3-300x300.jpg 300w, https:\/\/mouldking.store\/wp-content\/uploads\/2022\/11\/Quan-Guan-100084-Soviet-BT-7-Light-Cavalry-Tank-3-768x768.jpg 768w, https:\/\/mouldking.store\/wp-content\/uploads\/2022\/11\/Quan-Guan-100084-Soviet-BT-7-Light-Cavalry-Tank-3-600x600.jpg 600w, https:\/\/mouldking.store\/wp-content\/uploads\/2022\/11\/Quan-Guan-100084-Soviet-BT-7-Light-Cavalry-Tank-3-150x150.jpg 150w, https:\/\/mouldking.store\/wp-content\/uploads\/2022\/11\/Quan-Guan-100084-Soviet-BT-7-Light-Cavalry-Tank-3-60x60.jpg 60w, https:\/\/mouldking.store\/wp-content\/uploads\/2022\/11\/Quan-Guan-100084-Soviet-BT-7-Light-Cavalry-Tank-3-90x90.jpg 90w\" sizes=\"(max-width: 900px) 100vw, 900px\" \/><figcaption id=\"caption-attachment-35735\" class=\"wp-caption-text\">Quan Guan 100084 Tanque de caballer\u00eda ligera sovi\u00e9tico BT-7 con 462 piezas<\/figcaption><\/figure>\n<figure id=\"attachment_35736\" aria-describedby=\"caption-attachment-35736\" style=\"width: 900px\" class=\"wp-caption aligncenter\"><img loading=\"lazy\" decoding=\"async\" class=\"wp-image-35736 size-full\" src=\"https:\/\/mouldking.store\/wp-content\/uploads\/2022\/11\/Quan-Guan-100084-Soviet-BT-7-Light-Cavalry-Tank-2.jpg\" alt=\"Quan Guan 100084 Soviet BT-7 Light Cavalry Tank With 462 Pieces\" width=\"900\" height=\"900\" title=\"-\" srcset=\"https:\/\/mouldking.store\/wp-content\/uploads\/2022\/11\/Quan-Guan-100084-Soviet-BT-7-Light-Cavalry-Tank-2.jpg 900w, https:\/\/mouldking.store\/wp-content\/uploads\/2022\/11\/Quan-Guan-100084-Soviet-BT-7-Light-Cavalry-Tank-2-300x300.jpg 300w, https:\/\/mouldking.store\/wp-content\/uploads\/2022\/11\/Quan-Guan-100084-Soviet-BT-7-Light-Cavalry-Tank-2-768x768.jpg 768w, https:\/\/mouldking.store\/wp-content\/uploads\/2022\/11\/Quan-Guan-100084-Soviet-BT-7-Light-Cavalry-Tank-2-600x600.jpg 600w, https:\/\/mouldking.store\/wp-content\/uploads\/2022\/11\/Quan-Guan-100084-Soviet-BT-7-Light-Cavalry-Tank-2-150x150.jpg 150w, https:\/\/mouldking.store\/wp-content\/uploads\/2022\/11\/Quan-Guan-100084-Soviet-BT-7-Light-Cavalry-Tank-2-60x60.jpg 60w, https:\/\/mouldking.store\/wp-content\/uploads\/2022\/11\/Quan-Guan-100084-Soviet-BT-7-Light-Cavalry-Tank-2-90x90.jpg 90w\" sizes=\"(max-width: 900px) 100vw, 900px\" \/><figcaption id=\"caption-attachment-35736\" class=\"wp-caption-text\">Quan Guan 100084 Tanque de caballer\u00eda ligera sovi\u00e9tico BT-7 con 462 piezas<\/figcaption><\/figure>\n<figure id=\"attachment_35737\" aria-describedby=\"caption-attachment-35737\" style=\"width: 900px\" class=\"wp-caption aligncenter\"><img loading=\"lazy\" decoding=\"async\" class=\"wp-image-35737 size-full\" src=\"https:\/\/mouldking.store\/wp-content\/uploads\/2022\/11\/Quan-Guan-100084-Soviet-BT-7-Light-Cavalry-Tank-1.jpg\" alt=\"Quan Guan 100084 Soviet BT-7 Light Cavalry Tank With 462 Pieces\" width=\"900\" height=\"900\" title=\"-\" srcset=\"https:\/\/mouldking.store\/wp-content\/uploads\/2022\/11\/Quan-Guan-100084-Soviet-BT-7-Light-Cavalry-Tank-1.jpg 900w, https:\/\/mouldking.store\/wp-content\/uploads\/2022\/11\/Quan-Guan-100084-Soviet-BT-7-Light-Cavalry-Tank-1-300x300.jpg 300w, https:\/\/mouldking.store\/wp-content\/uploads\/2022\/11\/Quan-Guan-100084-Soviet-BT-7-Light-Cavalry-Tank-1-768x768.jpg 768w, https:\/\/mouldking.store\/wp-content\/uploads\/2022\/11\/Quan-Guan-100084-Soviet-BT-7-Light-Cavalry-Tank-1-600x600.jpg 600w, https:\/\/mouldking.store\/wp-content\/uploads\/2022\/11\/Quan-Guan-100084-Soviet-BT-7-Light-Cavalry-Tank-1-150x150.jpg 150w, https:\/\/mouldking.store\/wp-content\/uploads\/2022\/11\/Quan-Guan-100084-Soviet-BT-7-Light-Cavalry-Tank-1-60x60.jpg 60w, https:\/\/mouldking.store\/wp-content\/uploads\/2022\/11\/Quan-Guan-100084-Soviet-BT-7-Light-Cavalry-Tank-1-90x90.jpg 90w\" sizes=\"(max-width: 900px) 100vw, 900px\" \/><figcaption id=\"caption-attachment-35737\" class=\"wp-caption-text\">Quan Guan 100084 Tanque de caballer\u00eda ligera sovi\u00e9tico BT-7 con 462 piezas<\/figcaption><\/figure>","protected":false},"excerpt":{"rendered":"<p>sin minifiguras<\/p>","protected":false},"featured_media":35733,"comment_status":"closed","ping_status":"closed","template":"","meta":{"_acf_changed":false},"product_cat":[1350],"product_tag":[7884,7885,7886,7887,5465,7889,7890,7883,4077,7888,485],"class_list":["product","first","instock","shipping-taxable","purchasable","product-type-simple"],"acf":[],"_links":{"self":[{"href":"https:\/\/mouldking.store\/es\/wp-json\/wp\/v2\/product\/35732","targetHints":{"allow":["GET"]}}],"collection":[{"href":"https:\/\/mouldking.store\/es\/wp-json\/wp\/v2\/product"}],"about":[{"href":"https:\/\/mouldking.store\/es\/wp-json\/wp\/v2\/types\/product"}],"replies":[{"embeddable":true,"href":"https:\/\/mouldking.store\/es\/wp-json\/wp\/v2\/comments?post=35732"}],"wp:featuredmedia":[{"embeddable":true,"href":"https:\/\/mouldking.store\/es\/wp-json\/wp\/v2\/media\/35733"}],"wp:attachment":[{"href":"https:\/\/mouldking.store\/es\/wp-json\/wp\/v2\/media?parent=35732"}],"wp:term":[{"taxonomy":"product_cat","embeddable":true,"href":"https:\/\/mouldking.store\/es\/wp-json\/wp\/v2\/product_cat?post=35732"},{"taxonomy":"product_tag","embeddable":true,"href":"https:\/\/mouldking.store\/es\/wp-json\/wp\/v2\/product_tag?post=35732"}],"curies":[{"name":"wp","href":"https:\/\/api.w.org\/{rel}","templated":true}]}}