{"id":35835,"date":"2022-11-22T16:24:18","date_gmt":"2022-11-22T09:24:18","guid":{"rendered":"https:\/\/mouldking.store\/?post_type=product&#038;p=35835"},"modified":"2022-11-22T16:24:18","modified_gmt":"2022-11-22T09:24:18","slug":"pantasy-99105-metal-slug-3-marco-and-the-captive-brickhead-with-300-pieces","status":"publish","type":"product","link":"https:\/\/mouldking.store\/es\/shop\/pantasy-99105-metal-slug-3-marco-and-the-captive-brickhead-with-300-pieces\/","title":{"rendered":"PANTASY 99105 Metal Slug 3: Marco y el Brickhead cautivo con 300 piezas"},"content":{"rendered":"<p>Informaci\u00f3n del Producto:<\/p>\n<ol>\n<li>Marca: PANTASY<\/li>\n<li>G\u00e9nero: Unisex<\/li>\n<li>Nombre: Metal Slug 3: Marco y el Brickhead cautivo<\/li>\n<li>Rango de edad: &gt; 6 a\u00f1os<\/li>\n<li>N\u00famero de modelo: 99105<\/li>\n<li>Clasificaci\u00f3n: Ensamblaje<\/li>\n<li>Forma de bloque de pl\u00e1stico: Ladrillos autoblocantes<\/li>\n<li>Material: Pl\u00e1stico<\/li>\n<li>Tipo de pl\u00e1stico: ABS<\/li>\n<li>Bloques de ladrillos: 300 PCS<\/li>\n<li>Contiene instrucciones de montaje detalladas.<\/li>\n<\/ol>\n<p>Aviso:<br \/>\n1. Sin caja original, pero garantizamos que nuestros productos tienen garant\u00eda de calidad y un buen embalaje.<br \/>\n2. Como todas las piezas que hemos comprobado antes del env\u00edo, si encuentra que faltan piezas o est\u00e1n da\u00f1adas, no se preocupe y p\u00f3ngase en contacto con nosotros y podemos reenvi\u00e1rselas inmediatamente de forma gratuita.<\/p>\n<figure id=\"attachment_35836\" aria-describedby=\"caption-attachment-35836\" style=\"width: 800px\" class=\"wp-caption aligncenter\"><img fetchpriority=\"high\" decoding=\"async\" class=\"wp-image-35836 size-full\" src=\"https:\/\/mouldking.store\/wp-content\/uploads\/2022\/11\/Marco-and-the-Captive-Brickhead-PANTASY-99105-14.jpg\" alt=\"PANTASY 99105 Metal Slug 3: Marco and the Captive Brickhead With 300 Pieces\" width=\"800\" height=\"800\" title=\"-\" srcset=\"https:\/\/mouldking.store\/wp-content\/uploads\/2022\/11\/Marco-and-the-Captive-Brickhead-PANTASY-99105-14.jpg 800w, https:\/\/mouldking.store\/wp-content\/uploads\/2022\/11\/Marco-and-the-Captive-Brickhead-PANTASY-99105-14-300x300.jpg 300w, https:\/\/mouldking.store\/wp-content\/uploads\/2022\/11\/Marco-and-the-Captive-Brickhead-PANTASY-99105-14-768x768.jpg 768w, https:\/\/mouldking.store\/wp-content\/uploads\/2022\/11\/Marco-and-the-Captive-Brickhead-PANTASY-99105-14-600x600.jpg 600w, https:\/\/mouldking.store\/wp-content\/uploads\/2022\/11\/Marco-and-the-Captive-Brickhead-PANTASY-99105-14-150x150.jpg 150w, https:\/\/mouldking.store\/wp-content\/uploads\/2022\/11\/Marco-and-the-Captive-Brickhead-PANTASY-99105-14-60x60.jpg 60w, https:\/\/mouldking.store\/wp-content\/uploads\/2022\/11\/Marco-and-the-Captive-Brickhead-PANTASY-99105-14-90x90.jpg 90w\" sizes=\"(max-width: 800px) 100vw, 800px\" \/><figcaption id=\"caption-attachment-35836\" class=\"wp-caption-text\">PANTASY 99105 Metal Slug 3: Marco y el Brickhead cautivo con 300 piezas<\/figcaption><\/figure>\n<figure id=\"attachment_35837\" aria-describedby=\"caption-attachment-35837\" style=\"width: 533px\" class=\"wp-caption aligncenter\"><img decoding=\"async\" class=\"wp-image-35837 size-full\" src=\"https:\/\/mouldking.store\/wp-content\/uploads\/2022\/11\/Marco-and-the-Captive-Brickhead-PANTASY-99105-13.jpg\" alt=\"PANTASY 99105 Metal Slug 3: Marco and the Captive Brickhead With 300 Pieces\" width=\"533\" height=\"800\" title=\"-\" srcset=\"https:\/\/mouldking.store\/wp-content\/uploads\/2022\/11\/Marco-and-the-Captive-Brickhead-PANTASY-99105-13.jpg 533w, https:\/\/mouldking.store\/wp-content\/uploads\/2022\/11\/Marco-and-the-Captive-Brickhead-PANTASY-99105-13-200x300.jpg 200w, https:\/\/mouldking.store\/wp-content\/uploads\/2022\/11\/Marco-and-the-Captive-Brickhead-PANTASY-99105-13-300x450.jpg 300w, https:\/\/mouldking.store\/wp-content\/uploads\/2022\/11\/Marco-and-the-Captive-Brickhead-PANTASY-99105-13-100x150.jpg 100w, https:\/\/mouldking.store\/wp-content\/uploads\/2022\/11\/Marco-and-the-Captive-Brickhead-PANTASY-99105-13-40x60.jpg 40w, https:\/\/mouldking.store\/wp-content\/uploads\/2022\/11\/Marco-and-the-Captive-Brickhead-PANTASY-99105-13-60x90.jpg 60w\" sizes=\"(max-width: 533px) 100vw, 533px\" \/><figcaption id=\"caption-attachment-35837\" class=\"wp-caption-text\">PANTASY 99105 Metal Slug 3: Marco y el Brickhead cautivo con 300 piezas<\/figcaption><\/figure>\n<figure id=\"attachment_35838\" aria-describedby=\"caption-attachment-35838\" style=\"width: 1024px\" class=\"wp-caption aligncenter\"><img decoding=\"async\" class=\"wp-image-35838 size-full\" src=\"https:\/\/mouldking.store\/wp-content\/uploads\/2022\/11\/Marco-and-the-Captive-Brickhead-PANTASY-99105-12.jpg\" alt=\"PANTASY 99105 Metal Slug 3: Marco and the Captive Brickhead With 300 Pieces\" width=\"1024\" height=\"683\" title=\"-\" srcset=\"https:\/\/mouldking.store\/wp-content\/uploads\/2022\/11\/Marco-and-the-Captive-Brickhead-PANTASY-99105-12.jpg 1024w, https:\/\/mouldking.store\/wp-content\/uploads\/2022\/11\/Marco-and-the-Captive-Brickhead-PANTASY-99105-12-300x200.jpg 300w, https:\/\/mouldking.store\/wp-content\/uploads\/2022\/11\/Marco-and-the-Captive-Brickhead-PANTASY-99105-12-768x512.jpg 768w, https:\/\/mouldking.store\/wp-content\/uploads\/2022\/11\/Marco-and-the-Captive-Brickhead-PANTASY-99105-12-600x400.jpg 600w, https:\/\/mouldking.store\/wp-content\/uploads\/2022\/11\/Marco-and-the-Captive-Brickhead-PANTASY-99105-12-150x100.jpg 150w, https:\/\/mouldking.store\/wp-content\/uploads\/2022\/11\/Marco-and-the-Captive-Brickhead-PANTASY-99105-12-90x60.jpg 90w, https:\/\/mouldking.store\/wp-content\/uploads\/2022\/11\/Marco-and-the-Captive-Brickhead-PANTASY-99105-12-135x90.jpg 135w\" sizes=\"(max-width: 1024px) 100vw, 1024px\" \/><figcaption id=\"caption-attachment-35838\" class=\"wp-caption-text\">PANTASY 99105 Metal Slug 3: Marco y el Brickhead cautivo con 300 piezas<\/figcaption><\/figure>\n<figure id=\"attachment_35839\" aria-describedby=\"caption-attachment-35839\" style=\"width: 977px\" class=\"wp-caption aligncenter\"><img loading=\"lazy\" decoding=\"async\" class=\"wp-image-35839 size-full\" src=\"https:\/\/mouldking.store\/wp-content\/uploads\/2022\/11\/Marco-and-the-Captive-Brickhead-PANTASY-99105-11.jpg\" alt=\"PANTASY 99105 Metal Slug 3: Marco and the Captive Brickhead With 300 Pieces\" width=\"977\" height=\"800\" title=\"-\" srcset=\"https:\/\/mouldking.store\/wp-content\/uploads\/2022\/11\/Marco-and-the-Captive-Brickhead-PANTASY-99105-11.jpg 977w, https:\/\/mouldking.store\/wp-content\/uploads\/2022\/11\/Marco-and-the-Captive-Brickhead-PANTASY-99105-11-300x246.jpg 300w, https:\/\/mouldking.store\/wp-content\/uploads\/2022\/11\/Marco-and-the-Captive-Brickhead-PANTASY-99105-11-768x629.jpg 768w, https:\/\/mouldking.store\/wp-content\/uploads\/2022\/11\/Marco-and-the-Captive-Brickhead-PANTASY-99105-11-600x491.jpg 600w, https:\/\/mouldking.store\/wp-content\/uploads\/2022\/11\/Marco-and-the-Captive-Brickhead-PANTASY-99105-11-150x123.jpg 150w, https:\/\/mouldking.store\/wp-content\/uploads\/2022\/11\/Marco-and-the-Captive-Brickhead-PANTASY-99105-11-73x60.jpg 73w, https:\/\/mouldking.store\/wp-content\/uploads\/2022\/11\/Marco-and-the-Captive-Brickhead-PANTASY-99105-11-110x90.jpg 110w\" sizes=\"(max-width: 977px) 100vw, 977px\" \/><figcaption id=\"caption-attachment-35839\" class=\"wp-caption-text\">PANTASY 99105 Metal Slug 3: Marco y el Brickhead cautivo con 300 piezas<\/figcaption><\/figure>\n<figure id=\"attachment_35840\" aria-describedby=\"caption-attachment-35840\" style=\"width: 525px\" class=\"wp-caption aligncenter\"><img loading=\"lazy\" decoding=\"async\" class=\"wp-image-35840 size-full\" src=\"https:\/\/mouldking.store\/wp-content\/uploads\/2022\/11\/Marco-and-the-Captive-Brickhead-PANTASY-99105-10.jpg\" alt=\"PANTASY 99105 Metal Slug 3: Marco and the Captive Brickhead With 300 Pieces\" width=\"525\" height=\"800\" title=\"-\" srcset=\"https:\/\/mouldking.store\/wp-content\/uploads\/2022\/11\/Marco-and-the-Captive-Brickhead-PANTASY-99105-10.jpg 525w, https:\/\/mouldking.store\/wp-content\/uploads\/2022\/11\/Marco-and-the-Captive-Brickhead-PANTASY-99105-10-197x300.jpg 197w, https:\/\/mouldking.store\/wp-content\/uploads\/2022\/11\/Marco-and-the-Captive-Brickhead-PANTASY-99105-10-300x457.jpg 300w, https:\/\/mouldking.store\/wp-content\/uploads\/2022\/11\/Marco-and-the-Captive-Brickhead-PANTASY-99105-10-98x150.jpg 98w, https:\/\/mouldking.store\/wp-content\/uploads\/2022\/11\/Marco-and-the-Captive-Brickhead-PANTASY-99105-10-39x60.jpg 39w, https:\/\/mouldking.store\/wp-content\/uploads\/2022\/11\/Marco-and-the-Captive-Brickhead-PANTASY-99105-10-59x90.jpg 59w\" sizes=\"(max-width: 525px) 100vw, 525px\" \/><figcaption id=\"caption-attachment-35840\" class=\"wp-caption-text\">PANTASY 99105 Metal Slug 3: Marco y el Brickhead cautivo con 300 piezas<\/figcaption><\/figure>\n<figure id=\"attachment_35841\" aria-describedby=\"caption-attachment-35841\" style=\"width: 533px\" class=\"wp-caption aligncenter\"><img loading=\"lazy\" decoding=\"async\" class=\"wp-image-35841 size-full\" src=\"https:\/\/mouldking.store\/wp-content\/uploads\/2022\/11\/Marco-and-the-Captive-Brickhead-PANTASY-99105-9.jpg\" alt=\"PANTASY 99105 Metal Slug 3: Marco and the Captive Brickhead With 300 Pieces\" width=\"533\" height=\"800\" title=\"-\" srcset=\"https:\/\/mouldking.store\/wp-content\/uploads\/2022\/11\/Marco-and-the-Captive-Brickhead-PANTASY-99105-9.jpg 533w, https:\/\/mouldking.store\/wp-content\/uploads\/2022\/11\/Marco-and-the-Captive-Brickhead-PANTASY-99105-9-200x300.jpg 200w, https:\/\/mouldking.store\/wp-content\/uploads\/2022\/11\/Marco-and-the-Captive-Brickhead-PANTASY-99105-9-300x450.jpg 300w, https:\/\/mouldking.store\/wp-content\/uploads\/2022\/11\/Marco-and-the-Captive-Brickhead-PANTASY-99105-9-100x150.jpg 100w, https:\/\/mouldking.store\/wp-content\/uploads\/2022\/11\/Marco-and-the-Captive-Brickhead-PANTASY-99105-9-40x60.jpg 40w, https:\/\/mouldking.store\/wp-content\/uploads\/2022\/11\/Marco-and-the-Captive-Brickhead-PANTASY-99105-9-60x90.jpg 60w\" sizes=\"(max-width: 533px) 100vw, 533px\" \/><figcaption id=\"caption-attachment-35841\" class=\"wp-caption-text\">PANTASY 99105 Metal Slug 3: Marco y el Brickhead cautivo con 300 piezas<\/figcaption><\/figure>\n<figure id=\"attachment_35842\" aria-describedby=\"caption-attachment-35842\" style=\"width: 533px\" class=\"wp-caption aligncenter\"><img loading=\"lazy\" decoding=\"async\" class=\"wp-image-35842 size-full\" src=\"https:\/\/mouldking.store\/wp-content\/uploads\/2022\/11\/Marco-and-the-Captive-Brickhead-PANTASY-99105-8.jpg\" alt=\"PANTASY 99105 Metal Slug 3: Marco and the Captive Brickhead With 300 Pieces\" width=\"533\" height=\"800\" title=\"-\" srcset=\"https:\/\/mouldking.store\/wp-content\/uploads\/2022\/11\/Marco-and-the-Captive-Brickhead-PANTASY-99105-8.jpg 533w, https:\/\/mouldking.store\/wp-content\/uploads\/2022\/11\/Marco-and-the-Captive-Brickhead-PANTASY-99105-8-200x300.jpg 200w, https:\/\/mouldking.store\/wp-content\/uploads\/2022\/11\/Marco-and-the-Captive-Brickhead-PANTASY-99105-8-300x450.jpg 300w, https:\/\/mouldking.store\/wp-content\/uploads\/2022\/11\/Marco-and-the-Captive-Brickhead-PANTASY-99105-8-100x150.jpg 100w, https:\/\/mouldking.store\/wp-content\/uploads\/2022\/11\/Marco-and-the-Captive-Brickhead-PANTASY-99105-8-40x60.jpg 40w, https:\/\/mouldking.store\/wp-content\/uploads\/2022\/11\/Marco-and-the-Captive-Brickhead-PANTASY-99105-8-60x90.jpg 60w\" sizes=\"(max-width: 533px) 100vw, 533px\" \/><figcaption id=\"caption-attachment-35842\" class=\"wp-caption-text\">PANTASY 99105 Metal Slug 3: Marco y el Brickhead cautivo con 300 piezas<\/figcaption><\/figure>\n<figure id=\"attachment_35843\" aria-describedby=\"caption-attachment-35843\" style=\"width: 533px\" class=\"wp-caption aligncenter\"><img loading=\"lazy\" decoding=\"async\" class=\"wp-image-35843 size-full\" src=\"https:\/\/mouldking.store\/wp-content\/uploads\/2022\/11\/Marco-and-the-Captive-Brickhead-PANTASY-99105-7.jpg\" alt=\"PANTASY 99105 Metal Slug 3: Marco and the Captive Brickhead With 300 Pieces\" width=\"533\" height=\"800\" title=\"-\" srcset=\"https:\/\/mouldking.store\/wp-content\/uploads\/2022\/11\/Marco-and-the-Captive-Brickhead-PANTASY-99105-7.jpg 533w, https:\/\/mouldking.store\/wp-content\/uploads\/2022\/11\/Marco-and-the-Captive-Brickhead-PANTASY-99105-7-200x300.jpg 200w, https:\/\/mouldking.store\/wp-content\/uploads\/2022\/11\/Marco-and-the-Captive-Brickhead-PANTASY-99105-7-300x450.jpg 300w, https:\/\/mouldking.store\/wp-content\/uploads\/2022\/11\/Marco-and-the-Captive-Brickhead-PANTASY-99105-7-100x150.jpg 100w, https:\/\/mouldking.store\/wp-content\/uploads\/2022\/11\/Marco-and-the-Captive-Brickhead-PANTASY-99105-7-40x60.jpg 40w, https:\/\/mouldking.store\/wp-content\/uploads\/2022\/11\/Marco-and-the-Captive-Brickhead-PANTASY-99105-7-60x90.jpg 60w\" sizes=\"(max-width: 533px) 100vw, 533px\" \/><figcaption id=\"caption-attachment-35843\" class=\"wp-caption-text\">PANTASY 99105 Metal Slug 3: Marco y el Brickhead cautivo con 300 piezas<\/figcaption><\/figure>\n<figure id=\"attachment_35844\" aria-describedby=\"caption-attachment-35844\" style=\"width: 533px\" class=\"wp-caption aligncenter\"><img loading=\"lazy\" decoding=\"async\" class=\"wp-image-35844 size-full\" src=\"https:\/\/mouldking.store\/wp-content\/uploads\/2022\/11\/Marco-and-the-Captive-Brickhead-PANTASY-99105-6.jpg\" alt=\"PANTASY 99105 Metal Slug 3: Marco and the Captive Brickhead With 300 Pieces\" width=\"533\" height=\"800\" title=\"-\" srcset=\"https:\/\/mouldking.store\/wp-content\/uploads\/2022\/11\/Marco-and-the-Captive-Brickhead-PANTASY-99105-6.jpg 533w, https:\/\/mouldking.store\/wp-content\/uploads\/2022\/11\/Marco-and-the-Captive-Brickhead-PANTASY-99105-6-200x300.jpg 200w, https:\/\/mouldking.store\/wp-content\/uploads\/2022\/11\/Marco-and-the-Captive-Brickhead-PANTASY-99105-6-300x450.jpg 300w, https:\/\/mouldking.store\/wp-content\/uploads\/2022\/11\/Marco-and-the-Captive-Brickhead-PANTASY-99105-6-100x150.jpg 100w, https:\/\/mouldking.store\/wp-content\/uploads\/2022\/11\/Marco-and-the-Captive-Brickhead-PANTASY-99105-6-40x60.jpg 40w, https:\/\/mouldking.store\/wp-content\/uploads\/2022\/11\/Marco-and-the-Captive-Brickhead-PANTASY-99105-6-60x90.jpg 60w\" sizes=\"(max-width: 533px) 100vw, 533px\" \/><figcaption id=\"caption-attachment-35844\" class=\"wp-caption-text\">PANTASY 99105 Metal Slug 3: Marco y el Brickhead cautivo con 300 piezas<\/figcaption><\/figure>\n<figure id=\"attachment_35845\" aria-describedby=\"caption-attachment-35845\" style=\"width: 533px\" class=\"wp-caption aligncenter\"><img loading=\"lazy\" decoding=\"async\" class=\"wp-image-35845 size-full\" src=\"https:\/\/mouldking.store\/wp-content\/uploads\/2022\/11\/Marco-and-the-Captive-Brickhead-PANTASY-99105-5.jpg\" alt=\"PANTASY 99105 Metal Slug 3: Marco and the Captive Brickhead With 300 Pieces\" width=\"533\" height=\"800\" title=\"-\" srcset=\"https:\/\/mouldking.store\/wp-content\/uploads\/2022\/11\/Marco-and-the-Captive-Brickhead-PANTASY-99105-5.jpg 533w, https:\/\/mouldking.store\/wp-content\/uploads\/2022\/11\/Marco-and-the-Captive-Brickhead-PANTASY-99105-5-200x300.jpg 200w, https:\/\/mouldking.store\/wp-content\/uploads\/2022\/11\/Marco-and-the-Captive-Brickhead-PANTASY-99105-5-300x450.jpg 300w, https:\/\/mouldking.store\/wp-content\/uploads\/2022\/11\/Marco-and-the-Captive-Brickhead-PANTASY-99105-5-100x150.jpg 100w, https:\/\/mouldking.store\/wp-content\/uploads\/2022\/11\/Marco-and-the-Captive-Brickhead-PANTASY-99105-5-40x60.jpg 40w, https:\/\/mouldking.store\/wp-content\/uploads\/2022\/11\/Marco-and-the-Captive-Brickhead-PANTASY-99105-5-60x90.jpg 60w\" sizes=\"(max-width: 533px) 100vw, 533px\" \/><figcaption id=\"caption-attachment-35845\" class=\"wp-caption-text\">PANTASY 99105 Metal Slug 3: Marco y el Brickhead cautivo con 300 piezas<\/figcaption><\/figure>\n<figure id=\"attachment_35846\" aria-describedby=\"caption-attachment-35846\" style=\"width: 533px\" class=\"wp-caption aligncenter\"><img loading=\"lazy\" decoding=\"async\" class=\"wp-image-35846 size-full\" src=\"https:\/\/mouldking.store\/wp-content\/uploads\/2022\/11\/Marco-and-the-Captive-Brickhead-PANTASY-99105-4.jpg\" alt=\"PANTASY 99105 Metal Slug 3: Marco and the Captive Brickhead With 300 Pieces\" width=\"533\" height=\"800\" title=\"-\" srcset=\"https:\/\/mouldking.store\/wp-content\/uploads\/2022\/11\/Marco-and-the-Captive-Brickhead-PANTASY-99105-4.jpg 533w, https:\/\/mouldking.store\/wp-content\/uploads\/2022\/11\/Marco-and-the-Captive-Brickhead-PANTASY-99105-4-200x300.jpg 200w, https:\/\/mouldking.store\/wp-content\/uploads\/2022\/11\/Marco-and-the-Captive-Brickhead-PANTASY-99105-4-300x450.jpg 300w, https:\/\/mouldking.store\/wp-content\/uploads\/2022\/11\/Marco-and-the-Captive-Brickhead-PANTASY-99105-4-100x150.jpg 100w, https:\/\/mouldking.store\/wp-content\/uploads\/2022\/11\/Marco-and-the-Captive-Brickhead-PANTASY-99105-4-40x60.jpg 40w, https:\/\/mouldking.store\/wp-content\/uploads\/2022\/11\/Marco-and-the-Captive-Brickhead-PANTASY-99105-4-60x90.jpg 60w\" sizes=\"(max-width: 533px) 100vw, 533px\" \/><figcaption id=\"caption-attachment-35846\" class=\"wp-caption-text\">PANTASY 99105 Metal Slug 3: Marco y el Brickhead cautivo con 300 piezas<\/figcaption><\/figure>\n<figure id=\"attachment_35847\" aria-describedby=\"caption-attachment-35847\" style=\"width: 533px\" class=\"wp-caption aligncenter\"><img loading=\"lazy\" decoding=\"async\" class=\"wp-image-35847 size-full\" src=\"https:\/\/mouldking.store\/wp-content\/uploads\/2022\/11\/Marco-and-the-Captive-Brickhead-PANTASY-99105-3.jpg\" alt=\"PANTASY 99105 Metal Slug 3: Marco and the Captive Brickhead With 300 Pieces\" width=\"533\" height=\"800\" title=\"-\" srcset=\"https:\/\/mouldking.store\/wp-content\/uploads\/2022\/11\/Marco-and-the-Captive-Brickhead-PANTASY-99105-3.jpg 533w, https:\/\/mouldking.store\/wp-content\/uploads\/2022\/11\/Marco-and-the-Captive-Brickhead-PANTASY-99105-3-200x300.jpg 200w, https:\/\/mouldking.store\/wp-content\/uploads\/2022\/11\/Marco-and-the-Captive-Brickhead-PANTASY-99105-3-300x450.jpg 300w, https:\/\/mouldking.store\/wp-content\/uploads\/2022\/11\/Marco-and-the-Captive-Brickhead-PANTASY-99105-3-100x150.jpg 100w, https:\/\/mouldking.store\/wp-content\/uploads\/2022\/11\/Marco-and-the-Captive-Brickhead-PANTASY-99105-3-40x60.jpg 40w, https:\/\/mouldking.store\/wp-content\/uploads\/2022\/11\/Marco-and-the-Captive-Brickhead-PANTASY-99105-3-60x90.jpg 60w\" sizes=\"(max-width: 533px) 100vw, 533px\" \/><figcaption id=\"caption-attachment-35847\" class=\"wp-caption-text\">PANTASY 99105 Metal Slug 3: Marco y el Brickhead cautivo con 300 piezas<\/figcaption><\/figure>\n<figure id=\"attachment_35848\" aria-describedby=\"caption-attachment-35848\" style=\"width: 1024px\" class=\"wp-caption aligncenter\"><img loading=\"lazy\" decoding=\"async\" class=\"wp-image-35848 size-full\" src=\"https:\/\/mouldking.store\/wp-content\/uploads\/2022\/11\/Marco-and-the-Captive-Brickhead-PANTASY-99105-2.jpg\" alt=\"PANTASY 99105 Metal Slug 3: Marco and the Captive Brickhead With 300 Pieces\" width=\"1024\" height=\"683\" title=\"-\" srcset=\"https:\/\/mouldking.store\/wp-content\/uploads\/2022\/11\/Marco-and-the-Captive-Brickhead-PANTASY-99105-2.jpg 1024w, https:\/\/mouldking.store\/wp-content\/uploads\/2022\/11\/Marco-and-the-Captive-Brickhead-PANTASY-99105-2-300x200.jpg 300w, https:\/\/mouldking.store\/wp-content\/uploads\/2022\/11\/Marco-and-the-Captive-Brickhead-PANTASY-99105-2-768x512.jpg 768w, https:\/\/mouldking.store\/wp-content\/uploads\/2022\/11\/Marco-and-the-Captive-Brickhead-PANTASY-99105-2-600x400.jpg 600w, https:\/\/mouldking.store\/wp-content\/uploads\/2022\/11\/Marco-and-the-Captive-Brickhead-PANTASY-99105-2-150x100.jpg 150w, https:\/\/mouldking.store\/wp-content\/uploads\/2022\/11\/Marco-and-the-Captive-Brickhead-PANTASY-99105-2-90x60.jpg 90w, https:\/\/mouldking.store\/wp-content\/uploads\/2022\/11\/Marco-and-the-Captive-Brickhead-PANTASY-99105-2-135x90.jpg 135w\" sizes=\"(max-width: 1024px) 100vw, 1024px\" \/><figcaption id=\"caption-attachment-35848\" class=\"wp-caption-text\">PANTASY 99105 Metal Slug 3: Marco y el Brickhead cautivo con 300 piezas<\/figcaption><\/figure>\n<figure id=\"attachment_35849\" aria-describedby=\"caption-attachment-35849\" style=\"width: 533px\" class=\"wp-caption aligncenter\"><img loading=\"lazy\" decoding=\"async\" class=\"wp-image-35849 size-full\" src=\"https:\/\/mouldking.store\/wp-content\/uploads\/2022\/11\/Marco-and-the-Captive-Brickhead-PANTASY-99105-1.jpg\" alt=\"PANTASY 99105 Metal Slug 3: Marco and the Captive Brickhead With 300 Pieces\" width=\"533\" height=\"800\" title=\"-\" srcset=\"https:\/\/mouldking.store\/wp-content\/uploads\/2022\/11\/Marco-and-the-Captive-Brickhead-PANTASY-99105-1.jpg 533w, https:\/\/mouldking.store\/wp-content\/uploads\/2022\/11\/Marco-and-the-Captive-Brickhead-PANTASY-99105-1-200x300.jpg 200w, https:\/\/mouldking.store\/wp-content\/uploads\/2022\/11\/Marco-and-the-Captive-Brickhead-PANTASY-99105-1-300x450.jpg 300w, https:\/\/mouldking.store\/wp-content\/uploads\/2022\/11\/Marco-and-the-Captive-Brickhead-PANTASY-99105-1-100x150.jpg 100w, https:\/\/mouldking.store\/wp-content\/uploads\/2022\/11\/Marco-and-the-Captive-Brickhead-PANTASY-99105-1-40x60.jpg 40w, https:\/\/mouldking.store\/wp-content\/uploads\/2022\/11\/Marco-and-the-Captive-Brickhead-PANTASY-99105-1-60x90.jpg 60w\" sizes=\"(max-width: 533px) 100vw, 533px\" \/><figcaption id=\"caption-attachment-35849\" class=\"wp-caption-text\">PANTASY 99105 Metal Slug 3: Marco y el Brickhead cautivo con 300 piezas<\/figcaption><\/figure>","protected":false},"excerpt":{"rendered":"<p>Product information: Brand: PANTASY Gender: Unisex Name: Metal Slug 3: Marco and the Captive Brickhead Age Range: &gt; 6 years old Model Number: 99105 Classification: Assemblage Plastic Block Shape: Self-Locking Bricks Material: Plastic Plastic Type: ABS Bricks Blocks:300 PCS Contains detailed assembly instructions. Notice: 1. Without an original box, but we guarantee our products have [&hellip;]<\/p>","protected":false},"featured_media":35836,"comment_status":"closed","ping_status":"closed","template":"","meta":{"_acf_changed":false},"product_cat":[1408],"product_tag":[7990,7993,7992,7994,7991,7996,6280,7995,7997,7989],"class_list":["product","first","instock","shipping-taxable","purchasable","product-type-simple"],"acf":[],"_links":{"self":[{"href":"https:\/\/mouldking.store\/es\/wp-json\/wp\/v2\/product\/35835","targetHints":{"allow":["GET"]}}],"collection":[{"href":"https:\/\/mouldking.store\/es\/wp-json\/wp\/v2\/product"}],"about":[{"href":"https:\/\/mouldking.store\/es\/wp-json\/wp\/v2\/types\/product"}],"replies":[{"embeddable":true,"href":"https:\/\/mouldking.store\/es\/wp-json\/wp\/v2\/comments?post=35835"}],"wp:featuredmedia":[{"embeddable":true,"href":"https:\/\/mouldking.store\/es\/wp-json\/wp\/v2\/media\/35836"}],"wp:attachment":[{"href":"https:\/\/mouldking.store\/es\/wp-json\/wp\/v2\/media?parent=35835"}],"wp:term":[{"taxonomy":"product_cat","embeddable":true,"href":"https:\/\/mouldking.store\/es\/wp-json\/wp\/v2\/product_cat?post=35835"},{"taxonomy":"product_tag","embeddable":true,"href":"https:\/\/mouldking.store\/es\/wp-json\/wp\/v2\/product_tag?post=35835"}],"curies":[{"name":"wp","href":"https:\/\/api.w.org\/{rel}","templated":true}]}}