{"id":35884,"date":"2022-11-22T16:53:43","date_gmt":"2022-11-22T09:53:43","guid":{"rendered":"https:\/\/mouldking.store\/?post_type=product&#038;p=35884"},"modified":"2022-11-22T16:53:44","modified_gmt":"2022-11-22T09:53:44","slug":"forange-fc6006-white-swan-sailboat-with-1672-pieces","status":"publish","type":"product","link":"https:\/\/mouldking.store\/es\/shop\/forange-fc6006-white-swan-sailboat-with-1672-pieces\/","title":{"rendered":"FORANGE FC6006 Velero Cisne Blanco Con 1672 Piezas"},"content":{"rendered":"<p>Informaci\u00f3n del Producto:<\/p>\n<ol>\n<li>Marca: FORANGE<\/li>\n<li>G\u00e9nero: Unisex<\/li>\n<li>Name: White Swan Sailboat<\/li>\n<li>Rango de edad: &gt; 6 a\u00f1os<\/li>\n<li>Model Number: FC6006<\/li>\n<li>Clasificaci\u00f3n: Ensamblaje<\/li>\n<li>Forma de bloque de pl\u00e1stico: Ladrillos autoblocantes<\/li>\n<li>Material: Pl\u00e1stico<\/li>\n<li>Tipo de pl\u00e1stico: ABS<\/li>\n<li>Bricks Blocks:1672 PCS<\/li>\n<li>Size: 66 \u00d7 10 \u00d7 41.5 cm<\/li>\n<li>Contiene instrucciones de montaje detalladas.<\/li>\n<\/ol>\n<p>Aviso:<br \/>\n1. Sin caja original, pero garantizamos que nuestros productos tienen garant\u00eda de calidad y un buen embalaje.<br \/>\n2. Como todas las piezas que hemos comprobado antes del env\u00edo, si encuentra que faltan piezas o est\u00e1n da\u00f1adas, no se preocupe y p\u00f3ngase en contacto con nosotros y podemos reenvi\u00e1rselas inmediatamente de forma gratuita.<\/p>\n<figure id=\"attachment_35885\" aria-describedby=\"caption-attachment-35885\" style=\"width: 800px\" class=\"wp-caption aligncenter\"><img fetchpriority=\"high\" decoding=\"async\" class=\"wp-image-35885 size-full\" src=\"https:\/\/mouldking.store\/wp-content\/uploads\/2022\/11\/FORANGE-FC6006-White-Swan-Sailboat-10.jpg\" alt=\"FORANGE FC6006 White Swan Sailboat With 1672 Pieces\" width=\"800\" height=\"800\" title=\"-\" srcset=\"https:\/\/mouldking.store\/wp-content\/uploads\/2022\/11\/FORANGE-FC6006-White-Swan-Sailboat-10.jpg 800w, https:\/\/mouldking.store\/wp-content\/uploads\/2022\/11\/FORANGE-FC6006-White-Swan-Sailboat-10-300x300.jpg 300w, https:\/\/mouldking.store\/wp-content\/uploads\/2022\/11\/FORANGE-FC6006-White-Swan-Sailboat-10-768x768.jpg 768w, https:\/\/mouldking.store\/wp-content\/uploads\/2022\/11\/FORANGE-FC6006-White-Swan-Sailboat-10-600x600.jpg 600w, https:\/\/mouldking.store\/wp-content\/uploads\/2022\/11\/FORANGE-FC6006-White-Swan-Sailboat-10-150x150.jpg 150w, https:\/\/mouldking.store\/wp-content\/uploads\/2022\/11\/FORANGE-FC6006-White-Swan-Sailboat-10-60x60.jpg 60w, https:\/\/mouldking.store\/wp-content\/uploads\/2022\/11\/FORANGE-FC6006-White-Swan-Sailboat-10-90x90.jpg 90w\" sizes=\"(max-width: 800px) 100vw, 800px\" \/><figcaption id=\"caption-attachment-35885\" class=\"wp-caption-text\">FORANGE FC6006 Velero Cisne Blanco Con 1672 Piezas<\/figcaption><\/figure>\n<figure id=\"attachment_35886\" aria-describedby=\"caption-attachment-35886\" style=\"width: 800px\" class=\"wp-caption aligncenter\"><img decoding=\"async\" class=\"wp-image-35886 size-full\" src=\"https:\/\/mouldking.store\/wp-content\/uploads\/2022\/11\/FORANGE-FC6006-White-Swan-Sailboat-9.jpg\" alt=\"FORANGE FC6006 White Swan Sailboat With 1672 Pieces\" width=\"800\" height=\"800\" title=\"-\" srcset=\"https:\/\/mouldking.store\/wp-content\/uploads\/2022\/11\/FORANGE-FC6006-White-Swan-Sailboat-9.jpg 800w, https:\/\/mouldking.store\/wp-content\/uploads\/2022\/11\/FORANGE-FC6006-White-Swan-Sailboat-9-300x300.jpg 300w, https:\/\/mouldking.store\/wp-content\/uploads\/2022\/11\/FORANGE-FC6006-White-Swan-Sailboat-9-768x768.jpg 768w, https:\/\/mouldking.store\/wp-content\/uploads\/2022\/11\/FORANGE-FC6006-White-Swan-Sailboat-9-600x600.jpg 600w, https:\/\/mouldking.store\/wp-content\/uploads\/2022\/11\/FORANGE-FC6006-White-Swan-Sailboat-9-150x150.jpg 150w, https:\/\/mouldking.store\/wp-content\/uploads\/2022\/11\/FORANGE-FC6006-White-Swan-Sailboat-9-60x60.jpg 60w, https:\/\/mouldking.store\/wp-content\/uploads\/2022\/11\/FORANGE-FC6006-White-Swan-Sailboat-9-90x90.jpg 90w\" sizes=\"(max-width: 800px) 100vw, 800px\" \/><figcaption id=\"caption-attachment-35886\" class=\"wp-caption-text\">FORANGE FC6006 Velero Cisne Blanco Con 1672 Piezas<\/figcaption><\/figure>\n<figure id=\"attachment_35887\" aria-describedby=\"caption-attachment-35887\" style=\"width: 800px\" class=\"wp-caption aligncenter\"><img decoding=\"async\" class=\"wp-image-35887 size-full\" src=\"https:\/\/mouldking.store\/wp-content\/uploads\/2022\/11\/FORANGE-FC6006-White-Swan-Sailboat-8.jpg\" alt=\"FORANGE FC6006 White Swan Sailboat With 1672 Pieces\" width=\"800\" height=\"800\" title=\"-\" srcset=\"https:\/\/mouldking.store\/wp-content\/uploads\/2022\/11\/FORANGE-FC6006-White-Swan-Sailboat-8.jpg 800w, https:\/\/mouldking.store\/wp-content\/uploads\/2022\/11\/FORANGE-FC6006-White-Swan-Sailboat-8-300x300.jpg 300w, https:\/\/mouldking.store\/wp-content\/uploads\/2022\/11\/FORANGE-FC6006-White-Swan-Sailboat-8-768x768.jpg 768w, https:\/\/mouldking.store\/wp-content\/uploads\/2022\/11\/FORANGE-FC6006-White-Swan-Sailboat-8-600x600.jpg 600w, https:\/\/mouldking.store\/wp-content\/uploads\/2022\/11\/FORANGE-FC6006-White-Swan-Sailboat-8-150x150.jpg 150w, https:\/\/mouldking.store\/wp-content\/uploads\/2022\/11\/FORANGE-FC6006-White-Swan-Sailboat-8-60x60.jpg 60w, https:\/\/mouldking.store\/wp-content\/uploads\/2022\/11\/FORANGE-FC6006-White-Swan-Sailboat-8-90x90.jpg 90w\" sizes=\"(max-width: 800px) 100vw, 800px\" \/><figcaption id=\"caption-attachment-35887\" class=\"wp-caption-text\">FORANGE FC6006 Velero Cisne Blanco Con 1672 Piezas<\/figcaption><\/figure>\n<figure id=\"attachment_35888\" aria-describedby=\"caption-attachment-35888\" style=\"width: 512px\" class=\"wp-caption aligncenter\"><img loading=\"lazy\" decoding=\"async\" class=\"wp-image-35888 size-full\" src=\"https:\/\/mouldking.store\/wp-content\/uploads\/2022\/11\/FORANGE-FC6006-White-Swan-Sailboat-7.jpg\" alt=\"FORANGE FC6006 White Swan Sailboat With 1672 Pieces\" width=\"512\" height=\"1024\" title=\"-\" srcset=\"https:\/\/mouldking.store\/wp-content\/uploads\/2022\/11\/FORANGE-FC6006-White-Swan-Sailboat-7.jpg 512w, https:\/\/mouldking.store\/wp-content\/uploads\/2022\/11\/FORANGE-FC6006-White-Swan-Sailboat-7-150x300.jpg 150w, https:\/\/mouldking.store\/wp-content\/uploads\/2022\/11\/FORANGE-FC6006-White-Swan-Sailboat-7-300x600.jpg 300w, https:\/\/mouldking.store\/wp-content\/uploads\/2022\/11\/FORANGE-FC6006-White-Swan-Sailboat-7-75x150.jpg 75w, https:\/\/mouldking.store\/wp-content\/uploads\/2022\/11\/FORANGE-FC6006-White-Swan-Sailboat-7-30x60.jpg 30w, https:\/\/mouldking.store\/wp-content\/uploads\/2022\/11\/FORANGE-FC6006-White-Swan-Sailboat-7-45x90.jpg 45w\" sizes=\"(max-width: 512px) 100vw, 512px\" \/><figcaption id=\"caption-attachment-35888\" class=\"wp-caption-text\">FORANGE FC6006 Velero Cisne Blanco Con 1672 Piezas<\/figcaption><\/figure>\n<figure id=\"attachment_35889\" aria-describedby=\"caption-attachment-35889\" style=\"width: 512px\" class=\"wp-caption aligncenter\"><img loading=\"lazy\" decoding=\"async\" class=\"wp-image-35889 size-full\" src=\"https:\/\/mouldking.store\/wp-content\/uploads\/2022\/11\/FORANGE-FC6006-White-Swan-Sailboat-6.jpg\" alt=\"FORANGE FC6006 White Swan Sailboat With 1672 Pieces\" width=\"512\" height=\"1024\" title=\"-\" srcset=\"https:\/\/mouldking.store\/wp-content\/uploads\/2022\/11\/FORANGE-FC6006-White-Swan-Sailboat-6.jpg 512w, https:\/\/mouldking.store\/wp-content\/uploads\/2022\/11\/FORANGE-FC6006-White-Swan-Sailboat-6-150x300.jpg 150w, https:\/\/mouldking.store\/wp-content\/uploads\/2022\/11\/FORANGE-FC6006-White-Swan-Sailboat-6-300x600.jpg 300w, https:\/\/mouldking.store\/wp-content\/uploads\/2022\/11\/FORANGE-FC6006-White-Swan-Sailboat-6-75x150.jpg 75w, https:\/\/mouldking.store\/wp-content\/uploads\/2022\/11\/FORANGE-FC6006-White-Swan-Sailboat-6-30x60.jpg 30w, https:\/\/mouldking.store\/wp-content\/uploads\/2022\/11\/FORANGE-FC6006-White-Swan-Sailboat-6-45x90.jpg 45w\" sizes=\"(max-width: 512px) 100vw, 512px\" \/><figcaption id=\"caption-attachment-35889\" class=\"wp-caption-text\">FORANGE FC6006 Velero Cisne Blanco Con 1672 Piezas<\/figcaption><\/figure>\n<figure id=\"attachment_35890\" aria-describedby=\"caption-attachment-35890\" style=\"width: 512px\" class=\"wp-caption aligncenter\"><img loading=\"lazy\" decoding=\"async\" class=\"wp-image-35890 size-full\" src=\"https:\/\/mouldking.store\/wp-content\/uploads\/2022\/11\/FORANGE-FC6006-White-Swan-Sailboat-5.jpg\" alt=\"FORANGE FC6006 White Swan Sailboat With 1672 Pieces\" width=\"512\" height=\"1024\" title=\"-\" srcset=\"https:\/\/mouldking.store\/wp-content\/uploads\/2022\/11\/FORANGE-FC6006-White-Swan-Sailboat-5.jpg 512w, https:\/\/mouldking.store\/wp-content\/uploads\/2022\/11\/FORANGE-FC6006-White-Swan-Sailboat-5-150x300.jpg 150w, https:\/\/mouldking.store\/wp-content\/uploads\/2022\/11\/FORANGE-FC6006-White-Swan-Sailboat-5-300x600.jpg 300w, https:\/\/mouldking.store\/wp-content\/uploads\/2022\/11\/FORANGE-FC6006-White-Swan-Sailboat-5-75x150.jpg 75w, https:\/\/mouldking.store\/wp-content\/uploads\/2022\/11\/FORANGE-FC6006-White-Swan-Sailboat-5-30x60.jpg 30w, https:\/\/mouldking.store\/wp-content\/uploads\/2022\/11\/FORANGE-FC6006-White-Swan-Sailboat-5-45x90.jpg 45w\" sizes=\"(max-width: 512px) 100vw, 512px\" \/><figcaption id=\"caption-attachment-35890\" class=\"wp-caption-text\">FORANGE FC6006 Velero Cisne Blanco Con 1672 Piezas<\/figcaption><\/figure>\n<figure id=\"attachment_35891\" aria-describedby=\"caption-attachment-35891\" style=\"width: 511px\" class=\"wp-caption aligncenter\"><img loading=\"lazy\" decoding=\"async\" class=\"wp-image-35891 size-full\" src=\"https:\/\/mouldking.store\/wp-content\/uploads\/2022\/11\/FORANGE-FC6006-White-Swan-Sailboat-4.jpg\" alt=\"FORANGE FC6006 White Swan Sailboat With 1672 Pieces\" width=\"511\" height=\"1024\" title=\"-\" srcset=\"https:\/\/mouldking.store\/wp-content\/uploads\/2022\/11\/FORANGE-FC6006-White-Swan-Sailboat-4.jpg 511w, https:\/\/mouldking.store\/wp-content\/uploads\/2022\/11\/FORANGE-FC6006-White-Swan-Sailboat-4-150x300.jpg 150w, https:\/\/mouldking.store\/wp-content\/uploads\/2022\/11\/FORANGE-FC6006-White-Swan-Sailboat-4-300x601.jpg 300w, https:\/\/mouldking.store\/wp-content\/uploads\/2022\/11\/FORANGE-FC6006-White-Swan-Sailboat-4-75x150.jpg 75w, https:\/\/mouldking.store\/wp-content\/uploads\/2022\/11\/FORANGE-FC6006-White-Swan-Sailboat-4-30x60.jpg 30w, https:\/\/mouldking.store\/wp-content\/uploads\/2022\/11\/FORANGE-FC6006-White-Swan-Sailboat-4-45x90.jpg 45w\" sizes=\"(max-width: 511px) 100vw, 511px\" \/><figcaption id=\"caption-attachment-35891\" class=\"wp-caption-text\">FORANGE FC6006 Velero Cisne Blanco Con 1672 Piezas<\/figcaption><\/figure>\n<figure id=\"attachment_35892\" aria-describedby=\"caption-attachment-35892\" style=\"width: 511px\" class=\"wp-caption aligncenter\"><img loading=\"lazy\" decoding=\"async\" class=\"wp-image-35892 size-full\" src=\"https:\/\/mouldking.store\/wp-content\/uploads\/2022\/11\/FORANGE-FC6006-White-Swan-Sailboat-3.jpg\" alt=\"FORANGE FC6006 White Swan Sailboat With 1672 Pieces\" width=\"511\" height=\"1024\" title=\"-\" srcset=\"https:\/\/mouldking.store\/wp-content\/uploads\/2022\/11\/FORANGE-FC6006-White-Swan-Sailboat-3.jpg 511w, https:\/\/mouldking.store\/wp-content\/uploads\/2022\/11\/FORANGE-FC6006-White-Swan-Sailboat-3-150x300.jpg 150w, https:\/\/mouldking.store\/wp-content\/uploads\/2022\/11\/FORANGE-FC6006-White-Swan-Sailboat-3-300x601.jpg 300w, https:\/\/mouldking.store\/wp-content\/uploads\/2022\/11\/FORANGE-FC6006-White-Swan-Sailboat-3-75x150.jpg 75w, https:\/\/mouldking.store\/wp-content\/uploads\/2022\/11\/FORANGE-FC6006-White-Swan-Sailboat-3-30x60.jpg 30w, https:\/\/mouldking.store\/wp-content\/uploads\/2022\/11\/FORANGE-FC6006-White-Swan-Sailboat-3-45x90.jpg 45w\" sizes=\"(max-width: 511px) 100vw, 511px\" \/><figcaption id=\"caption-attachment-35892\" class=\"wp-caption-text\">FORANGE FC6006 Velero Cisne Blanco Con 1672 Piezas<\/figcaption><\/figure>\n<figure id=\"attachment_35893\" aria-describedby=\"caption-attachment-35893\" style=\"width: 511px\" class=\"wp-caption aligncenter\"><img loading=\"lazy\" decoding=\"async\" class=\"wp-image-35893 size-full\" src=\"https:\/\/mouldking.store\/wp-content\/uploads\/2022\/11\/FORANGE-FC6006-White-Swan-Sailboat-2.jpg\" alt=\"FORANGE FC6006 White Swan Sailboat With 1672 Pieces\" width=\"511\" height=\"1024\" title=\"-\" srcset=\"https:\/\/mouldking.store\/wp-content\/uploads\/2022\/11\/FORANGE-FC6006-White-Swan-Sailboat-2.jpg 511w, https:\/\/mouldking.store\/wp-content\/uploads\/2022\/11\/FORANGE-FC6006-White-Swan-Sailboat-2-150x300.jpg 150w, https:\/\/mouldking.store\/wp-content\/uploads\/2022\/11\/FORANGE-FC6006-White-Swan-Sailboat-2-300x601.jpg 300w, https:\/\/mouldking.store\/wp-content\/uploads\/2022\/11\/FORANGE-FC6006-White-Swan-Sailboat-2-75x150.jpg 75w, https:\/\/mouldking.store\/wp-content\/uploads\/2022\/11\/FORANGE-FC6006-White-Swan-Sailboat-2-30x60.jpg 30w, https:\/\/mouldking.store\/wp-content\/uploads\/2022\/11\/FORANGE-FC6006-White-Swan-Sailboat-2-45x90.jpg 45w\" sizes=\"(max-width: 511px) 100vw, 511px\" \/><figcaption id=\"caption-attachment-35893\" class=\"wp-caption-text\">FORANGE FC6006 Velero Cisne Blanco Con 1672 Piezas<\/figcaption><\/figure>\n<figure id=\"attachment_35894\" aria-describedby=\"caption-attachment-35894\" style=\"width: 788px\" class=\"wp-caption aligncenter\"><img loading=\"lazy\" decoding=\"async\" class=\"wp-image-35894 size-full\" src=\"https:\/\/mouldking.store\/wp-content\/uploads\/2022\/11\/FORANGE-FC6006-White-Swan-Sailboat-1.jpg\" alt=\"FORANGE FC6006 White Swan Sailboat With 1672 Pieces\" width=\"788\" height=\"692\" title=\"-\" srcset=\"https:\/\/mouldking.store\/wp-content\/uploads\/2022\/11\/FORANGE-FC6006-White-Swan-Sailboat-1.jpg 788w, https:\/\/mouldking.store\/wp-content\/uploads\/2022\/11\/FORANGE-FC6006-White-Swan-Sailboat-1-300x263.jpg 300w, https:\/\/mouldking.store\/wp-content\/uploads\/2022\/11\/FORANGE-FC6006-White-Swan-Sailboat-1-768x674.jpg 768w, https:\/\/mouldking.store\/wp-content\/uploads\/2022\/11\/FORANGE-FC6006-White-Swan-Sailboat-1-600x527.jpg 600w, https:\/\/mouldking.store\/wp-content\/uploads\/2022\/11\/FORANGE-FC6006-White-Swan-Sailboat-1-150x132.jpg 150w, https:\/\/mouldking.store\/wp-content\/uploads\/2022\/11\/FORANGE-FC6006-White-Swan-Sailboat-1-68x60.jpg 68w, https:\/\/mouldking.store\/wp-content\/uploads\/2022\/11\/FORANGE-FC6006-White-Swan-Sailboat-1-102x90.jpg 102w\" sizes=\"(max-width: 788px) 100vw, 788px\" \/><figcaption id=\"caption-attachment-35894\" class=\"wp-caption-text\">FORANGE FC6006 Velero Cisne Blanco Con 1672 Piezas<\/figcaption><\/figure>","protected":false},"excerpt":{"rendered":"<p>Product information: Brand: FORANGE Gender: Unisex Name: White Swan Sailboat Age Range: &gt; 6 years old Model Number: FC6006 Classification: Assemblage Plastic Block Shape: Self-Locking Bricks Material: Plastic Plastic Type: ABS Bricks Blocks:1672 PCS Size: 66 \u00d7 10 \u00d7 41.5 cm Contains detailed assembly instructions. Notice: 1. Without an original box, but we guarantee our [&hellip;]<\/p>","protected":false},"featured_media":35885,"comment_status":"closed","ping_status":"closed","template":"","meta":{"_acf_changed":false},"product_cat":[1365],"product_tag":[8020,2595,8023,8025,8019,8022,8021,1461,8024],"class_list":["product","first","instock","shipping-taxable","purchasable","product-type-simple"],"acf":[],"_links":{"self":[{"href":"https:\/\/mouldking.store\/es\/wp-json\/wp\/v2\/product\/35884","targetHints":{"allow":["GET"]}}],"collection":[{"href":"https:\/\/mouldking.store\/es\/wp-json\/wp\/v2\/product"}],"about":[{"href":"https:\/\/mouldking.store\/es\/wp-json\/wp\/v2\/types\/product"}],"replies":[{"embeddable":true,"href":"https:\/\/mouldking.store\/es\/wp-json\/wp\/v2\/comments?post=35884"}],"wp:featuredmedia":[{"embeddable":true,"href":"https:\/\/mouldking.store\/es\/wp-json\/wp\/v2\/media\/35885"}],"wp:attachment":[{"href":"https:\/\/mouldking.store\/es\/wp-json\/wp\/v2\/media?parent=35884"}],"wp:term":[{"taxonomy":"product_cat","embeddable":true,"href":"https:\/\/mouldking.store\/es\/wp-json\/wp\/v2\/product_cat?post=35884"},{"taxonomy":"product_tag","embeddable":true,"href":"https:\/\/mouldking.store\/es\/wp-json\/wp\/v2\/product_tag?post=35884"}],"curies":[{"name":"wp","href":"https:\/\/api.w.org\/{rel}","templated":true}]}}