{"id":35895,"date":"2022-11-22T17:03:51","date_gmt":"2022-11-22T10:03:51","guid":{"rendered":"https:\/\/mouldking.store\/?post_type=product&#038;p=35895"},"modified":"2022-11-22T17:03:51","modified_gmt":"2022-11-22T10:03:51","slug":"sembo-701138-hell-super-car-with-3614-pieces","status":"publish","type":"product","link":"https:\/\/mouldking.store\/es\/shop\/sembo-701138-hell-super-car-with-3614-pieces\/","title":{"rendered":"Sembo 701138 Hell Super Car con 3614 piezas"},"content":{"rendered":"<p>Informaci\u00f3n del Producto:<\/p>\n<ol>\n<li>Marca: Sembo<\/li>\n<li>G\u00e9nero: Unisex<\/li>\n<li>Name: Hell Super Car<\/li>\n<li>Rango de edad: &gt; 6 a\u00f1os<\/li>\n<li>Model Number: 701138<\/li>\n<li>Clasificaci\u00f3n: Ensamblaje<\/li>\n<li>Forma de bloque de pl\u00e1stico: Ladrillos autoblocantes<\/li>\n<li>Material: Pl\u00e1stico<\/li>\n<li>Tipo de pl\u00e1stico: ABS<\/li>\n<li>Bricks Blocks:3614 PCS<\/li>\n<li>Size: 59 \u00d7 24.7 \u00d7 15.4 cm<\/li>\n<li>Contiene instrucciones de montaje detalladas.<\/li>\n<\/ol>\n<p>Aviso:<br \/>\n1. Sin caja original, pero garantizamos que nuestros productos tienen garant\u00eda de calidad y un buen embalaje.<br \/>\n2. Como todas las piezas que hemos comprobado antes del env\u00edo, si encuentra que faltan piezas o est\u00e1n da\u00f1adas, no se preocupe y p\u00f3ngase en contacto con nosotros y podemos reenvi\u00e1rselas inmediatamente de forma gratuita.<\/p>\n<figure id=\"attachment_35896\" aria-describedby=\"caption-attachment-35896\" style=\"width: 800px\" class=\"wp-caption aligncenter\"><img fetchpriority=\"high\" decoding=\"async\" class=\"wp-image-35896 size-full\" src=\"https:\/\/mouldking.store\/wp-content\/uploads\/2022\/11\/Sembo-701138-Hell-Super-Car-8.jpg\" alt=\"Sembo 701138 Hell Super Car With 3614 Pieces\" width=\"800\" height=\"800\" title=\"-\" srcset=\"https:\/\/mouldking.store\/wp-content\/uploads\/2022\/11\/Sembo-701138-Hell-Super-Car-8.jpg 800w, https:\/\/mouldking.store\/wp-content\/uploads\/2022\/11\/Sembo-701138-Hell-Super-Car-8-300x300.jpg 300w, https:\/\/mouldking.store\/wp-content\/uploads\/2022\/11\/Sembo-701138-Hell-Super-Car-8-768x768.jpg 768w, https:\/\/mouldking.store\/wp-content\/uploads\/2022\/11\/Sembo-701138-Hell-Super-Car-8-600x600.jpg 600w, https:\/\/mouldking.store\/wp-content\/uploads\/2022\/11\/Sembo-701138-Hell-Super-Car-8-150x150.jpg 150w, https:\/\/mouldking.store\/wp-content\/uploads\/2022\/11\/Sembo-701138-Hell-Super-Car-8-60x60.jpg 60w, https:\/\/mouldking.store\/wp-content\/uploads\/2022\/11\/Sembo-701138-Hell-Super-Car-8-90x90.jpg 90w\" sizes=\"(max-width: 800px) 100vw, 800px\" \/><figcaption id=\"caption-attachment-35896\" class=\"wp-caption-text\">Sembo 701138 Hell Super Car con 3614 piezas<\/figcaption><\/figure>\n<figure id=\"attachment_35897\" aria-describedby=\"caption-attachment-35897\" style=\"width: 800px\" class=\"wp-caption aligncenter\"><img decoding=\"async\" class=\"wp-image-35897 size-full\" src=\"https:\/\/mouldking.store\/wp-content\/uploads\/2022\/11\/Sembo-701138-Hell-Super-Car-7.jpg\" alt=\"Sembo 701138 Hell Super Car With 3614 Pieces\" width=\"800\" height=\"800\" title=\"-\" srcset=\"https:\/\/mouldking.store\/wp-content\/uploads\/2022\/11\/Sembo-701138-Hell-Super-Car-7.jpg 800w, https:\/\/mouldking.store\/wp-content\/uploads\/2022\/11\/Sembo-701138-Hell-Super-Car-7-300x300.jpg 300w, https:\/\/mouldking.store\/wp-content\/uploads\/2022\/11\/Sembo-701138-Hell-Super-Car-7-768x768.jpg 768w, https:\/\/mouldking.store\/wp-content\/uploads\/2022\/11\/Sembo-701138-Hell-Super-Car-7-600x600.jpg 600w, https:\/\/mouldking.store\/wp-content\/uploads\/2022\/11\/Sembo-701138-Hell-Super-Car-7-150x150.jpg 150w, https:\/\/mouldking.store\/wp-content\/uploads\/2022\/11\/Sembo-701138-Hell-Super-Car-7-60x60.jpg 60w, https:\/\/mouldking.store\/wp-content\/uploads\/2022\/11\/Sembo-701138-Hell-Super-Car-7-90x90.jpg 90w\" sizes=\"(max-width: 800px) 100vw, 800px\" \/><figcaption id=\"caption-attachment-35897\" class=\"wp-caption-text\">Sembo 701138 Hell Super Car con 3614 piezas<\/figcaption><\/figure>\n<figure id=\"attachment_35898\" aria-describedby=\"caption-attachment-35898\" style=\"width: 800px\" class=\"wp-caption aligncenter\"><img decoding=\"async\" class=\"wp-image-35898 size-full\" src=\"https:\/\/mouldking.store\/wp-content\/uploads\/2022\/11\/Sembo-701138-Hell-Super-Car-6.jpg\" alt=\"Sembo 701138 Hell Super Car With 3614 Pieces\" width=\"800\" height=\"800\" title=\"-\" srcset=\"https:\/\/mouldking.store\/wp-content\/uploads\/2022\/11\/Sembo-701138-Hell-Super-Car-6.jpg 800w, https:\/\/mouldking.store\/wp-content\/uploads\/2022\/11\/Sembo-701138-Hell-Super-Car-6-300x300.jpg 300w, https:\/\/mouldking.store\/wp-content\/uploads\/2022\/11\/Sembo-701138-Hell-Super-Car-6-768x768.jpg 768w, https:\/\/mouldking.store\/wp-content\/uploads\/2022\/11\/Sembo-701138-Hell-Super-Car-6-600x600.jpg 600w, https:\/\/mouldking.store\/wp-content\/uploads\/2022\/11\/Sembo-701138-Hell-Super-Car-6-150x150.jpg 150w, https:\/\/mouldking.store\/wp-content\/uploads\/2022\/11\/Sembo-701138-Hell-Super-Car-6-60x60.jpg 60w, https:\/\/mouldking.store\/wp-content\/uploads\/2022\/11\/Sembo-701138-Hell-Super-Car-6-90x90.jpg 90w\" sizes=\"(max-width: 800px) 100vw, 800px\" \/><figcaption id=\"caption-attachment-35898\" class=\"wp-caption-text\">Sembo 701138 Hell Super Car con 3614 piezas<\/figcaption><\/figure>\n<figure id=\"attachment_35899\" aria-describedby=\"caption-attachment-35899\" style=\"width: 800px\" class=\"wp-caption aligncenter\"><img loading=\"lazy\" decoding=\"async\" class=\"wp-image-35899 size-full\" src=\"https:\/\/mouldking.store\/wp-content\/uploads\/2022\/11\/Sembo-701138-Hell-Super-Car-5.jpg\" alt=\"Sembo 701138 Hell Super Car With 3614 Pieces\" width=\"800\" height=\"800\" title=\"-\" srcset=\"https:\/\/mouldking.store\/wp-content\/uploads\/2022\/11\/Sembo-701138-Hell-Super-Car-5.jpg 800w, https:\/\/mouldking.store\/wp-content\/uploads\/2022\/11\/Sembo-701138-Hell-Super-Car-5-300x300.jpg 300w, https:\/\/mouldking.store\/wp-content\/uploads\/2022\/11\/Sembo-701138-Hell-Super-Car-5-768x768.jpg 768w, https:\/\/mouldking.store\/wp-content\/uploads\/2022\/11\/Sembo-701138-Hell-Super-Car-5-600x600.jpg 600w, https:\/\/mouldking.store\/wp-content\/uploads\/2022\/11\/Sembo-701138-Hell-Super-Car-5-150x150.jpg 150w, https:\/\/mouldking.store\/wp-content\/uploads\/2022\/11\/Sembo-701138-Hell-Super-Car-5-60x60.jpg 60w, https:\/\/mouldking.store\/wp-content\/uploads\/2022\/11\/Sembo-701138-Hell-Super-Car-5-90x90.jpg 90w\" sizes=\"(max-width: 800px) 100vw, 800px\" \/><figcaption id=\"caption-attachment-35899\" class=\"wp-caption-text\">Sembo 701138 Hell Super Car con 3614 piezas<\/figcaption><\/figure>\n<figure id=\"attachment_35901\" aria-describedby=\"caption-attachment-35901\" style=\"width: 592px\" class=\"wp-caption aligncenter\"><img loading=\"lazy\" decoding=\"async\" class=\"wp-image-35901 size-full\" src=\"https:\/\/mouldking.store\/wp-content\/uploads\/2022\/11\/Sembo-701138-Hell-Super-Car-3.jpg\" alt=\"Sembo 701138 Hell Super Car With 3614 Pieces\" width=\"592\" height=\"1024\" title=\"-\" srcset=\"https:\/\/mouldking.store\/wp-content\/uploads\/2022\/11\/Sembo-701138-Hell-Super-Car-3.jpg 592w, https:\/\/mouldking.store\/wp-content\/uploads\/2022\/11\/Sembo-701138-Hell-Super-Car-3-173x300.jpg 173w, https:\/\/mouldking.store\/wp-content\/uploads\/2022\/11\/Sembo-701138-Hell-Super-Car-3-300x519.jpg 300w, https:\/\/mouldking.store\/wp-content\/uploads\/2022\/11\/Sembo-701138-Hell-Super-Car-3-87x150.jpg 87w, https:\/\/mouldking.store\/wp-content\/uploads\/2022\/11\/Sembo-701138-Hell-Super-Car-3-35x60.jpg 35w, https:\/\/mouldking.store\/wp-content\/uploads\/2022\/11\/Sembo-701138-Hell-Super-Car-3-52x90.jpg 52w\" sizes=\"(max-width: 592px) 100vw, 592px\" \/><figcaption id=\"caption-attachment-35901\" class=\"wp-caption-text\">Sembo 701138 Hell Super Car con 3614 piezas<\/figcaption><\/figure>\n<figure id=\"attachment_35902\" aria-describedby=\"caption-attachment-35902\" style=\"width: 633px\" class=\"wp-caption aligncenter\"><img loading=\"lazy\" decoding=\"async\" class=\"wp-image-35902 size-full\" src=\"https:\/\/mouldking.store\/wp-content\/uploads\/2022\/11\/Sembo-701138-Hell-Super-Car-2.jpg\" alt=\"Sembo 701138 Hell Super Car With 3614 Pieces\" width=\"633\" height=\"1024\" title=\"-\" srcset=\"https:\/\/mouldking.store\/wp-content\/uploads\/2022\/11\/Sembo-701138-Hell-Super-Car-2.jpg 633w, https:\/\/mouldking.store\/wp-content\/uploads\/2022\/11\/Sembo-701138-Hell-Super-Car-2-185x300.jpg 185w, https:\/\/mouldking.store\/wp-content\/uploads\/2022\/11\/Sembo-701138-Hell-Super-Car-2-300x485.jpg 300w, https:\/\/mouldking.store\/wp-content\/uploads\/2022\/11\/Sembo-701138-Hell-Super-Car-2-600x971.jpg 600w, https:\/\/mouldking.store\/wp-content\/uploads\/2022\/11\/Sembo-701138-Hell-Super-Car-2-93x150.jpg 93w, https:\/\/mouldking.store\/wp-content\/uploads\/2022\/11\/Sembo-701138-Hell-Super-Car-2-37x60.jpg 37w, https:\/\/mouldking.store\/wp-content\/uploads\/2022\/11\/Sembo-701138-Hell-Super-Car-2-56x90.jpg 56w\" sizes=\"(max-width: 633px) 100vw, 633px\" \/><figcaption id=\"caption-attachment-35902\" class=\"wp-caption-text\">Sembo 701138 Hell Super Car con 3614 piezas<\/figcaption><\/figure>\n<figure id=\"attachment_35903\" aria-describedby=\"caption-attachment-35903\" style=\"width: 645px\" class=\"wp-caption aligncenter\"><img loading=\"lazy\" decoding=\"async\" class=\"wp-image-35903 size-full\" src=\"https:\/\/mouldking.store\/wp-content\/uploads\/2022\/11\/Sembo-701138-Hell-Super-Car-1.jpg\" alt=\"Sembo 701138 Hell Super Car With 3614 Pieces\" width=\"645\" height=\"1024\" title=\"-\" srcset=\"https:\/\/mouldking.store\/wp-content\/uploads\/2022\/11\/Sembo-701138-Hell-Super-Car-1.jpg 645w, https:\/\/mouldking.store\/wp-content\/uploads\/2022\/11\/Sembo-701138-Hell-Super-Car-1-189x300.jpg 189w, https:\/\/mouldking.store\/wp-content\/uploads\/2022\/11\/Sembo-701138-Hell-Super-Car-1-300x476.jpg 300w, https:\/\/mouldking.store\/wp-content\/uploads\/2022\/11\/Sembo-701138-Hell-Super-Car-1-600x953.jpg 600w, https:\/\/mouldking.store\/wp-content\/uploads\/2022\/11\/Sembo-701138-Hell-Super-Car-1-94x150.jpg 94w, https:\/\/mouldking.store\/wp-content\/uploads\/2022\/11\/Sembo-701138-Hell-Super-Car-1-38x60.jpg 38w, https:\/\/mouldking.store\/wp-content\/uploads\/2022\/11\/Sembo-701138-Hell-Super-Car-1-57x90.jpg 57w\" sizes=\"(max-width: 645px) 100vw, 645px\" \/><figcaption id=\"caption-attachment-35903\" class=\"wp-caption-text\">Sembo 701138 Hell Super Car con 3614 piezas<\/figcaption><\/figure>","protected":false},"excerpt":{"rendered":"<p>Product information: Brand: Sembo Gender: Unisex Name: Hell Super Car Age Range: &gt; 6 years old Model Number: 701138 Classification: Assemblage Plastic Block Shape: Self-Locking Bricks Material: Plastic Plastic Type: ABS Bricks Blocks:3614 PCS Size: 59 \u00d7 24.7 \u00d7 15.4 cm Contains detailed assembly instructions. Notice: 1. Without an original box, but we guarantee our [&hellip;]<\/p>","protected":false},"featured_media":35896,"comment_status":"closed","ping_status":"closed","template":"","meta":{"_acf_changed":false},"product_cat":[1360,1357],"product_tag":[8027,8028,1491,8029,8030,8026,552],"class_list":["product","first","instock","shipping-taxable","purchasable","product-type-variable"],"acf":[],"_links":{"self":[{"href":"https:\/\/mouldking.store\/es\/wp-json\/wp\/v2\/product\/35895","targetHints":{"allow":["GET"]}}],"collection":[{"href":"https:\/\/mouldking.store\/es\/wp-json\/wp\/v2\/product"}],"about":[{"href":"https:\/\/mouldking.store\/es\/wp-json\/wp\/v2\/types\/product"}],"replies":[{"embeddable":true,"href":"https:\/\/mouldking.store\/es\/wp-json\/wp\/v2\/comments?post=35895"}],"wp:featuredmedia":[{"embeddable":true,"href":"https:\/\/mouldking.store\/es\/wp-json\/wp\/v2\/media\/35896"}],"wp:attachment":[{"href":"https:\/\/mouldking.store\/es\/wp-json\/wp\/v2\/media?parent=35895"}],"wp:term":[{"taxonomy":"product_cat","embeddable":true,"href":"https:\/\/mouldking.store\/es\/wp-json\/wp\/v2\/product_cat?post=35895"},{"taxonomy":"product_tag","embeddable":true,"href":"https:\/\/mouldking.store\/es\/wp-json\/wp\/v2\/product_tag?post=35895"}],"curies":[{"name":"wp","href":"https:\/\/api.w.org\/{rel}","templated":true}]}}