{"id":36257,"date":"2022-11-25T14:14:41","date_gmt":"2022-11-25T07:14:41","guid":{"rendered":"https:\/\/mouldking.store\/?post_type=product&#038;p=36257"},"modified":"2025-12-25T09:12:19","modified_gmt":"2025-12-25T02:12:19","slug":"moc-72869-1110-vega-collectors-edition-with-160-pieces","status":"publish","type":"product","link":"https:\/\/mouldking.store\/es\/shop\/moc-72869-1110-vega-collectors-edition-with-160-pieces\/","title":{"rendered":"MOC-72869 1:110 Vega Collector&#039;s Edition con 160 piezas"},"content":{"rendered":"<p>Informaci\u00f3n del Producto:<\/p>\n<ol>\n<li>Marca: MOC<\/li>\n<li>G\u00e9nero: Unisex<\/li>\n<li>Nombre: 1:110 Vega Edici\u00f3n Coleccionista<\/li>\n<li>Rango de edad: &gt; 6 a\u00f1os<\/li>\n<li>N\u00famero de modelo: 72869<\/li>\n<li>Clasificaci\u00f3n: Ensamblaje<\/li>\n<li>Forma de bloque de pl\u00e1stico: Ladrillos autoblocantes<\/li>\n<li>Material: Pl\u00e1stico<\/li>\n<li>Tipo de pl\u00e1stico: ABS<\/li>\n<li>Bloques de ladrillos: 160 PCS<\/li>\n<li>Tama\u00f1o: 4x4x28 cm<\/li>\n<li>Peso: 0,07 kg<\/li>\n<li>Contiene instrucciones de montaje detalladas.<\/li>\n<\/ol>\n<p>Aviso:<br \/>\n1. Sin caja original, pero garantizamos que nuestros productos tienen garant\u00eda de calidad y un buen embalaje.<br \/>\n2. Como todas las piezas que hemos comprobado antes del env\u00edo, si encuentra que faltan piezas o est\u00e1n da\u00f1adas, no se preocupe y p\u00f3ngase en contacto con nosotros y podemos reenvi\u00e1rselas inmediatamente de forma gratuita.<\/p>\n<figure id=\"attachment_36258\" aria-describedby=\"caption-attachment-36258\" style=\"width: 1024px\" class=\"wp-caption aligncenter\"><img fetchpriority=\"high\" decoding=\"async\" class=\"wp-image-36258 size-large\" src=\"https:\/\/mouldking.store\/wp-content\/uploads\/2022\/11\/MOC-72869-Space-1110-Vega-Collectors-Edition-MOC-FACTORY-1024x1024.png\" alt=\"MOC-72869 1:110 Vega Collector\u2019s Edition With 160 Pieces\" width=\"1024\" height=\"1024\" title=\"-\" srcset=\"https:\/\/mouldking.store\/wp-content\/uploads\/2022\/11\/MOC-72869-Space-1110-Vega-Collectors-Edition-MOC-FACTORY-1024x1024.png 1024w, https:\/\/mouldking.store\/wp-content\/uploads\/2022\/11\/MOC-72869-Space-1110-Vega-Collectors-Edition-MOC-FACTORY-300x300.png 300w, https:\/\/mouldking.store\/wp-content\/uploads\/2022\/11\/MOC-72869-Space-1110-Vega-Collectors-Edition-MOC-FACTORY-768x768.png 768w, https:\/\/mouldking.store\/wp-content\/uploads\/2022\/11\/MOC-72869-Space-1110-Vega-Collectors-Edition-MOC-FACTORY-600x600.png 600w, https:\/\/mouldking.store\/wp-content\/uploads\/2022\/11\/MOC-72869-Space-1110-Vega-Collectors-Edition-MOC-FACTORY-150x150.png 150w, https:\/\/mouldking.store\/wp-content\/uploads\/2022\/11\/MOC-72869-Space-1110-Vega-Collectors-Edition-MOC-FACTORY-60x60.png 60w, https:\/\/mouldking.store\/wp-content\/uploads\/2022\/11\/MOC-72869-Space-1110-Vega-Collectors-Edition-MOC-FACTORY-90x90.png 90w, https:\/\/mouldking.store\/wp-content\/uploads\/2022\/11\/MOC-72869-Space-1110-Vega-Collectors-Edition-MOC-FACTORY.png 1095w\" sizes=\"(max-width: 1024px) 100vw, 1024px\" \/><figcaption id=\"caption-attachment-36258\" class=\"wp-caption-text\">MOC-72869 1:110 Vega Collector&#039;s Edition con 160 piezas<\/figcaption><\/figure>\n<figure id=\"attachment_36259\" aria-describedby=\"caption-attachment-36259\" style=\"width: 1000px\" class=\"wp-caption aligncenter\"><img decoding=\"async\" class=\"wp-image-36259 size-full\" src=\"https:\/\/mouldking.store\/wp-content\/uploads\/2022\/11\/MOC-72869-Vega-Collectors-Edition-5.jpg\" alt=\"MOC-72869 1:110 Vega Collector\u2019s Edition With 160 Pieces\" width=\"1000\" height=\"1000\" title=\"-\" srcset=\"https:\/\/mouldking.store\/wp-content\/uploads\/2022\/11\/MOC-72869-Vega-Collectors-Edition-5.jpg 1000w, https:\/\/mouldking.store\/wp-content\/uploads\/2022\/11\/MOC-72869-Vega-Collectors-Edition-5-300x300.jpg 300w, https:\/\/mouldking.store\/wp-content\/uploads\/2022\/11\/MOC-72869-Vega-Collectors-Edition-5-768x768.jpg 768w, https:\/\/mouldking.store\/wp-content\/uploads\/2022\/11\/MOC-72869-Vega-Collectors-Edition-5-600x600.jpg 600w, https:\/\/mouldking.store\/wp-content\/uploads\/2022\/11\/MOC-72869-Vega-Collectors-Edition-5-150x150.jpg 150w, https:\/\/mouldking.store\/wp-content\/uploads\/2022\/11\/MOC-72869-Vega-Collectors-Edition-5-60x60.jpg 60w, https:\/\/mouldking.store\/wp-content\/uploads\/2022\/11\/MOC-72869-Vega-Collectors-Edition-5-90x90.jpg 90w\" sizes=\"(max-width: 1000px) 100vw, 1000px\" \/><figcaption id=\"caption-attachment-36259\" class=\"wp-caption-text\">MOC-72869 1:110 Vega Collector&#039;s Edition con 160 piezas<\/figcaption><\/figure>\n<figure id=\"attachment_36260\" aria-describedby=\"caption-attachment-36260\" style=\"width: 1000px\" class=\"wp-caption aligncenter\"><img decoding=\"async\" class=\"wp-image-36260 size-full\" src=\"https:\/\/mouldking.store\/wp-content\/uploads\/2022\/11\/MOC-72869-Vega-Collectors-Edition-4.jpg\" alt=\"MOC-72869 1:110 Vega Collector\u2019s Edition With 160 Pieces\" width=\"1000\" height=\"1000\" title=\"-\" srcset=\"https:\/\/mouldking.store\/wp-content\/uploads\/2022\/11\/MOC-72869-Vega-Collectors-Edition-4.jpg 1000w, https:\/\/mouldking.store\/wp-content\/uploads\/2022\/11\/MOC-72869-Vega-Collectors-Edition-4-300x300.jpg 300w, https:\/\/mouldking.store\/wp-content\/uploads\/2022\/11\/MOC-72869-Vega-Collectors-Edition-4-768x768.jpg 768w, https:\/\/mouldking.store\/wp-content\/uploads\/2022\/11\/MOC-72869-Vega-Collectors-Edition-4-600x600.jpg 600w, https:\/\/mouldking.store\/wp-content\/uploads\/2022\/11\/MOC-72869-Vega-Collectors-Edition-4-150x150.jpg 150w, https:\/\/mouldking.store\/wp-content\/uploads\/2022\/11\/MOC-72869-Vega-Collectors-Edition-4-60x60.jpg 60w, https:\/\/mouldking.store\/wp-content\/uploads\/2022\/11\/MOC-72869-Vega-Collectors-Edition-4-90x90.jpg 90w\" sizes=\"(max-width: 1000px) 100vw, 1000px\" \/><figcaption id=\"caption-attachment-36260\" class=\"wp-caption-text\">MOC-72869 1:110 Vega Collector&#039;s Edition con 160 piezas<\/figcaption><\/figure>\n<figure id=\"attachment_36261\" aria-describedby=\"caption-attachment-36261\" style=\"width: 1000px\" class=\"wp-caption aligncenter\"><img loading=\"lazy\" decoding=\"async\" class=\"wp-image-36261 size-full\" src=\"https:\/\/mouldking.store\/wp-content\/uploads\/2022\/11\/MOC-72869-Vega-Collectors-Edition-3.jpg\" alt=\"MOC-72869 1:110 Vega Collector\u2019s Edition With 160 Pieces\" width=\"1000\" height=\"1000\" title=\"-\" srcset=\"https:\/\/mouldking.store\/wp-content\/uploads\/2022\/11\/MOC-72869-Vega-Collectors-Edition-3.jpg 1000w, https:\/\/mouldking.store\/wp-content\/uploads\/2022\/11\/MOC-72869-Vega-Collectors-Edition-3-300x300.jpg 300w, https:\/\/mouldking.store\/wp-content\/uploads\/2022\/11\/MOC-72869-Vega-Collectors-Edition-3-768x768.jpg 768w, https:\/\/mouldking.store\/wp-content\/uploads\/2022\/11\/MOC-72869-Vega-Collectors-Edition-3-600x600.jpg 600w, https:\/\/mouldking.store\/wp-content\/uploads\/2022\/11\/MOC-72869-Vega-Collectors-Edition-3-150x150.jpg 150w, https:\/\/mouldking.store\/wp-content\/uploads\/2022\/11\/MOC-72869-Vega-Collectors-Edition-3-60x60.jpg 60w, https:\/\/mouldking.store\/wp-content\/uploads\/2022\/11\/MOC-72869-Vega-Collectors-Edition-3-90x90.jpg 90w\" sizes=\"(max-width: 1000px) 100vw, 1000px\" \/><figcaption id=\"caption-attachment-36261\" class=\"wp-caption-text\">MOC-72869 1:110 Vega Collector&#039;s Edition con 160 piezas<\/figcaption><\/figure>\n<figure id=\"attachment_36262\" aria-describedby=\"caption-attachment-36262\" style=\"width: 1000px\" class=\"wp-caption aligncenter\"><img loading=\"lazy\" decoding=\"async\" class=\"wp-image-36262 size-full\" src=\"https:\/\/mouldking.store\/wp-content\/uploads\/2022\/11\/MOC-72869-Vega-Collectors-Edition-2.jpg\" alt=\"MOC-72869 1:110 Vega Collector\u2019s Edition With 160 Pieces\" width=\"1000\" height=\"1000\" title=\"-\" srcset=\"https:\/\/mouldking.store\/wp-content\/uploads\/2022\/11\/MOC-72869-Vega-Collectors-Edition-2.jpg 1000w, https:\/\/mouldking.store\/wp-content\/uploads\/2022\/11\/MOC-72869-Vega-Collectors-Edition-2-300x300.jpg 300w, https:\/\/mouldking.store\/wp-content\/uploads\/2022\/11\/MOC-72869-Vega-Collectors-Edition-2-768x768.jpg 768w, https:\/\/mouldking.store\/wp-content\/uploads\/2022\/11\/MOC-72869-Vega-Collectors-Edition-2-600x600.jpg 600w, https:\/\/mouldking.store\/wp-content\/uploads\/2022\/11\/MOC-72869-Vega-Collectors-Edition-2-150x150.jpg 150w, https:\/\/mouldking.store\/wp-content\/uploads\/2022\/11\/MOC-72869-Vega-Collectors-Edition-2-60x60.jpg 60w, https:\/\/mouldking.store\/wp-content\/uploads\/2022\/11\/MOC-72869-Vega-Collectors-Edition-2-90x90.jpg 90w\" sizes=\"(max-width: 1000px) 100vw, 1000px\" \/><figcaption id=\"caption-attachment-36262\" class=\"wp-caption-text\">MOC-72869 1:110 Vega Collector&#039;s Edition con 160 piezas<\/figcaption><\/figure>\n<figure id=\"attachment_36263\" aria-describedby=\"caption-attachment-36263\" style=\"width: 894px\" class=\"wp-caption aligncenter\"><img loading=\"lazy\" decoding=\"async\" class=\"wp-image-36263 size-full\" src=\"https:\/\/mouldking.store\/wp-content\/uploads\/2022\/11\/MOC-72869-Vega-Collectors-Edition-1.jpg\" alt=\"MOC-72869 1:110 Vega Collector\u2019s Edition With 160 Pieces\" width=\"894\" height=\"1200\" title=\"-\" srcset=\"https:\/\/mouldking.store\/wp-content\/uploads\/2022\/11\/MOC-72869-Vega-Collectors-Edition-1.jpg 894w, https:\/\/mouldking.store\/wp-content\/uploads\/2022\/11\/MOC-72869-Vega-Collectors-Edition-1-224x300.jpg 224w, https:\/\/mouldking.store\/wp-content\/uploads\/2022\/11\/MOC-72869-Vega-Collectors-Edition-1-763x1024.jpg 763w, https:\/\/mouldking.store\/wp-content\/uploads\/2022\/11\/MOC-72869-Vega-Collectors-Edition-1-768x1031.jpg 768w, https:\/\/mouldking.store\/wp-content\/uploads\/2022\/11\/MOC-72869-Vega-Collectors-Edition-1-300x403.jpg 300w, https:\/\/mouldking.store\/wp-content\/uploads\/2022\/11\/MOC-72869-Vega-Collectors-Edition-1-600x805.jpg 600w, https:\/\/mouldking.store\/wp-content\/uploads\/2022\/11\/MOC-72869-Vega-Collectors-Edition-1-112x150.jpg 112w, https:\/\/mouldking.store\/wp-content\/uploads\/2022\/11\/MOC-72869-Vega-Collectors-Edition-1-45x60.jpg 45w, https:\/\/mouldking.store\/wp-content\/uploads\/2022\/11\/MOC-72869-Vega-Collectors-Edition-1-67x90.jpg 67w\" sizes=\"(max-width: 894px) 100vw, 894px\" \/><figcaption id=\"caption-attachment-36263\" class=\"wp-caption-text\">MOC-72869 1:110 Vega Collector&#039;s Edition con 160 piezas<\/figcaption><\/figure>","protected":false},"excerpt":{"rendered":"<p>Product information: Brand: MOC Gender: Unisex Name: 1:110 Vega Collector\u2019s Edition Age Range: &gt; 6 years old Model Number: 72869 Classification: Assemblage Plastic Block Shape: Self-Locking Bricks Material: Plastic Plastic Type: ABS Bricks Blocks:160 PCS Size: 4 x 4 x 28 cm Weight: \u00a00.07 kg Contains detailed assembly instructions. Notice: 1. Without an original box, [&hellip;]<\/p>","protected":false},"featured_media":36258,"comment_status":"closed","ping_status":"closed","template":"","meta":{"_acf_changed":false},"product_cat":[1406,6016],"product_tag":[8285,8282,8283,8280,8286,8279,8281,8284],"class_list":["product","first","instock","shipping-taxable","purchasable","product-type-simple"],"acf":[],"_links":{"self":[{"href":"https:\/\/mouldking.store\/es\/wp-json\/wp\/v2\/product\/36257","targetHints":{"allow":["GET"]}}],"collection":[{"href":"https:\/\/mouldking.store\/es\/wp-json\/wp\/v2\/product"}],"about":[{"href":"https:\/\/mouldking.store\/es\/wp-json\/wp\/v2\/types\/product"}],"replies":[{"embeddable":true,"href":"https:\/\/mouldking.store\/es\/wp-json\/wp\/v2\/comments?post=36257"}],"wp:featuredmedia":[{"embeddable":true,"href":"https:\/\/mouldking.store\/es\/wp-json\/wp\/v2\/media\/36258"}],"wp:attachment":[{"href":"https:\/\/mouldking.store\/es\/wp-json\/wp\/v2\/media?parent=36257"}],"wp:term":[{"taxonomy":"product_cat","embeddable":true,"href":"https:\/\/mouldking.store\/es\/wp-json\/wp\/v2\/product_cat?post=36257"},{"taxonomy":"product_tag","embeddable":true,"href":"https:\/\/mouldking.store\/es\/wp-json\/wp\/v2\/product_tag?post=36257"}],"curies":[{"name":"wp","href":"https:\/\/api.w.org\/{rel}","templated":true}]}}