{"id":36669,"date":"2022-11-28T11:59:02","date_gmt":"2022-11-28T04:59:02","guid":{"rendered":"https:\/\/mouldking.store\/?post_type=product&#038;p=36669"},"modified":"2024-11-22T19:35:38","modified_gmt":"2024-11-22T12:35:38","slug":"sluban-m38-b0698-type-002-aircraft-carrier-shandong-ship-1450-with-1636-pieces","status":"publish","type":"product","link":"https:\/\/mouldking.store\/es\/shop\/sluban-m38-b0698-type-002-aircraft-carrier-shandong-ship-1450-with-1636-pieces\/","title":{"rendered":"SLUBAN M38-B0698 Portaaviones Tipo 002 Shandong Barco 1:450 Con 1636 Piezas"},"content":{"rendered":"<p>Informaci\u00f3n del Producto:<\/p>\n<ol>\n<li>Marca: SLUBAN<\/li>\n<li>G\u00e9nero: Unisex<\/li>\n<li>Name: Type 002 Aircraft Carrier Shandong Ship 1:450<\/li>\n<li>Rango de edad: &gt; 6 a\u00f1os<\/li>\n<li>Model Number: M38-B0698<\/li>\n<li>Clasificaci\u00f3n: Ensamblaje<\/li>\n<li>Forma de bloque de pl\u00e1stico: Ladrillos autoblocantes<\/li>\n<li>Material: Pl\u00e1stico<\/li>\n<li>Tipo de pl\u00e1stico: ABS<\/li>\n<li>Bricks Blocks:1636 PCS<\/li>\n<li>Size: 68 cm<\/li>\n<li>Contiene instrucciones de montaje detalladas.<\/li>\n<\/ol>\n<p>Aviso:<br \/>\n1. Sin caja original, pero garantizamos que nuestros productos tienen garant\u00eda de calidad y un buen embalaje.<br \/>\n2. Como todas las piezas que hemos comprobado antes del env\u00edo, si encuentra que faltan piezas o est\u00e1n da\u00f1adas, no se preocupe y p\u00f3ngase en contacto con nosotros y podemos reenvi\u00e1rselas inmediatamente de forma gratuita.<\/p>\n<figure id=\"attachment_36670\" aria-describedby=\"caption-attachment-36670\" style=\"width: 800px\" class=\"wp-caption aligncenter\"><img fetchpriority=\"high\" decoding=\"async\" class=\"wp-image-36670 size-full\" src=\"https:\/\/mouldking.store\/wp-content\/uploads\/2022\/11\/SLUBAN-M38-B0698-PLA.Navy-Shandong-10.jpg\" alt=\"SLUBAN M38-B0698 Type 002 Aircraft Carrier Shandong Ship 1:450 With 1636 Pieces\" width=\"800\" height=\"800\" title=\"-\" srcset=\"https:\/\/mouldking.store\/wp-content\/uploads\/2022\/11\/SLUBAN-M38-B0698-PLA.Navy-Shandong-10.jpg 800w, https:\/\/mouldking.store\/wp-content\/uploads\/2022\/11\/SLUBAN-M38-B0698-PLA.Navy-Shandong-10-300x300.jpg 300w, https:\/\/mouldking.store\/wp-content\/uploads\/2022\/11\/SLUBAN-M38-B0698-PLA.Navy-Shandong-10-768x768.jpg 768w, https:\/\/mouldking.store\/wp-content\/uploads\/2022\/11\/SLUBAN-M38-B0698-PLA.Navy-Shandong-10-600x600.jpg 600w, https:\/\/mouldking.store\/wp-content\/uploads\/2022\/11\/SLUBAN-M38-B0698-PLA.Navy-Shandong-10-150x150.jpg 150w, https:\/\/mouldking.store\/wp-content\/uploads\/2022\/11\/SLUBAN-M38-B0698-PLA.Navy-Shandong-10-60x60.jpg 60w, https:\/\/mouldking.store\/wp-content\/uploads\/2022\/11\/SLUBAN-M38-B0698-PLA.Navy-Shandong-10-90x90.jpg 90w\" sizes=\"(max-width: 800px) 100vw, 800px\" \/><figcaption id=\"caption-attachment-36670\" class=\"wp-caption-text\">SLUBAN M38-B0698 Portaaviones Tipo 002 Shandong Barco 1:450 Con 1636 Piezas<\/figcaption><\/figure>\n<figure id=\"attachment_36671\" aria-describedby=\"caption-attachment-36671\" style=\"width: 620px\" class=\"wp-caption aligncenter\"><img decoding=\"async\" class=\"wp-image-36671 size-full\" src=\"https:\/\/mouldking.store\/wp-content\/uploads\/2022\/11\/SLUBAN-M38-B0698-PLA.Navy-Shandong-9.jpg\" alt=\"SLUBAN M38-B0698 Type 002 Aircraft Carrier Shandong Ship 1:450 With 1636 Pieces\" width=\"620\" height=\"812\" title=\"-\" srcset=\"https:\/\/mouldking.store\/wp-content\/uploads\/2022\/11\/SLUBAN-M38-B0698-PLA.Navy-Shandong-9.jpg 620w, https:\/\/mouldking.store\/wp-content\/uploads\/2022\/11\/SLUBAN-M38-B0698-PLA.Navy-Shandong-9-229x300.jpg 229w, https:\/\/mouldking.store\/wp-content\/uploads\/2022\/11\/SLUBAN-M38-B0698-PLA.Navy-Shandong-9-300x393.jpg 300w, https:\/\/mouldking.store\/wp-content\/uploads\/2022\/11\/SLUBAN-M38-B0698-PLA.Navy-Shandong-9-600x786.jpg 600w, https:\/\/mouldking.store\/wp-content\/uploads\/2022\/11\/SLUBAN-M38-B0698-PLA.Navy-Shandong-9-115x150.jpg 115w, https:\/\/mouldking.store\/wp-content\/uploads\/2022\/11\/SLUBAN-M38-B0698-PLA.Navy-Shandong-9-46x60.jpg 46w, https:\/\/mouldking.store\/wp-content\/uploads\/2022\/11\/SLUBAN-M38-B0698-PLA.Navy-Shandong-9-69x90.jpg 69w\" sizes=\"(max-width: 620px) 100vw, 620px\" \/><figcaption id=\"caption-attachment-36671\" class=\"wp-caption-text\">SLUBAN M38-B0698 Portaaviones Tipo 002 Shandong Barco 1:450 Con 1636 Piezas<\/figcaption><\/figure>\n<figure id=\"attachment_36672\" aria-describedby=\"caption-attachment-36672\" style=\"width: 619px\" class=\"wp-caption aligncenter\"><img decoding=\"async\" class=\"wp-image-36672 size-full\" src=\"https:\/\/mouldking.store\/wp-content\/uploads\/2022\/11\/SLUBAN-M38-B0698-PLA.Navy-Shandong-8.jpg\" alt=\"SLUBAN M38-B0698 Type 002 Aircraft Carrier Shandong Ship 1:450 With 1636 Pieces\" width=\"619\" height=\"442\" title=\"-\" srcset=\"https:\/\/mouldking.store\/wp-content\/uploads\/2022\/11\/SLUBAN-M38-B0698-PLA.Navy-Shandong-8.jpg 619w, https:\/\/mouldking.store\/wp-content\/uploads\/2022\/11\/SLUBAN-M38-B0698-PLA.Navy-Shandong-8-300x214.jpg 300w, https:\/\/mouldking.store\/wp-content\/uploads\/2022\/11\/SLUBAN-M38-B0698-PLA.Navy-Shandong-8-600x428.jpg 600w, https:\/\/mouldking.store\/wp-content\/uploads\/2022\/11\/SLUBAN-M38-B0698-PLA.Navy-Shandong-8-150x107.jpg 150w, https:\/\/mouldking.store\/wp-content\/uploads\/2022\/11\/SLUBAN-M38-B0698-PLA.Navy-Shandong-8-84x60.jpg 84w, https:\/\/mouldking.store\/wp-content\/uploads\/2022\/11\/SLUBAN-M38-B0698-PLA.Navy-Shandong-8-126x90.jpg 126w\" sizes=\"(max-width: 619px) 100vw, 619px\" \/><figcaption id=\"caption-attachment-36672\" class=\"wp-caption-text\">SLUBAN M38-B0698 Portaaviones Tipo 002 Shandong Barco 1:450 Con 1636 Piezas<\/figcaption><\/figure>\n<figure id=\"attachment_36673\" aria-describedby=\"caption-attachment-36673\" style=\"width: 619px\" class=\"wp-caption aligncenter\"><img loading=\"lazy\" decoding=\"async\" class=\"wp-image-36673 size-full\" src=\"https:\/\/mouldking.store\/wp-content\/uploads\/2022\/11\/SLUBAN-M38-B0698-PLA.Navy-Shandong-7.jpg\" alt=\"SLUBAN M38-B0698 Type 002 Aircraft Carrier Shandong Ship 1:450 With 1636 Pieces\" width=\"619\" height=\"442\" title=\"-\" srcset=\"https:\/\/mouldking.store\/wp-content\/uploads\/2022\/11\/SLUBAN-M38-B0698-PLA.Navy-Shandong-7.jpg 619w, https:\/\/mouldking.store\/wp-content\/uploads\/2022\/11\/SLUBAN-M38-B0698-PLA.Navy-Shandong-7-300x214.jpg 300w, https:\/\/mouldking.store\/wp-content\/uploads\/2022\/11\/SLUBAN-M38-B0698-PLA.Navy-Shandong-7-600x428.jpg 600w, https:\/\/mouldking.store\/wp-content\/uploads\/2022\/11\/SLUBAN-M38-B0698-PLA.Navy-Shandong-7-150x107.jpg 150w, https:\/\/mouldking.store\/wp-content\/uploads\/2022\/11\/SLUBAN-M38-B0698-PLA.Navy-Shandong-7-84x60.jpg 84w, https:\/\/mouldking.store\/wp-content\/uploads\/2022\/11\/SLUBAN-M38-B0698-PLA.Navy-Shandong-7-126x90.jpg 126w\" sizes=\"(max-width: 619px) 100vw, 619px\" \/><figcaption id=\"caption-attachment-36673\" class=\"wp-caption-text\">SLUBAN M38-B0698 Portaaviones Tipo 002 Shandong Barco 1:450 Con 1636 Piezas<\/figcaption><\/figure>\n<figure id=\"attachment_36674\" aria-describedby=\"caption-attachment-36674\" style=\"width: 619px\" class=\"wp-caption aligncenter\"><img loading=\"lazy\" decoding=\"async\" class=\"wp-image-36674 size-full\" src=\"https:\/\/mouldking.store\/wp-content\/uploads\/2022\/11\/SLUBAN-M38-B0698-PLA.Navy-Shandong-6.jpg\" alt=\"SLUBAN M38-B0698 Type 002 Aircraft Carrier Shandong Ship 1:450 With 1636 Pieces\" width=\"619\" height=\"442\" title=\"-\" srcset=\"https:\/\/mouldking.store\/wp-content\/uploads\/2022\/11\/SLUBAN-M38-B0698-PLA.Navy-Shandong-6.jpg 619w, https:\/\/mouldking.store\/wp-content\/uploads\/2022\/11\/SLUBAN-M38-B0698-PLA.Navy-Shandong-6-300x214.jpg 300w, https:\/\/mouldking.store\/wp-content\/uploads\/2022\/11\/SLUBAN-M38-B0698-PLA.Navy-Shandong-6-600x428.jpg 600w, https:\/\/mouldking.store\/wp-content\/uploads\/2022\/11\/SLUBAN-M38-B0698-PLA.Navy-Shandong-6-150x107.jpg 150w, https:\/\/mouldking.store\/wp-content\/uploads\/2022\/11\/SLUBAN-M38-B0698-PLA.Navy-Shandong-6-84x60.jpg 84w, https:\/\/mouldking.store\/wp-content\/uploads\/2022\/11\/SLUBAN-M38-B0698-PLA.Navy-Shandong-6-126x90.jpg 126w\" sizes=\"(max-width: 619px) 100vw, 619px\" \/><figcaption id=\"caption-attachment-36674\" class=\"wp-caption-text\">SLUBAN M38-B0698 Portaaviones Tipo 002 Shandong Barco 1:450 Con 1636 Piezas<\/figcaption><\/figure>\n<figure id=\"attachment_36675\" aria-describedby=\"caption-attachment-36675\" style=\"width: 620px\" class=\"wp-caption aligncenter\"><img loading=\"lazy\" decoding=\"async\" class=\"wp-image-36675 size-full\" src=\"https:\/\/mouldking.store\/wp-content\/uploads\/2022\/11\/SLUBAN-M38-B0698-PLA.Navy-Shandong-5.jpg\" alt=\"SLUBAN M38-B0698 Type 002 Aircraft Carrier Shandong Ship 1:450 With 1636 Pieces\" width=\"620\" height=\"465\" title=\"-\" srcset=\"https:\/\/mouldking.store\/wp-content\/uploads\/2022\/11\/SLUBAN-M38-B0698-PLA.Navy-Shandong-5.jpg 620w, https:\/\/mouldking.store\/wp-content\/uploads\/2022\/11\/SLUBAN-M38-B0698-PLA.Navy-Shandong-5-300x225.jpg 300w, https:\/\/mouldking.store\/wp-content\/uploads\/2022\/11\/SLUBAN-M38-B0698-PLA.Navy-Shandong-5-600x450.jpg 600w, https:\/\/mouldking.store\/wp-content\/uploads\/2022\/11\/SLUBAN-M38-B0698-PLA.Navy-Shandong-5-150x113.jpg 150w, https:\/\/mouldking.store\/wp-content\/uploads\/2022\/11\/SLUBAN-M38-B0698-PLA.Navy-Shandong-5-80x60.jpg 80w, https:\/\/mouldking.store\/wp-content\/uploads\/2022\/11\/SLUBAN-M38-B0698-PLA.Navy-Shandong-5-120x90.jpg 120w\" sizes=\"(max-width: 620px) 100vw, 620px\" \/><figcaption id=\"caption-attachment-36675\" class=\"wp-caption-text\">SLUBAN M38-B0698 Portaaviones Tipo 002 Shandong Barco 1:450 Con 1636 Piezas<\/figcaption><\/figure>\n<figure id=\"attachment_36676\" aria-describedby=\"caption-attachment-36676\" style=\"width: 620px\" class=\"wp-caption aligncenter\"><img loading=\"lazy\" decoding=\"async\" class=\"wp-image-36676 size-full\" src=\"https:\/\/mouldking.store\/wp-content\/uploads\/2022\/11\/SLUBAN-M38-B0698-PLA.Navy-Shandong-4.jpg\" alt=\"SLUBAN M38-B0698 Type 002 Aircraft Carrier Shandong Ship 1:450 With 1636 Pieces\" width=\"620\" height=\"867\" title=\"-\" srcset=\"https:\/\/mouldking.store\/wp-content\/uploads\/2022\/11\/SLUBAN-M38-B0698-PLA.Navy-Shandong-4.jpg 620w, https:\/\/mouldking.store\/wp-content\/uploads\/2022\/11\/SLUBAN-M38-B0698-PLA.Navy-Shandong-4-215x300.jpg 215w, https:\/\/mouldking.store\/wp-content\/uploads\/2022\/11\/SLUBAN-M38-B0698-PLA.Navy-Shandong-4-300x420.jpg 300w, https:\/\/mouldking.store\/wp-content\/uploads\/2022\/11\/SLUBAN-M38-B0698-PLA.Navy-Shandong-4-600x839.jpg 600w, https:\/\/mouldking.store\/wp-content\/uploads\/2022\/11\/SLUBAN-M38-B0698-PLA.Navy-Shandong-4-107x150.jpg 107w, https:\/\/mouldking.store\/wp-content\/uploads\/2022\/11\/SLUBAN-M38-B0698-PLA.Navy-Shandong-4-43x60.jpg 43w, https:\/\/mouldking.store\/wp-content\/uploads\/2022\/11\/SLUBAN-M38-B0698-PLA.Navy-Shandong-4-64x90.jpg 64w\" sizes=\"(max-width: 620px) 100vw, 620px\" \/><figcaption id=\"caption-attachment-36676\" class=\"wp-caption-text\">SLUBAN M38-B0698 Portaaviones Tipo 002 Shandong Barco 1:450 Con 1636 Piezas<\/figcaption><\/figure>\n<figure id=\"attachment_36677\" aria-describedby=\"caption-attachment-36677\" style=\"width: 619px\" class=\"wp-caption aligncenter\"><img loading=\"lazy\" decoding=\"async\" class=\"wp-image-36677 size-full\" src=\"https:\/\/mouldking.store\/wp-content\/uploads\/2022\/11\/SLUBAN-M38-B0698-PLA.Navy-Shandong-3.jpg\" alt=\"SLUBAN M38-B0698 Type 002 Aircraft Carrier Shandong Ship 1:450 With 1636 Pieces\" width=\"619\" height=\"442\" title=\"-\" srcset=\"https:\/\/mouldking.store\/wp-content\/uploads\/2022\/11\/SLUBAN-M38-B0698-PLA.Navy-Shandong-3.jpg 619w, https:\/\/mouldking.store\/wp-content\/uploads\/2022\/11\/SLUBAN-M38-B0698-PLA.Navy-Shandong-3-300x214.jpg 300w, https:\/\/mouldking.store\/wp-content\/uploads\/2022\/11\/SLUBAN-M38-B0698-PLA.Navy-Shandong-3-600x428.jpg 600w, https:\/\/mouldking.store\/wp-content\/uploads\/2022\/11\/SLUBAN-M38-B0698-PLA.Navy-Shandong-3-150x107.jpg 150w, https:\/\/mouldking.store\/wp-content\/uploads\/2022\/11\/SLUBAN-M38-B0698-PLA.Navy-Shandong-3-84x60.jpg 84w, https:\/\/mouldking.store\/wp-content\/uploads\/2022\/11\/SLUBAN-M38-B0698-PLA.Navy-Shandong-3-126x90.jpg 126w\" sizes=\"(max-width: 619px) 100vw, 619px\" \/><figcaption id=\"caption-attachment-36677\" class=\"wp-caption-text\">SLUBAN M38-B0698 Portaaviones Tipo 002 Shandong Barco 1:450 Con 1636 Piezas<\/figcaption><\/figure>\n<figure id=\"attachment_36678\" aria-describedby=\"caption-attachment-36678\" style=\"width: 619px\" class=\"wp-caption aligncenter\"><img loading=\"lazy\" decoding=\"async\" class=\"wp-image-36678 size-full\" src=\"https:\/\/mouldking.store\/wp-content\/uploads\/2022\/11\/SLUBAN-M38-B0698-PLA.Navy-Shandong-2.jpg\" alt=\"SLUBAN M38-B0698 Type 002 Aircraft Carrier Shandong Ship 1:450 With 1636 Pieces\" width=\"619\" height=\"442\" title=\"-\" srcset=\"https:\/\/mouldking.store\/wp-content\/uploads\/2022\/11\/SLUBAN-M38-B0698-PLA.Navy-Shandong-2.jpg 619w, https:\/\/mouldking.store\/wp-content\/uploads\/2022\/11\/SLUBAN-M38-B0698-PLA.Navy-Shandong-2-300x214.jpg 300w, https:\/\/mouldking.store\/wp-content\/uploads\/2022\/11\/SLUBAN-M38-B0698-PLA.Navy-Shandong-2-600x428.jpg 600w, https:\/\/mouldking.store\/wp-content\/uploads\/2022\/11\/SLUBAN-M38-B0698-PLA.Navy-Shandong-2-150x107.jpg 150w, https:\/\/mouldking.store\/wp-content\/uploads\/2022\/11\/SLUBAN-M38-B0698-PLA.Navy-Shandong-2-84x60.jpg 84w, https:\/\/mouldking.store\/wp-content\/uploads\/2022\/11\/SLUBAN-M38-B0698-PLA.Navy-Shandong-2-126x90.jpg 126w\" sizes=\"(max-width: 619px) 100vw, 619px\" \/><figcaption id=\"caption-attachment-36678\" class=\"wp-caption-text\">SLUBAN M38-B0698 Portaaviones Tipo 002 Shandong Barco 1:450 Con 1636 Piezas<\/figcaption><\/figure>\n<figure id=\"attachment_36679\" aria-describedby=\"caption-attachment-36679\" style=\"width: 619px\" class=\"wp-caption aligncenter\"><img loading=\"lazy\" decoding=\"async\" class=\"wp-image-36679 size-full\" src=\"https:\/\/mouldking.store\/wp-content\/uploads\/2022\/11\/SLUBAN-M38-B0698-PLA.Navy-Shandong-1.jpg\" alt=\"SLUBAN M38-B0698 Type 002 Aircraft Carrier Shandong Ship 1:450 With 1636 Pieces\" width=\"619\" height=\"442\" title=\"-\" srcset=\"https:\/\/mouldking.store\/wp-content\/uploads\/2022\/11\/SLUBAN-M38-B0698-PLA.Navy-Shandong-1.jpg 619w, https:\/\/mouldking.store\/wp-content\/uploads\/2022\/11\/SLUBAN-M38-B0698-PLA.Navy-Shandong-1-300x214.jpg 300w, https:\/\/mouldking.store\/wp-content\/uploads\/2022\/11\/SLUBAN-M38-B0698-PLA.Navy-Shandong-1-600x428.jpg 600w, https:\/\/mouldking.store\/wp-content\/uploads\/2022\/11\/SLUBAN-M38-B0698-PLA.Navy-Shandong-1-150x107.jpg 150w, https:\/\/mouldking.store\/wp-content\/uploads\/2022\/11\/SLUBAN-M38-B0698-PLA.Navy-Shandong-1-84x60.jpg 84w, https:\/\/mouldking.store\/wp-content\/uploads\/2022\/11\/SLUBAN-M38-B0698-PLA.Navy-Shandong-1-126x90.jpg 126w\" sizes=\"(max-width: 619px) 100vw, 619px\" \/><figcaption id=\"caption-attachment-36679\" class=\"wp-caption-text\">SLUBAN M38-B0698 Portaaviones Tipo 002 Shandong Barco 1:450 Con 1636 Piezas<\/figcaption><\/figure>","protected":false},"excerpt":{"rendered":"<p>Product information: Brand: SLUBAN Gender: Unisex Name: Type 002 Aircraft Carrier Shandong Ship 1:450 Age Range: &gt; 6 years old Model Number: M38-B0698 Classification: Assemblage Plastic Block Shape: Self-Locking Bricks Material: Plastic Plastic Type: ABS Bricks Blocks:1636 PCS Size: 68 cm Contains detailed assembly instructions. Notice: 1. Without an original box, but we guarantee our [&hellip;]<\/p>","protected":false},"featured_media":36670,"comment_status":"closed","ping_status":"closed","template":"","meta":{"_acf_changed":false},"product_cat":[372],"product_tag":[5271,8466,7373,8463,8465,304,7517,8468,8469,8462,8464,8467],"class_list":["product","first","instock","shipping-taxable","purchasable","product-type-simple"],"acf":[],"_links":{"self":[{"href":"https:\/\/mouldking.store\/es\/wp-json\/wp\/v2\/product\/36669","targetHints":{"allow":["GET"]}}],"collection":[{"href":"https:\/\/mouldking.store\/es\/wp-json\/wp\/v2\/product"}],"about":[{"href":"https:\/\/mouldking.store\/es\/wp-json\/wp\/v2\/types\/product"}],"replies":[{"embeddable":true,"href":"https:\/\/mouldking.store\/es\/wp-json\/wp\/v2\/comments?post=36669"}],"wp:featuredmedia":[{"embeddable":true,"href":"https:\/\/mouldking.store\/es\/wp-json\/wp\/v2\/media\/36670"}],"wp:attachment":[{"href":"https:\/\/mouldking.store\/es\/wp-json\/wp\/v2\/media?parent=36669"}],"wp:term":[{"taxonomy":"product_cat","embeddable":true,"href":"https:\/\/mouldking.store\/es\/wp-json\/wp\/v2\/product_cat?post=36669"},{"taxonomy":"product_tag","embeddable":true,"href":"https:\/\/mouldking.store\/es\/wp-json\/wp\/v2\/product_tag?post=36669"}],"curies":[{"name":"wp","href":"https:\/\/api.w.org\/{rel}","templated":true}]}}