{"id":36684,"date":"2022-11-28T12:08:30","date_gmt":"2022-11-28T05:08:30","guid":{"rendered":"https:\/\/mouldking.store\/?post_type=product&#038;p=36684"},"modified":"2022-11-28T12:08:30","modified_gmt":"2022-11-28T05:08:30","slug":"pzx-8829-stormtrooper-with-3300-pieces","status":"publish","type":"product","link":"https:\/\/mouldking.store\/es\/shop\/pzx-8829-stormtrooper-with-3300-pieces\/","title":{"rendered":"PZX 8829 Stormtrooper con 3300 piezas"},"content":{"rendered":"<p>Informaci\u00f3n del Producto:<\/p>\n<ol>\n<li>Marca: PZX<\/li>\n<li>G\u00e9nero: Unisex<\/li>\n<li>Name: Stormtrooper<\/li>\n<li>Rango de edad: &gt; 6 a\u00f1os<\/li>\n<li>Model Number: 8829<\/li>\n<li>Clasificaci\u00f3n: Ensamblaje<\/li>\n<li>Forma de bloque de pl\u00e1stico: Ladrillos autoblocantes<\/li>\n<li>Material: Pl\u00e1stico<\/li>\n<li>Tipo de pl\u00e1stico: ABS<\/li>\n<li>Bricks Blocks:3300 PCS<\/li>\n<li>Contiene instrucciones de montaje detalladas.<\/li>\n<\/ol>\n<p>Aviso:<br \/>\n1. Sin caja original, pero garantizamos que nuestros productos tienen garant\u00eda de calidad y un buen embalaje.<br \/>\n2. Como todas las piezas que hemos comprobado antes del env\u00edo, si encuentra que faltan piezas o est\u00e1n da\u00f1adas, no se preocupe y p\u00f3ngase en contacto con nosotros y podemos reenvi\u00e1rselas inmediatamente de forma gratuita.<\/p>\n<figure id=\"attachment_36685\" aria-describedby=\"caption-attachment-36685\" style=\"width: 800px\" class=\"wp-caption aligncenter\"><img fetchpriority=\"high\" decoding=\"async\" class=\"wp-image-36685 size-full\" src=\"https:\/\/mouldking.store\/wp-content\/uploads\/2022\/11\/PZX-8829-Stormtrooper-4.jpg\" alt=\"PZX 8829 Stormtrooper With 3300 Pieces\" width=\"800\" height=\"800\" title=\"-\" srcset=\"https:\/\/mouldking.store\/wp-content\/uploads\/2022\/11\/PZX-8829-Stormtrooper-4.jpg 800w, https:\/\/mouldking.store\/wp-content\/uploads\/2022\/11\/PZX-8829-Stormtrooper-4-300x300.jpg 300w, https:\/\/mouldking.store\/wp-content\/uploads\/2022\/11\/PZX-8829-Stormtrooper-4-768x768.jpg 768w, https:\/\/mouldking.store\/wp-content\/uploads\/2022\/11\/PZX-8829-Stormtrooper-4-600x600.jpg 600w, https:\/\/mouldking.store\/wp-content\/uploads\/2022\/11\/PZX-8829-Stormtrooper-4-150x150.jpg 150w, https:\/\/mouldking.store\/wp-content\/uploads\/2022\/11\/PZX-8829-Stormtrooper-4-60x60.jpg 60w, https:\/\/mouldking.store\/wp-content\/uploads\/2022\/11\/PZX-8829-Stormtrooper-4-90x90.jpg 90w\" sizes=\"(max-width: 800px) 100vw, 800px\" \/><figcaption id=\"caption-attachment-36685\" class=\"wp-caption-text\">PZX 8829 Stormtrooper con 3300 piezas<\/figcaption><\/figure>\n<figure id=\"attachment_36686\" aria-describedby=\"caption-attachment-36686\" style=\"width: 800px\" class=\"wp-caption aligncenter\"><img decoding=\"async\" class=\"wp-image-36686 size-full\" src=\"https:\/\/mouldking.store\/wp-content\/uploads\/2022\/11\/PZX-8829-Stormtrooper-3.jpg\" alt=\"PZX 8829 Stormtrooper With 3300 Pieces\" width=\"800\" height=\"800\" title=\"-\" srcset=\"https:\/\/mouldking.store\/wp-content\/uploads\/2022\/11\/PZX-8829-Stormtrooper-3.jpg 800w, https:\/\/mouldking.store\/wp-content\/uploads\/2022\/11\/PZX-8829-Stormtrooper-3-300x300.jpg 300w, https:\/\/mouldking.store\/wp-content\/uploads\/2022\/11\/PZX-8829-Stormtrooper-3-768x768.jpg 768w, https:\/\/mouldking.store\/wp-content\/uploads\/2022\/11\/PZX-8829-Stormtrooper-3-600x600.jpg 600w, https:\/\/mouldking.store\/wp-content\/uploads\/2022\/11\/PZX-8829-Stormtrooper-3-150x150.jpg 150w, https:\/\/mouldking.store\/wp-content\/uploads\/2022\/11\/PZX-8829-Stormtrooper-3-60x60.jpg 60w, https:\/\/mouldking.store\/wp-content\/uploads\/2022\/11\/PZX-8829-Stormtrooper-3-90x90.jpg 90w\" sizes=\"(max-width: 800px) 100vw, 800px\" \/><figcaption id=\"caption-attachment-36686\" class=\"wp-caption-text\">PZX 8829 Stormtrooper con 3300 piezas<\/figcaption><\/figure>\n<figure id=\"attachment_36687\" aria-describedby=\"caption-attachment-36687\" style=\"width: 800px\" class=\"wp-caption aligncenter\"><img decoding=\"async\" class=\"wp-image-36687 size-full\" src=\"https:\/\/mouldking.store\/wp-content\/uploads\/2022\/11\/PZX-8829-Stormtrooper-2.jpg\" alt=\"PZX 8829 Stormtrooper With 3300 Pieces\" width=\"800\" height=\"800\" title=\"-\" srcset=\"https:\/\/mouldking.store\/wp-content\/uploads\/2022\/11\/PZX-8829-Stormtrooper-2.jpg 800w, https:\/\/mouldking.store\/wp-content\/uploads\/2022\/11\/PZX-8829-Stormtrooper-2-300x300.jpg 300w, https:\/\/mouldking.store\/wp-content\/uploads\/2022\/11\/PZX-8829-Stormtrooper-2-768x768.jpg 768w, https:\/\/mouldking.store\/wp-content\/uploads\/2022\/11\/PZX-8829-Stormtrooper-2-600x600.jpg 600w, https:\/\/mouldking.store\/wp-content\/uploads\/2022\/11\/PZX-8829-Stormtrooper-2-150x150.jpg 150w, https:\/\/mouldking.store\/wp-content\/uploads\/2022\/11\/PZX-8829-Stormtrooper-2-60x60.jpg 60w, https:\/\/mouldking.store\/wp-content\/uploads\/2022\/11\/PZX-8829-Stormtrooper-2-90x90.jpg 90w\" sizes=\"(max-width: 800px) 100vw, 800px\" \/><figcaption id=\"caption-attachment-36687\" class=\"wp-caption-text\">PZX 8829 Stormtrooper con 3300 piezas<\/figcaption><\/figure>\n<figure id=\"attachment_36688\" aria-describedby=\"caption-attachment-36688\" style=\"width: 800px\" class=\"wp-caption aligncenter\"><img loading=\"lazy\" decoding=\"async\" class=\"wp-image-36688 size-full\" src=\"https:\/\/mouldking.store\/wp-content\/uploads\/2022\/11\/PZX-8829-Stormtrooper-1.jpg\" alt=\"PZX 8829 Stormtrooper With 3300 Pieces\" width=\"800\" height=\"800\" title=\"-\" srcset=\"https:\/\/mouldking.store\/wp-content\/uploads\/2022\/11\/PZX-8829-Stormtrooper-1.jpg 800w, https:\/\/mouldking.store\/wp-content\/uploads\/2022\/11\/PZX-8829-Stormtrooper-1-300x300.jpg 300w, https:\/\/mouldking.store\/wp-content\/uploads\/2022\/11\/PZX-8829-Stormtrooper-1-768x768.jpg 768w, https:\/\/mouldking.store\/wp-content\/uploads\/2022\/11\/PZX-8829-Stormtrooper-1-600x600.jpg 600w, https:\/\/mouldking.store\/wp-content\/uploads\/2022\/11\/PZX-8829-Stormtrooper-1-150x150.jpg 150w, https:\/\/mouldking.store\/wp-content\/uploads\/2022\/11\/PZX-8829-Stormtrooper-1-60x60.jpg 60w, https:\/\/mouldking.store\/wp-content\/uploads\/2022\/11\/PZX-8829-Stormtrooper-1-90x90.jpg 90w\" sizes=\"(max-width: 800px) 100vw, 800px\" \/><figcaption id=\"caption-attachment-36688\" class=\"wp-caption-text\">PZX 8829 Stormtrooper con 3300 piezas<\/figcaption><\/figure>","protected":false},"excerpt":{"rendered":"<p>Product information: Brand: PZX Gender: Unisex Name: Stormtrooper Age Range: &gt; 6 years old Model Number: 8829 Classification: Assemblage Plastic Block Shape: Self-Locking Bricks Material: Plastic Plastic Type: ABS Bricks Blocks:3300 PCS Contains detailed assembly instructions. Notice: 1. Without an original box, but we guarantee our products have quality assurance and nice packaging. 2. As [&hellip;]<\/p>","protected":false},"featured_media":36685,"comment_status":"closed","ping_status":"closed","template":"","meta":{"_acf_changed":false},"product_cat":[415],"product_tag":[8477,8471,8479,8480,8476,8478],"class_list":["product","first","instock","shipping-taxable","purchasable","product-type-simple"],"acf":[],"_links":{"self":[{"href":"https:\/\/mouldking.store\/es\/wp-json\/wp\/v2\/product\/36684","targetHints":{"allow":["GET"]}}],"collection":[{"href":"https:\/\/mouldking.store\/es\/wp-json\/wp\/v2\/product"}],"about":[{"href":"https:\/\/mouldking.store\/es\/wp-json\/wp\/v2\/types\/product"}],"replies":[{"embeddable":true,"href":"https:\/\/mouldking.store\/es\/wp-json\/wp\/v2\/comments?post=36684"}],"wp:featuredmedia":[{"embeddable":true,"href":"https:\/\/mouldking.store\/es\/wp-json\/wp\/v2\/media\/36685"}],"wp:attachment":[{"href":"https:\/\/mouldking.store\/es\/wp-json\/wp\/v2\/media?parent=36684"}],"wp:term":[{"taxonomy":"product_cat","embeddable":true,"href":"https:\/\/mouldking.store\/es\/wp-json\/wp\/v2\/product_cat?post=36684"},{"taxonomy":"product_tag","embeddable":true,"href":"https:\/\/mouldking.store\/es\/wp-json\/wp\/v2\/product_tag?post=36684"}],"curies":[{"name":"wp","href":"https:\/\/api.w.org\/{rel}","templated":true}]}}