{"id":36692,"date":"2022-11-28T12:16:48","date_gmt":"2022-11-28T05:16:48","guid":{"rendered":"https:\/\/mouldking.store\/?post_type=product&#038;p=36692"},"modified":"2023-01-30T18:24:11","modified_gmt":"2023-01-30T11:24:11","slug":"pzx-8801-1-super-mary-with-1500-pieces","status":"publish","type":"product","link":"https:\/\/mouldking.store\/es\/shop\/pzx-8801-1-super-mary-with-1500-pieces\/","title":{"rendered":"PZX 8801-1 Super Mary Con 1500 Piezas"},"content":{"rendered":"<p>Informaci\u00f3n del Producto:<\/p>\n<ol>\n<li>Marca: PZX<\/li>\n<li>G\u00e9nero: Unisex<\/li>\n<li>Name: Super Mary<\/li>\n<li>Rango de edad: &gt; 6 a\u00f1os<\/li>\n<li>Model Number: 8801-1<\/li>\n<li>Clasificaci\u00f3n: Ensamblaje<\/li>\n<li>Forma de bloque de pl\u00e1stico: Ladrillos autoblocantes<\/li>\n<li>Material: Pl\u00e1stico<\/li>\n<li>Tipo de pl\u00e1stico: ABS<\/li>\n<li>Bricks Blocks:1500 PCS<\/li>\n<li>Contiene instrucciones de montaje detalladas.<\/li>\n<\/ol>\n<p>Aviso:<br \/>\n1. Sin caja original, pero garantizamos que nuestros productos tienen garant\u00eda de calidad y un buen embalaje.<br \/>\n2. Como todas las piezas que hemos comprobado antes del env\u00edo, si encuentra que faltan piezas o est\u00e1n da\u00f1adas, no se preocupe y p\u00f3ngase en contacto con nosotros y podemos reenvi\u00e1rselas inmediatamente de forma gratuita.<\/p>\n<figure id=\"attachment_36693\" aria-describedby=\"caption-attachment-36693\" style=\"width: 800px\" class=\"wp-caption aligncenter\"><img fetchpriority=\"high\" decoding=\"async\" class=\"wp-image-36693 size-full\" src=\"https:\/\/mouldking.store\/wp-content\/uploads\/2022\/11\/PZX-8801-1-Super-Mary-2.jpg\" alt=\"PZX 8801-1 Super Mary With 1500 Pieces\" width=\"800\" height=\"800\" title=\"-\" srcset=\"https:\/\/mouldking.store\/wp-content\/uploads\/2022\/11\/PZX-8801-1-Super-Mary-2.jpg 800w, https:\/\/mouldking.store\/wp-content\/uploads\/2022\/11\/PZX-8801-1-Super-Mary-2-300x300.jpg 300w, https:\/\/mouldking.store\/wp-content\/uploads\/2022\/11\/PZX-8801-1-Super-Mary-2-768x768.jpg 768w, https:\/\/mouldking.store\/wp-content\/uploads\/2022\/11\/PZX-8801-1-Super-Mary-2-600x600.jpg 600w, https:\/\/mouldking.store\/wp-content\/uploads\/2022\/11\/PZX-8801-1-Super-Mary-2-150x150.jpg 150w, https:\/\/mouldking.store\/wp-content\/uploads\/2022\/11\/PZX-8801-1-Super-Mary-2-60x60.jpg 60w, https:\/\/mouldking.store\/wp-content\/uploads\/2022\/11\/PZX-8801-1-Super-Mary-2-90x90.jpg 90w\" sizes=\"(max-width: 800px) 100vw, 800px\" \/><figcaption id=\"caption-attachment-36693\" class=\"wp-caption-text\">PZX 8801-1 Super Mary Con 1500 Piezas<\/figcaption><\/figure>\n<figure id=\"attachment_36694\" aria-describedby=\"caption-attachment-36694\" style=\"width: 800px\" class=\"wp-caption aligncenter\"><img decoding=\"async\" class=\"wp-image-36694 size-full\" src=\"https:\/\/mouldking.store\/wp-content\/uploads\/2022\/11\/PZX-8801-1-Super-Mary-1.jpg\" alt=\"PZX 8801-1 Super Mary With 1500 Pieces\" width=\"800\" height=\"800\" title=\"-\" srcset=\"https:\/\/mouldking.store\/wp-content\/uploads\/2022\/11\/PZX-8801-1-Super-Mary-1.jpg 800w, https:\/\/mouldking.store\/wp-content\/uploads\/2022\/11\/PZX-8801-1-Super-Mary-1-300x300.jpg 300w, https:\/\/mouldking.store\/wp-content\/uploads\/2022\/11\/PZX-8801-1-Super-Mary-1-768x768.jpg 768w, https:\/\/mouldking.store\/wp-content\/uploads\/2022\/11\/PZX-8801-1-Super-Mary-1-600x600.jpg 600w, https:\/\/mouldking.store\/wp-content\/uploads\/2022\/11\/PZX-8801-1-Super-Mary-1-150x150.jpg 150w, https:\/\/mouldking.store\/wp-content\/uploads\/2022\/11\/PZX-8801-1-Super-Mary-1-60x60.jpg 60w, https:\/\/mouldking.store\/wp-content\/uploads\/2022\/11\/PZX-8801-1-Super-Mary-1-90x90.jpg 90w\" sizes=\"(max-width: 800px) 100vw, 800px\" \/><figcaption id=\"caption-attachment-36694\" class=\"wp-caption-text\">PZX 8801-1 Super Mary Con 1500 Piezas<\/figcaption><\/figure>","protected":false},"excerpt":{"rendered":"<p>Product information: Brand: PZX Gender: Unisex Name: Super Mary Age Range: &gt; 6 years old Model Number: 8801-1 Classification: Assemblage Plastic Block Shape: Self-Locking Bricks Material: Plastic Plastic Type: ABS Bricks Blocks:1500 PCS Contains detailed assembly instructions. Notice: 1. Without an original box, but we guarantee our products have quality assurance and nice packaging. 2. [&hellip;]<\/p>","protected":false},"featured_media":36693,"comment_status":"closed","ping_status":"closed","template":"","meta":{"_acf_changed":false},"product_cat":[1365],"product_tag":[8487,8471,8488,8489,8486,8483],"class_list":["product","first","outofstock","shipping-taxable","purchasable","product-type-simple"],"acf":[],"_links":{"self":[{"href":"https:\/\/mouldking.store\/es\/wp-json\/wp\/v2\/product\/36692","targetHints":{"allow":["GET"]}}],"collection":[{"href":"https:\/\/mouldking.store\/es\/wp-json\/wp\/v2\/product"}],"about":[{"href":"https:\/\/mouldking.store\/es\/wp-json\/wp\/v2\/types\/product"}],"replies":[{"embeddable":true,"href":"https:\/\/mouldking.store\/es\/wp-json\/wp\/v2\/comments?post=36692"}],"wp:featuredmedia":[{"embeddable":true,"href":"https:\/\/mouldking.store\/es\/wp-json\/wp\/v2\/media\/36693"}],"wp:attachment":[{"href":"https:\/\/mouldking.store\/es\/wp-json\/wp\/v2\/media?parent=36692"}],"wp:term":[{"taxonomy":"product_cat","embeddable":true,"href":"https:\/\/mouldking.store\/es\/wp-json\/wp\/v2\/product_cat?post=36692"},{"taxonomy":"product_tag","embeddable":true,"href":"https:\/\/mouldking.store\/es\/wp-json\/wp\/v2\/product_tag?post=36692"}],"curies":[{"name":"wp","href":"https:\/\/api.w.org\/{rel}","templated":true}]}}