{"id":36927,"date":"2022-12-01T12:28:26","date_gmt":"2022-12-01T05:28:26","guid":{"rendered":"https:\/\/mouldking.store\/?post_type=product&#038;p=36927"},"modified":"2025-12-25T09:12:18","modified_gmt":"2025-12-25T02:12:18","slug":"moc-101354-mp4-20-super-formula-racing-car-with-267-pcs","status":"publish","type":"product","link":"https:\/\/mouldking.store\/es\/shop\/moc-101354-mp4-20-super-formula-racing-car-with-267-pcs\/","title":{"rendered":"MOC-101354 MP4\/20 Super Formula Racing Car con 267 PCS"},"content":{"rendered":"<p>Informaci\u00f3n del Producto:<\/p>\n<ol>\n<li>Marca: MOC<\/li>\n<li>G\u00e9nero: Unisex<\/li>\n<li>Name: MP4\/20 Super Formula Racing Car<\/li>\n<li>Rango de edad: &gt; 6 a\u00f1os<\/li>\n<li>Model Number: 101354<\/li>\n<li>Clasificaci\u00f3n: Ensamblaje<\/li>\n<li>Forma de bloque de pl\u00e1stico: Ladrillos autoblocantes<\/li>\n<li>Material: Pl\u00e1stico<\/li>\n<li>Tipo de pl\u00e1stico: ABS<\/li>\n<li>Bricks Blocks:267 PCS<\/li>\n<li>Size: 27 x 17 x 7cm<\/li>\n<li>Peso: 300g<\/li>\n<li>Contiene instrucciones de montaje detalladas.<\/li>\n<\/ol>\n<p>Aviso:<br \/>\n1. Sin caja original, pero garantizamos que nuestros productos tienen garant\u00eda de calidad y un buen embalaje.<br \/>\n2. Como todas las piezas que hemos comprobado antes del env\u00edo, si encuentra que faltan piezas o est\u00e1n da\u00f1adas, no se preocupe y p\u00f3ngase en contacto con nosotros y podemos reenvi\u00e1rselas inmediatamente de forma gratuita.<\/p>\n<figure id=\"attachment_36933\" aria-describedby=\"caption-attachment-36933\" style=\"width: 1024px\" class=\"wp-caption aligncenter\"><img fetchpriority=\"high\" decoding=\"async\" class=\"wp-image-36933 size-large\" src=\"https:\/\/mouldking.store\/wp-content\/uploads\/2022\/12\/MOC-101354-Technic-MP420-Super-Formula-Racing-Car-MOC-FACTORY-1024x1024.png\" alt=\"MOC-101354 MP4\/20 Super Formula Racing Car With 267 PCS\" width=\"1024\" height=\"1024\" title=\"-\" srcset=\"https:\/\/mouldking.store\/wp-content\/uploads\/2022\/12\/MOC-101354-Technic-MP420-Super-Formula-Racing-Car-MOC-FACTORY-1024x1024.png 1024w, https:\/\/mouldking.store\/wp-content\/uploads\/2022\/12\/MOC-101354-Technic-MP420-Super-Formula-Racing-Car-MOC-FACTORY-300x300.png 300w, https:\/\/mouldking.store\/wp-content\/uploads\/2022\/12\/MOC-101354-Technic-MP420-Super-Formula-Racing-Car-MOC-FACTORY-768x768.png 768w, https:\/\/mouldking.store\/wp-content\/uploads\/2022\/12\/MOC-101354-Technic-MP420-Super-Formula-Racing-Car-MOC-FACTORY-600x600.png 600w, https:\/\/mouldking.store\/wp-content\/uploads\/2022\/12\/MOC-101354-Technic-MP420-Super-Formula-Racing-Car-MOC-FACTORY-150x150.png 150w, https:\/\/mouldking.store\/wp-content\/uploads\/2022\/12\/MOC-101354-Technic-MP420-Super-Formula-Racing-Car-MOC-FACTORY-60x60.png 60w, https:\/\/mouldking.store\/wp-content\/uploads\/2022\/12\/MOC-101354-Technic-MP420-Super-Formula-Racing-Car-MOC-FACTORY-90x90.png 90w, https:\/\/mouldking.store\/wp-content\/uploads\/2022\/12\/MOC-101354-Technic-MP420-Super-Formula-Racing-Car-MOC-FACTORY.png 1095w\" sizes=\"(max-width: 1024px) 100vw, 1024px\" \/><figcaption id=\"caption-attachment-36933\" class=\"wp-caption-text\">MOC-101354 MP4\/20 Super Formula Racing Car con 267 PCS<\/figcaption><\/figure>\n<figure id=\"attachment_36934\" aria-describedby=\"caption-attachment-36934\" style=\"width: 1024px\" class=\"wp-caption aligncenter\"><img decoding=\"async\" class=\"wp-image-36934 size-large\" src=\"https:\/\/mouldking.store\/wp-content\/uploads\/2022\/12\/authorized-moc-101354-mp-4-20-super-formu_main-5-1024x1024.jpg\" alt=\"MOC-101354 MP4\/20 Super Formula Racing Car With 267 PCS\" width=\"1024\" height=\"1024\" title=\"-\" srcset=\"https:\/\/mouldking.store\/wp-content\/uploads\/2022\/12\/authorized-moc-101354-mp-4-20-super-formu_main-5-1024x1024.jpg 1024w, https:\/\/mouldking.store\/wp-content\/uploads\/2022\/12\/authorized-moc-101354-mp-4-20-super-formu_main-5-300x300.jpg 300w, https:\/\/mouldking.store\/wp-content\/uploads\/2022\/12\/authorized-moc-101354-mp-4-20-super-formu_main-5-768x768.jpg 768w, https:\/\/mouldking.store\/wp-content\/uploads\/2022\/12\/authorized-moc-101354-mp-4-20-super-formu_main-5-600x600.jpg 600w, https:\/\/mouldking.store\/wp-content\/uploads\/2022\/12\/authorized-moc-101354-mp-4-20-super-formu_main-5-150x150.jpg 150w, https:\/\/mouldking.store\/wp-content\/uploads\/2022\/12\/authorized-moc-101354-mp-4-20-super-formu_main-5-60x60.jpg 60w, https:\/\/mouldking.store\/wp-content\/uploads\/2022\/12\/authorized-moc-101354-mp-4-20-super-formu_main-5-90x90.jpg 90w, https:\/\/mouldking.store\/wp-content\/uploads\/2022\/12\/authorized-moc-101354-mp-4-20-super-formu_main-5.jpg 1100w\" sizes=\"(max-width: 1024px) 100vw, 1024px\" \/><figcaption id=\"caption-attachment-36934\" class=\"wp-caption-text\">MOC-101354 MP4\/20 Super Formula Racing Car con 267 PCS<\/figcaption><\/figure>\n<figure id=\"attachment_36932\" aria-describedby=\"caption-attachment-36932\" style=\"width: 1024px\" class=\"wp-caption aligncenter\"><img decoding=\"async\" class=\"wp-image-36932 size-large\" src=\"https:\/\/mouldking.store\/wp-content\/uploads\/2022\/12\/authorized-moc-101354-mp-4-20-super-formu_main-0-1024x1024.jpg\" alt=\"MOC-101354 MP4\/20 Super Formula Racing Car With 267 PCS\" width=\"1024\" height=\"1024\" title=\"-\" srcset=\"https:\/\/mouldking.store\/wp-content\/uploads\/2022\/12\/authorized-moc-101354-mp-4-20-super-formu_main-0-1024x1024.jpg 1024w, https:\/\/mouldking.store\/wp-content\/uploads\/2022\/12\/authorized-moc-101354-mp-4-20-super-formu_main-0-300x300.jpg 300w, https:\/\/mouldking.store\/wp-content\/uploads\/2022\/12\/authorized-moc-101354-mp-4-20-super-formu_main-0-768x768.jpg 768w, https:\/\/mouldking.store\/wp-content\/uploads\/2022\/12\/authorized-moc-101354-mp-4-20-super-formu_main-0-600x600.jpg 600w, https:\/\/mouldking.store\/wp-content\/uploads\/2022\/12\/authorized-moc-101354-mp-4-20-super-formu_main-0-150x150.jpg 150w, https:\/\/mouldking.store\/wp-content\/uploads\/2022\/12\/authorized-moc-101354-mp-4-20-super-formu_main-0-60x60.jpg 60w, https:\/\/mouldking.store\/wp-content\/uploads\/2022\/12\/authorized-moc-101354-mp-4-20-super-formu_main-0-90x90.jpg 90w, https:\/\/mouldking.store\/wp-content\/uploads\/2022\/12\/authorized-moc-101354-mp-4-20-super-formu_main-0.jpg 1100w\" sizes=\"(max-width: 1024px) 100vw, 1024px\" \/><figcaption id=\"caption-attachment-36932\" class=\"wp-caption-text\">MOC-101354 MP4\/20 Super Formula Racing Car con 267 PCS<\/figcaption><\/figure>\n<figure id=\"attachment_36931\" aria-describedby=\"caption-attachment-36931\" style=\"width: 1024px\" class=\"wp-caption aligncenter\"><img loading=\"lazy\" decoding=\"async\" class=\"wp-image-36931 size-large\" src=\"https:\/\/mouldking.store\/wp-content\/uploads\/2022\/12\/authorized-moc-101354-mp-4-20-super-formu_main-1-1024x1024.jpg\" alt=\"MOC-101354 MP4\/20 Super Formula Racing Car With 267 PCS\" width=\"1024\" height=\"1024\" title=\"-\" srcset=\"https:\/\/mouldking.store\/wp-content\/uploads\/2022\/12\/authorized-moc-101354-mp-4-20-super-formu_main-1-1024x1024.jpg 1024w, https:\/\/mouldking.store\/wp-content\/uploads\/2022\/12\/authorized-moc-101354-mp-4-20-super-formu_main-1-300x300.jpg 300w, https:\/\/mouldking.store\/wp-content\/uploads\/2022\/12\/authorized-moc-101354-mp-4-20-super-formu_main-1-768x768.jpg 768w, https:\/\/mouldking.store\/wp-content\/uploads\/2022\/12\/authorized-moc-101354-mp-4-20-super-formu_main-1-600x600.jpg 600w, https:\/\/mouldking.store\/wp-content\/uploads\/2022\/12\/authorized-moc-101354-mp-4-20-super-formu_main-1-150x150.jpg 150w, https:\/\/mouldking.store\/wp-content\/uploads\/2022\/12\/authorized-moc-101354-mp-4-20-super-formu_main-1-60x60.jpg 60w, https:\/\/mouldking.store\/wp-content\/uploads\/2022\/12\/authorized-moc-101354-mp-4-20-super-formu_main-1-90x90.jpg 90w, https:\/\/mouldking.store\/wp-content\/uploads\/2022\/12\/authorized-moc-101354-mp-4-20-super-formu_main-1.jpg 1100w\" sizes=\"(max-width: 1024px) 100vw, 1024px\" \/><figcaption id=\"caption-attachment-36931\" class=\"wp-caption-text\">MOC-101354 MP4\/20 Super Formula Racing Car con 267 PCS<\/figcaption><\/figure>\n<figure id=\"attachment_36930\" aria-describedby=\"caption-attachment-36930\" style=\"width: 1024px\" class=\"wp-caption aligncenter\"><img loading=\"lazy\" decoding=\"async\" class=\"wp-image-36930 size-large\" src=\"https:\/\/mouldking.store\/wp-content\/uploads\/2022\/12\/authorized-moc-101354-mp-4-20-super-formu_main-2-1024x1024.jpg\" alt=\"MOC-101354 MP4\/20 Super Formula Racing Car With 267 PCS\" width=\"1024\" height=\"1024\" title=\"-\" srcset=\"https:\/\/mouldking.store\/wp-content\/uploads\/2022\/12\/authorized-moc-101354-mp-4-20-super-formu_main-2-1024x1024.jpg 1024w, https:\/\/mouldking.store\/wp-content\/uploads\/2022\/12\/authorized-moc-101354-mp-4-20-super-formu_main-2-300x300.jpg 300w, https:\/\/mouldking.store\/wp-content\/uploads\/2022\/12\/authorized-moc-101354-mp-4-20-super-formu_main-2-768x768.jpg 768w, https:\/\/mouldking.store\/wp-content\/uploads\/2022\/12\/authorized-moc-101354-mp-4-20-super-formu_main-2-600x600.jpg 600w, https:\/\/mouldking.store\/wp-content\/uploads\/2022\/12\/authorized-moc-101354-mp-4-20-super-formu_main-2-150x150.jpg 150w, https:\/\/mouldking.store\/wp-content\/uploads\/2022\/12\/authorized-moc-101354-mp-4-20-super-formu_main-2-60x60.jpg 60w, https:\/\/mouldking.store\/wp-content\/uploads\/2022\/12\/authorized-moc-101354-mp-4-20-super-formu_main-2-90x90.jpg 90w, https:\/\/mouldking.store\/wp-content\/uploads\/2022\/12\/authorized-moc-101354-mp-4-20-super-formu_main-2.jpg 1100w\" sizes=\"(max-width: 1024px) 100vw, 1024px\" \/><figcaption id=\"caption-attachment-36930\" class=\"wp-caption-text\">MOC-101354 MP4\/20 Super Formula Racing Car con 267 PCS<\/figcaption><\/figure>\n<figure id=\"attachment_36929\" aria-describedby=\"caption-attachment-36929\" style=\"width: 1024px\" class=\"wp-caption aligncenter\"><img loading=\"lazy\" decoding=\"async\" class=\"wp-image-36929 size-large\" src=\"https:\/\/mouldking.store\/wp-content\/uploads\/2022\/12\/authorized-moc-101354-mp-4-20-super-formu_main-3-1024x1024.jpg\" alt=\"MOC-101354 MP4\/20 Super Formula Racing Car With 267 PCS\" width=\"1024\" height=\"1024\" title=\"-\" srcset=\"https:\/\/mouldking.store\/wp-content\/uploads\/2022\/12\/authorized-moc-101354-mp-4-20-super-formu_main-3-1024x1024.jpg 1024w, https:\/\/mouldking.store\/wp-content\/uploads\/2022\/12\/authorized-moc-101354-mp-4-20-super-formu_main-3-300x300.jpg 300w, https:\/\/mouldking.store\/wp-content\/uploads\/2022\/12\/authorized-moc-101354-mp-4-20-super-formu_main-3-768x768.jpg 768w, https:\/\/mouldking.store\/wp-content\/uploads\/2022\/12\/authorized-moc-101354-mp-4-20-super-formu_main-3-600x600.jpg 600w, https:\/\/mouldking.store\/wp-content\/uploads\/2022\/12\/authorized-moc-101354-mp-4-20-super-formu_main-3-150x150.jpg 150w, https:\/\/mouldking.store\/wp-content\/uploads\/2022\/12\/authorized-moc-101354-mp-4-20-super-formu_main-3-60x60.jpg 60w, https:\/\/mouldking.store\/wp-content\/uploads\/2022\/12\/authorized-moc-101354-mp-4-20-super-formu_main-3-90x90.jpg 90w, https:\/\/mouldking.store\/wp-content\/uploads\/2022\/12\/authorized-moc-101354-mp-4-20-super-formu_main-3.jpg 1100w\" sizes=\"(max-width: 1024px) 100vw, 1024px\" \/><figcaption id=\"caption-attachment-36929\" class=\"wp-caption-text\">MOC-101354 MP4\/20 Super Formula Racing Car con 267 PCS<\/figcaption><\/figure>\n<figure id=\"attachment_36928\" aria-describedby=\"caption-attachment-36928\" style=\"width: 1024px\" class=\"wp-caption aligncenter\"><img loading=\"lazy\" decoding=\"async\" class=\"wp-image-36928 size-large\" src=\"https:\/\/mouldking.store\/wp-content\/uploads\/2022\/12\/authorized-moc-101354-mp-4-20-super-formu_main-4-1024x1024.jpg\" alt=\"MOC-101354 MP4\/20 Super Formula Racing Car With 267 PCS\" width=\"1024\" height=\"1024\" title=\"-\" srcset=\"https:\/\/mouldking.store\/wp-content\/uploads\/2022\/12\/authorized-moc-101354-mp-4-20-super-formu_main-4-1024x1024.jpg 1024w, https:\/\/mouldking.store\/wp-content\/uploads\/2022\/12\/authorized-moc-101354-mp-4-20-super-formu_main-4-300x300.jpg 300w, https:\/\/mouldking.store\/wp-content\/uploads\/2022\/12\/authorized-moc-101354-mp-4-20-super-formu_main-4-768x768.jpg 768w, https:\/\/mouldking.store\/wp-content\/uploads\/2022\/12\/authorized-moc-101354-mp-4-20-super-formu_main-4-600x600.jpg 600w, https:\/\/mouldking.store\/wp-content\/uploads\/2022\/12\/authorized-moc-101354-mp-4-20-super-formu_main-4-150x150.jpg 150w, https:\/\/mouldking.store\/wp-content\/uploads\/2022\/12\/authorized-moc-101354-mp-4-20-super-formu_main-4-60x60.jpg 60w, https:\/\/mouldking.store\/wp-content\/uploads\/2022\/12\/authorized-moc-101354-mp-4-20-super-formu_main-4-90x90.jpg 90w, https:\/\/mouldking.store\/wp-content\/uploads\/2022\/12\/authorized-moc-101354-mp-4-20-super-formu_main-4.jpg 1100w\" sizes=\"(max-width: 1024px) 100vw, 1024px\" \/><figcaption id=\"caption-attachment-36928\" class=\"wp-caption-text\">MOC-101354 MP4\/20 Super Formula Racing Car con 267 PCS<\/figcaption><\/figure>","protected":false},"excerpt":{"rendered":"<p>Organizar el tiempo: 4-8 semanas<\/p>","protected":false},"featured_media":36933,"comment_status":"closed","ping_status":"closed","template":"","meta":{"_acf_changed":false},"product_cat":[1357,1406,364],"product_tag":[8637,8641,8636,8638,8640,480,8639],"class_list":["product","first","instock","shipping-taxable","purchasable","product-type-simple"],"acf":[],"_links":{"self":[{"href":"https:\/\/mouldking.store\/es\/wp-json\/wp\/v2\/product\/36927","targetHints":{"allow":["GET"]}}],"collection":[{"href":"https:\/\/mouldking.store\/es\/wp-json\/wp\/v2\/product"}],"about":[{"href":"https:\/\/mouldking.store\/es\/wp-json\/wp\/v2\/types\/product"}],"replies":[{"embeddable":true,"href":"https:\/\/mouldking.store\/es\/wp-json\/wp\/v2\/comments?post=36927"}],"wp:featuredmedia":[{"embeddable":true,"href":"https:\/\/mouldking.store\/es\/wp-json\/wp\/v2\/media\/36933"}],"wp:attachment":[{"href":"https:\/\/mouldking.store\/es\/wp-json\/wp\/v2\/media?parent=36927"}],"wp:term":[{"taxonomy":"product_cat","embeddable":true,"href":"https:\/\/mouldking.store\/es\/wp-json\/wp\/v2\/product_cat?post=36927"},{"taxonomy":"product_tag","embeddable":true,"href":"https:\/\/mouldking.store\/es\/wp-json\/wp\/v2\/product_tag?post=36927"}],"curies":[{"name":"wp","href":"https:\/\/api.w.org\/{rel}","templated":true}]}}