{"id":37119,"date":"2022-12-01T17:26:43","date_gmt":"2022-12-01T10:26:43","guid":{"rendered":"https:\/\/mouldking.store\/?post_type=product&#038;p=37119"},"modified":"2025-12-25T09:12:16","modified_gmt":"2025-12-25T02:12:16","slug":"moc-121573-f14-tomcat-aircraft-with-2239-pieces","status":"publish","type":"product","link":"https:\/\/mouldking.store\/es\/shop\/moc-121573-f14-tomcat-aircraft-with-2239-pieces\/","title":{"rendered":"Avi\u00f3n MOC-121573 F14 Tomcat con 2239 piezas"},"content":{"rendered":"<p>Informaci\u00f3n del Producto:<\/p>\n<ol>\n<li>Marca: MOC<\/li>\n<li>G\u00e9nero: Unisex<\/li>\n<li>Name: F14 Tomcat Aircraft<\/li>\n<li>Rango de edad: &gt; 6 a\u00f1os<\/li>\n<li>Model Number: 121573<\/li>\n<li>Clasificaci\u00f3n: Ensamblaje<\/li>\n<li>Forma de bloque de pl\u00e1stico: Ladrillos autoblocantes<\/li>\n<li>Material: Pl\u00e1stico<\/li>\n<li>Tipo de pl\u00e1stico: ABS<\/li>\n<li>Bricks Blocks:2239 PCS<\/li>\n<li>Size: 48 x 35 x 10cm<\/li>\n<li>Weight: 1800g<\/li>\n<li>Contiene instrucciones de montaje detalladas.<\/li>\n<\/ol>\n<p>Aviso:<br \/>\n1. Sin caja original, pero garantizamos que nuestros productos tienen garant\u00eda de calidad y un buen embalaje.<br \/>\n2. Como todas las piezas que hemos comprobado antes del env\u00edo, si encuentra que faltan piezas o est\u00e1n da\u00f1adas, no se preocupe y p\u00f3ngase en contacto con nosotros y podemos reenvi\u00e1rselas inmediatamente de forma gratuita.<\/p>\n<figure id=\"attachment_37123\" aria-describedby=\"caption-attachment-37123\" style=\"width: 1024px\" class=\"wp-caption aligncenter\"><img fetchpriority=\"high\" decoding=\"async\" class=\"wp-image-37123 size-large\" src=\"https:\/\/mouldking.store\/wp-content\/uploads\/2022\/12\/MOC-121573-Military-F14-Tomcat-Aircraft-MOC-FACTORY-1024x1024.png\" alt=\"MOC-121573 F14 Tomcat Aircraft With 2239 Pieces\" width=\"1024\" height=\"1024\" title=\"-\" srcset=\"https:\/\/mouldking.store\/wp-content\/uploads\/2022\/12\/MOC-121573-Military-F14-Tomcat-Aircraft-MOC-FACTORY-1024x1024.png 1024w, https:\/\/mouldking.store\/wp-content\/uploads\/2022\/12\/MOC-121573-Military-F14-Tomcat-Aircraft-MOC-FACTORY-300x300.png 300w, https:\/\/mouldking.store\/wp-content\/uploads\/2022\/12\/MOC-121573-Military-F14-Tomcat-Aircraft-MOC-FACTORY-768x768.png 768w, https:\/\/mouldking.store\/wp-content\/uploads\/2022\/12\/MOC-121573-Military-F14-Tomcat-Aircraft-MOC-FACTORY-600x600.png 600w, https:\/\/mouldking.store\/wp-content\/uploads\/2022\/12\/MOC-121573-Military-F14-Tomcat-Aircraft-MOC-FACTORY-150x150.png 150w, https:\/\/mouldking.store\/wp-content\/uploads\/2022\/12\/MOC-121573-Military-F14-Tomcat-Aircraft-MOC-FACTORY-60x60.png 60w, https:\/\/mouldking.store\/wp-content\/uploads\/2022\/12\/MOC-121573-Military-F14-Tomcat-Aircraft-MOC-FACTORY-90x90.png 90w, https:\/\/mouldking.store\/wp-content\/uploads\/2022\/12\/MOC-121573-Military-F14-Tomcat-Aircraft-MOC-FACTORY.png 1095w\" sizes=\"(max-width: 1024px) 100vw, 1024px\" \/><figcaption id=\"caption-attachment-37123\" class=\"wp-caption-text\">Avi\u00f3n MOC-121573 F14 Tomcat con 2239 piezas<\/figcaption><\/figure>\n<figure id=\"attachment_37124\" aria-describedby=\"caption-attachment-37124\" style=\"width: 1024px\" class=\"wp-caption aligncenter\"><img decoding=\"async\" class=\"wp-image-37124 size-large\" src=\"https:\/\/mouldking.store\/wp-content\/uploads\/2022\/12\/authorized-moc-121573-f-14-tomcat-aircraf_main-5-1024x1024.jpg\" alt=\"MOC-121573 F14 Tomcat Aircraft With 2239 Pieces\" width=\"1024\" height=\"1024\" title=\"-\" srcset=\"https:\/\/mouldking.store\/wp-content\/uploads\/2022\/12\/authorized-moc-121573-f-14-tomcat-aircraf_main-5-1024x1024.jpg 1024w, https:\/\/mouldking.store\/wp-content\/uploads\/2022\/12\/authorized-moc-121573-f-14-tomcat-aircraf_main-5-300x300.jpg 300w, https:\/\/mouldking.store\/wp-content\/uploads\/2022\/12\/authorized-moc-121573-f-14-tomcat-aircraf_main-5-768x768.jpg 768w, https:\/\/mouldking.store\/wp-content\/uploads\/2022\/12\/authorized-moc-121573-f-14-tomcat-aircraf_main-5-600x600.jpg 600w, https:\/\/mouldking.store\/wp-content\/uploads\/2022\/12\/authorized-moc-121573-f-14-tomcat-aircraf_main-5-150x150.jpg 150w, https:\/\/mouldking.store\/wp-content\/uploads\/2022\/12\/authorized-moc-121573-f-14-tomcat-aircraf_main-5-60x60.jpg 60w, https:\/\/mouldking.store\/wp-content\/uploads\/2022\/12\/authorized-moc-121573-f-14-tomcat-aircraf_main-5-90x90.jpg 90w, https:\/\/mouldking.store\/wp-content\/uploads\/2022\/12\/authorized-moc-121573-f-14-tomcat-aircraf_main-5.jpg 1100w\" sizes=\"(max-width: 1024px) 100vw, 1024px\" \/><figcaption id=\"caption-attachment-37124\" class=\"wp-caption-text\">Avi\u00f3n MOC-121573 F14 Tomcat con 2239 piezas<\/figcaption><\/figure>\n<figure id=\"attachment_37125\" aria-describedby=\"caption-attachment-37125\" style=\"width: 1024px\" class=\"wp-caption aligncenter\"><img decoding=\"async\" class=\"wp-image-37125 size-large\" src=\"https:\/\/mouldking.store\/wp-content\/uploads\/2022\/12\/authorized-moc-121573-f-14-tomcat-aircraf_main-4-1024x1024.jpg\" alt=\"MOC-121573 F14 Tomcat Aircraft With 2239 Pieces\" width=\"1024\" height=\"1024\" title=\"-\" srcset=\"https:\/\/mouldking.store\/wp-content\/uploads\/2022\/12\/authorized-moc-121573-f-14-tomcat-aircraf_main-4-1024x1024.jpg 1024w, https:\/\/mouldking.store\/wp-content\/uploads\/2022\/12\/authorized-moc-121573-f-14-tomcat-aircraf_main-4-300x300.jpg 300w, https:\/\/mouldking.store\/wp-content\/uploads\/2022\/12\/authorized-moc-121573-f-14-tomcat-aircraf_main-4-768x768.jpg 768w, https:\/\/mouldking.store\/wp-content\/uploads\/2022\/12\/authorized-moc-121573-f-14-tomcat-aircraf_main-4-600x600.jpg 600w, https:\/\/mouldking.store\/wp-content\/uploads\/2022\/12\/authorized-moc-121573-f-14-tomcat-aircraf_main-4-150x150.jpg 150w, https:\/\/mouldking.store\/wp-content\/uploads\/2022\/12\/authorized-moc-121573-f-14-tomcat-aircraf_main-4-60x60.jpg 60w, https:\/\/mouldking.store\/wp-content\/uploads\/2022\/12\/authorized-moc-121573-f-14-tomcat-aircraf_main-4-90x90.jpg 90w, https:\/\/mouldking.store\/wp-content\/uploads\/2022\/12\/authorized-moc-121573-f-14-tomcat-aircraf_main-4.jpg 1100w\" sizes=\"(max-width: 1024px) 100vw, 1024px\" \/><figcaption id=\"caption-attachment-37125\" class=\"wp-caption-text\">Avi\u00f3n MOC-121573 F14 Tomcat con 2239 piezas<\/figcaption><\/figure>\n<figure id=\"attachment_37126\" aria-describedby=\"caption-attachment-37126\" style=\"width: 1024px\" class=\"wp-caption aligncenter\"><img loading=\"lazy\" decoding=\"async\" class=\"wp-image-37126 size-large\" src=\"https:\/\/mouldking.store\/wp-content\/uploads\/2022\/12\/authorized-moc-121573-f-14-tomcat-aircraf_main-3-1024x1024.jpg\" alt=\"MOC-121573 F14 Tomcat Aircraft With 2239 Pieces\" width=\"1024\" height=\"1024\" title=\"-\" srcset=\"https:\/\/mouldking.store\/wp-content\/uploads\/2022\/12\/authorized-moc-121573-f-14-tomcat-aircraf_main-3-1024x1024.jpg 1024w, https:\/\/mouldking.store\/wp-content\/uploads\/2022\/12\/authorized-moc-121573-f-14-tomcat-aircraf_main-3-300x300.jpg 300w, https:\/\/mouldking.store\/wp-content\/uploads\/2022\/12\/authorized-moc-121573-f-14-tomcat-aircraf_main-3-768x768.jpg 768w, https:\/\/mouldking.store\/wp-content\/uploads\/2022\/12\/authorized-moc-121573-f-14-tomcat-aircraf_main-3-600x600.jpg 600w, https:\/\/mouldking.store\/wp-content\/uploads\/2022\/12\/authorized-moc-121573-f-14-tomcat-aircraf_main-3-150x150.jpg 150w, https:\/\/mouldking.store\/wp-content\/uploads\/2022\/12\/authorized-moc-121573-f-14-tomcat-aircraf_main-3-60x60.jpg 60w, https:\/\/mouldking.store\/wp-content\/uploads\/2022\/12\/authorized-moc-121573-f-14-tomcat-aircraf_main-3-90x90.jpg 90w, https:\/\/mouldking.store\/wp-content\/uploads\/2022\/12\/authorized-moc-121573-f-14-tomcat-aircraf_main-3.jpg 1100w\" sizes=\"(max-width: 1024px) 100vw, 1024px\" \/><figcaption id=\"caption-attachment-37126\" class=\"wp-caption-text\">Avi\u00f3n MOC-121573 F14 Tomcat con 2239 piezas<\/figcaption><\/figure>\n<figure id=\"attachment_37120\" aria-describedby=\"caption-attachment-37120\" style=\"width: 1024px\" class=\"wp-caption aligncenter\"><img loading=\"lazy\" decoding=\"async\" class=\"wp-image-37120 size-large\" src=\"https:\/\/mouldking.store\/wp-content\/uploads\/2022\/12\/authorized-moc-121573-f-14-tomcat-aircraf_main-2-1024x1024.jpg\" alt=\"MOC-121573 F14 Tomcat Aircraft With 2239 Pieces\" width=\"1024\" height=\"1024\" title=\"-\" srcset=\"https:\/\/mouldking.store\/wp-content\/uploads\/2022\/12\/authorized-moc-121573-f-14-tomcat-aircraf_main-2-1024x1024.jpg 1024w, https:\/\/mouldking.store\/wp-content\/uploads\/2022\/12\/authorized-moc-121573-f-14-tomcat-aircraf_main-2-300x300.jpg 300w, https:\/\/mouldking.store\/wp-content\/uploads\/2022\/12\/authorized-moc-121573-f-14-tomcat-aircraf_main-2-768x768.jpg 768w, https:\/\/mouldking.store\/wp-content\/uploads\/2022\/12\/authorized-moc-121573-f-14-tomcat-aircraf_main-2-600x600.jpg 600w, https:\/\/mouldking.store\/wp-content\/uploads\/2022\/12\/authorized-moc-121573-f-14-tomcat-aircraf_main-2-150x150.jpg 150w, https:\/\/mouldking.store\/wp-content\/uploads\/2022\/12\/authorized-moc-121573-f-14-tomcat-aircraf_main-2-60x60.jpg 60w, https:\/\/mouldking.store\/wp-content\/uploads\/2022\/12\/authorized-moc-121573-f-14-tomcat-aircraf_main-2-90x90.jpg 90w, https:\/\/mouldking.store\/wp-content\/uploads\/2022\/12\/authorized-moc-121573-f-14-tomcat-aircraf_main-2.jpg 1100w\" sizes=\"(max-width: 1024px) 100vw, 1024px\" \/><figcaption id=\"caption-attachment-37120\" class=\"wp-caption-text\">Avi\u00f3n MOC-121573 F14 Tomcat con 2239 piezas<\/figcaption><\/figure>\n<figure id=\"attachment_37122\" aria-describedby=\"caption-attachment-37122\" style=\"width: 1024px\" class=\"wp-caption aligncenter\"><img loading=\"lazy\" decoding=\"async\" class=\"wp-image-37122 size-large\" src=\"https:\/\/mouldking.store\/wp-content\/uploads\/2022\/12\/authorized-moc-121573-f-14-tomcat-aircraf_main-0-1024x1024.jpg\" alt=\"MOC-121573 F14 Tomcat Aircraft With 2239 Pieces\" width=\"1024\" height=\"1024\" title=\"-\" srcset=\"https:\/\/mouldking.store\/wp-content\/uploads\/2022\/12\/authorized-moc-121573-f-14-tomcat-aircraf_main-0-1024x1024.jpg 1024w, https:\/\/mouldking.store\/wp-content\/uploads\/2022\/12\/authorized-moc-121573-f-14-tomcat-aircraf_main-0-300x300.jpg 300w, https:\/\/mouldking.store\/wp-content\/uploads\/2022\/12\/authorized-moc-121573-f-14-tomcat-aircraf_main-0-768x768.jpg 768w, https:\/\/mouldking.store\/wp-content\/uploads\/2022\/12\/authorized-moc-121573-f-14-tomcat-aircraf_main-0-600x600.jpg 600w, https:\/\/mouldking.store\/wp-content\/uploads\/2022\/12\/authorized-moc-121573-f-14-tomcat-aircraf_main-0-150x150.jpg 150w, https:\/\/mouldking.store\/wp-content\/uploads\/2022\/12\/authorized-moc-121573-f-14-tomcat-aircraf_main-0-60x60.jpg 60w, https:\/\/mouldking.store\/wp-content\/uploads\/2022\/12\/authorized-moc-121573-f-14-tomcat-aircraf_main-0-90x90.jpg 90w, https:\/\/mouldking.store\/wp-content\/uploads\/2022\/12\/authorized-moc-121573-f-14-tomcat-aircraf_main-0.jpg 1100w\" sizes=\"(max-width: 1024px) 100vw, 1024px\" \/><figcaption id=\"caption-attachment-37122\" class=\"wp-caption-text\">Avi\u00f3n MOC-121573 F14 Tomcat con 2239 piezas<\/figcaption><\/figure>\n<figure id=\"attachment_37121\" aria-describedby=\"caption-attachment-37121\" style=\"width: 1024px\" class=\"wp-caption aligncenter\"><img loading=\"lazy\" decoding=\"async\" class=\"wp-image-37121 size-large\" src=\"https:\/\/mouldking.store\/wp-content\/uploads\/2022\/12\/authorized-moc-121573-f-14-tomcat-aircraf_main-1-1024x1024.jpg\" alt=\"MOC-121573 F14 Tomcat Aircraft With 2239 Pieces\" width=\"1024\" height=\"1024\" title=\"-\" srcset=\"https:\/\/mouldking.store\/wp-content\/uploads\/2022\/12\/authorized-moc-121573-f-14-tomcat-aircraf_main-1-1024x1024.jpg 1024w, https:\/\/mouldking.store\/wp-content\/uploads\/2022\/12\/authorized-moc-121573-f-14-tomcat-aircraf_main-1-300x300.jpg 300w, https:\/\/mouldking.store\/wp-content\/uploads\/2022\/12\/authorized-moc-121573-f-14-tomcat-aircraf_main-1-768x768.jpg 768w, https:\/\/mouldking.store\/wp-content\/uploads\/2022\/12\/authorized-moc-121573-f-14-tomcat-aircraf_main-1-600x600.jpg 600w, https:\/\/mouldking.store\/wp-content\/uploads\/2022\/12\/authorized-moc-121573-f-14-tomcat-aircraf_main-1-150x150.jpg 150w, https:\/\/mouldking.store\/wp-content\/uploads\/2022\/12\/authorized-moc-121573-f-14-tomcat-aircraf_main-1-60x60.jpg 60w, https:\/\/mouldking.store\/wp-content\/uploads\/2022\/12\/authorized-moc-121573-f-14-tomcat-aircraf_main-1-90x90.jpg 90w, https:\/\/mouldking.store\/wp-content\/uploads\/2022\/12\/authorized-moc-121573-f-14-tomcat-aircraf_main-1.jpg 1100w\" sizes=\"(max-width: 1024px) 100vw, 1024px\" \/><figcaption id=\"caption-attachment-37121\" class=\"wp-caption-text\">Avi\u00f3n MOC-121573 F14 Tomcat con 2239 piezas<\/figcaption><\/figure>","protected":false},"excerpt":{"rendered":"<p>Organizar el tiempo: 4-8 semanas<\/p>","protected":false},"featured_media":37123,"comment_status":"closed","ping_status":"closed","template":"","meta":{"_acf_changed":false},"product_cat":[1350,1406,372],"product_tag":[5271,8774,8771,8775,8770,8772,8773],"class_list":["product","first","instock","shipping-taxable","purchasable","product-type-simple"],"acf":[],"_links":{"self":[{"href":"https:\/\/mouldking.store\/es\/wp-json\/wp\/v2\/product\/37119","targetHints":{"allow":["GET"]}}],"collection":[{"href":"https:\/\/mouldking.store\/es\/wp-json\/wp\/v2\/product"}],"about":[{"href":"https:\/\/mouldking.store\/es\/wp-json\/wp\/v2\/types\/product"}],"replies":[{"embeddable":true,"href":"https:\/\/mouldking.store\/es\/wp-json\/wp\/v2\/comments?post=37119"}],"wp:featuredmedia":[{"embeddable":true,"href":"https:\/\/mouldking.store\/es\/wp-json\/wp\/v2\/media\/37123"}],"wp:attachment":[{"href":"https:\/\/mouldking.store\/es\/wp-json\/wp\/v2\/media?parent=37119"}],"wp:term":[{"taxonomy":"product_cat","embeddable":true,"href":"https:\/\/mouldking.store\/es\/wp-json\/wp\/v2\/product_cat?post=37119"},{"taxonomy":"product_tag","embeddable":true,"href":"https:\/\/mouldking.store\/es\/wp-json\/wp\/v2\/product_tag?post=37119"}],"curies":[{"name":"wp","href":"https:\/\/api.w.org\/{rel}","templated":true}]}}