{"id":37317,"date":"2022-12-02T12:07:13","date_gmt":"2022-12-02T05:07:13","guid":{"rendered":"https:\/\/mouldking.store\/?post_type=product&#038;p=37317"},"modified":"2025-12-25T09:12:13","modified_gmt":"2025-12-25T02:12:13","slug":"moc-124794-medieval-harbor-castle-with-2053-pieces","status":"publish","type":"product","link":"https:\/\/mouldking.store\/es\/shop\/moc-124794-medieval-harbor-castle-with-2053-pieces\/","title":{"rendered":"MOC-124794 Castillo del puerto medieval con 2053 piezas"},"content":{"rendered":"<p>Informaci\u00f3n del Producto:<\/p>\n<ol>\n<li>Marca: MOC<\/li>\n<li>G\u00e9nero: Unisex<\/li>\n<li>Name: Medieval Harbor Castle<\/li>\n<li>Rango de edad: &gt; 6 a\u00f1os<\/li>\n<li>Model Number: 124794<\/li>\n<li>Clasificaci\u00f3n: Ensamblaje<\/li>\n<li>Forma de bloque de pl\u00e1stico: Ladrillos autoblocantes<\/li>\n<li>Material: Pl\u00e1stico<\/li>\n<li>Tipo de pl\u00e1stico: ABS<\/li>\n<li>Bricks Blocks:2053 PCS<\/li>\n<li>Size: 26.8 x 27 x 23.2cm<\/li>\n<li>Weight: 1720g<\/li>\n<li>Contiene instrucciones de montaje detalladas.<\/li>\n<\/ol>\n<p>Aviso:<br \/>\n1. Sin caja original, pero garantizamos que nuestros productos tienen garant\u00eda de calidad y un buen embalaje.<br \/>\n2. Como todas las piezas que hemos comprobado antes del env\u00edo, si encuentra que faltan piezas o est\u00e1n da\u00f1adas, no se preocupe y p\u00f3ngase en contacto con nosotros y podemos reenvi\u00e1rselas inmediatamente de forma gratuita.<\/p>\n<figure id=\"attachment_37320\" aria-describedby=\"caption-attachment-37320\" style=\"width: 1004px\" class=\"wp-caption aligncenter\"><img fetchpriority=\"high\" decoding=\"async\" class=\"wp-image-37320 size-full\" src=\"https:\/\/mouldking.store\/wp-content\/uploads\/2022\/12\/MOC-124794-Modular-Building-Medieval-Harbor-Castle-MOC-FACTORY-Copy.png\" alt=\"MOC-124794 Medieval Harbor Castle With 2053 Pieces\" width=\"1004\" height=\"1004\" title=\"-\" srcset=\"https:\/\/mouldking.store\/wp-content\/uploads\/2022\/12\/MOC-124794-Modular-Building-Medieval-Harbor-Castle-MOC-FACTORY-Copy.png 1004w, https:\/\/mouldking.store\/wp-content\/uploads\/2022\/12\/MOC-124794-Modular-Building-Medieval-Harbor-Castle-MOC-FACTORY-Copy-300x300.png 300w, https:\/\/mouldking.store\/wp-content\/uploads\/2022\/12\/MOC-124794-Modular-Building-Medieval-Harbor-Castle-MOC-FACTORY-Copy-768x768.png 768w, https:\/\/mouldking.store\/wp-content\/uploads\/2022\/12\/MOC-124794-Modular-Building-Medieval-Harbor-Castle-MOC-FACTORY-Copy-600x600.png 600w, https:\/\/mouldking.store\/wp-content\/uploads\/2022\/12\/MOC-124794-Modular-Building-Medieval-Harbor-Castle-MOC-FACTORY-Copy-150x150.png 150w, https:\/\/mouldking.store\/wp-content\/uploads\/2022\/12\/MOC-124794-Modular-Building-Medieval-Harbor-Castle-MOC-FACTORY-Copy-60x60.png 60w, https:\/\/mouldking.store\/wp-content\/uploads\/2022\/12\/MOC-124794-Modular-Building-Medieval-Harbor-Castle-MOC-FACTORY-Copy-90x90.png 90w\" sizes=\"(max-width: 1004px) 100vw, 1004px\" \/><figcaption id=\"caption-attachment-37320\" class=\"wp-caption-text\">MOC-124794 Castillo del puerto medieval con 2053 piezas<\/figcaption><\/figure>\n<figure id=\"attachment_37321\" aria-describedby=\"caption-attachment-37321\" style=\"width: 1024px\" class=\"wp-caption aligncenter\"><img decoding=\"async\" class=\"wp-image-37321 size-large\" src=\"https:\/\/mouldking.store\/wp-content\/uploads\/2022\/12\/authorized-moc-124794-medieval-harbor-ca_main-4-1024x1024.jpg\" alt=\"MOC-124794 Medieval Harbor Castle With 2053 Pieces\" width=\"1024\" height=\"1024\" title=\"-\" srcset=\"https:\/\/mouldking.store\/wp-content\/uploads\/2022\/12\/authorized-moc-124794-medieval-harbor-ca_main-4-1024x1024.jpg 1024w, https:\/\/mouldking.store\/wp-content\/uploads\/2022\/12\/authorized-moc-124794-medieval-harbor-ca_main-4-300x300.jpg 300w, https:\/\/mouldking.store\/wp-content\/uploads\/2022\/12\/authorized-moc-124794-medieval-harbor-ca_main-4-768x768.jpg 768w, https:\/\/mouldking.store\/wp-content\/uploads\/2022\/12\/authorized-moc-124794-medieval-harbor-ca_main-4-600x600.jpg 600w, https:\/\/mouldking.store\/wp-content\/uploads\/2022\/12\/authorized-moc-124794-medieval-harbor-ca_main-4-150x150.jpg 150w, https:\/\/mouldking.store\/wp-content\/uploads\/2022\/12\/authorized-moc-124794-medieval-harbor-ca_main-4-60x60.jpg 60w, https:\/\/mouldking.store\/wp-content\/uploads\/2022\/12\/authorized-moc-124794-medieval-harbor-ca_main-4-90x90.jpg 90w, https:\/\/mouldking.store\/wp-content\/uploads\/2022\/12\/authorized-moc-124794-medieval-harbor-ca_main-4.jpg 1100w\" sizes=\"(max-width: 1024px) 100vw, 1024px\" \/><figcaption id=\"caption-attachment-37321\" class=\"wp-caption-text\">MOC-124794 Castillo del puerto medieval con 2053 piezas<\/figcaption><\/figure>\n<figure id=\"attachment_37322\" aria-describedby=\"caption-attachment-37322\" style=\"width: 1024px\" class=\"wp-caption aligncenter\"><img decoding=\"async\" class=\"wp-image-37322 size-large\" src=\"https:\/\/mouldking.store\/wp-content\/uploads\/2022\/12\/authorized-moc-124794-medieval-harbor-ca_main-3-1024x1024.jpg\" alt=\"MOC-124794 Medieval Harbor Castle With 2053 Pieces\" width=\"1024\" height=\"1024\" title=\"-\" srcset=\"https:\/\/mouldking.store\/wp-content\/uploads\/2022\/12\/authorized-moc-124794-medieval-harbor-ca_main-3-1024x1024.jpg 1024w, https:\/\/mouldking.store\/wp-content\/uploads\/2022\/12\/authorized-moc-124794-medieval-harbor-ca_main-3-300x300.jpg 300w, https:\/\/mouldking.store\/wp-content\/uploads\/2022\/12\/authorized-moc-124794-medieval-harbor-ca_main-3-768x768.jpg 768w, https:\/\/mouldking.store\/wp-content\/uploads\/2022\/12\/authorized-moc-124794-medieval-harbor-ca_main-3-600x600.jpg 600w, https:\/\/mouldking.store\/wp-content\/uploads\/2022\/12\/authorized-moc-124794-medieval-harbor-ca_main-3-150x150.jpg 150w, https:\/\/mouldking.store\/wp-content\/uploads\/2022\/12\/authorized-moc-124794-medieval-harbor-ca_main-3-60x60.jpg 60w, https:\/\/mouldking.store\/wp-content\/uploads\/2022\/12\/authorized-moc-124794-medieval-harbor-ca_main-3-90x90.jpg 90w, https:\/\/mouldking.store\/wp-content\/uploads\/2022\/12\/authorized-moc-124794-medieval-harbor-ca_main-3.jpg 1100w\" sizes=\"(max-width: 1024px) 100vw, 1024px\" \/><figcaption id=\"caption-attachment-37322\" class=\"wp-caption-text\">MOC-124794 Castillo del puerto medieval con 2053 piezas<\/figcaption><\/figure>\n<figure id=\"attachment_37323\" aria-describedby=\"caption-attachment-37323\" style=\"width: 1100px\" class=\"wp-caption aligncenter\"><img loading=\"lazy\" decoding=\"async\" class=\"wp-image-37323 size-full\" src=\"https:\/\/mouldking.store\/wp-content\/uploads\/2022\/12\/authorized-moc-124794-medieval-harbor-ca_main-2.jpg\" alt=\"MOC-124794 Medieval Harbor Castle With 2053 Pieces\" width=\"1100\" height=\"1100\" title=\"-\" srcset=\"https:\/\/mouldking.store\/wp-content\/uploads\/2022\/12\/authorized-moc-124794-medieval-harbor-ca_main-2.jpg 1100w, https:\/\/mouldking.store\/wp-content\/uploads\/2022\/12\/authorized-moc-124794-medieval-harbor-ca_main-2-300x300.jpg 300w, https:\/\/mouldking.store\/wp-content\/uploads\/2022\/12\/authorized-moc-124794-medieval-harbor-ca_main-2-1024x1024.jpg 1024w, https:\/\/mouldking.store\/wp-content\/uploads\/2022\/12\/authorized-moc-124794-medieval-harbor-ca_main-2-768x768.jpg 768w, https:\/\/mouldking.store\/wp-content\/uploads\/2022\/12\/authorized-moc-124794-medieval-harbor-ca_main-2-600x600.jpg 600w, https:\/\/mouldking.store\/wp-content\/uploads\/2022\/12\/authorized-moc-124794-medieval-harbor-ca_main-2-150x150.jpg 150w, https:\/\/mouldking.store\/wp-content\/uploads\/2022\/12\/authorized-moc-124794-medieval-harbor-ca_main-2-60x60.jpg 60w, https:\/\/mouldking.store\/wp-content\/uploads\/2022\/12\/authorized-moc-124794-medieval-harbor-ca_main-2-90x90.jpg 90w\" sizes=\"(max-width: 1100px) 100vw, 1100px\" \/><figcaption id=\"caption-attachment-37323\" class=\"wp-caption-text\">MOC-124794 Castillo del puerto medieval con 2053 piezas<\/figcaption><\/figure>\n<figure id=\"attachment_37319\" aria-describedby=\"caption-attachment-37319\" style=\"width: 1024px\" class=\"wp-caption aligncenter\"><img loading=\"lazy\" decoding=\"async\" class=\"wp-image-37319 size-large\" src=\"https:\/\/mouldking.store\/wp-content\/uploads\/2022\/12\/authorized-moc-124794-medieval-harbor-ca_main-0-1024x1024.jpg\" alt=\"MOC-124794 Medieval Harbor Castle With 2053 Pieces\" width=\"1024\" height=\"1024\" title=\"-\" srcset=\"https:\/\/mouldking.store\/wp-content\/uploads\/2022\/12\/authorized-moc-124794-medieval-harbor-ca_main-0-1024x1024.jpg 1024w, https:\/\/mouldking.store\/wp-content\/uploads\/2022\/12\/authorized-moc-124794-medieval-harbor-ca_main-0-300x300.jpg 300w, https:\/\/mouldking.store\/wp-content\/uploads\/2022\/12\/authorized-moc-124794-medieval-harbor-ca_main-0-768x768.jpg 768w, https:\/\/mouldking.store\/wp-content\/uploads\/2022\/12\/authorized-moc-124794-medieval-harbor-ca_main-0-600x600.jpg 600w, https:\/\/mouldking.store\/wp-content\/uploads\/2022\/12\/authorized-moc-124794-medieval-harbor-ca_main-0-150x150.jpg 150w, https:\/\/mouldking.store\/wp-content\/uploads\/2022\/12\/authorized-moc-124794-medieval-harbor-ca_main-0-60x60.jpg 60w, https:\/\/mouldking.store\/wp-content\/uploads\/2022\/12\/authorized-moc-124794-medieval-harbor-ca_main-0-90x90.jpg 90w, https:\/\/mouldking.store\/wp-content\/uploads\/2022\/12\/authorized-moc-124794-medieval-harbor-ca_main-0.jpg 1100w\" sizes=\"(max-width: 1024px) 100vw, 1024px\" \/><figcaption id=\"caption-attachment-37319\" class=\"wp-caption-text\">MOC-124794 Castillo del puerto medieval con 2053 piezas<\/figcaption><\/figure>\n<figure id=\"attachment_37318\" aria-describedby=\"caption-attachment-37318\" style=\"width: 1024px\" class=\"wp-caption aligncenter\"><img loading=\"lazy\" decoding=\"async\" class=\"wp-image-37318 size-large\" src=\"https:\/\/mouldking.store\/wp-content\/uploads\/2022\/12\/authorized-moc-124794-medieval-harbor-ca_main-1-1024x1024.jpg\" alt=\"MOC-124794 Medieval Harbor Castle With 2053 Pieces\" width=\"1024\" height=\"1024\" title=\"-\" srcset=\"https:\/\/mouldking.store\/wp-content\/uploads\/2022\/12\/authorized-moc-124794-medieval-harbor-ca_main-1-1024x1024.jpg 1024w, https:\/\/mouldking.store\/wp-content\/uploads\/2022\/12\/authorized-moc-124794-medieval-harbor-ca_main-1-300x300.jpg 300w, https:\/\/mouldking.store\/wp-content\/uploads\/2022\/12\/authorized-moc-124794-medieval-harbor-ca_main-1-768x768.jpg 768w, https:\/\/mouldking.store\/wp-content\/uploads\/2022\/12\/authorized-moc-124794-medieval-harbor-ca_main-1-600x600.jpg 600w, https:\/\/mouldking.store\/wp-content\/uploads\/2022\/12\/authorized-moc-124794-medieval-harbor-ca_main-1-150x150.jpg 150w, https:\/\/mouldking.store\/wp-content\/uploads\/2022\/12\/authorized-moc-124794-medieval-harbor-ca_main-1-60x60.jpg 60w, https:\/\/mouldking.store\/wp-content\/uploads\/2022\/12\/authorized-moc-124794-medieval-harbor-ca_main-1-90x90.jpg 90w, https:\/\/mouldking.store\/wp-content\/uploads\/2022\/12\/authorized-moc-124794-medieval-harbor-ca_main-1.jpg 1100w\" sizes=\"(max-width: 1024px) 100vw, 1024px\" \/><figcaption id=\"caption-attachment-37318\" class=\"wp-caption-text\">MOC-124794 Castillo del puerto medieval con 2053 piezas<\/figcaption><\/figure>","protected":false},"excerpt":{"rendered":"<p>Organizar el tiempo: 4-8 semanas<\/p>","protected":false},"featured_media":37320,"comment_status":"closed","ping_status":"closed","template":"","meta":{"_acf_changed":false},"product_cat":[1395,1406,390],"product_tag":[787,8941,8942,4996,8943,8940,8944,8939],"class_list":["product","first","instock","shipping-taxable","purchasable","product-type-simple"],"acf":[],"_links":{"self":[{"href":"https:\/\/mouldking.store\/es\/wp-json\/wp\/v2\/product\/37317","targetHints":{"allow":["GET"]}}],"collection":[{"href":"https:\/\/mouldking.store\/es\/wp-json\/wp\/v2\/product"}],"about":[{"href":"https:\/\/mouldking.store\/es\/wp-json\/wp\/v2\/types\/product"}],"replies":[{"embeddable":true,"href":"https:\/\/mouldking.store\/es\/wp-json\/wp\/v2\/comments?post=37317"}],"wp:featuredmedia":[{"embeddable":true,"href":"https:\/\/mouldking.store\/es\/wp-json\/wp\/v2\/media\/37320"}],"wp:attachment":[{"href":"https:\/\/mouldking.store\/es\/wp-json\/wp\/v2\/media?parent=37317"}],"wp:term":[{"taxonomy":"product_cat","embeddable":true,"href":"https:\/\/mouldking.store\/es\/wp-json\/wp\/v2\/product_cat?post=37317"},{"taxonomy":"product_tag","embeddable":true,"href":"https:\/\/mouldking.store\/es\/wp-json\/wp\/v2\/product_tag?post=37317"}],"curies":[{"name":"wp","href":"https:\/\/api.w.org\/{rel}","templated":true}]}}