{"id":37482,"date":"2022-12-07T09:39:40","date_gmt":"2022-12-07T02:39:40","guid":{"rendered":"https:\/\/mouldking.store\/?post_type=product&#038;p=37482"},"modified":"2022-12-07T09:39:40","modified_gmt":"2022-12-07T02:39:40","slug":"cada-c66008-london-underground-station-with-1836-pieces","status":"publish","type":"product","link":"https:\/\/mouldking.store\/es\/shop\/cada-c66008-london-underground-station-with-1836-pieces\/","title":{"rendered":"CaDa C66008 Estaci\u00f3n de metro de Londres con 1836 piezas"},"content":{"rendered":"<p>Informaci\u00f3n del Producto:<\/p>\n<ol>\n<li>Marca: CADA<\/li>\n<li>G\u00e9nero: Unisex<\/li>\n<li>Nombre: Estaci\u00f3n de metro de Londres<\/li>\n<li>Rango de edad: &gt; 6 a\u00f1os<\/li>\n<li>N\u00famero de modelo: C66008<\/li>\n<li>Clasificaci\u00f3n: Ensamblaje<\/li>\n<li>Forma de bloque de pl\u00e1stico: Ladrillos autoblocantes<\/li>\n<li>Material: Pl\u00e1stico<\/li>\n<li>Tipo de pl\u00e1stico: ABS<\/li>\n<li>Bloques de ladrillos: 1836 PCS<\/li>\n<li>Tama\u00f1o: 26,4 \u00d7 19,2 \u00d7 18,6 cm<\/li>\n<li>Contiene instrucciones de montaje detalladas.<\/li>\n<\/ol>\n<p>Aviso:<br \/>\n1. Sin caja original, pero garantizamos que nuestros productos tienen garant\u00eda de calidad y un buen embalaje.<br \/>\n2. Como todas las piezas que hemos comprobado antes del env\u00edo, si encuentra que faltan piezas o est\u00e1n da\u00f1adas, no se preocupe y p\u00f3ngase en contacto con nosotros y podemos reenvi\u00e1rselas inmediatamente de forma gratuita.<\/p>\n<figure id=\"attachment_37483\" aria-describedby=\"caption-attachment-37483\" style=\"width: 800px\" class=\"wp-caption aligncenter\"><img fetchpriority=\"high\" decoding=\"async\" class=\"wp-image-37483 size-full\" src=\"https:\/\/mouldking.store\/wp-content\/uploads\/2022\/12\/London-Underground-Station-CaDa-C66008-6.jpg\" alt=\"CaDa C66008 London Underground Station With 1836 Pieces\" width=\"800\" height=\"800\" title=\"-\" srcset=\"https:\/\/mouldking.store\/wp-content\/uploads\/2022\/12\/London-Underground-Station-CaDa-C66008-6.jpg 800w, https:\/\/mouldking.store\/wp-content\/uploads\/2022\/12\/London-Underground-Station-CaDa-C66008-6-300x300.jpg 300w, https:\/\/mouldking.store\/wp-content\/uploads\/2022\/12\/London-Underground-Station-CaDa-C66008-6-768x768.jpg 768w, https:\/\/mouldking.store\/wp-content\/uploads\/2022\/12\/London-Underground-Station-CaDa-C66008-6-600x600.jpg 600w, https:\/\/mouldking.store\/wp-content\/uploads\/2022\/12\/London-Underground-Station-CaDa-C66008-6-150x150.jpg 150w, https:\/\/mouldking.store\/wp-content\/uploads\/2022\/12\/London-Underground-Station-CaDa-C66008-6-60x60.jpg 60w, https:\/\/mouldking.store\/wp-content\/uploads\/2022\/12\/London-Underground-Station-CaDa-C66008-6-90x90.jpg 90w\" sizes=\"(max-width: 800px) 100vw, 800px\" \/><figcaption id=\"caption-attachment-37483\" class=\"wp-caption-text\">CaDa C66008 Estaci\u00f3n de metro de Londres con 1836 piezas<\/figcaption><\/figure>\n<figure id=\"attachment_37484\" aria-describedby=\"caption-attachment-37484\" style=\"width: 800px\" class=\"wp-caption aligncenter\"><img decoding=\"async\" class=\"wp-image-37484 size-full\" src=\"https:\/\/mouldking.store\/wp-content\/uploads\/2022\/12\/London-Underground-Station-CaDa-C66008-5.jpg\" alt=\"CaDa C66008 London Underground Station With 1836 Pieces\" width=\"800\" height=\"800\" title=\"-\" srcset=\"https:\/\/mouldking.store\/wp-content\/uploads\/2022\/12\/London-Underground-Station-CaDa-C66008-5.jpg 800w, https:\/\/mouldking.store\/wp-content\/uploads\/2022\/12\/London-Underground-Station-CaDa-C66008-5-300x300.jpg 300w, https:\/\/mouldking.store\/wp-content\/uploads\/2022\/12\/London-Underground-Station-CaDa-C66008-5-768x768.jpg 768w, https:\/\/mouldking.store\/wp-content\/uploads\/2022\/12\/London-Underground-Station-CaDa-C66008-5-600x600.jpg 600w, https:\/\/mouldking.store\/wp-content\/uploads\/2022\/12\/London-Underground-Station-CaDa-C66008-5-150x150.jpg 150w, https:\/\/mouldking.store\/wp-content\/uploads\/2022\/12\/London-Underground-Station-CaDa-C66008-5-60x60.jpg 60w, https:\/\/mouldking.store\/wp-content\/uploads\/2022\/12\/London-Underground-Station-CaDa-C66008-5-90x90.jpg 90w\" sizes=\"(max-width: 800px) 100vw, 800px\" \/><figcaption id=\"caption-attachment-37484\" class=\"wp-caption-text\">CaDa C66008 Estaci\u00f3n de metro de Londres con 1836 piezas<\/figcaption><\/figure>\n<figure id=\"attachment_37485\" aria-describedby=\"caption-attachment-37485\" style=\"width: 800px\" class=\"wp-caption alignnone\"><img decoding=\"async\" class=\"wp-image-37485 size-full\" src=\"https:\/\/mouldking.store\/wp-content\/uploads\/2022\/12\/London-Underground-Station-CaDa-C66008-4.jpg\" alt=\"CaDa C66008 London Underground Station With 1836 Pieces\" width=\"800\" height=\"800\" title=\"-\" srcset=\"https:\/\/mouldking.store\/wp-content\/uploads\/2022\/12\/London-Underground-Station-CaDa-C66008-4.jpg 800w, https:\/\/mouldking.store\/wp-content\/uploads\/2022\/12\/London-Underground-Station-CaDa-C66008-4-300x300.jpg 300w, https:\/\/mouldking.store\/wp-content\/uploads\/2022\/12\/London-Underground-Station-CaDa-C66008-4-768x768.jpg 768w, https:\/\/mouldking.store\/wp-content\/uploads\/2022\/12\/London-Underground-Station-CaDa-C66008-4-600x600.jpg 600w, https:\/\/mouldking.store\/wp-content\/uploads\/2022\/12\/London-Underground-Station-CaDa-C66008-4-150x150.jpg 150w, https:\/\/mouldking.store\/wp-content\/uploads\/2022\/12\/London-Underground-Station-CaDa-C66008-4-60x60.jpg 60w, https:\/\/mouldking.store\/wp-content\/uploads\/2022\/12\/London-Underground-Station-CaDa-C66008-4-90x90.jpg 90w\" sizes=\"(max-width: 800px) 100vw, 800px\" \/><figcaption id=\"caption-attachment-37485\" class=\"wp-caption-text\">CaDa C66008 Estaci\u00f3n de metro de Londres con 1836 piezas<\/figcaption><\/figure>\n<figure id=\"attachment_37486\" aria-describedby=\"caption-attachment-37486\" style=\"width: 800px\" class=\"wp-caption aligncenter\"><img loading=\"lazy\" decoding=\"async\" class=\"wp-image-37486 size-full\" src=\"https:\/\/mouldking.store\/wp-content\/uploads\/2022\/12\/London-Underground-Station-CaDa-C66008-3.jpg\" alt=\"CaDa C66008 London Underground Station With 1836 Pieces\" width=\"800\" height=\"800\" title=\"-\" srcset=\"https:\/\/mouldking.store\/wp-content\/uploads\/2022\/12\/London-Underground-Station-CaDa-C66008-3.jpg 800w, https:\/\/mouldking.store\/wp-content\/uploads\/2022\/12\/London-Underground-Station-CaDa-C66008-3-300x300.jpg 300w, https:\/\/mouldking.store\/wp-content\/uploads\/2022\/12\/London-Underground-Station-CaDa-C66008-3-768x768.jpg 768w, https:\/\/mouldking.store\/wp-content\/uploads\/2022\/12\/London-Underground-Station-CaDa-C66008-3-600x600.jpg 600w, https:\/\/mouldking.store\/wp-content\/uploads\/2022\/12\/London-Underground-Station-CaDa-C66008-3-150x150.jpg 150w, https:\/\/mouldking.store\/wp-content\/uploads\/2022\/12\/London-Underground-Station-CaDa-C66008-3-60x60.jpg 60w, https:\/\/mouldking.store\/wp-content\/uploads\/2022\/12\/London-Underground-Station-CaDa-C66008-3-90x90.jpg 90w\" sizes=\"(max-width: 800px) 100vw, 800px\" \/><figcaption id=\"caption-attachment-37486\" class=\"wp-caption-text\">CaDa C66008 Estaci\u00f3n de metro de Londres con 1836 piezas<\/figcaption><\/figure>\n<figure id=\"attachment_37487\" aria-describedby=\"caption-attachment-37487\" style=\"width: 768px\" class=\"wp-caption aligncenter\"><img loading=\"lazy\" decoding=\"async\" class=\"wp-image-37487 size-large\" src=\"https:\/\/mouldking.store\/wp-content\/uploads\/2022\/12\/London-Underground-Station-CaDa-C66008-2-768x1024.jpeg\" alt=\"CaDa C66008 London Underground Station With 1836 Pieces\" width=\"768\" height=\"1024\" title=\"-\" srcset=\"https:\/\/mouldking.store\/wp-content\/uploads\/2022\/12\/London-Underground-Station-CaDa-C66008-2-768x1024.jpeg 768w, https:\/\/mouldking.store\/wp-content\/uploads\/2022\/12\/London-Underground-Station-CaDa-C66008-2-225x300.jpeg 225w, https:\/\/mouldking.store\/wp-content\/uploads\/2022\/12\/London-Underground-Station-CaDa-C66008-2-300x400.jpeg 300w, https:\/\/mouldking.store\/wp-content\/uploads\/2022\/12\/London-Underground-Station-CaDa-C66008-2-600x800.jpeg 600w, https:\/\/mouldking.store\/wp-content\/uploads\/2022\/12\/London-Underground-Station-CaDa-C66008-2-113x150.jpeg 113w, https:\/\/mouldking.store\/wp-content\/uploads\/2022\/12\/London-Underground-Station-CaDa-C66008-2-45x60.jpeg 45w, https:\/\/mouldking.store\/wp-content\/uploads\/2022\/12\/London-Underground-Station-CaDa-C66008-2-68x90.jpeg 68w, https:\/\/mouldking.store\/wp-content\/uploads\/2022\/12\/London-Underground-Station-CaDa-C66008-2.jpeg 1080w\" sizes=\"(max-width: 768px) 100vw, 768px\" \/><figcaption id=\"caption-attachment-37487\" class=\"wp-caption-text\">CaDa C66008 Estaci\u00f3n de metro de Londres con 1836 piezas<\/figcaption><\/figure>\n<figure id=\"attachment_37488\" aria-describedby=\"caption-attachment-37488\" style=\"width: 768px\" class=\"wp-caption aligncenter\"><img loading=\"lazy\" decoding=\"async\" class=\"wp-image-37488 size-large\" src=\"https:\/\/mouldking.store\/wp-content\/uploads\/2022\/12\/London-Underground-Station-CaDa-C66008-1-768x1024.jpeg\" alt=\"CaDa C66008 London Underground Station With 1836 Pieces\" width=\"768\" height=\"1024\" title=\"-\" srcset=\"https:\/\/mouldking.store\/wp-content\/uploads\/2022\/12\/London-Underground-Station-CaDa-C66008-1-768x1024.jpeg 768w, https:\/\/mouldking.store\/wp-content\/uploads\/2022\/12\/London-Underground-Station-CaDa-C66008-1-225x300.jpeg 225w, https:\/\/mouldking.store\/wp-content\/uploads\/2022\/12\/London-Underground-Station-CaDa-C66008-1-300x400.jpeg 300w, https:\/\/mouldking.store\/wp-content\/uploads\/2022\/12\/London-Underground-Station-CaDa-C66008-1-600x800.jpeg 600w, https:\/\/mouldking.store\/wp-content\/uploads\/2022\/12\/London-Underground-Station-CaDa-C66008-1-113x150.jpeg 113w, https:\/\/mouldking.store\/wp-content\/uploads\/2022\/12\/London-Underground-Station-CaDa-C66008-1-45x60.jpeg 45w, https:\/\/mouldking.store\/wp-content\/uploads\/2022\/12\/London-Underground-Station-CaDa-C66008-1-68x90.jpeg 68w, https:\/\/mouldking.store\/wp-content\/uploads\/2022\/12\/London-Underground-Station-CaDa-C66008-1.jpeg 1080w\" sizes=\"(max-width: 768px) 100vw, 768px\" \/><figcaption id=\"caption-attachment-37488\" class=\"wp-caption-text\">CaDa C66008 Estaci\u00f3n de metro de Londres con 1836 piezas<\/figcaption><\/figure>","protected":false},"excerpt":{"rendered":"<p>Product information: Brand: CADA Gender: Unisex Name: London Underground Station Age Range: &gt; 6 years old Model Number: C66008 Classification: Assemblage Plastic Block Shape: Self-Locking Bricks Material: Plastic Plastic Type: ABS Bricks Blocks:1836 PCS Size: 26.4 \u00d7 19.2 \u00d7 18.6 cm Contains detailed assembly instructions. Notice: 1. Without an original box, but we guarantee our [&hellip;]<\/p>","protected":false},"featured_media":37483,"comment_status":"closed","ping_status":"closed","template":"","meta":{"_acf_changed":false},"product_cat":[1365],"product_tag":[9048,1916,9053,9054,9047,9049,9052,2309,9050,9051],"class_list":["product","first","instock","shipping-taxable","purchasable","product-type-simple"],"acf":[],"_links":{"self":[{"href":"https:\/\/mouldking.store\/es\/wp-json\/wp\/v2\/product\/37482","targetHints":{"allow":["GET"]}}],"collection":[{"href":"https:\/\/mouldking.store\/es\/wp-json\/wp\/v2\/product"}],"about":[{"href":"https:\/\/mouldking.store\/es\/wp-json\/wp\/v2\/types\/product"}],"replies":[{"embeddable":true,"href":"https:\/\/mouldking.store\/es\/wp-json\/wp\/v2\/comments?post=37482"}],"wp:featuredmedia":[{"embeddable":true,"href":"https:\/\/mouldking.store\/es\/wp-json\/wp\/v2\/media\/37483"}],"wp:attachment":[{"href":"https:\/\/mouldking.store\/es\/wp-json\/wp\/v2\/media?parent=37482"}],"wp:term":[{"taxonomy":"product_cat","embeddable":true,"href":"https:\/\/mouldking.store\/es\/wp-json\/wp\/v2\/product_cat?post=37482"},{"taxonomy":"product_tag","embeddable":true,"href":"https:\/\/mouldking.store\/es\/wp-json\/wp\/v2\/product_tag?post=37482"}],"curies":[{"name":"wp","href":"https:\/\/api.w.org\/{rel}","templated":true}]}}